{"id":6698,"date":"2024-11-12T14:56:02","date_gmt":"2024-11-12T13:56:02","guid":{"rendered":"https:\/\/presto.digiamo.cz\/presto\/uebersetzungen-auf-die-sie-sich-verlassen-koennen"},"modified":"2025-04-23T20:03:55","modified_gmt":"2025-04-23T18:03:55","slug":"ubersetzungen","status":"publish","type":"page","link":"https:\/\/www.presto.cz\/de\/ubersetzungen","title":{"rendered":"\u00dcbersetzungen, auf die Sie sich verlassen k\u00f6nnen"},"content":{"rendered":"\n<p>Wir kombinieren die neuesten KI- und maschinellen \u00dcbersetzungstechnologien (MT) mit der Expertise menschlicher \u00dcbersetzer und CAT-Tools. Diese Kombination erm\u00f6glicht es uns, Spitzenqualit\u00e4t zu einem tollen Preis anzubieten. Durch eine pr\u00e4zise Organisation garantieren wir die termingerechte Auslieferung der Bestellungen genau nach Ihren Anforderungen.<\/p>\n\n<p><\/p>\n","protected":false},"excerpt":{"rendered":"<p>Wir kombinieren die neuesten KI- und maschinellen \u00dcbersetzungstechnologien (MT) mit der Expertise menschlicher \u00dcbersetzer und CAT-Tools. Diese Kombination erm\u00f6glicht es uns, Spitzenqualit\u00e4t zu einem tollen Preis anzubieten. Durch eine pr\u00e4zise Organisation garantieren wir die termingerechte Auslieferung der Bestellungen genau nach Ihren Anforderungen.<\/p>\n","protected":false},"author":1,"featured_media":4091,"parent":0,"menu_order":0,"comment_status":"closed","ping_status":"closed","template":"","meta":{"footnotes":""},"prekladany-jazyk":[],"class_list":["post-6698","page","type-page","status-publish","has-post-thumbnail","hentry"],"meta_box":{"group_mini__faq":[],"vlajka_jazyka":false,"nadpis_1_sekce":"","odstavec_1_sekce_1_stpec":"","mininadpis_sekce_2":"","nadpis_2_sekce":"","odstavec_2_sekce_2_stpec":"","odstavec_2_sekce_1_stpec":"","nadpis_3_sekce":"","odstavec_3_sekce":"","odrazky_sekce_3_1_ministpec":"","odrazky_sekce_3_2_ministpec":"","mininadpis_sekce_4":"","nadpis_sekce_4":"","nadpis_1_minisekce":"","odstavec_1_minisekce":"","nadpis_2_minisekce":"","odstavec_2_minisekce":"","nadpis_3_minisekce":"","odstavec_3_minisekce":"","mininadpis_sekce_zajimavost":"","nadpis_sekce_zajimavost":"","odstavec_sekce_zajimavost":"","obrazek_zajimavost":false,"nadpis_red_cta":"Sie erhalten den Preis einer \u00dcbersetzung innerhalb von 15 Minuten","odstavec_red_cta":"Sie erhalten innerhalb von 15 Minuten ein \u00dcbersetzungsangebot oder Sie setzen sich mit unserem Spezialisten in Verbindung. Gemeinsam finden wir die beste L\u00f6sung f\u00fcr Ihre Bed\u00fcrfnisse.","primary_button_text":"Unverbindliches Preisangebot","primary_button_odkaz":6692,"secondary_button_text":"","secondary_button_odkaz":""},"_links":{"self":[{"href":"https:\/\/www.presto.cz\/de\/wp-json\/wp\/v2\/pages\/6698","targetHints":{"allow":["GET"]}}],"collection":[{"href":"https:\/\/www.presto.cz\/de\/wp-json\/wp\/v2\/pages"}],"about":[{"href":"https:\/\/www.presto.cz\/de\/wp-json\/wp\/v2\/types\/page"}],"author":[{"embeddable":true,"href":"https:\/\/www.presto.cz\/de\/wp-json\/wp\/v2\/users\/1"}],"replies":[{"embeddable":true,"href":"https:\/\/www.presto.cz\/de\/wp-json\/wp\/v2\/comments?post=6698"}],"version-history":[{"count":3,"href":"https:\/\/www.presto.cz\/de\/wp-json\/wp\/v2\/pages\/6698\/revisions"}],"predecessor-version":[{"id":7300,"href":"https:\/\/www.presto.cz\/de\/wp-json\/wp\/v2\/pages\/6698\/revisions\/7300"}],"wp:featuredmedia":[{"embeddable":true,"href":"https:\/\/www.presto.cz\/de\/wp-json\/wp\/v2\/media\/4091"}],"wp:attachment":[{"href":"https:\/\/www.presto.cz\/de\/wp-json\/wp\/v2\/media?parent=6698"}],"wp:term":[{"taxonomy":"prekladany-jazyk","embeddable":true,"href":"https:\/\/www.presto.cz\/de\/wp-json\/wp\/v2\/prekladany-jazyk?post=6698"}],"curies":[{"name":"wp","href":"https:\/\/api.w.org\/{rel}","templated":true}]}}