{"id":6695,"date":"2024-11-29T11:21:24","date_gmt":"2024-11-29T10:21:24","guid":{"rendered":"https:\/\/presto.digiamo.cz\/presto\/ansprechpartner"},"modified":"2025-04-28T17:44:08","modified_gmt":"2025-04-28T15:44:08","slug":"kontakte","status":"publish","type":"page","link":"https:\/\/www.presto.cz\/de\/kontakte","title":{"rendered":"Ansprechpartner"},"content":{"rendered":"\n<p>Unsere Projektmanager beantworten gerne Ihre Fragen und stehen Ihnen bei allen Ihren \u00dcbersetzungsanforderungen zur Seite. Z\u00f6gern Sie nicht, sich mit uns in Verbindung zusetzen und lassen Sie uns wissen, wie wir Sie unterst\u00fctzen k\u00f6nnen.<\/p>\n","protected":false},"excerpt":{"rendered":"<p>Unsere Projektmanager beantworten gerne Ihre Fragen und stehen Ihnen bei allen Ihren \u00dcbersetzungsanforderungen zur Seite. Z\u00f6gern Sie nicht, sich mit uns in Verbindung zusetzen und lassen Sie uns wissen, wie wir Sie unterst\u00fctzen k\u00f6nnen.<\/p>\n","protected":false},"author":1,"featured_media":0,"parent":0,"menu_order":0,"comment_status":"closed","ping_status":"closed","template":"","meta":{"footnotes":""},"prekladany-jazyk":[],"class_list":["post-6695","page","type-page","status-publish","hentry"],"meta_box":{"group_mini__faq":[],"vlajka_jazyka":false,"nadpis_1_sekce":"","odstavec_1_sekce_1_stpec":"","mininadpis_sekce_2":"","nadpis_2_sekce":"","odstavec_2_sekce_2_stpec":"","odstavec_2_sekce_1_stpec":"","nadpis_3_sekce":"","odstavec_3_sekce":"","odrazky_sekce_3_1_ministpec":"","odrazky_sekce_3_2_ministpec":"","mininadpis_sekce_4":"","nadpis_sekce_4":"","nadpis_1_minisekce":"","odstavec_1_minisekce":"","nadpis_2_minisekce":"","odstavec_2_minisekce":"","nadpis_3_minisekce":"","odstavec_3_minisekce":"","mininadpis_sekce_zajimavost":"","nadpis_sekce_zajimavost":"","odstavec_sekce_zajimavost":"","obrazek_zajimavost":false,"nadpis_red_cta":"","odstavec_red_cta":"","primary_button_text":"","primary_button_odkaz":"","secondary_button_text":"","secondary_button_odkaz":""},"_links":{"self":[{"href":"https:\/\/www.presto.cz\/de\/wp-json\/wp\/v2\/pages\/6695","targetHints":{"allow":["GET"]}}],"collection":[{"href":"https:\/\/www.presto.cz\/de\/wp-json\/wp\/v2\/pages"}],"about":[{"href":"https:\/\/www.presto.cz\/de\/wp-json\/wp\/v2\/types\/page"}],"author":[{"embeddable":true,"href":"https:\/\/www.presto.cz\/de\/wp-json\/wp\/v2\/users\/1"}],"replies":[{"embeddable":true,"href":"https:\/\/www.presto.cz\/de\/wp-json\/wp\/v2\/comments?post=6695"}],"version-history":[{"count":4,"href":"https:\/\/www.presto.cz\/de\/wp-json\/wp\/v2\/pages\/6695\/revisions"}],"predecessor-version":[{"id":7813,"href":"https:\/\/www.presto.cz\/de\/wp-json\/wp\/v2\/pages\/6695\/revisions\/7813"}],"wp:attachment":[{"href":"https:\/\/www.presto.cz\/de\/wp-json\/wp\/v2\/media?parent=6695"}],"wp:term":[{"taxonomy":"prekladany-jazyk","embeddable":true,"href":"https:\/\/www.presto.cz\/de\/wp-json\/wp\/v2\/prekladany-jazyk?post=6695"}],"curies":[{"name":"wp","href":"https:\/\/api.w.org\/{rel}","templated":true}]}}