{"id":6688,"date":"2024-12-05T13:17:50","date_gmt":"2024-12-05T12:17:50","guid":{"rendered":"https:\/\/presto.digiamo.cz\/presto\/professionelle-untertitelung"},"modified":"2025-04-29T16:42:55","modified_gmt":"2025-04-29T14:42:55","slug":"untertitelung","status":"publish","type":"page","link":"https:\/\/www.presto.cz\/de\/untertitelung","title":{"rendered":"Professionelle Untertitelung"},"content":{"rendered":"\n<p class=\"h--3 margin-bottom--m\">Auf Ihre Inhalte abgestimmte \u00dcbersetzungen und Untertitelungstimings \u2013 klar und pr\u00e4zise f\u00fcr jedes Publikum.<\/p>\n\n<p>Wir \u00fcbersetzen Untertitel mit Schwerpunkt auf Genauigkeit, kultureller Anpassung und internationalen Standards f\u00fcr Plattformen wie Netflix und Disney+. Die Untertitel ber\u00fccksichtigen sprachliche Nuancen und technische Anforderungen.<\/p>\n","protected":false},"excerpt":{"rendered":"<p>Auf Ihre Inhalte abgestimmte \u00dcbersetzungen und Untertitelungstimings \u2013 klar und pr\u00e4zise f\u00fcr jedes Publikum. Wir \u00fcbersetzen Untertitel mit Schwerpunkt auf Genauigkeit, kultureller Anpassung und internationalen Standards f\u00fcr Plattformen wie Netflix und Disney+. Die Untertitel ber\u00fccksichtigen sprachliche Nuancen und technische Anforderungen.<\/p>\n","protected":false},"author":1,"featured_media":4045,"parent":0,"menu_order":0,"comment_status":"closed","ping_status":"closed","template":"","meta":{"footnotes":""},"prekladany-jazyk":[],"class_list":["post-6688","page","type-page","status-publish","has-post-thumbnail","hentry"],"meta_box":{"group_mini__faq":[],"vlajka_jazyka":false,"nadpis_1_sekce":"","odstavec_1_sekce_1_stpec":"","mininadpis_sekce_2":"","nadpis_2_sekce":"","odstavec_2_sekce_2_stpec":"","odstavec_2_sekce_1_stpec":"","nadpis_3_sekce":"","odstavec_3_sekce":"","odrazky_sekce_3_1_ministpec":"","odrazky_sekce_3_2_ministpec":"","mininadpis_sekce_4":"","nadpis_sekce_4":"","nadpis_1_minisekce":"","odstavec_1_minisekce":"","nadpis_2_minisekce":"","odstavec_2_minisekce":"","nadpis_3_minisekce":"","odstavec_3_minisekce":"","mininadpis_sekce_zajimavost":"","nadpis_sekce_zajimavost":"","odstavec_sekce_zajimavost":"","obrazek_zajimavost":false,"nadpis_red_cta":"Sie m\u00f6chten Untertitel in hoher Qualit\u00e4t f\u00fcr Ihr Video?","odstavec_red_cta":"Lassen Sie sich von uns professionelle Untertitel erstellen \u2013 pr\u00e4zise, lokalisiert und technisch einwandfrei.","primary_button_text":"Unverbindlicher Kostenvoranschlag","primary_button_odkaz":6692,"secondary_button_text":"Setzen Sie sich mit unserem Spezialisten in Verbindung","secondary_button_odkaz":6695},"_links":{"self":[{"href":"https:\/\/www.presto.cz\/de\/wp-json\/wp\/v2\/pages\/6688","targetHints":{"allow":["GET"]}}],"collection":[{"href":"https:\/\/www.presto.cz\/de\/wp-json\/wp\/v2\/pages"}],"about":[{"href":"https:\/\/www.presto.cz\/de\/wp-json\/wp\/v2\/types\/page"}],"author":[{"embeddable":true,"href":"https:\/\/www.presto.cz\/de\/wp-json\/wp\/v2\/users\/1"}],"replies":[{"embeddable":true,"href":"https:\/\/www.presto.cz\/de\/wp-json\/wp\/v2\/comments?post=6688"}],"version-history":[{"count":4,"href":"https:\/\/www.presto.cz\/de\/wp-json\/wp\/v2\/pages\/6688\/revisions"}],"predecessor-version":[{"id":7831,"href":"https:\/\/www.presto.cz\/de\/wp-json\/wp\/v2\/pages\/6688\/revisions\/7831"}],"wp:featuredmedia":[{"embeddable":true,"href":"https:\/\/www.presto.cz\/de\/wp-json\/wp\/v2\/media\/4045"}],"wp:attachment":[{"href":"https:\/\/www.presto.cz\/de\/wp-json\/wp\/v2\/media?parent=6688"}],"wp:term":[{"taxonomy":"prekladany-jazyk","embeddable":true,"href":"https:\/\/www.presto.cz\/de\/wp-json\/wp\/v2\/prekladany-jazyk?post=6688"}],"curies":[{"name":"wp","href":"https:\/\/api.w.org\/{rel}","templated":true}]}}