{"id":6684,"date":"2024-12-05T13:22:57","date_gmt":"2024-12-05T12:22:57","guid":{"rendered":"https:\/\/presto.digiamo.cz\/presto\/transkription-und-abschrift"},"modified":"2025-04-23T15:33:04","modified_gmt":"2025-04-23T13:33:04","slug":"transkription-und-abschrift","status":"publish","type":"page","link":"https:\/\/www.presto.cz\/de\/transkription-und-abschrift","title":{"rendered":"Transkription und Abschrift"},"content":{"rendered":"\n<p class=\"h--3 margin-bottom--m\">Pr\u00e4zise Audio- und Videotranskription f\u00fcr jeden <br\/>Bedarf.<\/p>\n\n<p>Schnelle und genaue Transkription mit auf Ihre Anforderungen zugeschnittener Formatierung.<br\/> Professionelle L\u00f6sungen f\u00fcr Konferenzen, Gespr\u00e4che und juristische Unterlagen.<\/p>\n","protected":false},"excerpt":{"rendered":"<p>Pr\u00e4zise Audio- und Videotranskription f\u00fcr jeden Bedarf. Schnelle und genaue Transkription mit auf Ihre Anforderungen zugeschnittener Formatierung. Professionelle L\u00f6sungen f\u00fcr Konferenzen, Gespr\u00e4che und juristische Unterlagen.<\/p>\n","protected":false},"author":1,"featured_media":4047,"parent":0,"menu_order":0,"comment_status":"closed","ping_status":"closed","template":"","meta":{"footnotes":""},"prekladany-jazyk":[],"class_list":["post-6684","page","type-page","status-publish","has-post-thumbnail","hentry"],"meta_box":{"group_mini__faq":[],"vlajka_jazyka":false,"nadpis_1_sekce":"","odstavec_1_sekce_1_stpec":"","mininadpis_sekce_2":"","nadpis_2_sekce":"","odstavec_2_sekce_2_stpec":"","odstavec_2_sekce_1_stpec":"","nadpis_3_sekce":"","odstavec_3_sekce":"","odrazky_sekce_3_1_ministpec":"","odrazky_sekce_3_2_ministpec":"","mininadpis_sekce_4":"","nadpis_sekce_4":"","nadpis_1_minisekce":"","odstavec_1_minisekce":"","nadpis_2_minisekce":"","odstavec_2_minisekce":"","nadpis_3_minisekce":"","odstavec_3_minisekce":"","mininadpis_sekce_zajimavost":"","nadpis_sekce_zajimavost":"","odstavec_sekce_zajimavost":"","obrazek_zajimavost":false,"nadpis_red_cta":"Ben\u00f6tigen Sie eine professionelle Abschrift oder Transkription?","odstavec_red_cta":"Lassen Sie Ihre Audiodaten schnell, pr\u00e4zise und in dem von Ihnen gew\u00fcnschten Format in Text umwandeln. Unsere Spezialisten beraten Sie gerne \u00fcber die optimale L\u00f6sung.","primary_button_text":"Unverbindliches Preisangebot","primary_button_odkaz":6692,"secondary_button_text":"Setzen Sie sich mit unserem Spezialisten in Verbindung","secondary_button_odkaz":6695},"_links":{"self":[{"href":"https:\/\/www.presto.cz\/de\/wp-json\/wp\/v2\/pages\/6684","targetHints":{"allow":["GET"]}}],"collection":[{"href":"https:\/\/www.presto.cz\/de\/wp-json\/wp\/v2\/pages"}],"about":[{"href":"https:\/\/www.presto.cz\/de\/wp-json\/wp\/v2\/types\/page"}],"author":[{"embeddable":true,"href":"https:\/\/www.presto.cz\/de\/wp-json\/wp\/v2\/users\/1"}],"replies":[{"embeddable":true,"href":"https:\/\/www.presto.cz\/de\/wp-json\/wp\/v2\/comments?post=6684"}],"version-history":[{"count":3,"href":"https:\/\/www.presto.cz\/de\/wp-json\/wp\/v2\/pages\/6684\/revisions"}],"predecessor-version":[{"id":7287,"href":"https:\/\/www.presto.cz\/de\/wp-json\/wp\/v2\/pages\/6684\/revisions\/7287"}],"wp:featuredmedia":[{"embeddable":true,"href":"https:\/\/www.presto.cz\/de\/wp-json\/wp\/v2\/media\/4047"}],"wp:attachment":[{"href":"https:\/\/www.presto.cz\/de\/wp-json\/wp\/v2\/media?parent=6684"}],"wp:term":[{"taxonomy":"prekladany-jazyk","embeddable":true,"href":"https:\/\/www.presto.cz\/de\/wp-json\/wp\/v2\/prekladany-jazyk?post=6684"}],"curies":[{"name":"wp","href":"https:\/\/api.w.org\/{rel}","templated":true}]}}