{"id":6682,"date":"2025-01-09T10:32:24","date_gmt":"2025-01-09T09:32:24","guid":{"rendered":"https:\/\/presto.digiamo.cz\/presto\/dolmetschen"},"modified":"2025-04-23T15:33:04","modified_gmt":"2025-04-23T13:33:04","slug":"dolmetschen","status":"publish","type":"page","link":"https:\/\/www.presto.cz\/de\/dolmetschen","title":{"rendered":"Dolmetschen"},"content":{"rendered":"\n<p class=\"h--3 margin-bottom--s\">Wir gew\u00e4hrleisten eine pr\u00e4zise Kommunikation in jeder Sprache.<\/p>\n\n<p>Wir dolmetschen in mehr als 40 Sprachen und vielen Sprachkombinationen. Von Gesch\u00e4ftstreffen bis hin zu gro\u00dfen Konferenzen, immer mit dem Schwerpunkt auf Qualit\u00e4t und Genauigkeit.<\/p>\n","protected":false},"excerpt":{"rendered":"<p>Wir gew\u00e4hrleisten eine pr\u00e4zise Kommunikation in jeder Sprache. Wir dolmetschen in mehr als 40 Sprachen und vielen Sprachkombinationen. Von Gesch\u00e4ftstreffen bis hin zu gro\u00dfen Konferenzen, immer mit dem Schwerpunkt auf Qualit\u00e4t und Genauigkeit.<\/p>\n","protected":false},"author":1,"featured_media":4077,"parent":0,"menu_order":0,"comment_status":"closed","ping_status":"closed","template":"","meta":{"footnotes":""},"prekladany-jazyk":[],"class_list":["post-6682","page","type-page","status-publish","has-post-thumbnail","hentry"],"meta_box":{"group_mini__faq":[],"vlajka_jazyka":false,"nadpis_1_sekce":"","odstavec_1_sekce_1_stpec":"","mininadpis_sekce_2":"","nadpis_2_sekce":"","odstavec_2_sekce_2_stpec":"","odstavec_2_sekce_1_stpec":"","nadpis_3_sekce":"","odstavec_3_sekce":"","odrazky_sekce_3_1_ministpec":"","odrazky_sekce_3_2_ministpec":"","mininadpis_sekce_4":"","nadpis_sekce_4":"","nadpis_1_minisekce":"","odstavec_1_minisekce":"","nadpis_2_minisekce":"","odstavec_2_minisekce":"","nadpis_3_minisekce":"","odstavec_3_minisekce":"","mininadpis_sekce_zajimavost":"","nadpis_sekce_zajimavost":"","odstavec_sekce_zajimavost":"","obrazek_zajimavost":false,"nadpis_red_cta":"Setzen Sie sich mit unseren \u00dcbersetzungsspezialisten in Verbindung und besprechen Sie die M\u00f6glichkeiten einer Zusammenarbeit","odstavec_red_cta":"In nur 15 Minuten erhalten Sie einen Kostenvoranschlag f\u00fcr eine \u00dcbersetzung oder setzen Sie sich mit unseren Spezialisten in Verbindung, um die beste L\u00f6sung f\u00fcr Ihre Anforderungen zu finden.","primary_button_text":"Unverbindlicher Kostenvoranschlag","primary_button_odkaz":6692,"secondary_button_text":"","secondary_button_odkaz":""},"_links":{"self":[{"href":"https:\/\/www.presto.cz\/de\/wp-json\/wp\/v2\/pages\/6682","targetHints":{"allow":["GET"]}}],"collection":[{"href":"https:\/\/www.presto.cz\/de\/wp-json\/wp\/v2\/pages"}],"about":[{"href":"https:\/\/www.presto.cz\/de\/wp-json\/wp\/v2\/types\/page"}],"author":[{"embeddable":true,"href":"https:\/\/www.presto.cz\/de\/wp-json\/wp\/v2\/users\/1"}],"replies":[{"embeddable":true,"href":"https:\/\/www.presto.cz\/de\/wp-json\/wp\/v2\/comments?post=6682"}],"version-history":[{"count":3,"href":"https:\/\/www.presto.cz\/de\/wp-json\/wp\/v2\/pages\/6682\/revisions"}],"predecessor-version":[{"id":7285,"href":"https:\/\/www.presto.cz\/de\/wp-json\/wp\/v2\/pages\/6682\/revisions\/7285"}],"wp:featuredmedia":[{"embeddable":true,"href":"https:\/\/www.presto.cz\/de\/wp-json\/wp\/v2\/media\/4077"}],"wp:attachment":[{"href":"https:\/\/www.presto.cz\/de\/wp-json\/wp\/v2\/media?parent=6682"}],"wp:term":[{"taxonomy":"prekladany-jazyk","embeddable":true,"href":"https:\/\/www.presto.cz\/de\/wp-json\/wp\/v2\/prekladany-jazyk?post=6682"}],"curies":[{"name":"wp","href":"https:\/\/api.w.org\/{rel}","templated":true}]}}