{"id":6680,"date":"2025-01-09T15:57:40","date_gmt":"2025-01-09T14:57:40","guid":{"rendered":"https:\/\/presto.digiamo.cz\/presto\/35-jahre-innovation-und-praezision-in-der-uebersetzung"},"modified":"2025-04-29T13:43:28","modified_gmt":"2025-04-29T11:43:28","slug":"uber-uns","status":"publish","type":"page","link":"https:\/\/www.presto.cz\/de\/uber-uns","title":{"rendered":"35 Jahre Innovation und Pr\u00e4zision in der \u00dcbersetzung"},"content":{"rendered":"\n<p>Seit mehr als 35 Jahren unterst\u00fctzen wir Unternehmen und Organisationen auf der ganzen Welt bei der \u00dcberwindung von Sprachbarrieren. Wir kombinieren fundiertes Fachwissen mit modernster Technologie, um schnelle und qualitativ hochwertige \u00dcbersetzungen zu gew\u00e4hrleisten, die perfekt auf Ihre Bed\u00fcrfnisse abgestimmt sind. Wir sind stolz auf ein Team von mehr als 4.000 erfahrenen Fachleuten, die mit Pr\u00e4zision und kulturellem Feingef\u00fchl arbeiten, dank derer unsere Dienstleistungen f\u00fcr jeden globalen Markt geeignet sind.<\/p>\n\n<p><\/p>\n","protected":false},"excerpt":{"rendered":"<p>Seit mehr als 35 Jahren unterst\u00fctzen wir Unternehmen und Organisationen auf der ganzen Welt bei der \u00dcberwindung von Sprachbarrieren. Wir kombinieren fundiertes Fachwissen mit modernster Technologie, um schnelle und qualitativ hochwertige \u00dcbersetzungen zu gew\u00e4hrleisten, die perfekt auf Ihre Bed\u00fcrfnisse abgestimmt sind. Wir sind stolz auf ein Team von mehr als 4.000 erfahrenen Fachleuten, die mit [&hellip;]<\/p>\n","protected":false},"author":1,"featured_media":4083,"parent":0,"menu_order":0,"comment_status":"closed","ping_status":"closed","template":"","meta":{"footnotes":""},"prekladany-jazyk":[],"class_list":["post-6680","page","type-page","status-publish","has-post-thumbnail","hentry"],"meta_box":{"group_mini__faq":[],"vlajka_jazyka":false,"nadpis_1_sekce":"","odstavec_1_sekce_1_stpec":"","mininadpis_sekce_2":"","nadpis_2_sekce":"","odstavec_2_sekce_2_stpec":"","odstavec_2_sekce_1_stpec":"","nadpis_3_sekce":"","odstavec_3_sekce":"","odrazky_sekce_3_1_ministpec":"","odrazky_sekce_3_2_ministpec":"","mininadpis_sekce_4":"","nadpis_sekce_4":"","nadpis_1_minisekce":"","odstavec_1_minisekce":"","nadpis_2_minisekce":"","odstavec_2_minisekce":"","nadpis_3_minisekce":"","odstavec_3_minisekce":"","mininadpis_sekce_zajimavost":"","nadpis_sekce_zajimavost":"","odstavec_sekce_zajimavost":"","obrazek_zajimavost":false,"nadpis_red_cta":"Haben Sie Fragen? Wir stehen Ihnen gerne zur Verf\u00fcgung.","odstavec_red_cta":"Ob Sie nun an einem Preisangebot interessiert sind oder einen Partner f\u00fcr eine langfristige Zusammenarbeit suchen, wir unterst\u00fctzen Sie gerne.","primary_button_text":"","primary_button_odkaz":"","secondary_button_text":"Nehmen Sie Kontakt mit uns auf","secondary_button_odkaz":6695},"_links":{"self":[{"href":"https:\/\/www.presto.cz\/de\/wp-json\/wp\/v2\/pages\/6680","targetHints":{"allow":["GET"]}}],"collection":[{"href":"https:\/\/www.presto.cz\/de\/wp-json\/wp\/v2\/pages"}],"about":[{"href":"https:\/\/www.presto.cz\/de\/wp-json\/wp\/v2\/types\/page"}],"author":[{"embeddable":true,"href":"https:\/\/www.presto.cz\/de\/wp-json\/wp\/v2\/users\/1"}],"replies":[{"embeddable":true,"href":"https:\/\/www.presto.cz\/de\/wp-json\/wp\/v2\/comments?post=6680"}],"version-history":[{"count":5,"href":"https:\/\/www.presto.cz\/de\/wp-json\/wp\/v2\/pages\/6680\/revisions"}],"predecessor-version":[{"id":7816,"href":"https:\/\/www.presto.cz\/de\/wp-json\/wp\/v2\/pages\/6680\/revisions\/7816"}],"wp:featuredmedia":[{"embeddable":true,"href":"https:\/\/www.presto.cz\/de\/wp-json\/wp\/v2\/media\/4083"}],"wp:attachment":[{"href":"https:\/\/www.presto.cz\/de\/wp-json\/wp\/v2\/media?parent=6680"}],"wp:term":[{"taxonomy":"prekladany-jazyk","embeddable":true,"href":"https:\/\/www.presto.cz\/de\/wp-json\/wp\/v2\/prekladany-jazyk?post=6680"}],"curies":[{"name":"wp","href":"https:\/\/api.w.org\/{rel}","templated":true}]}}