{"id":6678,"date":"2025-01-15T17:12:50","date_gmt":"2025-01-15T16:12:50","guid":{"rendered":"https:\/\/presto.digiamo.cz\/presto\/uebersetzungen-in-mehr-als-40-sprachen-und-210-sprachkombinationen"},"modified":"2025-04-28T15:44:08","modified_gmt":"2025-04-28T13:44:08","slug":"ubersetzungen-sprachenubersicht","status":"publish","type":"page","link":"https:\/\/www.presto.cz\/de\/ubersetzungen-sprachenubersicht","title":{"rendered":"\u00dcbersetzungen in mehr als 40 Sprachen und 210 Sprachkombinationen"},"content":{"rendered":"\n<p>Unser Netzwerk von mehr als 4.000 professionellen \u00dcbersetzern garantiert Ihnen qualitativ hochwertige \u00dcbersetzungen f\u00fcr alle Arten von Texten und mehrsprachigen Projekten.<\/p>\n","protected":false},"excerpt":{"rendered":"<p>Unser Netzwerk von mehr als 4.000 professionellen \u00dcbersetzern garantiert Ihnen qualitativ hochwertige \u00dcbersetzungen f\u00fcr alle Arten von Texten und mehrsprachigen Projekten.<\/p>\n","protected":false},"author":1,"featured_media":4081,"parent":0,"menu_order":0,"comment_status":"closed","ping_status":"closed","template":"","meta":{"footnotes":""},"prekladany-jazyk":[],"class_list":["post-6678","page","type-page","status-publish","has-post-thumbnail","hentry"],"meta_box":{"group_mini__faq":[],"vlajka_jazyka":false,"nadpis_1_sekce":"","odstavec_1_sekce_1_stpec":"","mininadpis_sekce_2":"","nadpis_2_sekce":"","odstavec_2_sekce_2_stpec":"","odstavec_2_sekce_1_stpec":"","nadpis_3_sekce":"","odstavec_3_sekce":"","odrazky_sekce_3_1_ministpec":"","odrazky_sekce_3_2_ministpec":"","mininadpis_sekce_4":"","nadpis_sekce_4":"","nadpis_1_minisekce":"","odstavec_1_minisekce":"","nadpis_2_minisekce":"","odstavec_2_minisekce":"","nadpis_3_minisekce":"","odstavec_3_minisekce":"","mininadpis_sekce_zajimavost":"","nadpis_sekce_zajimavost":"","odstavec_sekce_zajimavost":"","obrazek_zajimavost":false,"nadpis_red_cta":"Ben\u00f6tigen Sie einen Rat?","odstavec_red_cta":"Haben Sie Fragen zu \u00dcbersetzungen f\u00fcr verschiedene Sprachen oder Sprachkombinationen? Unsere Spezialisten helfen Ihnen gerne weiter.","primary_button_text":"Unverbindliches Preisangebot","primary_button_odkaz":6692,"secondary_button_text":"Nehmen Sie Kontakt mit einem Spezialisten auf","secondary_button_odkaz":6695},"_links":{"self":[{"href":"https:\/\/www.presto.cz\/de\/wp-json\/wp\/v2\/pages\/6678","targetHints":{"allow":["GET"]}}],"collection":[{"href":"https:\/\/www.presto.cz\/de\/wp-json\/wp\/v2\/pages"}],"about":[{"href":"https:\/\/www.presto.cz\/de\/wp-json\/wp\/v2\/types\/page"}],"author":[{"embeddable":true,"href":"https:\/\/www.presto.cz\/de\/wp-json\/wp\/v2\/users\/1"}],"replies":[{"embeddable":true,"href":"https:\/\/www.presto.cz\/de\/wp-json\/wp\/v2\/comments?post=6678"}],"version-history":[{"count":5,"href":"https:\/\/www.presto.cz\/de\/wp-json\/wp\/v2\/pages\/6678\/revisions"}],"predecessor-version":[{"id":7792,"href":"https:\/\/www.presto.cz\/de\/wp-json\/wp\/v2\/pages\/6678\/revisions\/7792"}],"wp:featuredmedia":[{"embeddable":true,"href":"https:\/\/www.presto.cz\/de\/wp-json\/wp\/v2\/media\/4081"}],"wp:attachment":[{"href":"https:\/\/www.presto.cz\/de\/wp-json\/wp\/v2\/media?parent=6678"}],"wp:term":[{"taxonomy":"prekladany-jazyk","embeddable":true,"href":"https:\/\/www.presto.cz\/de\/wp-json\/wp\/v2\/prekladany-jazyk?post=6678"}],"curies":[{"name":"wp","href":"https:\/\/api.w.org\/{rel}","templated":true}]}}