{"id":6676,"date":"2025-01-28T10:07:56","date_gmt":"2025-01-28T09:07:56","guid":{"rendered":"https:\/\/presto.digiamo.cz\/presto\/lokalisierung"},"modified":"2025-04-23T15:33:03","modified_gmt":"2025-04-23T13:33:03","slug":"lokalisierung","status":"publish","type":"page","link":"https:\/\/www.presto.cz\/de\/lokalisierung","title":{"rendered":"Lokalisierung"},"content":{"rendered":"\n<p class=\"h--3 margin-bottom--m\">Stimmen Sie Ihre Inhalte auf die Welt ab.<\/p>\n\n<p>Bei der Lokalisierung handelt es sich um einen \u00dcbersetzungsprozess, also die \u00dcbertragung eines Textes von einer Sprache in eine andere. Dabei wird darauf geachtet, dass der entstandene Text auf das kulturelle Umfeld des Ziellandes abgestimmt ist und gegebenenfalls die Tonalit\u00e4t und der Stil der Sprache an die Zielgruppe angepasst werden. Erschlie\u00dfen Sie effektiv neue M\u00e4rkte mit dem Vertrauen Ihrer Kunden.<\/p>\n","protected":false},"excerpt":{"rendered":"<p>Stimmen Sie Ihre Inhalte auf die Welt ab. Bei der Lokalisierung handelt es sich um einen \u00dcbersetzungsprozess, also die \u00dcbertragung eines Textes von einer Sprache in eine andere. Dabei wird darauf geachtet, dass der entstandene Text auf das kulturelle Umfeld des Ziellandes abgestimmt ist und gegebenenfalls die Tonalit\u00e4t und der Stil der Sprache an die [&hellip;]<\/p>\n","protected":false},"author":1,"featured_media":4213,"parent":0,"menu_order":0,"comment_status":"closed","ping_status":"closed","template":"","meta":{"footnotes":""},"prekladany-jazyk":[],"class_list":["post-6676","page","type-page","status-publish","has-post-thumbnail","hentry"],"meta_box":{"group_mini__faq":[],"vlajka_jazyka":false,"nadpis_1_sekce":"","odstavec_1_sekce_1_stpec":"","mininadpis_sekce_2":"","nadpis_2_sekce":"","odstavec_2_sekce_2_stpec":"","odstavec_2_sekce_1_stpec":"","nadpis_3_sekce":"","odstavec_3_sekce":"","odrazky_sekce_3_1_ministpec":"","odrazky_sekce_3_2_ministpec":"","mininadpis_sekce_4":"","nadpis_sekce_4":"","nadpis_1_minisekce":"","odstavec_1_minisekce":"","nadpis_2_minisekce":"","odstavec_2_minisekce":"","nadpis_3_minisekce":"","odstavec_3_minisekce":"","mininadpis_sekce_zajimavost":"","nadpis_sekce_zajimavost":"","odstavec_sekce_zajimavost":"","obrazek_zajimavost":false,"nadpis_red_cta":"Sind Sie an einer professionellen Lokalisierung interessiert?","odstavec_red_cta":"Kontaktieren Sie uns, wenn Sie erfahren m\u00f6chten, wie wir Sie bei der Lokalisierung Ihrer Inhalte f\u00fcr globale M\u00e4rkte unterst\u00fctzen k\u00f6nnen.","primary_button_text":"Unverbindliches Preisangebot","primary_button_odkaz":6692,"secondary_button_text":"Setzen Sie sich mit einem Spezialisten in Verbindung","secondary_button_odkaz":6695},"_links":{"self":[{"href":"https:\/\/www.presto.cz\/de\/wp-json\/wp\/v2\/pages\/6676","targetHints":{"allow":["GET"]}}],"collection":[{"href":"https:\/\/www.presto.cz\/de\/wp-json\/wp\/v2\/pages"}],"about":[{"href":"https:\/\/www.presto.cz\/de\/wp-json\/wp\/v2\/types\/page"}],"author":[{"embeddable":true,"href":"https:\/\/www.presto.cz\/de\/wp-json\/wp\/v2\/users\/1"}],"replies":[{"embeddable":true,"href":"https:\/\/www.presto.cz\/de\/wp-json\/wp\/v2\/comments?post=6676"}],"version-history":[{"count":3,"href":"https:\/\/www.presto.cz\/de\/wp-json\/wp\/v2\/pages\/6676\/revisions"}],"predecessor-version":[{"id":7279,"href":"https:\/\/www.presto.cz\/de\/wp-json\/wp\/v2\/pages\/6676\/revisions\/7279"}],"wp:featuredmedia":[{"embeddable":true,"href":"https:\/\/www.presto.cz\/de\/wp-json\/wp\/v2\/media\/4213"}],"wp:attachment":[{"href":"https:\/\/www.presto.cz\/de\/wp-json\/wp\/v2\/media?parent=6676"}],"wp:term":[{"taxonomy":"prekladany-jazyk","embeddable":true,"href":"https:\/\/www.presto.cz\/de\/wp-json\/wp\/v2\/prekladany-jazyk?post=6676"}],"curies":[{"name":"wp","href":"https:\/\/api.w.org\/{rel}","templated":true}]}}