{"id":6672,"date":"2025-01-29T16:45:00","date_gmt":"2025-01-29T15:45:00","guid":{"rendered":"https:\/\/presto.digiamo.cz\/presto\/fachuebersetzungen-mit-dem-schwerpunkt-auf-genauigkeit-und-kompetenz"},"modified":"2025-04-29T15:29:41","modified_gmt":"2025-04-29T13:29:41","slug":"fachubersetzungen","status":"publish","type":"page","link":"https:\/\/www.presto.cz\/de\/fachubersetzungen","title":{"rendered":"Fach\u00fcbersetzungen mit dem Schwerpunkt auf Genauigkeit und Kompetenz"},"content":{"rendered":"\n<p>Bei PRESTO sind wir der Qualit\u00e4t und der Genauigkeit von Fach\u00fcbersetzungen verpflichtet. Wir gew\u00e4hrleisten die Konsistenz der verwendeten Terminologie durch den Einsatz von Terminologiew\u00f6rterb\u00fcchern, CAT-Tools und Fach\u00fcbersetzern f\u00fcr mehr als 50 Fachgebiete.<\/p>\n","protected":false},"excerpt":{"rendered":"<p>Bei PRESTO sind wir der Qualit\u00e4t und der Genauigkeit von Fach\u00fcbersetzungen verpflichtet. Wir gew\u00e4hrleisten die Konsistenz der verwendeten Terminologie durch den Einsatz von Terminologiew\u00f6rterb\u00fcchern, CAT-Tools und Fach\u00fcbersetzern f\u00fcr mehr als 50 Fachgebiete.<\/p>\n","protected":false},"author":1,"featured_media":4351,"parent":0,"menu_order":0,"comment_status":"closed","ping_status":"closed","template":"","meta":{"footnotes":""},"prekladany-jazyk":[],"class_list":["post-6672","page","type-page","status-publish","has-post-thumbnail","hentry"],"meta_box":{"group_mini__faq":[],"vlajka_jazyka":false,"nadpis_1_sekce":"","odstavec_1_sekce_1_stpec":"","mininadpis_sekce_2":"","nadpis_2_sekce":"","odstavec_2_sekce_2_stpec":"","odstavec_2_sekce_1_stpec":"","nadpis_3_sekce":"","odstavec_3_sekce":"","odrazky_sekce_3_1_ministpec":"","odrazky_sekce_3_2_ministpec":"","mininadpis_sekce_4":"","nadpis_sekce_4":"","nadpis_1_minisekce":"","odstavec_1_minisekce":"","nadpis_2_minisekce":"","odstavec_2_minisekce":"","nadpis_3_minisekce":"","odstavec_3_minisekce":"","mininadpis_sekce_zajimavost":"","nadpis_sekce_zajimavost":"","odstavec_sekce_zajimavost":"","obrazek_zajimavost":false,"nadpis_red_cta":"","odstavec_red_cta":"","primary_button_text":"Unverbindliche Anfrage","primary_button_odkaz":6692,"secondary_button_text":"","secondary_button_odkaz":""},"_links":{"self":[{"href":"https:\/\/www.presto.cz\/de\/wp-json\/wp\/v2\/pages\/6672","targetHints":{"allow":["GET"]}}],"collection":[{"href":"https:\/\/www.presto.cz\/de\/wp-json\/wp\/v2\/pages"}],"about":[{"href":"https:\/\/www.presto.cz\/de\/wp-json\/wp\/v2\/types\/page"}],"author":[{"embeddable":true,"href":"https:\/\/www.presto.cz\/de\/wp-json\/wp\/v2\/users\/1"}],"replies":[{"embeddable":true,"href":"https:\/\/www.presto.cz\/de\/wp-json\/wp\/v2\/comments?post=6672"}],"version-history":[{"count":4,"href":"https:\/\/www.presto.cz\/de\/wp-json\/wp\/v2\/pages\/6672\/revisions"}],"predecessor-version":[{"id":7807,"href":"https:\/\/www.presto.cz\/de\/wp-json\/wp\/v2\/pages\/6672\/revisions\/7807"}],"wp:featuredmedia":[{"embeddable":true,"href":"https:\/\/www.presto.cz\/de\/wp-json\/wp\/v2\/media\/4351"}],"wp:attachment":[{"href":"https:\/\/www.presto.cz\/de\/wp-json\/wp\/v2\/media?parent=6672"}],"wp:term":[{"taxonomy":"prekladany-jazyk","embeddable":true,"href":"https:\/\/www.presto.cz\/de\/wp-json\/wp\/v2\/prekladany-jazyk?post=6672"}],"curies":[{"name":"wp","href":"https:\/\/api.w.org\/{rel}","templated":true}]}}