{"id":6670,"date":"2025-02-20T12:54:37","date_gmt":"2025-02-20T11:54:37","guid":{"rendered":"https:\/\/presto.digiamo.cz\/presto\/beglaubigte-uebersetzungen"},"modified":"2025-04-23T15:33:03","modified_gmt":"2025-04-23T13:33:03","slug":"beglaubigte-uebersetzungen","status":"publish","type":"page","link":"https:\/\/www.presto.cz\/de\/beglaubigte-uebersetzungen","title":{"rendered":"Beglaubigte \u00dcbersetzungen"},"content":{"rendered":"\n<p class=\"margin-bottom--s h--3\">Amtliche \u00dcbersetzungen, die von einem forensischen Experten angefertigt werden.<\/p>\n\n<p>Sie werden auch als beglaubigte \u00dcbersetzungen, amtliche \u00dcbersetzungen, gestempelte \u00dcbersetzungen, zertifizierte \u00dcbersetzungen oder offizielle \u00dcbersetzungen bezeichnet \u2013 es geht immer um das Gleiche.<\/p>\n\n<p><\/p>\n","protected":false},"excerpt":{"rendered":"<p>Amtliche \u00dcbersetzungen, die von einem forensischen Experten angefertigt werden. Sie werden auch als beglaubigte \u00dcbersetzungen, amtliche \u00dcbersetzungen, gestempelte \u00dcbersetzungen, zertifizierte \u00dcbersetzungen oder offizielle \u00dcbersetzungen bezeichnet \u2013 es geht immer um das Gleiche.<\/p>\n","protected":false},"author":1,"featured_media":4495,"parent":0,"menu_order":0,"comment_status":"closed","ping_status":"closed","template":"","meta":{"footnotes":""},"prekladany-jazyk":[],"class_list":["post-6670","page","type-page","status-publish","has-post-thumbnail","hentry"],"meta_box":{"group_mini__faq":[],"vlajka_jazyka":false,"nadpis_1_sekce":"","odstavec_1_sekce_1_stpec":"","mininadpis_sekce_2":"","nadpis_2_sekce":"","odstavec_2_sekce_2_stpec":"","odstavec_2_sekce_1_stpec":"","nadpis_3_sekce":"","odstavec_3_sekce":"","odrazky_sekce_3_1_ministpec":"","odrazky_sekce_3_2_ministpec":"","mininadpis_sekce_4":"","nadpis_sekce_4":"","nadpis_1_minisekce":"","odstavec_1_minisekce":"","nadpis_2_minisekce":"","odstavec_2_minisekce":"","nadpis_3_minisekce":"","odstavec_3_minisekce":"","mininadpis_sekce_zajimavost":"","nadpis_sekce_zajimavost":"","odstavec_sekce_zajimavost":"","obrazek_zajimavost":false,"nadpis_red_cta":"Ben\u00f6tigen Sie eine beglaubigte \u00dcbersetzung?","odstavec_red_cta":"Setzen Sie sich mit uns in Verbindung, um schnell und zuverl\u00e4ssig professionelle beglaubigte \u00dcbersetzungen Ihrer Dokumente zu erhalten.","primary_button_text":"Unverbindliches Preisangebot","primary_button_odkaz":6692,"secondary_button_text":"Nehmen Sie Kontakt mit einem Spezialisten auf","secondary_button_odkaz":6695},"_links":{"self":[{"href":"https:\/\/www.presto.cz\/de\/wp-json\/wp\/v2\/pages\/6670","targetHints":{"allow":["GET"]}}],"collection":[{"href":"https:\/\/www.presto.cz\/de\/wp-json\/wp\/v2\/pages"}],"about":[{"href":"https:\/\/www.presto.cz\/de\/wp-json\/wp\/v2\/types\/page"}],"author":[{"embeddable":true,"href":"https:\/\/www.presto.cz\/de\/wp-json\/wp\/v2\/users\/1"}],"replies":[{"embeddable":true,"href":"https:\/\/www.presto.cz\/de\/wp-json\/wp\/v2\/comments?post=6670"}],"version-history":[{"count":3,"href":"https:\/\/www.presto.cz\/de\/wp-json\/wp\/v2\/pages\/6670\/revisions"}],"predecessor-version":[{"id":7273,"href":"https:\/\/www.presto.cz\/de\/wp-json\/wp\/v2\/pages\/6670\/revisions\/7273"}],"wp:featuredmedia":[{"embeddable":true,"href":"https:\/\/www.presto.cz\/de\/wp-json\/wp\/v2\/media\/4495"}],"wp:attachment":[{"href":"https:\/\/www.presto.cz\/de\/wp-json\/wp\/v2\/media?parent=6670"}],"wp:term":[{"taxonomy":"prekladany-jazyk","embeddable":true,"href":"https:\/\/www.presto.cz\/de\/wp-json\/wp\/v2\/prekladany-jazyk?post=6670"}],"curies":[{"name":"wp","href":"https:\/\/api.w.org\/{rel}","templated":true}]}}