{"id":6664,"date":"2025-03-05T20:08:42","date_gmt":"2025-03-05T19:08:42","guid":{"rendered":"https:\/\/presto.digiamo.cz\/presto\/lokalisierung-von-websites-und-e-commerce"},"modified":"2025-04-23T15:33:03","modified_gmt":"2025-04-23T13:33:03","slug":"lokalisierung-von-websites-und-e-commerce","status":"publish","type":"page","link":"https:\/\/www.presto.cz\/de\/lokalisierung-von-websites-und-e-commerce","title":{"rendered":"Lokalisierung von Websites und E-Commerce"},"content":{"rendered":"\n<p class=\"h--3 margin-bottom--m\">Auf den jeweiligen Markt zugeschnittene Inhalte.<\/p>\n\n<p>Pr\u00e4zise Sprachanpassung, UX\/UI-Lokalisierung und SEO-Optimierung \u2013 alles angepasst an die kulturellen Besonderheiten des Zielmarktes.<\/p>\n","protected":false},"excerpt":{"rendered":"<p>Auf den jeweiligen Markt zugeschnittene Inhalte. Pr\u00e4zise Sprachanpassung, UX\/UI-Lokalisierung und SEO-Optimierung \u2013 alles angepasst an die kulturellen Besonderheiten des Zielmarktes.<\/p>\n","protected":false},"author":1,"featured_media":4305,"parent":0,"menu_order":0,"comment_status":"closed","ping_status":"closed","template":"","meta":{"footnotes":""},"prekladany-jazyk":[],"class_list":["post-6664","page","type-page","status-publish","has-post-thumbnail","hentry"],"meta_box":{"group_mini__faq":[],"vlajka_jazyka":false,"nadpis_1_sekce":"","odstavec_1_sekce_1_stpec":"","mininadpis_sekce_2":"","nadpis_2_sekce":"","odstavec_2_sekce_2_stpec":"","odstavec_2_sekce_1_stpec":"","nadpis_3_sekce":"","odstavec_3_sekce":"","odrazky_sekce_3_1_ministpec":"","odrazky_sekce_3_2_ministpec":"","mininadpis_sekce_4":"","nadpis_sekce_4":"","nadpis_1_minisekce":"","odstavec_1_minisekce":"","nadpis_2_minisekce":"","odstavec_2_minisekce":"","nadpis_3_minisekce":"","odstavec_3_minisekce":"","mininadpis_sekce_zajimavost":"","nadpis_sekce_zajimavost":"","odstavec_sekce_zajimavost":"","obrazek_zajimavost":false,"nadpis_red_cta":"Sie ben\u00f6tigen eine professionelle Website- oder Software-Lokalisierung?","odstavec_red_cta":"Setzen Sie sich mit uns in Verbindung, um zu erfahren, wie wir Sie bei der Anpassung Ihrer digitalen Inhalte an globale M\u00e4rkte unterst\u00fctzen k\u00f6nnen.","primary_button_text":"Unverbindlicher Kostenvoranschlag","primary_button_odkaz":6692,"secondary_button_text":"Setzen Sie sich mit einem Spezialisten in Verbindung","secondary_button_odkaz":6695},"_links":{"self":[{"href":"https:\/\/www.presto.cz\/de\/wp-json\/wp\/v2\/pages\/6664","targetHints":{"allow":["GET"]}}],"collection":[{"href":"https:\/\/www.presto.cz\/de\/wp-json\/wp\/v2\/pages"}],"about":[{"href":"https:\/\/www.presto.cz\/de\/wp-json\/wp\/v2\/types\/page"}],"author":[{"embeddable":true,"href":"https:\/\/www.presto.cz\/de\/wp-json\/wp\/v2\/users\/1"}],"replies":[{"embeddable":true,"href":"https:\/\/www.presto.cz\/de\/wp-json\/wp\/v2\/comments?post=6664"}],"version-history":[{"count":3,"href":"https:\/\/www.presto.cz\/de\/wp-json\/wp\/v2\/pages\/6664\/revisions"}],"predecessor-version":[{"id":7267,"href":"https:\/\/www.presto.cz\/de\/wp-json\/wp\/v2\/pages\/6664\/revisions\/7267"}],"wp:featuredmedia":[{"embeddable":true,"href":"https:\/\/www.presto.cz\/de\/wp-json\/wp\/v2\/media\/4305"}],"wp:attachment":[{"href":"https:\/\/www.presto.cz\/de\/wp-json\/wp\/v2\/media?parent=6664"}],"wp:term":[{"taxonomy":"prekladany-jazyk","embeddable":true,"href":"https:\/\/www.presto.cz\/de\/wp-json\/wp\/v2\/prekladany-jazyk?post=6664"}],"curies":[{"name":"wp","href":"https:\/\/api.w.org\/{rel}","templated":true}]}}