{"id":6662,"date":"2025-03-05T20:46:11","date_gmt":"2025-03-05T19:46:11","guid":{"rendered":"https:\/\/presto.digiamo.cz\/presto\/lokalisierung-von-videospielen"},"modified":"2025-04-23T15:33:02","modified_gmt":"2025-04-23T13:33:02","slug":"lokalisierung-von-videospielen","status":"publish","type":"page","link":"https:\/\/www.presto.cz\/de\/lokalisierung-von-videospielen","title":{"rendered":"Lokalisierung von Videospielen"},"content":{"rendered":"\n<p class=\"h--3 margin-bottom--m\">Passen Sie Ihre Spielinhalte an Spieler auf der ganzen Welt an.<\/p>\n\n<p>Spezialisierte \u00dcbersetzer und Lokalisierungstools sorgen daf\u00fcr, dass Ihr Spiel die Spieler in deren Muttersprache erreicht, wobei kulturelle Nuancen und Genreanforderungen ber\u00fccksichtigt werden.<\/p>\n","protected":false},"excerpt":{"rendered":"<p>Passen Sie Ihre Spielinhalte an Spieler auf der ganzen Welt an. Spezialisierte \u00dcbersetzer und Lokalisierungstools sorgen daf\u00fcr, dass Ihr Spiel die Spieler in deren Muttersprache erreicht, wobei kulturelle Nuancen und Genreanforderungen ber\u00fccksichtigt werden.<\/p>\n","protected":false},"author":1,"featured_media":4301,"parent":0,"menu_order":0,"comment_status":"closed","ping_status":"closed","template":"","meta":{"footnotes":""},"prekladany-jazyk":[],"class_list":["post-6662","page","type-page","status-publish","has-post-thumbnail","hentry"],"meta_box":{"group_mini__faq":[],"vlajka_jazyka":false,"nadpis_1_sekce":"","odstavec_1_sekce_1_stpec":"","mininadpis_sekce_2":"","nadpis_2_sekce":"","odstavec_2_sekce_2_stpec":"","odstavec_2_sekce_1_stpec":"","nadpis_3_sekce":"","odstavec_3_sekce":"","odrazky_sekce_3_1_ministpec":"","odrazky_sekce_3_2_ministpec":"","mininadpis_sekce_4":"","nadpis_sekce_4":"","nadpis_1_minisekce":"","odstavec_1_minisekce":"","nadpis_2_minisekce":"","odstavec_2_minisekce":"","nadpis_3_minisekce":"","odstavec_3_minisekce":"","mininadpis_sekce_zajimavost":"","nadpis_sekce_zajimavost":"","odstavec_sekce_zajimavost":"","obrazek_zajimavost":false,"nadpis_red_cta":"Sie sind an der Lokalisierung Ihres Spiels interessiert?","odstavec_red_cta":"Setzen Sie sich mit uns in Verbindung, um zu erkennen, wie wir Ihnen helfen k\u00f6nnen, Ihr Spiel auf neue M\u00e4rkte zu bringen.","primary_button_text":"Unverbindlicher Kostenvoranschlag","primary_button_odkaz":6692,"secondary_button_text":"Nehmen Sie Kontakt mit einem Spezialisten auf","secondary_button_odkaz":6695},"_links":{"self":[{"href":"https:\/\/www.presto.cz\/de\/wp-json\/wp\/v2\/pages\/6662","targetHints":{"allow":["GET"]}}],"collection":[{"href":"https:\/\/www.presto.cz\/de\/wp-json\/wp\/v2\/pages"}],"about":[{"href":"https:\/\/www.presto.cz\/de\/wp-json\/wp\/v2\/types\/page"}],"author":[{"embeddable":true,"href":"https:\/\/www.presto.cz\/de\/wp-json\/wp\/v2\/users\/1"}],"replies":[{"embeddable":true,"href":"https:\/\/www.presto.cz\/de\/wp-json\/wp\/v2\/comments?post=6662"}],"version-history":[{"count":3,"href":"https:\/\/www.presto.cz\/de\/wp-json\/wp\/v2\/pages\/6662\/revisions"}],"predecessor-version":[{"id":7265,"href":"https:\/\/www.presto.cz\/de\/wp-json\/wp\/v2\/pages\/6662\/revisions\/7265"}],"wp:featuredmedia":[{"embeddable":true,"href":"https:\/\/www.presto.cz\/de\/wp-json\/wp\/v2\/media\/4301"}],"wp:attachment":[{"href":"https:\/\/www.presto.cz\/de\/wp-json\/wp\/v2\/media?parent=6662"}],"wp:term":[{"taxonomy":"prekladany-jazyk","embeddable":true,"href":"https:\/\/www.presto.cz\/de\/wp-json\/wp\/v2\/prekladany-jazyk?post=6662"}],"curies":[{"name":"wp","href":"https:\/\/api.w.org\/{rel}","templated":true}]}}