{"id":6660,"date":"2025-03-05T21:30:37","date_gmt":"2025-03-05T20:30:37","guid":{"rendered":"https:\/\/presto.digiamo.cz\/presto\/medienlokalisierung"},"modified":"2025-04-23T15:33:02","modified_gmt":"2025-04-23T13:33:02","slug":"medienlokalisierung","status":"publish","type":"page","link":"https:\/\/www.presto.cz\/de\/medienlokalisierung","title":{"rendered":"Medienlokalisierung"},"content":{"rendered":"\n<p class=\"h--3 margin-bottom--m\">Ihre Inhalte, ihre Erfahrungen \u2013 ma\u00dfgeschneiderte Medienlokalisierung.<\/p>\n\n<p>Wir kombinieren audiovisuelle Technologie und \u00dcbersetzung, um sicherzustellen, dass Ihre Inhalte f\u00fcr jeden Markt zug\u00e4nglich sind. Professionelle Lokalisierung, die ein globales Publikum erreicht.<\/p>\n\n<p><\/p>\n","protected":false},"excerpt":{"rendered":"<p>Ihre Inhalte, ihre Erfahrungen \u2013 ma\u00dfgeschneiderte Medienlokalisierung. Wir kombinieren audiovisuelle Technologie und \u00dcbersetzung, um sicherzustellen, dass Ihre Inhalte f\u00fcr jeden Markt zug\u00e4nglich sind. Professionelle Lokalisierung, die ein globales Publikum erreicht.<\/p>\n","protected":false},"author":1,"featured_media":4303,"parent":0,"menu_order":0,"comment_status":"closed","ping_status":"closed","template":"","meta":{"footnotes":""},"prekladany-jazyk":[],"class_list":["post-6660","page","type-page","status-publish","has-post-thumbnail","hentry"],"meta_box":{"group_mini__faq":[],"vlajka_jazyka":false,"nadpis_1_sekce":"","odstavec_1_sekce_1_stpec":"","mininadpis_sekce_2":"","nadpis_2_sekce":"","odstavec_2_sekce_2_stpec":"","odstavec_2_sekce_1_stpec":"","nadpis_3_sekce":"","odstavec_3_sekce":"","odrazky_sekce_3_1_ministpec":"","odrazky_sekce_3_2_ministpec":"","mininadpis_sekce_4":"","nadpis_sekce_4":"","nadpis_1_minisekce":"","odstavec_1_minisekce":"","nadpis_2_minisekce":"","odstavec_2_minisekce":"","nadpis_3_minisekce":"","odstavec_3_minisekce":"","mininadpis_sekce_zajimavost":"","nadpis_sekce_zajimavost":"","odstavec_sekce_zajimavost":"","obrazek_zajimavost":false,"nadpis_red_cta":"Denken Sie \u00fcber Medienlokalisierung nach?","odstavec_red_cta":"Setzen Sie sich mit uns in Verbindung, damit Ihre Inhalte ein weltweites Publikum erreichen.","primary_button_text":"Unverbindliches Preisangebot","primary_button_odkaz":6692,"secondary_button_text":"Nehmen Sie Kontakt mit einem Spezialisten auf","secondary_button_odkaz":6695},"_links":{"self":[{"href":"https:\/\/www.presto.cz\/de\/wp-json\/wp\/v2\/pages\/6660","targetHints":{"allow":["GET"]}}],"collection":[{"href":"https:\/\/www.presto.cz\/de\/wp-json\/wp\/v2\/pages"}],"about":[{"href":"https:\/\/www.presto.cz\/de\/wp-json\/wp\/v2\/types\/page"}],"author":[{"embeddable":true,"href":"https:\/\/www.presto.cz\/de\/wp-json\/wp\/v2\/users\/1"}],"replies":[{"embeddable":true,"href":"https:\/\/www.presto.cz\/de\/wp-json\/wp\/v2\/comments?post=6660"}],"version-history":[{"count":3,"href":"https:\/\/www.presto.cz\/de\/wp-json\/wp\/v2\/pages\/6660\/revisions"}],"predecessor-version":[{"id":7263,"href":"https:\/\/www.presto.cz\/de\/wp-json\/wp\/v2\/pages\/6660\/revisions\/7263"}],"wp:featuredmedia":[{"embeddable":true,"href":"https:\/\/www.presto.cz\/de\/wp-json\/wp\/v2\/media\/4303"}],"wp:attachment":[{"href":"https:\/\/www.presto.cz\/de\/wp-json\/wp\/v2\/media?parent=6660"}],"wp:term":[{"taxonomy":"prekladany-jazyk","embeddable":true,"href":"https:\/\/www.presto.cz\/de\/wp-json\/wp\/v2\/prekladany-jazyk?post=6660"}],"curies":[{"name":"wp","href":"https:\/\/api.w.org\/{rel}","templated":true}]}}