{"id":6658,"date":"2025-03-05T21:57:44","date_gmt":"2025-03-05T20:57:44","guid":{"rendered":"https:\/\/presto.digiamo.cz\/presto\/marketing-lokalisierung"},"modified":"2025-04-28T17:01:41","modified_gmt":"2025-04-28T15:01:41","slug":"marketing-lokalisierung","status":"publish","type":"page","link":"https:\/\/www.presto.cz\/de\/marketing-lokalisierung","title":{"rendered":"Marketing-Lokalisierung"},"content":{"rendered":"\n<p class=\"h--3 margin-bottom--m\">Ihre Inhalte erreichen die richtige Zielgruppe.<\/p>\n\n<p>Wir schneiden Kampagnen auf die Zielm\u00e4rkte zu und ber\u00fccksichtigen dabei kulturelle Gewohnheiten und lokale Eigenheiten. Wir optimieren Inhalte f\u00fcr Online- und Offline-Medien.<\/p>\n","protected":false},"excerpt":{"rendered":"<p>Ihre Inhalte erreichen die richtige Zielgruppe. Wir schneiden Kampagnen auf die Zielm\u00e4rkte zu und ber\u00fccksichtigen dabei kulturelle Gewohnheiten und lokale Eigenheiten. Wir optimieren Inhalte f\u00fcr Online- und Offline-Medien.<\/p>\n","protected":false},"author":1,"featured_media":4587,"parent":0,"menu_order":0,"comment_status":"closed","ping_status":"closed","template":"","meta":{"footnotes":""},"prekladany-jazyk":[],"class_list":["post-6658","page","type-page","status-publish","has-post-thumbnail","hentry"],"meta_box":{"group_mini__faq":[],"vlajka_jazyka":false,"nadpis_1_sekce":"","odstavec_1_sekce_1_stpec":"","mininadpis_sekce_2":"","nadpis_2_sekce":"","odstavec_2_sekce_2_stpec":"","odstavec_2_sekce_1_stpec":"","nadpis_3_sekce":"","odstavec_3_sekce":"","odrazky_sekce_3_1_ministpec":"","odrazky_sekce_3_2_ministpec":"","mininadpis_sekce_4":"","nadpis_sekce_4":"","nadpis_1_minisekce":"","odstavec_1_minisekce":"","nadpis_2_minisekce":"","odstavec_2_minisekce":"","nadpis_3_minisekce":"","odstavec_3_minisekce":"","mininadpis_sekce_zajimavost":"","nadpis_sekce_zajimavost":"","odstavec_sekce_zajimavost":"","obrazek_zajimavost":false,"nadpis_red_cta":"Ben\u00f6tigen Sie eine professionelle Lokalisierung Ihrer Marketingmaterialien?","odstavec_red_cta":"Setzen Sie sich mit uns in Verbindung, um herauszufinden, wie wir Sie bei der Anpassung Ihrer Marketinginhalte an globale M\u00e4rkte unterst\u00fctzen k\u00f6nnen.","primary_button_text":"Unverbindliches Kostenangebot","primary_button_odkaz":6692,"secondary_button_text":"Nehmen Sie Kontakt mit einem Spezialisten auf","secondary_button_odkaz":6695},"_links":{"self":[{"href":"https:\/\/www.presto.cz\/de\/wp-json\/wp\/v2\/pages\/6658","targetHints":{"allow":["GET"]}}],"collection":[{"href":"https:\/\/www.presto.cz\/de\/wp-json\/wp\/v2\/pages"}],"about":[{"href":"https:\/\/www.presto.cz\/de\/wp-json\/wp\/v2\/types\/page"}],"author":[{"embeddable":true,"href":"https:\/\/www.presto.cz\/de\/wp-json\/wp\/v2\/users\/1"}],"replies":[{"embeddable":true,"href":"https:\/\/www.presto.cz\/de\/wp-json\/wp\/v2\/comments?post=6658"}],"version-history":[{"count":4,"href":"https:\/\/www.presto.cz\/de\/wp-json\/wp\/v2\/pages\/6658\/revisions"}],"predecessor-version":[{"id":7808,"href":"https:\/\/www.presto.cz\/de\/wp-json\/wp\/v2\/pages\/6658\/revisions\/7808"}],"wp:featuredmedia":[{"embeddable":true,"href":"https:\/\/www.presto.cz\/de\/wp-json\/wp\/v2\/media\/4587"}],"wp:attachment":[{"href":"https:\/\/www.presto.cz\/de\/wp-json\/wp\/v2\/media?parent=6658"}],"wp:term":[{"taxonomy":"prekladany-jazyk","embeddable":true,"href":"https:\/\/www.presto.cz\/de\/wp-json\/wp\/v2\/prekladany-jazyk?post=6658"}],"curies":[{"name":"wp","href":"https:\/\/api.w.org\/{rel}","templated":true}]}}