{"id":6656,"date":"2025-03-11T11:31:25","date_gmt":"2025-03-11T10:31:25","guid":{"rendered":"https:\/\/presto.digiamo.cz\/presto\/ki-gestuetzte-uebersetzungen"},"modified":"2025-04-23T15:33:02","modified_gmt":"2025-04-23T13:33:02","slug":"ki-gestuetzte-uebersetzungen","status":"publish","type":"page","link":"https:\/\/www.presto.cz\/de\/ki-gestuetzte-uebersetzungen","title":{"rendered":"KI-gest\u00fctzte \u00dcbersetzungen"},"content":{"rendered":"\n<p class=\"h--3 margin-bottom--m\">Genauigkeit und Effizienz durch KI und CAT-Tools.<\/p>\n\n<p>Spitzentechnologie f\u00fcr schneller ausgef\u00fchrte, kosteng\u00fcnstigere und konsistente \u00dcbersetzungen. \u00dcbersetzungen, die Zeit und Kosten sparen und gleichzeitig h\u00f6chste Qualit\u00e4t bieten.<\/p>\n","protected":false},"excerpt":{"rendered":"<p>Genauigkeit und Effizienz durch KI und CAT-Tools. Spitzentechnologie f\u00fcr schneller ausgef\u00fchrte, kosteng\u00fcnstigere und konsistente \u00dcbersetzungen. \u00dcbersetzungen, die Zeit und Kosten sparen und gleichzeitig h\u00f6chste Qualit\u00e4t bieten.<\/p>\n","protected":false},"author":1,"featured_media":4635,"parent":0,"menu_order":0,"comment_status":"closed","ping_status":"closed","template":"","meta":{"footnotes":""},"prekladany-jazyk":[],"class_list":["post-6656","page","type-page","status-publish","has-post-thumbnail","hentry"],"meta_box":{"group_mini__faq":[],"vlajka_jazyka":false,"nadpis_1_sekce":"","odstavec_1_sekce_1_stpec":"","mininadpis_sekce_2":"","nadpis_2_sekce":"","odstavec_2_sekce_2_stpec":"","odstavec_2_sekce_1_stpec":"","nadpis_3_sekce":"","odstavec_3_sekce":"","odrazky_sekce_3_1_ministpec":"","odrazky_sekce_3_2_ministpec":"","mininadpis_sekce_4":"","nadpis_sekce_4":"","nadpis_1_minisekce":"","odstavec_1_minisekce":"","nadpis_2_minisekce":"","odstavec_2_minisekce":"","nadpis_3_minisekce":"","odstavec_3_minisekce":"","mininadpis_sekce_zajimavost":"","nadpis_sekce_zajimavost":"","odstavec_sekce_zajimavost":"","obrazek_zajimavost":false,"nadpis_red_cta":"Ziehen Sie \u00dcbersetzungen mit KI und CAT-Tools in Betracht?","odstavec_red_cta":"Setzen Sie sich mit uns in Verbindung, um herauszufinden, wie wir Ihre \u00dcbersetzungen mit moderner Technologie optimieren k\u00f6nnen.","primary_button_text":"Unverbindliches Preisangebot","primary_button_odkaz":6692,"secondary_button_text":"Mehr erfahren","secondary_button_odkaz":6695},"_links":{"self":[{"href":"https:\/\/www.presto.cz\/de\/wp-json\/wp\/v2\/pages\/6656","targetHints":{"allow":["GET"]}}],"collection":[{"href":"https:\/\/www.presto.cz\/de\/wp-json\/wp\/v2\/pages"}],"about":[{"href":"https:\/\/www.presto.cz\/de\/wp-json\/wp\/v2\/types\/page"}],"author":[{"embeddable":true,"href":"https:\/\/www.presto.cz\/de\/wp-json\/wp\/v2\/users\/1"}],"replies":[{"embeddable":true,"href":"https:\/\/www.presto.cz\/de\/wp-json\/wp\/v2\/comments?post=6656"}],"version-history":[{"count":3,"href":"https:\/\/www.presto.cz\/de\/wp-json\/wp\/v2\/pages\/6656\/revisions"}],"predecessor-version":[{"id":7259,"href":"https:\/\/www.presto.cz\/de\/wp-json\/wp\/v2\/pages\/6656\/revisions\/7259"}],"wp:featuredmedia":[{"embeddable":true,"href":"https:\/\/www.presto.cz\/de\/wp-json\/wp\/v2\/media\/4635"}],"wp:attachment":[{"href":"https:\/\/www.presto.cz\/de\/wp-json\/wp\/v2\/media?parent=6656"}],"wp:term":[{"taxonomy":"prekladany-jazyk","embeddable":true,"href":"https:\/\/www.presto.cz\/de\/wp-json\/wp\/v2\/prekladany-jazyk?post=6656"}],"curies":[{"name":"wp","href":"https:\/\/api.w.org\/{rel}","templated":true}]}}