{"id":6654,"date":"2025-03-13T18:03:33","date_gmt":"2025-03-13T17:03:33","guid":{"rendered":"https:\/\/presto.digiamo.cz\/presto\/qualitaetssicherung"},"modified":"2025-04-23T20:03:07","modified_gmt":"2025-04-23T18:03:07","slug":"qualitatspolitik","status":"publish","type":"page","link":"https:\/\/www.presto.cz\/de\/qualitatspolitik","title":{"rendered":"Qualit\u00e4tssicherung"},"content":{"rendered":"\n<p class=\"h--3 margin-bottom--m\">Qualit\u00e4t an erster Stelle.<\/p>\n\n<p>Genauigkeit, Konsistenz und Fachwissen \u2013 die drei S\u00e4ulen, auf denen wir unsere Sprachdienstleistungen aufbauen. Unsere Qualit\u00e4tspolitik stellt sicher, dass jede \u00dcbersetzung und jedes Dolmetschen den h\u00f6chsten Standards entspricht. Mit zertifizierten Verfahren und erfahrenen Fachleuten bieten wir Ihnen einen Service, auf den Sie sich verlassen k\u00f6nnen.<\/p>\n\n<p><\/p>\n","protected":false},"excerpt":{"rendered":"<p>Qualit\u00e4t an erster Stelle. Genauigkeit, Konsistenz und Fachwissen \u2013 die drei S\u00e4ulen, auf denen wir unsere Sprachdienstleistungen aufbauen. Unsere Qualit\u00e4tspolitik stellt sicher, dass jede \u00dcbersetzung und jedes Dolmetschen den h\u00f6chsten Standards entspricht. Mit zertifizierten Verfahren und erfahrenen Fachleuten bieten wir Ihnen einen Service, auf den Sie sich verlassen k\u00f6nnen.<\/p>\n","protected":false},"author":1,"featured_media":4931,"parent":0,"menu_order":0,"comment_status":"closed","ping_status":"closed","template":"","meta":{"footnotes":""},"prekladany-jazyk":[],"class_list":["post-6654","page","type-page","status-publish","has-post-thumbnail","hentry"],"meta_box":{"group_mini__faq":[],"vlajka_jazyka":false,"nadpis_1_sekce":"","odstavec_1_sekce_1_stpec":"","mininadpis_sekce_2":"","nadpis_2_sekce":"","odstavec_2_sekce_2_stpec":"","odstavec_2_sekce_1_stpec":"","nadpis_3_sekce":"","odstavec_3_sekce":"","odrazky_sekce_3_1_ministpec":"","odrazky_sekce_3_2_ministpec":"","mininadpis_sekce_4":"","nadpis_sekce_4":"","nadpis_1_minisekce":"","odstavec_1_minisekce":"","nadpis_2_minisekce":"","odstavec_2_minisekce":"","nadpis_3_minisekce":"","odstavec_3_minisekce":"","mininadpis_sekce_zajimavost":"","nadpis_sekce_zajimavost":"","odstavec_sekce_zajimavost":"","obrazek_zajimavost":false,"nadpis_red_cta":"Haben Sie Fragen oder sind Sie auf der Suche nach Sprachdienstleistungen h\u00f6chster Qualit\u00e4t? Wir sind f\u00fcr Sie da.","odstavec_red_cta":"Nehmen Sie Kontakt mit uns auf und erfahren Sie mehr.","primary_button_text":"Unverbindliche Anfrage","primary_button_odkaz":6692,"secondary_button_text":"","secondary_button_odkaz":""},"_links":{"self":[{"href":"https:\/\/www.presto.cz\/de\/wp-json\/wp\/v2\/pages\/6654","targetHints":{"allow":["GET"]}}],"collection":[{"href":"https:\/\/www.presto.cz\/de\/wp-json\/wp\/v2\/pages"}],"about":[{"href":"https:\/\/www.presto.cz\/de\/wp-json\/wp\/v2\/types\/page"}],"author":[{"embeddable":true,"href":"https:\/\/www.presto.cz\/de\/wp-json\/wp\/v2\/users\/1"}],"replies":[{"embeddable":true,"href":"https:\/\/www.presto.cz\/de\/wp-json\/wp\/v2\/comments?post=6654"}],"version-history":[{"count":3,"href":"https:\/\/www.presto.cz\/de\/wp-json\/wp\/v2\/pages\/6654\/revisions"}],"predecessor-version":[{"id":7257,"href":"https:\/\/www.presto.cz\/de\/wp-json\/wp\/v2\/pages\/6654\/revisions\/7257"}],"wp:featuredmedia":[{"embeddable":true,"href":"https:\/\/www.presto.cz\/de\/wp-json\/wp\/v2\/media\/4931"}],"wp:attachment":[{"href":"https:\/\/www.presto.cz\/de\/wp-json\/wp\/v2\/media?parent=6654"}],"wp:term":[{"taxonomy":"prekladany-jazyk","embeddable":true,"href":"https:\/\/www.presto.cz\/de\/wp-json\/wp\/v2\/prekladany-jazyk?post=6654"}],"curies":[{"name":"wp","href":"https:\/\/api.w.org\/{rel}","templated":true}]}}