{"id":6651,"date":"2025-03-13T18:04:52","date_gmt":"2025-03-13T17:04:52","guid":{"rendered":"https:\/\/presto.digiamo.cz\/presto\/iso-zertifikate"},"modified":"2025-04-23T20:01:39","modified_gmt":"2025-04-23T18:01:39","slug":"zertifikate","status":"publish","type":"page","link":"https:\/\/www.presto.cz\/de\/zertifikate","title":{"rendered":"ISO-Zertifikate"},"content":{"rendered":"\n<p class=\"h--3 margin-bottom--m\">Zertifizierte Qualit\u00e4t und Sicherheit \u2013 Ihre Gew\u00e4hr f\u00fcr professionelle Dienstleistungen<\/p>\n\n<p>Unser \u00dcbersetzungsb\u00fcro erf\u00fcllt die h\u00f6chsten internationalen Standards f\u00fcr Qualit\u00e4t, Sicherheit und Fachwissen. Wir bearbeiten jedes Projekt nach strengen Kriterien, um Genauigkeit, Zuverl\u00e4ssigkeit und den Schutz Ihrer Daten zu gew\u00e4hrleisten.<\/p>\n","protected":false},"excerpt":{"rendered":"<p>Zertifizierte Qualit\u00e4t und Sicherheit \u2013 Ihre Gew\u00e4hr f\u00fcr professionelle Dienstleistungen Unser \u00dcbersetzungsb\u00fcro erf\u00fcllt die h\u00f6chsten internationalen Standards f\u00fcr Qualit\u00e4t, Sicherheit und Fachwissen. Wir bearbeiten jedes Projekt nach strengen Kriterien, um Genauigkeit, Zuverl\u00e4ssigkeit und den Schutz Ihrer Daten zu gew\u00e4hrleisten.<\/p>\n","protected":false},"author":1,"featured_media":4917,"parent":0,"menu_order":0,"comment_status":"closed","ping_status":"closed","template":"","meta":{"footnotes":""},"prekladany-jazyk":[],"class_list":["post-6651","page","type-page","status-publish","has-post-thumbnail","hentry"],"meta_box":{"group_mini__faq":[],"vlajka_jazyka":false,"nadpis_1_sekce":"","odstavec_1_sekce_1_stpec":"","mininadpis_sekce_2":"","nadpis_2_sekce":"","odstavec_2_sekce_2_stpec":"","odstavec_2_sekce_1_stpec":"","nadpis_3_sekce":"","odstavec_3_sekce":"","odrazky_sekce_3_1_ministpec":"","odrazky_sekce_3_2_ministpec":"","mininadpis_sekce_4":"","nadpis_sekce_4":"","nadpis_1_minisekce":"","odstavec_1_minisekce":"","nadpis_2_minisekce":"","odstavec_2_minisekce":"","nadpis_3_minisekce":"","odstavec_3_minisekce":"","mininadpis_sekce_zajimavost":"","nadpis_sekce_zajimavost":"","odstavec_sekce_zajimavost":"","obrazek_zajimavost":false,"nadpis_red_cta":"Haben Sie Fragen zu unseren Zertifikaten?","odstavec_red_cta":"Wir sind f\u00fcr Sie da! Wir erkl\u00e4ren Ihnen gerne, wie unsere Zertifizierungen zur Qualit\u00e4t und Sicherheit Ihrer \u00dcbersetzungen beitragen.","primary_button_text":"","primary_button_odkaz":"","secondary_button_text":"Kontaktieren Sie uns","secondary_button_odkaz":6695},"_links":{"self":[{"href":"https:\/\/www.presto.cz\/de\/wp-json\/wp\/v2\/pages\/6651","targetHints":{"allow":["GET"]}}],"collection":[{"href":"https:\/\/www.presto.cz\/de\/wp-json\/wp\/v2\/pages"}],"about":[{"href":"https:\/\/www.presto.cz\/de\/wp-json\/wp\/v2\/types\/page"}],"author":[{"embeddable":true,"href":"https:\/\/www.presto.cz\/de\/wp-json\/wp\/v2\/users\/1"}],"replies":[{"embeddable":true,"href":"https:\/\/www.presto.cz\/de\/wp-json\/wp\/v2\/comments?post=6651"}],"version-history":[{"count":3,"href":"https:\/\/www.presto.cz\/de\/wp-json\/wp\/v2\/pages\/6651\/revisions"}],"predecessor-version":[{"id":7254,"href":"https:\/\/www.presto.cz\/de\/wp-json\/wp\/v2\/pages\/6651\/revisions\/7254"}],"wp:featuredmedia":[{"embeddable":true,"href":"https:\/\/www.presto.cz\/de\/wp-json\/wp\/v2\/media\/4917"}],"wp:attachment":[{"href":"https:\/\/www.presto.cz\/de\/wp-json\/wp\/v2\/media?parent=6651"}],"wp:term":[{"taxonomy":"prekladany-jazyk","embeddable":true,"href":"https:\/\/www.presto.cz\/de\/wp-json\/wp\/v2\/prekladany-jazyk?post=6651"}],"curies":[{"name":"wp","href":"https:\/\/api.w.org\/{rel}","templated":true}]}}