{"id":6649,"date":"2025-03-17T13:12:47","date_gmt":"2025-03-17T12:12:47","guid":{"rendered":"https:\/\/presto.digiamo.cz\/presto\/danke-ihre-bestellung-wurde-angenommen"},"modified":"2025-05-14T16:02:26","modified_gmt":"2025-05-14T14:02:26","slug":"formular-erfolgreich-gesendet","status":"publish","type":"page","link":"https:\/\/www.presto.cz\/de\/formular-erfolgreich-gesendet","title":{"rendered":"Danke! Ihre Bestellung wurde angenommen."},"content":{"rendered":"\n<p>Wir haben soeben Ihre Angaben erhalten. Unser Spezialist wird sich in K\u00fcrze mit Ihnen in Verbindung setzen, um Ihre Anfrage zu best\u00e4tigen und weitere Schritte einzuleiten.<\/p>\n\n<p><\/p>\n\n<p><\/p>\n\n<div class=\"wp-block-group my--list\"><div class=\"wp-block-group__inner-container is-layout-constrained wp-block-group-is-layout-constrained\">\n<div class=\"wp-block-group my-list\"><div class=\"wp-block-group__inner-container is-layout-constrained wp-block-group-is-layout-constrained\">\n<p class=\"margin-top--m margin-bottom--s\"><strong>Wie geht es jetzt weiter?<\/strong><\/p>\n\n\n\n<ul class=\"wp-block-list\">\n<li>Sobald wir alles best\u00e4tigt haben, machen wir uns an die Arbeit und halten Sie \u00fcber den Fortgang Ihrer Bestellung auf dem Laufenden.<\/li>\n\n\n\n<li>Innerhalb von 15 Minuten senden wir Ihnen die Best\u00e4tigung und einen Kostenvoranschlag an Ihre E-Mail-Adresse.<\/li>\n\n\n\n<li>Sollten wir zus\u00e4tzliche Informationen ben\u00f6tigen, werden wir uns telefonisch oder per E-Mail bei Ihnen melden.<\/li>\n<\/ul>\n<\/div><\/div>\n<\/div><\/div>\n\n<p class=\"margin-top--m margin-bottom--s\"><strong>Wenn Sie sich nicht sicher sind, z\u00f6gern Sie nicht, uns zu kontaktieren:<\/strong><\/p>\n\n<p>Tel.: <a href=\"tel:420225000722\">+420&nbsp;225&nbsp;000&nbsp;722<\/a><br\/>E-Mail: <a href=\"mailto:info@presto.cz\">info@presto.cz<\/a><\/p>\n\n<p><\/p>\n","protected":false},"excerpt":{"rendered":"<p>Wir haben soeben Ihre Angaben erhalten. Unser Spezialist wird sich in K\u00fcrze mit Ihnen in Verbindung setzen, um Ihre Anfrage zu best\u00e4tigen und weitere Schritte einzuleiten. Wie geht es jetzt weiter? Wenn Sie sich nicht sicher sind, z\u00f6gern Sie nicht, uns zu kontaktieren: Tel.: +420&nbsp;225&nbsp;000&nbsp;722E-Mail: info@presto.cz<\/p>\n","protected":false},"author":1,"featured_media":0,"parent":0,"menu_order":0,"comment_status":"closed","ping_status":"closed","template":"","meta":{"footnotes":""},"prekladany-jazyk":[],"class_list":["post-6649","page","type-page","status-publish","hentry"],"meta_box":{"group_mini__faq":[],"vlajka_jazyka":false,"nadpis_1_sekce":"","odstavec_1_sekce_1_stpec":"","mininadpis_sekce_2":"","nadpis_2_sekce":"","odstavec_2_sekce_2_stpec":"","odstavec_2_sekce_1_stpec":"","nadpis_3_sekce":"","odstavec_3_sekce":"","odrazky_sekce_3_1_ministpec":"","odrazky_sekce_3_2_ministpec":"","mininadpis_sekce_4":"","nadpis_sekce_4":"","nadpis_1_minisekce":"","odstavec_1_minisekce":"","nadpis_2_minisekce":"","odstavec_2_minisekce":"","nadpis_3_minisekce":"","odstavec_3_minisekce":"","mininadpis_sekce_zajimavost":"","nadpis_sekce_zajimavost":"","odstavec_sekce_zajimavost":"","obrazek_zajimavost":false,"nadpis_red_cta":"","odstavec_red_cta":"","primary_button_text":"","primary_button_odkaz":"","secondary_button_text":"","secondary_button_odkaz":""},"_links":{"self":[{"href":"https:\/\/www.presto.cz\/de\/wp-json\/wp\/v2\/pages\/6649","targetHints":{"allow":["GET"]}}],"collection":[{"href":"https:\/\/www.presto.cz\/de\/wp-json\/wp\/v2\/pages"}],"about":[{"href":"https:\/\/www.presto.cz\/de\/wp-json\/wp\/v2\/types\/page"}],"author":[{"embeddable":true,"href":"https:\/\/www.presto.cz\/de\/wp-json\/wp\/v2\/users\/1"}],"replies":[{"embeddable":true,"href":"https:\/\/www.presto.cz\/de\/wp-json\/wp\/v2\/comments?post=6649"}],"version-history":[{"count":3,"href":"https:\/\/www.presto.cz\/de\/wp-json\/wp\/v2\/pages\/6649\/revisions"}],"predecessor-version":[{"id":7252,"href":"https:\/\/www.presto.cz\/de\/wp-json\/wp\/v2\/pages\/6649\/revisions\/7252"}],"wp:attachment":[{"href":"https:\/\/www.presto.cz\/de\/wp-json\/wp\/v2\/media?parent=6649"}],"wp:term":[{"taxonomy":"prekladany-jazyk","embeddable":true,"href":"https:\/\/www.presto.cz\/de\/wp-json\/wp\/v2\/prekladany-jazyk?post=6649"}],"curies":[{"name":"wp","href":"https:\/\/api.w.org\/{rel}","templated":true}]}}