{"id":6647,"date":"2025-03-21T14:20:56","date_gmt":"2025-03-21T13:20:56","guid":{"rendered":"https:\/\/presto.digiamo.cz\/presto\/karriere"},"modified":"2025-04-28T12:16:21","modified_gmt":"2025-04-28T10:16:21","slug":"karriere","status":"publish","type":"page","link":"https:\/\/www.presto.cz\/de\/karriere","title":{"rendered":"Karriere"},"content":{"rendered":"\n<h2 class=\"wp-block-heading\">Aktuell<\/h2>\n\n<p>Aktuell suchen wir <strong>Synchronsprecher.<\/strong><\/p>\n\n<ul class=\"wp-block-list\">\n<li>N\u00e4heres finden Sie\u00a0<a href=\"#kariera-form\">unten<\/a><\/li>\n<\/ul>\n\n<h2 class=\"wp-block-heading\">\u00dcbersetzer<\/h2>\n\n<p>Wir suchen externe \u00dcbersetzer, die \u00fcber Erfahrungen mit \u00dcbersetzungen von Texten aus verschiedenen Bereichen verf\u00fcgen. Voraussetzung sind ausgezeichnete Sprachkenntnisse, gute stilistische F\u00e4higkeiten und Qualit\u00e4tsarbeit. Wir bieten regelm\u00e4\u00dfige Auftr\u00e4ge, gegebenenfalls Vollzeitarbeit.<\/p>\n\n<p>Als externer Mitarbeiter ben\u00f6tigen Sie einen PC mit Internetzugang, E-Mail, eventuell ein Mobiltelefon und einen Gewerbeschein (f\u00fcr regelm\u00e4\u00dfige Auftr\u00e4ge). Wir bieten Verg\u00fcnstigungen f\u00fcr Familienangeh\u00f6rige (Sprachschule, E-Learning, Teilnahme an Schulungen und Seminaren).<\/p>\n\n<p><a href=\"https:\/\/www.presto.cz\/dotaznik-prekladatele\" data-type=\"page\" data-id=\"2803\">Fragebogen f\u00fcr \u00dcbersetzer<\/a><\/p>\n\n<h2 class=\"wp-block-heading\">Lektor<\/h2>\n\n<p>Wenn Sie mit uns im Sprachenbereich zusammenarbeiten m\u00f6chten (Englisch, Deutsch, Spanisch, Franz\u00f6sisch, Tschechisch f\u00fcr Ausl\u00e4nder usw.), und dies sowohl im Bereich der allgemeinen Sprache als auch der Fachsprachen (Wirtschaft, Recht, Marketing und Management, Buchhaltung, Informatik, Bankwesen usw.), f\u00fcllen Sie bitte den Fragebogen f\u00fcr Lektoren aus.<\/p>\n\n<p>Wir erwarten sehr gute Sprachkenntnisse, einen p\u00e4dagogischen Hintergrund und einen kreativen Ansatz. Wir bieten Arbeit in einem jungen Team, die M\u00f6glichkeit der beruflichen Weiterentwicklung sowie die Teilnahme an Schulungen und Seminaren.<\/p>\n\n<p><a href=\"http:\/\/www.presto-skola.cz\/cz\/kariera\">Fragebogen f\u00fcr Lektoren<\/a><\/p>\n\n<h2 class=\"wp-block-heading\"><a><\/a>Synchronsprechen<\/h2>\n\n<p>Im Rahmen der Erweiterung unserer Datenbank\u00a0<strong>suchen wir Synchronsprecher<\/strong>\u00a0(M\u00e4nner\/Frauen und selbst Kinder im Alter von etwa 10 Jahren) \u2013 Muttersprachler aller Sprachen.<\/p>\n\n<p>Derzeit suchen wir Muttersprachler der folgenden Sprachen: Englisch, Arabisch, Hebr\u00e4isch, Ungarisch, Deutsch, Polnisch, Rum\u00e4nisch, Russisch, Griechisch, Slowakisch, T\u00fcrkisch, Ukrainisch, Vietnamesisch.<\/p>\n\n<p>Nach Einreichung Ihres Lebenslaufs laden wir Sie gerne in unser Studio ein, um einen Probetext aufzunehmen, den wir dann unseren Kunden vorspielen. Wenn sich der Kunde f\u00fcr Ihre Stimme entscheidet, freuen wir uns auf die erste Aufzeichnung mit Ihnen.<\/p>\n\n<ul class=\"wp-block-list\">\n<li><strong>Termin:<\/strong>\u00a0jederzeit<\/li>\n\n\n\n<li><strong>Ort:<\/strong>\u00a0AV Studio der Agentur PRESTO (5. Etage), Na P\u0159\u00edkop\u011b 31, Prag<\/li>\n\n\n\n<li><strong>Verg\u00fctung:<\/strong>\u00a0stundenweise oder je nach Menge, in Absprache<\/li>\n\n\n\n<li><strong>Wir bevorzugen professionelle Synchronsprecher.<\/strong><\/li>\n\n\n\n<li><strong>Voraussetzung sind Erfahrungen<\/strong>\u00a0<strong>mit Synchronsprechen oder mit Arbeiten \u00e4hnlichen Charakters<\/strong>\u00a0(Moderation, Radio, Theater, Arbeit mit der Stimme, usw.).<\/li>\n<\/ul>\n\n<p>Bei Interesse schreiben Sie uns bitte eine E-Mail an:\u00a0<a href=\"mailto:avservices@presto.cz\">avservices@presto.cz<\/a><\/p>\n\n<p><\/p>\n","protected":false},"excerpt":{"rendered":"<p>Aktuell Aktuell suchen wir Synchronsprecher. \u00dcbersetzer Wir suchen externe \u00dcbersetzer, die \u00fcber Erfahrungen mit \u00dcbersetzungen von Texten aus verschiedenen Bereichen verf\u00fcgen. Voraussetzung sind ausgezeichnete Sprachkenntnisse, gute stilistische F\u00e4higkeiten und Qualit\u00e4tsarbeit. Wir bieten regelm\u00e4\u00dfige Auftr\u00e4ge, gegebenenfalls Vollzeitarbeit. Als externer Mitarbeiter ben\u00f6tigen Sie einen PC mit Internetzugang, E-Mail, eventuell ein Mobiltelefon und einen Gewerbeschein (f\u00fcr regelm\u00e4\u00dfige Auftr\u00e4ge). [&hellip;]<\/p>\n","protected":false},"author":1,"featured_media":4915,"parent":0,"menu_order":0,"comment_status":"closed","ping_status":"closed","template":"","meta":{"footnotes":""},"prekladany-jazyk":[],"class_list":["post-6647","page","type-page","status-publish","has-post-thumbnail","hentry"],"meta_box":{"group_mini__faq":[],"vlajka_jazyka":false,"nadpis_1_sekce":"","odstavec_1_sekce_1_stpec":"","mininadpis_sekce_2":"","nadpis_2_sekce":"","odstavec_2_sekce_2_stpec":"","odstavec_2_sekce_1_stpec":"","nadpis_3_sekce":"","odstavec_3_sekce":"","odrazky_sekce_3_1_ministpec":"","odrazky_sekce_3_2_ministpec":"","mininadpis_sekce_4":"","nadpis_sekce_4":"","nadpis_1_minisekce":"","odstavec_1_minisekce":"","nadpis_2_minisekce":"","odstavec_2_minisekce":"","nadpis_3_minisekce":"","odstavec_3_minisekce":"","mininadpis_sekce_zajimavost":"","nadpis_sekce_zajimavost":"","odstavec_sekce_zajimavost":"","obrazek_zajimavost":false,"nadpis_red_cta":"","odstavec_red_cta":"","primary_button_text":"","primary_button_odkaz":"","secondary_button_text":"","secondary_button_odkaz":""},"_links":{"self":[{"href":"https:\/\/www.presto.cz\/de\/wp-json\/wp\/v2\/pages\/6647","targetHints":{"allow":["GET"]}}],"collection":[{"href":"https:\/\/www.presto.cz\/de\/wp-json\/wp\/v2\/pages"}],"about":[{"href":"https:\/\/www.presto.cz\/de\/wp-json\/wp\/v2\/types\/page"}],"author":[{"embeddable":true,"href":"https:\/\/www.presto.cz\/de\/wp-json\/wp\/v2\/users\/1"}],"replies":[{"embeddable":true,"href":"https:\/\/www.presto.cz\/de\/wp-json\/wp\/v2\/comments?post=6647"}],"version-history":[{"count":4,"href":"https:\/\/www.presto.cz\/de\/wp-json\/wp\/v2\/pages\/6647\/revisions"}],"predecessor-version":[{"id":7732,"href":"https:\/\/www.presto.cz\/de\/wp-json\/wp\/v2\/pages\/6647\/revisions\/7732"}],"wp:featuredmedia":[{"embeddable":true,"href":"https:\/\/www.presto.cz\/de\/wp-json\/wp\/v2\/media\/4915"}],"wp:attachment":[{"href":"https:\/\/www.presto.cz\/de\/wp-json\/wp\/v2\/media?parent=6647"}],"wp:term":[{"taxonomy":"prekladany-jazyk","embeddable":true,"href":"https:\/\/www.presto.cz\/de\/wp-json\/wp\/v2\/prekladany-jazyk?post=6647"}],"curies":[{"name":"wp","href":"https:\/\/api.w.org\/{rel}","templated":true}]}}