{"id":9976,"date":"2026-04-22T12:31:22","date_gmt":"2026-04-22T10:31:22","guid":{"rendered":"https:\/\/www.presto.cz\/?page_id=9976"},"modified":"2026-04-22T12:31:23","modified_gmt":"2026-04-22T10:31:23","slug":"spoluprace","status":"publish","type":"page","link":"https:\/\/www.presto.cz\/cz\/spoluprace","title":{"rendered":"Jak vypad\u00e1 spolupr\u00e1ce s&nbsp;n\u00e1mi v&nbsp;praxi"},"content":{"rendered":"\n<p>Na\u0161e \u0159e\u0161en\u00ed pro kontrolu, opravu a&nbsp;sjednocen\u00ed terminologie lze vyu\u017e\u00edt n\u011bkolika zp\u016fsoby podle typu dokument\u016f, stavu terminologie a&nbsp;va\u0161eho intern\u00edho procesu. N\u00ed\u017ee uv\u00e1d\u00edme nej\u010dast\u011bj\u0161\u00ed modely spolupr\u00e1ce a&nbsp;situace, ve kter\u00fdch d\u00e1vaj\u00ed smysl.<\/p>\n","protected":false},"excerpt":{"rendered":"<p>Na\u0161e \u0159e\u0161en\u00ed pro kontrolu, opravu a&nbsp;sjednocen\u00ed terminologie lze vyu\u017e\u00edt n\u011bkolika zp\u016fsoby podle typu dokument\u016f, stavu terminologie a&nbsp;va\u0161eho intern\u00edho procesu. N\u00ed\u017ee uv\u00e1d\u00edme nej\u010dast\u011bj\u0161\u00ed modely spolupr\u00e1ce a&nbsp;situace, ve kter\u00fdch d\u00e1vaj\u00ed smysl.<\/p>\n","protected":false},"author":4,"featured_media":3636,"parent":0,"menu_order":0,"comment_status":"closed","ping_status":"closed","template":"","meta":{"footnotes":""},"prekladany-jazyk":[],"class_list":["post-9976","page","type-page","status-publish","has-post-thumbnail","hentry"],"meta_box":{"group_mini__faq":[],"vlajka_jazyka":false,"nadpis_1_sekce":"","odstavec_1_sekce_1_stpec":"","mininadpis_sekce_2":"","nadpis_2_sekce":"","odstavec_2_sekce_2_stpec":"","odstavec_2_sekce_1_stpec":"","nadpis_3_sekce":"","odstavec_3_sekce":"","odrazky_sekce_3_1_ministpec":"","odrazky_sekce_3_2_ministpec":"","mininadpis_sekce_4":"","nadpis_sekce_4":"","nadpis_1_minisekce":"","odstavec_1_minisekce":"","nadpis_2_minisekce":"","odstavec_2_minisekce":"","nadpis_3_minisekce":"","odstavec_3_minisekce":"","mininadpis_sekce_zajimavost":"","nadpis_sekce_zajimavost":"","odstavec_sekce_zajimavost":"","obrazek_zajimavost":false,"nadpis_red_cta":"Chcete si ov\u011b\u0159it p\u0159\u00ednos na vlastn\u00edch datech?","odstavec_red_cta":"Po\u0161lete n\u00e1m vzorek textu a my doporu\u010d\u00edme nejvhodn\u011bj\u0161\u00ed model spolupr\u00e1ce.","primary_button_text":"Nez\u00e1vazn\u011b poptat \u0159e\u0161en\u00ed pro va\u0161e p\u0159eklady","primary_button_odkaz":"","secondary_button_text":"","secondary_button_odkaz":""},"_links":{"self":[{"href":"https:\/\/www.presto.cz\/cz\/wp-json\/wp\/v2\/pages\/9976","targetHints":{"allow":["GET"]}}],"collection":[{"href":"https:\/\/www.presto.cz\/cz\/wp-json\/wp\/v2\/pages"}],"about":[{"href":"https:\/\/www.presto.cz\/cz\/wp-json\/wp\/v2\/types\/page"}],"author":[{"embeddable":true,"href":"https:\/\/www.presto.cz\/cz\/wp-json\/wp\/v2\/users\/4"}],"replies":[{"embeddable":true,"href":"https:\/\/www.presto.cz\/cz\/wp-json\/wp\/v2\/comments?post=9976"}],"version-history":[{"count":45,"href":"https:\/\/www.presto.cz\/cz\/wp-json\/wp\/v2\/pages\/9976\/revisions"}],"predecessor-version":[{"id":10070,"href":"https:\/\/www.presto.cz\/cz\/wp-json\/wp\/v2\/pages\/9976\/revisions\/10070"}],"wp:featuredmedia":[{"embeddable":true,"href":"https:\/\/www.presto.cz\/cz\/wp-json\/wp\/v2\/media\/3636"}],"wp:attachment":[{"href":"https:\/\/www.presto.cz\/cz\/wp-json\/wp\/v2\/media?parent=9976"}],"wp:term":[{"taxonomy":"prekladany-jazyk","embeddable":true,"href":"https:\/\/www.presto.cz\/cz\/wp-json\/wp\/v2\/prekladany-jazyk?post=9976"}],"curies":[{"name":"wp","href":"https:\/\/api.w.org\/{rel}","templated":true}]}}