{"id":8719,"date":"2025-07-30T17:03:02","date_gmt":"2025-07-30T15:03:02","guid":{"rendered":"https:\/\/www.presto.cz\/?page_id=8719"},"modified":"2025-08-04T10:22:18","modified_gmt":"2025-08-04T08:22:18","slug":"preklady-maturitniho-vysvedceni","status":"publish","type":"page","link":"https:\/\/www.presto.cz\/cz\/preklady-maturitniho-vysvedceni","title":{"rendered":"P\u0159eklady maturitn\u00edho vysv\u011bd\u010den\u00ed"},"content":{"rendered":"\n<p class=\"h--3 margin-bottom--m\">Ofici\u00e1ln\u00ed p\u0159eklad pro zahrani\u010dn\u00ed studium a&nbsp;pracovn\u00ed p\u0159\u00edle\u017eitosti.<\/p>\n\n\n\n<p>Rychl\u00e9 a&nbsp;p\u0159esn\u00e9 soudn\u011b ov\u011b\u0159en\u00e9 p\u0159eklady, kter\u00e9 spl\u0148uj\u00ed po\u017eadavky zahrani\u010dn\u00edch instituc\u00ed a&nbsp;zam\u011bstnavatel\u016f.<\/p>\n","protected":false},"excerpt":{"rendered":"<p>Ofici\u00e1ln\u00ed p\u0159eklad pro zahrani\u010dn\u00ed studium a&nbsp;pracovn\u00ed p\u0159\u00edle\u017eitosti. Rychl\u00e9 a&nbsp;p\u0159esn\u00e9 soudn\u011b ov\u011b\u0159en\u00e9 p\u0159eklady, kter\u00e9 spl\u0148uj\u00ed po\u017eadavky zahrani\u010dn\u00edch instituc\u00ed a&nbsp;zam\u011bstnavatel\u016f.<\/p>\n","protected":false},"author":1,"featured_media":8724,"parent":0,"menu_order":0,"comment_status":"closed","ping_status":"closed","template":"","meta":{"footnotes":""},"prekladany-jazyk":[],"class_list":["post-8719","page","type-page","status-publish","has-post-thumbnail","hentry"],"meta_box":{"group_mini__faq":[],"vlajka_jazyka":false,"nadpis_1_sekce":"","odstavec_1_sekce_1_stpec":"","mininadpis_sekce_2":"","nadpis_2_sekce":"","odstavec_2_sekce_2_stpec":"","odstavec_2_sekce_1_stpec":"","nadpis_3_sekce":"","odstavec_3_sekce":"","odrazky_sekce_3_1_ministpec":"","odrazky_sekce_3_2_ministpec":"","mininadpis_sekce_4":"","nadpis_sekce_4":"","nadpis_1_minisekce":"","odstavec_1_minisekce":"","nadpis_2_minisekce":"","odstavec_2_minisekce":"","nadpis_3_minisekce":"","odstavec_3_minisekce":"","mininadpis_sekce_zajimavost":"","nadpis_sekce_zajimavost":"","odstavec_sekce_zajimavost":"","obrazek_zajimavost":false,"nadpis_red_cta":"M\u00e1te z\u00e1jem o p\u0159eklad maturitn\u00edho vysv\u011bd\u010den\u00ed?","odstavec_red_cta":"Kontaktujte n\u00e1s je\u0161t\u011b dnes a my se postar\u00e1me o rychl\u00fd a kvalitn\u00ed p\u0159eklad va\u0161ich dokument\u016f.","primary_button_text":"Nez\u00e1vazn\u00e1 kalkulace","primary_button_odkaz":551,"secondary_button_text":"Kontaktujte n\u00e1s","secondary_button_odkaz":482},"_links":{"self":[{"href":"https:\/\/www.presto.cz\/cz\/wp-json\/wp\/v2\/pages\/8719","targetHints":{"allow":["GET"]}}],"collection":[{"href":"https:\/\/www.presto.cz\/cz\/wp-json\/wp\/v2\/pages"}],"about":[{"href":"https:\/\/www.presto.cz\/cz\/wp-json\/wp\/v2\/types\/page"}],"author":[{"embeddable":true,"href":"https:\/\/www.presto.cz\/cz\/wp-json\/wp\/v2\/users\/1"}],"replies":[{"embeddable":true,"href":"https:\/\/www.presto.cz\/cz\/wp-json\/wp\/v2\/comments?post=8719"}],"version-history":[{"count":4,"href":"https:\/\/www.presto.cz\/cz\/wp-json\/wp\/v2\/pages\/8719\/revisions"}],"predecessor-version":[{"id":8733,"href":"https:\/\/www.presto.cz\/cz\/wp-json\/wp\/v2\/pages\/8719\/revisions\/8733"}],"wp:featuredmedia":[{"embeddable":true,"href":"https:\/\/www.presto.cz\/cz\/wp-json\/wp\/v2\/media\/8724"}],"wp:attachment":[{"href":"https:\/\/www.presto.cz\/cz\/wp-json\/wp\/v2\/media?parent=8719"}],"wp:term":[{"taxonomy":"prekladany-jazyk","embeddable":true,"href":"https:\/\/www.presto.cz\/cz\/wp-json\/wp\/v2\/prekladany-jazyk?post=8719"}],"curies":[{"name":"wp","href":"https:\/\/api.w.org\/{rel}","templated":true}]}}