{"id":8709,"date":"2025-07-30T16:39:24","date_gmt":"2025-07-30T14:39:24","guid":{"rendered":"https:\/\/www.presto.cz\/?page_id=8709"},"modified":"2025-10-16T14:00:19","modified_gmt":"2025-10-16T12:00:19","slug":"preklady-lekarskych-zprav","status":"publish","type":"page","link":"https:\/\/www.presto.cz\/cz\/preklady-lekarskych-zprav","title":{"rendered":"P\u0159eklady l\u00e9ka\u0159sk\u00fdch zpr\u00e1v"},"content":{"rendered":"\n<p class=\"h--3 margin-bottom--m\">D\u016fle\u017eit\u00e9 informace s&nbsp;p\u0159esnost\u00ed a&nbsp;pe\u010dlivost\u00ed.<\/p>\n\n\n\n<p>Zaji\u0161\u0165ujeme odborn\u00e9 p\u0159eklady l\u00e9ka\u0159sk\u00fdch zpr\u00e1v s&nbsp;d\u016frazem na p\u0159esnou terminologii a&nbsp;ochranu citliv\u00fdch dat.<\/p>\n","protected":false},"excerpt":{"rendered":"<p>D\u016fle\u017eit\u00e9 informace s&nbsp;p\u0159esnost\u00ed a&nbsp;pe\u010dlivost\u00ed. Zaji\u0161\u0165ujeme odborn\u00e9 p\u0159eklady l\u00e9ka\u0159sk\u00fdch zpr\u00e1v s&nbsp;d\u016frazem na p\u0159esnou terminologii a&nbsp;ochranu citliv\u00fdch dat.<\/p>\n","protected":false},"author":1,"featured_media":8716,"parent":0,"menu_order":0,"comment_status":"closed","ping_status":"closed","template":"","meta":{"footnotes":""},"prekladany-jazyk":[],"class_list":["post-8709","page","type-page","status-publish","has-post-thumbnail","hentry"],"meta_box":{"group_mini__faq":[],"vlajka_jazyka":false,"nadpis_1_sekce":"","odstavec_1_sekce_1_stpec":"","mininadpis_sekce_2":"","nadpis_2_sekce":"","odstavec_2_sekce_2_stpec":"","odstavec_2_sekce_1_stpec":"","nadpis_3_sekce":"","odstavec_3_sekce":"","odrazky_sekce_3_1_ministpec":"","odrazky_sekce_3_2_ministpec":"","mininadpis_sekce_4":"","nadpis_sekce_4":"","nadpis_1_minisekce":"","odstavec_1_minisekce":"","nadpis_2_minisekce":"","odstavec_2_minisekce":"","nadpis_3_minisekce":"","odstavec_3_minisekce":"","mininadpis_sekce_zajimavost":"","nadpis_sekce_zajimavost":"","odstavec_sekce_zajimavost":"","obrazek_zajimavost":false,"nadpis_red_cta":"Pot\u0159ebujete profesion\u00e1ln\u00ed p\u0159eklad l\u00e9ka\u0159sk\u00e9 zpr\u00e1vy?","odstavec_red_cta":"Spojte se s n\u00e1mi a z\u00edskejte spolehliv\u00fd p\u0159eklad l\u00e9ka\u0159sk\u00e9 zpr\u00e1vy nebo jin\u00e9 zdravotnick\u00e9 dokumentace.","primary_button_text":"Nez\u00e1vazn\u00e1 kalkulace","primary_button_odkaz":551,"secondary_button_text":"Spojte se s na\u0161\u00edm specialistou","secondary_button_odkaz":482},"_links":{"self":[{"href":"https:\/\/www.presto.cz\/cz\/wp-json\/wp\/v2\/pages\/8709","targetHints":{"allow":["GET"]}}],"collection":[{"href":"https:\/\/www.presto.cz\/cz\/wp-json\/wp\/v2\/pages"}],"about":[{"href":"https:\/\/www.presto.cz\/cz\/wp-json\/wp\/v2\/types\/page"}],"author":[{"embeddable":true,"href":"https:\/\/www.presto.cz\/cz\/wp-json\/wp\/v2\/users\/1"}],"replies":[{"embeddable":true,"href":"https:\/\/www.presto.cz\/cz\/wp-json\/wp\/v2\/comments?post=8709"}],"version-history":[{"count":12,"href":"https:\/\/www.presto.cz\/cz\/wp-json\/wp\/v2\/pages\/8709\/revisions"}],"predecessor-version":[{"id":9111,"href":"https:\/\/www.presto.cz\/cz\/wp-json\/wp\/v2\/pages\/8709\/revisions\/9111"}],"wp:featuredmedia":[{"embeddable":true,"href":"https:\/\/www.presto.cz\/cz\/wp-json\/wp\/v2\/media\/8716"}],"wp:attachment":[{"href":"https:\/\/www.presto.cz\/cz\/wp-json\/wp\/v2\/media?parent=8709"}],"wp:term":[{"taxonomy":"prekladany-jazyk","embeddable":true,"href":"https:\/\/www.presto.cz\/cz\/wp-json\/wp\/v2\/prekladany-jazyk?post=8709"}],"curies":[{"name":"wp","href":"https:\/\/api.w.org\/{rel}","templated":true}]}}