{"id":8672,"date":"2025-07-30T14:11:51","date_gmt":"2025-07-30T12:11:51","guid":{"rendered":"https:\/\/www.presto.cz\/?page_id=8672"},"modified":"2025-10-16T13:42:06","modified_gmt":"2025-10-16T11:42:06","slug":"online-tlumoceni","status":"publish","type":"page","link":"https:\/\/www.presto.cz\/cz\/online-tlumoceni","title":{"rendered":"On-line tlumo\u010den\u00ed"},"content":{"rendered":"\n<p class=\"h--3 margin-bottom--m\">Snadn\u00e1 komunikace bez hranic.<\/p>\n\n\n\n<p>V PRESTO zajist\u00edme on-line tlumo\u010den\u00ed pro v\u0161echny typy akc\u00ed. U\u0161et\u0159\u00edte n\u00e1klady na dopravu a&nbsp;techniku, a&nbsp;p\u0159esto m\u00e1te jistotu profesion\u00e1ln\u00edho pr\u016fb\u011bhu.<\/p>\n","protected":false},"excerpt":{"rendered":"<p>Snadn\u00e1 komunikace bez hranic. V&nbsp;PRESTO zajist\u00edme on-line tlumo\u010den\u00ed pro v\u0161echny typy akc\u00ed. U\u0161et\u0159\u00edte n\u00e1klady na dopravu a&nbsp;techniku, a&nbsp;p\u0159esto m\u00e1te jistotu profesion\u00e1ln\u00edho pr\u016fb\u011bhu.<\/p>\n","protected":false},"author":1,"featured_media":8684,"parent":0,"menu_order":0,"comment_status":"closed","ping_status":"closed","template":"","meta":{"footnotes":""},"prekladany-jazyk":[],"class_list":["post-8672","page","type-page","status-publish","has-post-thumbnail","hentry"],"meta_box":{"group_mini__faq":[],"vlajka_jazyka":false,"nadpis_1_sekce":"","odstavec_1_sekce_1_stpec":"","mininadpis_sekce_2":"","nadpis_2_sekce":"","odstavec_2_sekce_2_stpec":"","odstavec_2_sekce_1_stpec":"","nadpis_3_sekce":"","odstavec_3_sekce":"","odrazky_sekce_3_1_ministpec":"","odrazky_sekce_3_2_ministpec":"","mininadpis_sekce_4":"","nadpis_sekce_4":"","nadpis_1_minisekce":"","odstavec_1_minisekce":"","nadpis_2_minisekce":"","odstavec_2_minisekce":"","nadpis_3_minisekce":"","odstavec_3_minisekce":"","mininadpis_sekce_zajimavost":"","nadpis_sekce_zajimavost":"","odstavec_sekce_zajimavost":"","obrazek_zajimavost":false,"nadpis_red_cta":"Zaj\u00edm\u00e1 v\u00e1s cena on-\u2060line tlumo\u010den\u00ed?","odstavec_red_cta":"Spojte se s na\u0161\u00edm specialistou a z\u00edskejte kalkulaci do 15 minut.","primary_button_text":"Nez\u00e1vazn\u00e1 kalkulace","primary_button_odkaz":551,"secondary_button_text":"Spojit se specialistou","secondary_button_odkaz":482},"_links":{"self":[{"href":"https:\/\/www.presto.cz\/cz\/wp-json\/wp\/v2\/pages\/8672","targetHints":{"allow":["GET"]}}],"collection":[{"href":"https:\/\/www.presto.cz\/cz\/wp-json\/wp\/v2\/pages"}],"about":[{"href":"https:\/\/www.presto.cz\/cz\/wp-json\/wp\/v2\/types\/page"}],"author":[{"embeddable":true,"href":"https:\/\/www.presto.cz\/cz\/wp-json\/wp\/v2\/users\/1"}],"replies":[{"embeddable":true,"href":"https:\/\/www.presto.cz\/cz\/wp-json\/wp\/v2\/comments?post=8672"}],"version-history":[{"count":16,"href":"https:\/\/www.presto.cz\/cz\/wp-json\/wp\/v2\/pages\/8672\/revisions"}],"predecessor-version":[{"id":9109,"href":"https:\/\/www.presto.cz\/cz\/wp-json\/wp\/v2\/pages\/8672\/revisions\/9109"}],"wp:featuredmedia":[{"embeddable":true,"href":"https:\/\/www.presto.cz\/cz\/wp-json\/wp\/v2\/media\/8684"}],"wp:attachment":[{"href":"https:\/\/www.presto.cz\/cz\/wp-json\/wp\/v2\/media?parent=8672"}],"wp:term":[{"taxonomy":"prekladany-jazyk","embeddable":true,"href":"https:\/\/www.presto.cz\/cz\/wp-json\/wp\/v2\/prekladany-jazyk?post=8672"}],"curies":[{"name":"wp","href":"https:\/\/api.w.org\/{rel}","templated":true}]}}