{"id":826,"date":"2025-01-09T15:57:40","date_gmt":"2025-01-09T14:57:40","guid":{"rendered":"https:\/\/presto.digiamo.cz\/presto\/?page_id=826"},"modified":"2025-08-11T16:17:25","modified_gmt":"2025-08-11T14:17:25","slug":"o-nas","status":"publish","type":"page","link":"https:\/\/www.presto.cz\/cz\/o-nas","title":{"rendered":"35 let inovac\u00ed a&nbsp;preciznosti v&nbsp;p\u0159ekladech"},"content":{"rendered":"\n<p>U\u017e v\u00edce ne\u017e 35 let pom\u00e1h\u00e1me firm\u00e1m a&nbsp;organizac\u00edm po cel\u00e9m sv\u011bt\u011b p\u0159ekon\u00e1vat jazykov\u00e9 bari\u00e9ry. Kombinujeme hlubok\u00e9 odborn\u00e9 znalosti s&nbsp;nejmodern\u011bj\u0161\u00edmi technologiemi, abychom zajistili rychl\u00e9 a&nbsp;kvalitn\u00ed p\u0159eklady, kter\u00e9 dokonale odpov\u00eddaj\u00ed va\u0161im pot\u0159eb\u00e1m. Jsme hrd\u00ed na t\u00fdm v\u00edce ne\u017e 4\u00a0000 zku\u0161en\u00fdch profesion\u00e1l\u016f, kte\u0159\u00ed pracuj\u00ed s&nbsp;p\u0159esnost\u00ed a&nbsp;kulturn\u00ed citlivost\u00ed, co\u017e d\u011bl\u00e1 na\u0161e slu\u017eby vhodn\u00e9 pro jak\u00fdkoli glob\u00e1ln\u00ed trh.<\/p>\n\n<p><\/p>\n","protected":false},"excerpt":{"rendered":"<p>U\u017e v\u00edce ne\u017e 35 let pom\u00e1h\u00e1me firm\u00e1m a&nbsp;organizac\u00edm po cel\u00e9m sv\u011bt\u011b p\u0159ekon\u00e1vat jazykov\u00e9 bari\u00e9ry. Kombinujeme hlubok\u00e9 odborn\u00e9 znalosti s&nbsp;nejmodern\u011bj\u0161\u00edmi technologiemi, abychom zajistili rychl\u00e9 a&nbsp;kvalitn\u00ed p\u0159eklady, kter\u00e9 dokonale odpov\u00eddaj\u00ed va\u0161im pot\u0159eb\u00e1m. Jsme hrd\u00ed na t\u00fdm v\u00edce ne\u017e 4\u00a0000 zku\u0161en\u00fdch profesion\u00e1l\u016f, kte\u0159\u00ed pracuj\u00ed s&nbsp;p\u0159esnost\u00ed a&nbsp;kulturn\u00ed citlivost\u00ed, co\u017e d\u011bl\u00e1 na\u0161e slu\u017eby vhodn\u00e9 pro jak\u00fdkoli glob\u00e1ln\u00ed trh.<\/p>\n","protected":false},"author":1,"featured_media":847,"parent":0,"menu_order":0,"comment_status":"closed","ping_status":"closed","template":"","meta":{"footnotes":""},"prekladany-jazyk":[],"class_list":["post-826","page","type-page","status-publish","has-post-thumbnail","hentry"],"meta_box":{"group_mini__faq":[],"vlajka_jazyka":false,"nadpis_1_sekce":"","odstavec_1_sekce_1_stpec":"","mininadpis_sekce_2":"","nadpis_2_sekce":"","odstavec_2_sekce_2_stpec":"","odstavec_2_sekce_1_stpec":"","nadpis_3_sekce":"","odstavec_3_sekce":"","odrazky_sekce_3_1_ministpec":"","odrazky_sekce_3_2_ministpec":"","mininadpis_sekce_4":"","nadpis_sekce_4":"","nadpis_1_minisekce":"","odstavec_1_minisekce":"","nadpis_2_minisekce":"","odstavec_2_minisekce":"","nadpis_3_minisekce":"","odstavec_3_minisekce":"","mininadpis_sekce_zajimavost":"","nadpis_sekce_zajimavost":"","odstavec_sekce_zajimavost":"","obrazek_zajimavost":false,"nadpis_red_cta":"M\u00e1te dotazy? Jsme tu pro v\u00e1s.","odstavec_red_cta":"A\u0165 u\u017e m\u00e1te z\u00e1jem o kalkulaci nebo hled\u00e1te partnera pro dlouhodobou spolupr\u00e1ci, r\u00e1di v\u00e1m pom\u016f\u017eeme.","primary_button_text":"","primary_button_odkaz":"","secondary_button_text":"Kontaktujte n\u00e1s","secondary_button_odkaz":482},"_links":{"self":[{"href":"https:\/\/www.presto.cz\/cz\/wp-json\/wp\/v2\/pages\/826","targetHints":{"allow":["GET"]}}],"collection":[{"href":"https:\/\/www.presto.cz\/cz\/wp-json\/wp\/v2\/pages"}],"about":[{"href":"https:\/\/www.presto.cz\/cz\/wp-json\/wp\/v2\/types\/page"}],"author":[{"embeddable":true,"href":"https:\/\/www.presto.cz\/cz\/wp-json\/wp\/v2\/users\/1"}],"replies":[{"embeddable":true,"href":"https:\/\/www.presto.cz\/cz\/wp-json\/wp\/v2\/comments?post=826"}],"version-history":[{"count":83,"href":"https:\/\/www.presto.cz\/cz\/wp-json\/wp\/v2\/pages\/826\/revisions"}],"predecessor-version":[{"id":8766,"href":"https:\/\/www.presto.cz\/cz\/wp-json\/wp\/v2\/pages\/826\/revisions\/8766"}],"wp:featuredmedia":[{"embeddable":true,"href":"https:\/\/www.presto.cz\/cz\/wp-json\/wp\/v2\/media\/847"}],"wp:attachment":[{"href":"https:\/\/www.presto.cz\/cz\/wp-json\/wp\/v2\/media?parent=826"}],"wp:term":[{"taxonomy":"prekladany-jazyk","embeddable":true,"href":"https:\/\/www.presto.cz\/cz\/wp-json\/wp\/v2\/prekladany-jazyk?post=826"}],"curies":[{"name":"wp","href":"https:\/\/api.w.org\/{rel}","templated":true}]}}