{"id":784,"date":"2025-01-09T10:32:24","date_gmt":"2025-01-09T09:32:24","guid":{"rendered":"https:\/\/presto.digiamo.cz\/presto\/?page_id=784"},"modified":"2026-04-10T12:02:09","modified_gmt":"2026-04-10T10:02:09","slug":"tlumoceni","status":"publish","type":"page","link":"https:\/\/www.presto.cz\/cz\/tlumoceni","title":{"rendered":"Tlumo\u010den\u00ed"},"content":{"rendered":"\n<p class=\"h--3 margin-bottom--s\">Zajist\u00edme p\u0159esnou komunikaci v&nbsp;ka\u017ed\u00e9m jazyce.<\/p>\n\n<p>Nab\u00edz\u00edme tlumo\u010den\u00ed ve v\u00edce ne\u017e 40 jazyc\u00edch a&nbsp;mnoha jazykov\u00fdch kombinac\u00edch. Od obchodn\u00edch sch\u016fzek po velk\u00e9 konference, v\u017edy s&nbsp;d\u016frazem na kvalitu a&nbsp;p\u0159esnost.<\/p>\n","protected":false},"excerpt":{"rendered":"<p>Zajist\u00edme p\u0159esnou komunikaci v&nbsp;ka\u017ed\u00e9m jazyce. Nab\u00edz\u00edme tlumo\u010den\u00ed ve v\u00edce ne\u017e 40 jazyc\u00edch a&nbsp;mnoha jazykov\u00fdch kombinac\u00edch. Od obchodn\u00edch sch\u016fzek po velk\u00e9 konference, v\u017edy s&nbsp;d\u016frazem na kvalitu a&nbsp;p\u0159esnost.<\/p>\n","protected":false},"author":1,"featured_media":795,"parent":0,"menu_order":0,"comment_status":"closed","ping_status":"closed","template":"","meta":{"footnotes":""},"prekladany-jazyk":[],"class_list":["post-784","page","type-page","status-publish","has-post-thumbnail","hentry"],"meta_box":{"group_mini__faq":[],"vlajka_jazyka":false,"nadpis_1_sekce":"","odstavec_1_sekce_1_stpec":"","mininadpis_sekce_2":"","nadpis_2_sekce":"","odstavec_2_sekce_2_stpec":"","odstavec_2_sekce_1_stpec":"","nadpis_3_sekce":"","odstavec_3_sekce":"","odrazky_sekce_3_1_ministpec":"","odrazky_sekce_3_2_ministpec":"","mininadpis_sekce_4":"","nadpis_sekce_4":"","nadpis_1_minisekce":"","odstavec_1_minisekce":"","nadpis_2_minisekce":"","odstavec_2_minisekce":"","nadpis_3_minisekce":"","odstavec_3_minisekce":"","mininadpis_sekce_zajimavost":"","nadpis_sekce_zajimavost":"","odstavec_sekce_zajimavost":"","obrazek_zajimavost":false,"nadpis_red_cta":"Spojte se s na\u0161imi p\u0159ekladatelsk\u00fdmi specialisty a projd\u011bte mo\u017enosti spolupr\u00e1ce","odstavec_red_cta":"Z\u00edskejte kalkulaci tlumo\u010den\u00ed do 15 minut nebo se spojte s na\u0161imi specialisty a spole\u010dn\u011b najdeme nejlep\u0161\u00ed \u0159e\u0161en\u00ed pro va\u0161e pot\u0159eby.","primary_button_text":"Nez\u00e1vazn\u00e1 kalkulace","primary_button_odkaz":551,"secondary_button_text":"","secondary_button_odkaz":""},"_links":{"self":[{"href":"https:\/\/www.presto.cz\/cz\/wp-json\/wp\/v2\/pages\/784","targetHints":{"allow":["GET"]}}],"collection":[{"href":"https:\/\/www.presto.cz\/cz\/wp-json\/wp\/v2\/pages"}],"about":[{"href":"https:\/\/www.presto.cz\/cz\/wp-json\/wp\/v2\/types\/page"}],"author":[{"embeddable":true,"href":"https:\/\/www.presto.cz\/cz\/wp-json\/wp\/v2\/users\/1"}],"replies":[{"embeddable":true,"href":"https:\/\/www.presto.cz\/cz\/wp-json\/wp\/v2\/comments?post=784"}],"version-history":[{"count":70,"href":"https:\/\/www.presto.cz\/cz\/wp-json\/wp\/v2\/pages\/784\/revisions"}],"predecessor-version":[{"id":10004,"href":"https:\/\/www.presto.cz\/cz\/wp-json\/wp\/v2\/pages\/784\/revisions\/10004"}],"wp:featuredmedia":[{"embeddable":true,"href":"https:\/\/www.presto.cz\/cz\/wp-json\/wp\/v2\/media\/795"}],"wp:attachment":[{"href":"https:\/\/www.presto.cz\/cz\/wp-json\/wp\/v2\/media?parent=784"}],"wp:term":[{"taxonomy":"prekladany-jazyk","embeddable":true,"href":"https:\/\/www.presto.cz\/cz\/wp-json\/wp\/v2\/prekladany-jazyk?post=784"}],"curies":[{"name":"wp","href":"https:\/\/api.w.org\/{rel}","templated":true}]}}