{"id":634,"date":"2024-12-05T13:22:57","date_gmt":"2024-12-05T12:22:57","guid":{"rendered":"https:\/\/presto.digiamo.cz\/presto\/?page_id=634"},"modified":"2026-04-11T11:22:02","modified_gmt":"2026-04-11T09:22:02","slug":"transkripce-prepis","status":"publish","type":"page","link":"https:\/\/www.presto.cz\/cz\/transkripce-prepis","title":{"rendered":"Transkripce (p\u0159epis)"},"content":{"rendered":"\n<p class=\"h--3 margin-bottom--m\">P\u0159esn\u00fd p\u0159epis audia a&nbsp;videa <span class=\"no-wrap\">pro va\u0161e<\/span> pot\u0159eby.<\/p>\n\n\n\n<p>Rychl\u00e1 a&nbsp;p\u0159esn\u00e1 transkripce s&nbsp;form\u00e1tov\u00e1n\u00edm dle va\u0161ich po\u017eadavk\u016f. Profesion\u00e1ln\u00ed \u0159e\u0161en\u00ed pro konference, rozhovory, p\u0159edn\u00e1\u0161ky a&nbsp;podcasty.<\/p>\n\n\n\n<p><\/p>\n","protected":false},"excerpt":{"rendered":"<p>P\u0159esn\u00fd p\u0159epis audia a&nbsp;videa pro va\u0161e pot\u0159eby. Rychl\u00e1 a&nbsp;p\u0159esn\u00e1 transkripce s&nbsp;form\u00e1tov\u00e1n\u00edm dle va\u0161ich po\u017eadavk\u016f. Profesion\u00e1ln\u00ed \u0159e\u0161en\u00ed pro konference, rozhovory, p\u0159edn\u00e1\u0161ky a&nbsp;podcasty.<\/p>\n","protected":false},"author":1,"featured_media":666,"parent":0,"menu_order":0,"comment_status":"closed","ping_status":"closed","template":"","meta":{"footnotes":""},"prekladany-jazyk":[],"class_list":["post-634","page","type-page","status-publish","has-post-thumbnail","hentry"],"meta_box":{"group_mini__faq":[],"vlajka_jazyka":false,"nadpis_1_sekce":"","odstavec_1_sekce_1_stpec":"","mininadpis_sekce_2":"","nadpis_2_sekce":"","odstavec_2_sekce_2_stpec":"","odstavec_2_sekce_1_stpec":"","nadpis_3_sekce":"","odstavec_3_sekce":"","odrazky_sekce_3_1_ministpec":"","odrazky_sekce_3_2_ministpec":"","mininadpis_sekce_4":"","nadpis_sekce_4":"","nadpis_1_minisekce":"","odstavec_1_minisekce":"","nadpis_2_minisekce":"","odstavec_2_minisekce":"","nadpis_3_minisekce":"","odstavec_3_minisekce":"","mininadpis_sekce_zajimavost":"","nadpis_sekce_zajimavost":"","odstavec_sekce_zajimavost":"","obrazek_zajimavost":false,"nadpis_red_cta":"Pot\u0159ebujete profesion\u00e1ln\u00ed p\u0159epis nebo transkripci?","odstavec_red_cta":"Nechte si p\u0159ev\u00e9st zvuk na text rychle, p\u0159esn\u011b a v po\u017eadovan\u00e9m\r\nform\u00e1tu. Na\u0161i specialist\u00e9 v\u00e1m r\u00e1di porad\u00ed s optim\u00e1ln\u00edm \u0159e\u0161en\u00edm.","primary_button_text":"Nez\u00e1vazn\u00e1 popt\u00e1vka","primary_button_odkaz":551,"secondary_button_text":"Spojte se s na\u0161\u00edm specialistou","secondary_button_odkaz":482},"_links":{"self":[{"href":"https:\/\/www.presto.cz\/cz\/wp-json\/wp\/v2\/pages\/634","targetHints":{"allow":["GET"]}}],"collection":[{"href":"https:\/\/www.presto.cz\/cz\/wp-json\/wp\/v2\/pages"}],"about":[{"href":"https:\/\/www.presto.cz\/cz\/wp-json\/wp\/v2\/types\/page"}],"author":[{"embeddable":true,"href":"https:\/\/www.presto.cz\/cz\/wp-json\/wp\/v2\/users\/1"}],"replies":[{"embeddable":true,"href":"https:\/\/www.presto.cz\/cz\/wp-json\/wp\/v2\/comments?post=634"}],"version-history":[{"count":33,"href":"https:\/\/www.presto.cz\/cz\/wp-json\/wp\/v2\/pages\/634\/revisions"}],"predecessor-version":[{"id":10018,"href":"https:\/\/www.presto.cz\/cz\/wp-json\/wp\/v2\/pages\/634\/revisions\/10018"}],"wp:featuredmedia":[{"embeddable":true,"href":"https:\/\/www.presto.cz\/cz\/wp-json\/wp\/v2\/media\/666"}],"wp:attachment":[{"href":"https:\/\/www.presto.cz\/cz\/wp-json\/wp\/v2\/media?parent=634"}],"wp:term":[{"taxonomy":"prekladany-jazyk","embeddable":true,"href":"https:\/\/www.presto.cz\/cz\/wp-json\/wp\/v2\/prekladany-jazyk?post=634"}],"curies":[{"name":"wp","href":"https:\/\/api.w.org\/{rel}","templated":true}]}}