{"id":632,"date":"2024-12-05T13:20:34","date_gmt":"2024-12-05T12:20:34","guid":{"rendered":"https:\/\/presto.digiamo.cz\/presto\/?page_id=632"},"modified":"2026-03-23T19:56:44","modified_gmt":"2026-03-23T18:56:44","slug":"voiceover-a-dabing","status":"publish","type":"page","link":"https:\/\/www.presto.cz\/cz\/voiceover-a-dabing","title":{"rendered":"Voiceover a&nbsp;dabing"},"content":{"rendered":"\n<p class=\"h--3 margin-bottom--m\">Autentick\u00e9 hlasy od profesion\u00e1ln\u00edch dab\u00e9r\u016f a&nbsp;rodil\u00fdch mluv\u010d\u00edch pro jak\u00fdkoli trh.<\/p>\n\n<p>Spolupracujeme s&nbsp;pestrou paletou profesion\u00e1ln\u00edch dab\u00e9r\u016f a&nbsp;rodil\u00fdch mluv\u010d\u00edch, a&nbsp;tak pro v\u00e1s zajist\u00edme p\u0159esn\u011b ten hlas, kter\u00fd hled\u00e1te.<\/p>\n","protected":false},"excerpt":{"rendered":"<p>Autentick\u00e9 hlasy od profesion\u00e1ln\u00edch dab\u00e9r\u016f a&nbsp;rodil\u00fdch mluv\u010d\u00edch pro jak\u00fdkoli trh. Spolupracujeme s&nbsp;pestrou paletou profesion\u00e1ln\u00edch dab\u00e9r\u016f a&nbsp;rodil\u00fdch mluv\u010d\u00edch, a&nbsp;tak pro v\u00e1s zajist\u00edme p\u0159esn\u011b ten hlas, kter\u00fd hled\u00e1te.<\/p>\n","protected":false},"author":1,"featured_media":1847,"parent":0,"menu_order":0,"comment_status":"closed","ping_status":"closed","template":"","meta":{"footnotes":""},"prekladany-jazyk":[],"class_list":["post-632","page","type-page","status-publish","has-post-thumbnail","hentry"],"meta_box":{"group_mini__faq":[],"vlajka_jazyka":false,"nadpis_1_sekce":"","odstavec_1_sekce_1_stpec":"","mininadpis_sekce_2":"","nadpis_2_sekce":"","odstavec_2_sekce_2_stpec":"","odstavec_2_sekce_1_stpec":"","nadpis_3_sekce":"","odstavec_3_sekce":"","odrazky_sekce_3_1_ministpec":"","odrazky_sekce_3_2_ministpec":"","mininadpis_sekce_4":"","nadpis_sekce_4":"","nadpis_1_minisekce":"","odstavec_1_minisekce":"","nadpis_2_minisekce":"","odstavec_2_minisekce":"","nadpis_3_minisekce":"","odstavec_3_minisekce":"","mininadpis_sekce_zajimavost":"","nadpis_sekce_zajimavost":"","odstavec_sekce_zajimavost":"","obrazek_zajimavost":false,"nadpis_red_cta":"Pot\u0159ebujete profesion\u00e1ln\u00ed dabing nebo voiceover?","odstavec_red_cta":"Nechte si zpracovat kvalitn\u00ed a p\u0159irozen\u011b zn\u011bj\u00edc\u00ed hlasovou nahr\u00e1vku \u2013 od profesion\u00e1ln\u00edho dabingu a\u017e po AI voiceover na m\u00edru va\u0161emu projektu.","primary_button_text":"Nez\u00e1vazn\u00e1 popt\u00e1vka","primary_button_odkaz":551,"secondary_button_text":"Spojte se s na\u0161\u00edm specialistou","secondary_button_odkaz":482},"_links":{"self":[{"href":"https:\/\/www.presto.cz\/cz\/wp-json\/wp\/v2\/pages\/632","targetHints":{"allow":["GET"]}}],"collection":[{"href":"https:\/\/www.presto.cz\/cz\/wp-json\/wp\/v2\/pages"}],"about":[{"href":"https:\/\/www.presto.cz\/cz\/wp-json\/wp\/v2\/types\/page"}],"author":[{"embeddable":true,"href":"https:\/\/www.presto.cz\/cz\/wp-json\/wp\/v2\/users\/1"}],"replies":[{"embeddable":true,"href":"https:\/\/www.presto.cz\/cz\/wp-json\/wp\/v2\/comments?post=632"}],"version-history":[{"count":29,"href":"https:\/\/www.presto.cz\/cz\/wp-json\/wp\/v2\/pages\/632\/revisions"}],"predecessor-version":[{"id":9472,"href":"https:\/\/www.presto.cz\/cz\/wp-json\/wp\/v2\/pages\/632\/revisions\/9472"}],"wp:featuredmedia":[{"embeddable":true,"href":"https:\/\/www.presto.cz\/cz\/wp-json\/wp\/v2\/media\/1847"}],"wp:attachment":[{"href":"https:\/\/www.presto.cz\/cz\/wp-json\/wp\/v2\/media?parent=632"}],"wp:term":[{"taxonomy":"prekladany-jazyk","embeddable":true,"href":"https:\/\/www.presto.cz\/cz\/wp-json\/wp\/v2\/prekladany-jazyk?post=632"}],"curies":[{"name":"wp","href":"https:\/\/api.w.org\/{rel}","templated":true}]}}