{"id":628,"date":"2024-12-05T13:17:50","date_gmt":"2024-12-05T12:17:50","guid":{"rendered":"https:\/\/presto.digiamo.cz\/presto\/?page_id=628"},"modified":"2026-01-13T10:57:41","modified_gmt":"2026-01-13T09:57:41","slug":"titulky","status":"publish","type":"page","link":"https:\/\/www.presto.cz\/cz\/titulky","title":{"rendered":"Profesion\u00e1ln\u00ed titulky"},"content":{"rendered":"\n<p class=\"h--3 margin-bottom--m\">P\u0159eklady a&nbsp;\u010dasov\u00e1n\u00ed titulk\u016f na m\u00edru va\u0161emu obsahu \u2013 precizn\u00ed a&nbsp;srozumiteln\u00e9 pro ka\u017ed\u00e9 publikum.<\/p>\n\n\n\n<p>P\u0159ekl\u00e1d\u00e1me titulky s&nbsp;d\u016frazem na p\u0159esnost, kulturn\u00ed p\u0159izp\u016fsoben\u00ed a&nbsp;mezin\u00e1rodn\u00ed standardy pro platformy jako Netflix nebo Disney+. Titulky, kter\u00e9 respektuj\u00ed jazykov\u00e9 nuance i&nbsp;technick\u00e9 po\u017eadavky.<\/p>\n","protected":false},"excerpt":{"rendered":"<p>P\u0159eklady a&nbsp;\u010dasov\u00e1n\u00ed titulk\u016f na m\u00edru va\u0161emu obsahu \u2013 precizn\u00ed a&nbsp;srozumiteln\u00e9 pro ka\u017ed\u00e9 publikum. P\u0159ekl\u00e1d\u00e1me titulky s&nbsp;d\u016frazem na p\u0159esnost, kulturn\u00ed p\u0159izp\u016fsoben\u00ed a&nbsp;mezin\u00e1rodn\u00ed standardy pro platformy jako Netflix nebo Disney+. Titulky, kter\u00e9 respektuj\u00ed jazykov\u00e9 nuance i&nbsp;technick\u00e9 po\u017eadavky.<\/p>\n","protected":false},"author":1,"featured_media":665,"parent":0,"menu_order":0,"comment_status":"closed","ping_status":"closed","template":"","meta":{"footnotes":""},"prekladany-jazyk":[],"class_list":["post-628","page","type-page","status-publish","has-post-thumbnail","hentry"],"meta_box":{"group_mini__faq":[],"vlajka_jazyka":false,"nadpis_1_sekce":"","odstavec_1_sekce_1_stpec":"","mininadpis_sekce_2":"","nadpis_2_sekce":"","odstavec_2_sekce_2_stpec":"","odstavec_2_sekce_1_stpec":"","nadpis_3_sekce":"","odstavec_3_sekce":"","odrazky_sekce_3_1_ministpec":"","odrazky_sekce_3_2_ministpec":"","mininadpis_sekce_4":"","nadpis_sekce_4":"","nadpis_1_minisekce":"","odstavec_1_minisekce":"","nadpis_2_minisekce":"","odstavec_2_minisekce":"","nadpis_3_minisekce":"","odstavec_3_minisekce":"","mininadpis_sekce_zajimavost":"","nadpis_sekce_zajimavost":"","odstavec_sekce_zajimavost":"","obrazek_zajimavost":false,"nadpis_red_cta":"Chcete kvalitn\u00ed titulky pro va\u0161e video?","odstavec_red_cta":"Nechte si zpracovat profesion\u00e1ln\u00ed titulky na m\u00edru \u2013 p\u0159esn\u00e9, lokalizovan\u00e9 a technicky bezchybn\u00e9.","primary_button_text":"Nez\u00e1vazn\u00e1 popt\u00e1vka","primary_button_odkaz":551,"secondary_button_text":"Spojte se s na\u0161\u00edm specialistou","secondary_button_odkaz":482},"_links":{"self":[{"href":"https:\/\/www.presto.cz\/cz\/wp-json\/wp\/v2\/pages\/628","targetHints":{"allow":["GET"]}}],"collection":[{"href":"https:\/\/www.presto.cz\/cz\/wp-json\/wp\/v2\/pages"}],"about":[{"href":"https:\/\/www.presto.cz\/cz\/wp-json\/wp\/v2\/types\/page"}],"author":[{"embeddable":true,"href":"https:\/\/www.presto.cz\/cz\/wp-json\/wp\/v2\/users\/1"}],"replies":[{"embeddable":true,"href":"https:\/\/www.presto.cz\/cz\/wp-json\/wp\/v2\/comments?post=628"}],"version-history":[{"count":48,"href":"https:\/\/www.presto.cz\/cz\/wp-json\/wp\/v2\/pages\/628\/revisions"}],"predecessor-version":[{"id":9374,"href":"https:\/\/www.presto.cz\/cz\/wp-json\/wp\/v2\/pages\/628\/revisions\/9374"}],"wp:featuredmedia":[{"embeddable":true,"href":"https:\/\/www.presto.cz\/cz\/wp-json\/wp\/v2\/media\/665"}],"wp:attachment":[{"href":"https:\/\/www.presto.cz\/cz\/wp-json\/wp\/v2\/media?parent=628"}],"wp:term":[{"taxonomy":"prekladany-jazyk","embeddable":true,"href":"https:\/\/www.presto.cz\/cz\/wp-json\/wp\/v2\/prekladany-jazyk?post=628"}],"curies":[{"name":"wp","href":"https:\/\/api.w.org\/{rel}","templated":true}]}}