{"id":612,"date":"2024-12-05T10:32:21","date_gmt":"2024-12-05T09:32:21","guid":{"rendered":"https:\/\/presto.digiamo.cz\/presto\/?page_id=612"},"modified":"2025-10-15T14:24:39","modified_gmt":"2025-10-15T12:24:39","slug":"multimedia","status":"publish","type":"page","link":"https:\/\/www.presto.cz\/cz\/multimedia","title":{"rendered":"Multim\u00e9dia"},"content":{"rendered":"\n<p>Profesion\u00e1ln\u00ed lokalizace nap\u0159\u00ed\u010d platformami zaji\u0161t\u011bn\u00e1 odborn\u00edky na multimedi\u00e1ln\u00ed obsah. Propojujeme audiovizu\u00e1ln\u00ed technologie s&nbsp;jazykovou expertizou, abychom zajistili, \u017ee v\u00e1\u0161 obsah bude rezonovat s&nbsp;div\u00e1ky po cel\u00e9m sv\u011bt\u011b. P\u0159ekl\u00e1d\u00e1me, dabujeme a&nbsp;titulkujeme s&nbsp;d\u016frazem na kulturn\u00ed p\u0159esnost i&nbsp;technick\u00e9 standardy.<\/p>\n","protected":false},"excerpt":{"rendered":"<p>Profesion\u00e1ln\u00ed lokalizace nap\u0159\u00ed\u010d platformami zaji\u0161t\u011bn\u00e1 odborn\u00edky na multimedi\u00e1ln\u00ed obsah. Propojujeme audiovizu\u00e1ln\u00ed technologie s&nbsp;jazykovou expertizou, abychom zajistili, \u017ee v\u00e1\u0161 obsah bude rezonovat s&nbsp;div\u00e1ky po cel\u00e9m sv\u011bt\u011b. P\u0159ekl\u00e1d\u00e1me, dabujeme a&nbsp;titulkujeme s&nbsp;d\u016frazem na kulturn\u00ed p\u0159esnost i&nbsp;technick\u00e9 standardy.<\/p>\n","protected":false},"author":1,"featured_media":627,"parent":0,"menu_order":0,"comment_status":"closed","ping_status":"closed","template":"","meta":{"footnotes":""},"prekladany-jazyk":[],"class_list":["post-612","page","type-page","status-publish","has-post-thumbnail","hentry"],"meta_box":{"group_mini__faq":[],"vlajka_jazyka":false,"nadpis_1_sekce":"","odstavec_1_sekce_1_stpec":"","mininadpis_sekce_2":"","nadpis_2_sekce":"","odstavec_2_sekce_2_stpec":"","odstavec_2_sekce_1_stpec":"","nadpis_3_sekce":"","odstavec_3_sekce":"","odrazky_sekce_3_1_ministpec":"","odrazky_sekce_3_2_ministpec":"","mininadpis_sekce_4":"","nadpis_sekce_4":"","nadpis_1_minisekce":"","odstavec_1_minisekce":"","nadpis_2_minisekce":"","odstavec_2_minisekce":"","nadpis_3_minisekce":"","odstavec_3_minisekce":"","mininadpis_sekce_zajimavost":"","nadpis_sekce_zajimavost":"","odstavec_sekce_zajimavost":"","obrazek_zajimavost":false,"nadpis_red_cta":"Zaj\u00edm\u00e1 v\u00e1s profesion\u00e1ln\u00ed lokalizace m\u00e9di\u00ed?","odstavec_red_cta":"Spojte se s n\u00e1mi a zjist\u011bte, jak v\u00e1m pom\u016f\u017eeme p\u0159izp\u016fsobit v\u00e1\u0161 obsah mezin\u00e1rodn\u00edmu publiku.","primary_button_text":"Nez\u00e1vazn\u00e1 kalkulace","primary_button_odkaz":551,"secondary_button_text":"Spojit se specialistou","secondary_button_odkaz":482},"_links":{"self":[{"href":"https:\/\/www.presto.cz\/cz\/wp-json\/wp\/v2\/pages\/612","targetHints":{"allow":["GET"]}}],"collection":[{"href":"https:\/\/www.presto.cz\/cz\/wp-json\/wp\/v2\/pages"}],"about":[{"href":"https:\/\/www.presto.cz\/cz\/wp-json\/wp\/v2\/types\/page"}],"author":[{"embeddable":true,"href":"https:\/\/www.presto.cz\/cz\/wp-json\/wp\/v2\/users\/1"}],"replies":[{"embeddable":true,"href":"https:\/\/www.presto.cz\/cz\/wp-json\/wp\/v2\/comments?post=612"}],"version-history":[{"count":92,"href":"https:\/\/www.presto.cz\/cz\/wp-json\/wp\/v2\/pages\/612\/revisions"}],"predecessor-version":[{"id":9097,"href":"https:\/\/www.presto.cz\/cz\/wp-json\/wp\/v2\/pages\/612\/revisions\/9097"}],"wp:featuredmedia":[{"embeddable":true,"href":"https:\/\/www.presto.cz\/cz\/wp-json\/wp\/v2\/media\/627"}],"wp:attachment":[{"href":"https:\/\/www.presto.cz\/cz\/wp-json\/wp\/v2\/media?parent=612"}],"wp:term":[{"taxonomy":"prekladany-jazyk","embeddable":true,"href":"https:\/\/www.presto.cz\/cz\/wp-json\/wp\/v2\/prekladany-jazyk?post=612"}],"curies":[{"name":"wp","href":"https:\/\/api.w.org\/{rel}","templated":true}]}}