{"id":3009,"date":"2025-03-26T08:17:14","date_gmt":"2025-03-26T07:17:14","guid":{"rendered":"https:\/\/presto.digiamo.cz\/presto\/?page_id=3009"},"modified":"2026-03-02T11:17:21","modified_gmt":"2026-03-02T10:17:21","slug":"preklady-srbstiny","status":"publish","type":"page","link":"https:\/\/www.presto.cz\/cz\/preklady-srbstiny","title":{"rendered":"P\u0159eklady srb\u0161tiny"},"content":{"rendered":"\n<p class=\"h--3 margin-bottom--m\">P\u0159esn\u011b, rychle a\u00a0s\u00a0d\u016frazem na kvalitu.<\/p>\n\n<p>Nab\u00edz\u00edme p\u0159eklady do srb\u0161tiny a\u00a0ze srb\u0161tiny s\u00a0vyu\u017eit\u00edm pokro\u010dil\u00fdch technologi\u00ed a\u00a0\u0161pi\u010dkov\u00fdch odborn\u00edk\u016f.<\/p>\n\n<p><\/p>\n","protected":false},"excerpt":{"rendered":"<p>P\u0159esn\u011b, rychle a\u00a0s\u00a0d\u016frazem na kvalitu. Nab\u00edz\u00edme p\u0159eklady do srb\u0161tiny a\u00a0ze srb\u0161tiny s\u00a0vyu\u017eit\u00edm pokro\u010dil\u00fdch technologi\u00ed a\u00a0\u0161pi\u010dkov\u00fdch odborn\u00edk\u016f.<\/p>\n","protected":false},"author":2,"featured_media":1580,"parent":0,"menu_order":0,"comment_status":"closed","ping_status":"closed","template":"","meta":{"footnotes":""},"prekladany-jazyk":[20],"class_list":["post-3009","page","type-page","status-publish","has-post-thumbnail","hentry","prekladany-jazyk-ano"],"meta_box":{"group_mini__faq":[{"dotaz_minifaq":"Kolik stoj\u00ed p\u0159eklad jedn\u00e9 strany do srb\u0161tiny?","odpoved_minifaq":"<p>Cena p\u0159ekladu do srb\u0161tiny se odv\u00edj\u00ed od <strong data-start=\"6776\" data-end=\"6840\">rozsahu textu, odbornosti, term\u00ednu dod\u00e1n\u00ed a v\u00fdchoz\u00edho jazyka<\/strong> (\u010dasto \u010de\u0161tina, angli\u010dtina, n\u011bm\u010dina).<br data-start=\"6878\" data-end=\"6881\" \/>Standardn\u011b \u00fa\u010dtujeme podle po\u010dtu <strong data-start=\"6913\" data-end=\"6945\">normostran hotov\u00e9ho p\u0159ekladu<\/strong> \u2013 1 normostrana = 1 800 znak\u016f srbsk\u00e9ho textu v\u010detn\u011b mezer. U n\u011bkter\u00fdch zak\u00e1zek m\u016f\u017eeme cenu stanovit i podle <strong data-start=\"7054\" data-end=\"7096\">po\u010dtu slov nebo znak\u016f zdrojov\u00e9ho textu<\/strong>; zp\u016fsob \u00fa\u010dtov\u00e1n\u00ed v\u017edy uvedeme v nez\u00e1vazn\u00e9 kalkulaci.<br data-start=\"7149\" data-end=\"7152\" \/>P\u0159esnou cenu v\u00e1m sd\u011bl\u00edme po zasl\u00e1n\u00ed souboru.<\/p>"},{"dotaz_minifaq":"Jak rychle zvl\u00e1dnete p\u0159eklad do srb\u0161tiny?","odpoved_minifaq":"<p>Kr\u00e1tk\u00e9 texty do srb\u0161tiny zvl\u00e1d\u00e1me obvykle <strong data-start=\"7296\" data-end=\"7321\">do 1\u20132 pracovn\u00edch dn\u016f<\/strong>. U del\u0161\u00edch nebo odborn\u00fdch text\u016f z\u00e1le\u017e\u00ed na rozsahu, oboru a po\u017eadovan\u00e9m term\u00ednu.<br data-start=\"7401\" data-end=\"7404\" \/>Po obdr\u017een\u00ed podklad\u016f v\u00e1m navrhneme <strong data-start=\"7439\" data-end=\"7466\">konkr\u00e9tn\u00ed term\u00edn dod\u00e1n\u00ed<\/strong> a p\u0159\u00edpadn\u011b i rychlej\u0161\u00ed variantu.<\/p>"},{"dotaz_minifaq":"Nab\u00edz\u00edte expresn\u00ed p\u0159eklad do srb\u0161tiny?","odpoved_minifaq":"<p>Ano, m\u016f\u017eeme zajistit i <strong data-start=\"7577\" data-end=\"7610\">expresn\u00ed p\u0159eklady do srb\u0161tiny<\/strong>, pokud to typ textu a kapacita p\u0159ekladatel\u016f umo\u017en\u00ed.<br data-start=\"7662\" data-end=\"7665\" \/>U expresn\u00edch zak\u00e1zek se po\u010d\u00edt\u00e1 s p\u0159\u00edplatkem za urgentn\u00ed zpracov\u00e1n\u00ed, jeho v\u00fd\u0161i v\u00e1m ale <strong data-start=\"7751\" data-end=\"7774\">v\u017edy p\u0159edem sd\u011bl\u00edme<\/strong> v cenov\u00e9 nab\u00eddce.<\/p>"},{"dotaz_minifaq":"Jak zaji\u0161\u0165ujete kvalitu p\u0159eklad\u016f do srb\u0161tiny?","odpoved_minifaq":"<p>P\u0159eklady do srb\u0161tiny sv\u011b\u0159ujeme <strong data-start=\"7885\" data-end=\"7941\">zku\u0161en\u00fdm p\u0159ekladatel\u016fm se znalost\u00ed prost\u0159ed\u00ed Balk\u00e1nu<\/strong> a konkr\u00e9tn\u00edch obor\u016f (pr\u00e1vo, technika, automotive, obchod, stavebnictv\u00ed).<br data-start=\"8014\" data-end=\"8017\" \/>Kvalitu podporujeme pomoc\u00ed <strong data-start=\"8044\" data-end=\"8073\">CAT n\u00e1stroj\u016f a QA kontrol<\/strong>, kter\u00e9 hl\u00eddaj\u00ed \u010d\u00edsla, form\u00e1t a konzistentn\u00ed terminologii. U d\u016fle\u017eit\u00fdch text\u016f (smlouvy, ve\u0159ejn\u00e9 dokumenty, web) vyu\u017e\u00edv\u00e1me \u010dasto <strong data-start=\"8201\" data-end=\"8232\">korekturu druh\u00fdm lingvistou<\/strong>.<\/p>"},{"dotaz_minifaq":"P\u0159ekl\u00e1d\u00e1te i pr\u00e1vn\u00ed a technick\u00e9 texty do srb\u0161tiny?","odpoved_minifaq":"<p>Ano, zaji\u0161\u0165ujeme <strong data-start=\"8317\" data-end=\"8370\">pr\u00e1vn\u00ed, technick\u00e9 i obchodn\u00ed p\u0159eklady do srb\u0161tiny<\/strong> \u2013 smlouvy, not\u00e1\u0159sk\u00e9 dokumenty, technick\u00e9 manu\u00e1ly, dokumentaci stroj\u016f, tendrov\u00e9 podklady, bezpe\u010dnostn\u00ed listy a podobn\u011b.<br data-start=\"8489\" data-end=\"8492\" \/>U t\u011bchto projekt\u016f vyb\u00edr\u00e1me p\u0159ekladatele se <strong data-start=\"8535\" data-end=\"8564\">specializac\u00ed na dan\u00fd obor<\/strong> a p\u0159\u00edpadn\u011b zapojujeme odbornou revizi, aby srbsk\u00fd text odpov\u00eddal praxi v dan\u00e9m sektoru.<\/p>"},{"dotaz_minifaq":"Jak\u00fd je rozd\u00edl mezi b\u011b\u017en\u00fdm a odborn\u00fdm p\u0159ekladem do srb\u0161tiny?","odpoved_minifaq":"<p>B\u011b\u017en\u00fd p\u0159eklad do srb\u0161tiny se hod\u00ed pro texty bez slo\u017eit\u00e9 terminologie \u2013 nap\u0159\u00edklad intern\u00ed sd\u011blen\u00ed, z\u00e1kladn\u00ed webov\u00e9 texty, obecn\u00e9 informace.<br data-start=\"8867\" data-end=\"8870\" \/>Odborn\u00fd p\u0159eklad je ur\u010den pro texty s <strong data-start=\"8907\" data-end=\"8973\">p\u0159esnou terminologi\u00ed a vy\u0161\u0161\u00ed pr\u00e1vn\u00ed \u010di technickou odpov\u011bdnost\u00ed<\/strong> \u2013 smlouvy, technick\u00e1 dokumentace, finan\u010dn\u00ed nebo medic\u00ednsk\u00e9 texty. U t\u011bchto zak\u00e1zek do srb\u0161tiny v\u017edy pracuje specializovan\u00fd p\u0159ekladatel a \u010dasto i druh\u00e1 kontrola.<\/p>"},{"dotaz_minifaq":"P\u0159ekl\u00e1daj\u00ed v\u00e1m texty do srb\u0161tiny rodil\u00ed mluv\u010d\u00ed?","odpoved_minifaq":"<p>Ano, u srb\u0161tiny spolupracujeme s <strong data-start=\"9231\" data-end=\"9277\">rodil\u00fdmi mluv\u010d\u00edmi i zku\u0161en\u00fdmi p\u0159ekladateli<\/strong>, kte\u0159\u00ed se na srb\u0161tinu dlouhodob\u011b specializuj\u00ed.<br data-start=\"9324\" data-end=\"9327\" \/>U marketingov\u00fdch text\u016f, webu nebo firemn\u00ed prezentace doporu\u010dujeme <strong data-start=\"9393\" data-end=\"9422\">korekturu rodil\u00fdm mluv\u010d\u00edm<\/strong>, aby text p\u016fsobil p\u0159irozen\u011b pro \u010dten\u00e1\u0159e v Srbsku i v dal\u0161\u00edch srbsky mluv\u00edc\u00edch regionech.<\/p>"},{"dotaz_minifaq":"P\u0159izp\u016fsob\u00edte p\u0159eklad do srb\u0161tiny c\u00edlov\u00e9mu trhu a variant\u011b jazyka?","odpoved_minifaq":"<p>Ano, p\u0159eklady do srb\u0161tiny p\u0159izp\u016fsobujeme <strong data-start=\"9634\" data-end=\"9662\">konkr\u00e9tn\u00ed c\u00edlov\u00e9 skupin\u011b<\/strong> a v p\u0159\u00edpad\u011b pot\u0159eby \u0159e\u0161\u00edme i <strong data-start=\"9692\" data-end=\"9730\">volbu p\u00edsma \u2013 latinka vs. cyrilice<\/strong>, podle toho, co po\u017eadujete vy nebo v\u00e1\u0161 partner.<br data-start=\"9778\" data-end=\"9781\" \/>Jinak budeme pracovat s textem pro st\u00e1tn\u00ed \u00fa\u0159ad, jinak pro e-shop a jinak pro B2B komunikaci v pr\u016fmyslu.<\/p>"},{"dotaz_minifaq":"P\u0159ekl\u00e1d\u00e1te i webov\u00e9 str\u00e1nky, e-shopy a software do srb\u0161tiny?","odpoved_minifaq":"<p>Ano, zaji\u0161\u0165ujeme <strong data-start=\"9978\" data-end=\"10038\">lokalizaci web\u016f, e-shop\u016f, port\u00e1l\u016f a aplikac\u00ed do srb\u0161tiny<\/strong>. Pracujeme s exporty z redak\u010dn\u00edch syst\u00e9m\u016f, e-shopov\u00fdch platforem a s technick\u00fdmi form\u00e1ty soubor\u016f.<br data-start=\"10136\" data-end=\"10139\" \/>Sou\u010d\u00e1st\u00ed m\u016f\u017ee b\u00fdt tak\u00e9 <strong data-start=\"10162\" data-end=\"10203\">\u00faprava srbsk\u00fdch text\u016f pro vyhled\u00e1va\u010de<\/strong>, p\u0159eklad titulk\u016f, vide\u00ed nebo u\u017eivatelsk\u00fdch rozhran\u00ed pro srbsk\u00e9 u\u017eivatele.<\/p>"},{"dotaz_minifaq":"Zaji\u0161\u0165ujete soudn\u00ed (\u00fa\u0159edn\u00ed) p\u0159eklady do srb\u0161tiny s raz\u00edtkem?","odpoved_minifaq":"<p>Ano, podle typu dokumentu m\u016f\u017eeme zajistit i <strong data-start=\"10399\" data-end=\"10444\">soudn\u00ed p\u0159eklady do srb\u0161tiny a ze srb\u0161tiny<\/strong> s kulat\u00fdm raz\u00edtkem soudn\u00edho tlumo\u010dn\u00edka. Hod\u00ed se nap\u0159\u00edklad pro \u00fa\u0159ady, soudy, \u0161koly, not\u00e1\u0159e nebo pracovn\u00ed a pobytov\u00e1 \u0159\u00edzen\u00ed.<br data-start=\"10567\" data-end=\"10570\" \/>Po\u0161lete n\u00e1m sken dokumentu a napi\u0161te, pro jak\u00fd \u00fa\u010del je p\u0159eklad pot\u0159eba \u2013 porad\u00edme v\u00e1m, zda je nezbytn\u00fd soudn\u00ed p\u0159eklad.<\/p>"},{"dotaz_minifaq":"Zaji\u0161\u0165ujete i p\u0159eklady ze srb\u0161tiny do jin\u00fdch jazyk\u016f ne\u017e jen do \u010de\u0161tiny?","odpoved_minifaq":"<p>Ano, p\u0159ekl\u00e1d\u00e1me <strong data-start=\"10793\" data-end=\"10825\">ze srb\u0161tiny nejen do \u010de\u0161tiny<\/strong>, ale tak\u00e9 do <strong data-start=\"10839\" data-end=\"10906\">angli\u010dtiny, n\u011bm\u010diny, chorvat\u0161tiny, slovin\u0161tiny a dal\u0161\u00edch jazyk\u016f<\/strong>.<br data-start=\"10907\" data-end=\"10910\" \/>U v\u00edcejazy\u010dn\u00fdch projekt\u016f m\u016f\u017eeme z jednoho srbsk\u00e9ho origin\u00e1lu p\u0159ipravit <strong data-start=\"10981\" data-end=\"11006\">v\u00edce jazykov\u00fdch verz\u00ed<\/strong> a pohl\u00eddat, aby byly obsahov\u011b v souladu.<\/p>"},{"dotaz_minifaq":"Pou\u017e\u00edv\u00e1te p\u0159i p\u0159ekladech do srb\u0161tiny um\u011blou inteligenci nebo strojov\u00fd p\u0159eklad?","odpoved_minifaq":"<p>U n\u011bkter\u00fdch intern\u00edch \u010di opakuj\u00edc\u00edch se text\u016f m\u016f\u017eeme vyu\u017e\u00edt <strong data-start=\"11203\" data-end=\"11237\">strojov\u00fd p\u0159eklad a AI n\u00e1stroje<\/strong>, ale pouze jako dopln\u011bk. Fin\u00e1ln\u00ed text do srb\u0161tiny v\u017edy <strong data-start=\"11293\" data-end=\"11317\">upravuje p\u0159ekladatel<\/strong>, kter\u00fd dolad\u00ed v\u00fdznam, terminologii a styl.<br data-start=\"11360\" data-end=\"11363\" \/>U pr\u00e1vn\u00edch, technick\u00fdch, smluvn\u00edch \u010di marketingov\u00fdch text\u016f do srb\u0161tiny doporu\u010dujeme <strong data-start=\"11447\" data-end=\"11471\">\u010dist\u011b lidsk\u00fd p\u0159eklad<\/strong>, kde jsou nuance kriticky d\u016fle\u017eit\u00e9.<\/p>"},{"dotaz_minifaq":"Pracujete u p\u0159eklad\u016f do srb\u0161tiny s p\u0159ekladov\u00fdmi pam\u011btmi a CAT n\u00e1stroji?","odpoved_minifaq":"<p>Ano, u srb\u0161tiny b\u011b\u017en\u011b pou\u017e\u00edv\u00e1me <strong data-start=\"11628\" data-end=\"11664\">CAT n\u00e1stroje a p\u0159ekladov\u00e9 pam\u011bti<\/strong>, zejm\u00e9na u technick\u00e9 dokumentace, n\u00e1vod\u016f, katalog\u016f a web\u016f s \u010dast\u00fdmi aktualizacemi. N\u00e1stroje n\u00e1m pom\u00e1haj\u00ed znovu vyu\u017e\u00edt schv\u00e1len\u00e9 formulace a udr\u017eet stejnou terminologii.<br data-start=\"11833\" data-end=\"11836\" \/>Pro st\u00e1l\u00e9 klienty p\u0159ipravujeme <strong data-start=\"11867\" data-end=\"11906\">terminologick\u00e9 glos\u00e1\u0159e pro srb\u0161tinu<\/strong>, aby byly pojmy a n\u00e1zvy ve v\u0161ech textech jednotn\u00e9.<\/p>"},{"dotaz_minifaq":"Jak je u p\u0159eklad\u016f do srb\u0161tiny zaji\u0161t\u011bn\u00e1 bezpe\u010dnost a d\u016fv\u011brnost dat?","odpoved_minifaq":"<p>V\u0161echny podklady pro p\u0159eklad do srb\u0161tiny zpracov\u00e1v\u00e1me v <strong data-start=\"12098\" data-end=\"12124\">zabezpe\u010den\u00e9m prost\u0159ed\u00ed<\/strong> a vyu\u017e\u00edv\u00e1me pouze <strong data-start=\"12143\" data-end=\"12167\">licencovan\u00fd software<\/strong>.<br data-start=\"12168\" data-end=\"12171\" \/>Texty <strong data-start=\"12177\" data-end=\"12222\">nevkl\u00e1d\u00e1me do ve\u0159ejn\u00fdch online p\u0159eklada\u010d\u016f<\/strong>. P\u0159\u00edstup k dokument\u016fm m\u00e1 jen omezen\u00fd projektov\u00fd t\u00fdm a u citliv\u00fdch materi\u00e1l\u016f b\u011b\u017en\u011b uzav\u00edr\u00e1me <strong data-start=\"12315\" data-end=\"12352\">NDA a dal\u0161\u00ed dohody o ml\u010denlivosti<\/strong>.<\/p>"},{"dotaz_minifaq":"Jak m\u016f\u017eu objednat p\u0159eklad do srb\u0161tiny?","odpoved_minifaq":"<p>Text pro p\u0159eklad do srb\u0161tiny n\u00e1m m\u016f\u017eete poslat <strong data-start=\"12456\" data-end=\"12498\">e-mailem nebo p\u0159es popt\u00e1vkov\u00fd formul\u00e1\u0159<\/strong> na na\u0161em webu. Uve\u010fte v\u00fdchoz\u00ed a c\u00edlov\u00fd jazyk, typ textu (nap\u0159\u00edklad smlouva, manu\u00e1l, web, marketing) a po\u017eadovan\u00fd term\u00edn dod\u00e1n\u00ed.<br data-start=\"12626\" data-end=\"12629\" \/>Obratem p\u0159iprav\u00edme <strong data-start=\"12648\" data-end=\"12678\">nez\u00e1vaznou cenovou nab\u00eddku<\/strong>. Po jej\u00edm schv\u00e1len\u00ed vybereme vhodn\u00e9ho p\u0159ekladatele, domluv\u00edme rozsah kontroly (korektura, revize) a hotov\u00fd srbsk\u00fd p\u0159eklad v\u00e1m dod\u00e1me v domluven\u00e9m form\u00e1tu.<\/p>"}],"vlajka_jazyka":{"filesize":148841,"ID":"328","name":"srb-flag.svg","path":"\/www\/doc\/www.presto.cz\/www\/wp-content\/uploads\/2024\/11\/srb-flag.svg","url":"https:\/\/www.presto.cz\/wp-content\/uploads\/2024\/11\/srb-flag.svg","full_url":"https:\/\/www.presto.cz\/wp-content\/uploads\/2024\/11\/srb-flag.svg","title":"srb-flag","caption":"","description":"","alt":"","srcset":false,"width":false,"height":false},"nadpis_1_sekce":"M\u00e1me rozs\u00e1hl\u00e9 zku\u0161enosti s\u00a0p\u0159eklady do srb\u0161tiny i\u00a0ze srb\u0161tiny","odstavec_1_sekce_1_stpec":"<p>Nab\u00edz\u00edme profesion\u00e1ln\u00ed lidsk\u00e9 p\u0159eklady podporovan\u00e9 modern\u00edmi technologiemi i\u00a0strojov\u00e9 p\u0159eklady s\u00a0posteditac\u00ed.<\/p>\n<p>&nbsp;<\/p>\n<p>Spr\u00e1vnou stylistiku a\u00a0terminologii zaji\u0161\u0165uj\u00ed terminologick\u00e9 slovn\u00edky a\u00a0p\u0159ekladatelsk\u00e9 n\u00e1stroje, kter\u00e9 sleduj\u00ed jednotn\u00fd styl i\u00a0opakov\u00e1n\u00ed \u2013 co\u017e optimalizuje fin\u00e1ln\u00ed cenu p\u0159eklad\u016f.<\/p>\n<p>&nbsp;<\/p>\n<p>M\u00e1me bohat\u00e9 zku\u0161enosti s\u00a0pr\u00e1vn\u00edmi p\u0159eklady, ka\u017edoro\u010dn\u011b p\u0159elo\u017e\u00edme v\u00edce ne\u017e 60\u00a0000 normostran pr\u00e1vn\u00edch text\u016f.<\/p>\n","mininadpis_sekce_2":"Typy p\u0159eklad\u016f, kter\u00e9 zaji\u0161\u0165ujeme","nadpis_2_sekce":"Jak\u00e9 dokumenty nej\u010dast\u011bji p\u0159ekl\u00e1d\u00e1me ze srb\u0161tiny a\u00a0do srb\u0161tiny?","odstavec_2_sekce_2_stpec":"<p>P\u0159ekl\u00e1d\u00e1me \u0161irokou \u0161k\u00e1lu dokument\u016f, p\u0159edev\u0161\u00edm pro technick\u00e9, pr\u00e1vn\u00ed a\u00a0marketingov\u00e9 \u00fa\u010dely.<\/p>\n","odstavec_2_sekce_1_stpec":"<h4 style=\"color: initial\"><strong>Pr\u00e1vn\u00ed dokumenty<\/strong><\/h4>\n<ul>\n<li>P\u0159eklady smluv, z\u00e1kon\u016f, sm\u011brnic, vyhl\u00e1\u0161ek, \u017ealob, rozsudk\u016f, pr\u00e1vn\u00edch posudk\u016f a\u00a0firemn\u00edch p\u0159edpis\u016f.<\/li>\n<li>P\u0159eklady zakladatelsk\u00fdch listin, licen\u010dn\u00edch smluv, dokument\u016f ISO.<\/li>\n<li><a href=\"https:\/\/www.presto.cz\/odborne-preklady\/pravni-preklady\/\">Soudn\u00ed p\u0159eklady<\/a> (s\u00a0mo\u017enost\u00ed zaji\u0161t\u011bn\u00ed apostily nebo superlegalizace) pro ofici\u00e1ln\u00ed \u00fa\u010dely.<\/li>\n<\/ul>\n<h4 style=\"color: initial\"><b>Auditorsk\u00e9 a\u00a0bezpe\u010dnostn\u00ed dokumenty<\/b><\/h4>\n<p>P\u0159eklady auditorsk\u00fdch zpr\u00e1v, bezpe\u010dnostn\u00edch p\u0159edpis\u016f a\u00a0podklad\u016f pro v\u00fdb\u011brov\u00e1 \u0159\u00edzen\u00ed.<\/p>\n<h4 style=\"color: initial\"><b>Technick\u00e9 dokumentace<\/b><\/h4>\n<p>P\u0159eklady technick\u00fdch manu\u00e1l\u016f a\u00a0dal\u0161\u00edch specializovan\u00fdch dokument\u016f.<\/p>\n<h4 style=\"color: initial\"><b>Marketingov\u00e9 materi\u00e1ly<\/b><\/h4>\n<p>P\u0159eklady web\u016f, bro\u017eur, propaga\u010dn\u00edch kampan\u00ed a jin\u00fdch komunika\u010dn\u00edch text\u016f.\u00a0\u00a0<\/p>\n","nadpis_3_sekce":"Jak\u00e9 jazykov\u00e9 kombinace nab\u00edz\u00edme?","odstavec_3_sekce":"<p>P\u0159ekl\u00e1d\u00e1me dokumenty z\u00a0a\u00a0do \u0159e\u010dtiny v\u00a0r\u016fzn\u00fdch jazykov\u00fdch kombinac\u00edch.<\/p>\n","odrazky_sekce_3_1_ministpec":"<ul>\n<li>Ze srb\u0161tiny do <strong>\u010de\u0161tiny<\/strong> a\u00a0naopak<\/li>\n<li>Ze srb\u0161tiny do <b>angli\u010dtiny <\/b>a\u00a0naopak<\/li>\n<li>Ze srb\u0161tiny do <strong>n\u011bm\u010diny<\/strong> a\u00a0naopak<\/li>\n<li>Ze srb\u0161tiny do <b>\u010d\u00edn\u0161tiny <\/b>a\u00a0naopak<\/li>\n<li>Ze srb\u0161tiny do <strong>\u0161pan\u011bl\u0161tiny<\/strong> a\u00a0naopak<\/li>\n<li>Ze srb\u0161tiny do <b>francouz\u0161tiny <\/b>a\u00a0naopak<\/li>\n<li>Ze srb\u0161tiny do <b>ital\u0161tiny <\/b>a\u00a0naopak<\/li>\n<\/ul>\n","odrazky_sekce_3_2_ministpec":"<ul>\n<li>Ze srb\u0161tiny do <strong>sloven\u0161tiny<\/strong> a\u00a0naopak<\/li>\n<li>Ze srb\u0161tiny do <strong>pol\u0161tiny<\/strong> a\u00a0naopak<\/li>\n<li>Ze srb\u0161tiny do <strong>ukrajin\u0161tiny<\/strong> a\u00a0naopak<\/li>\n<li>Ze srb\u0161tiny do <b>rumun\u0161tiny <\/b>a\u00a0naopak<\/li>\n<li>Ze srb\u0161tiny do <b>portugal\u0161tiny <\/b>a\u00a0naopak<\/li>\n<li>Ze srb\u0161tiny do <strong>ru\u0161tiny<\/strong> a\u00a0naopak<\/li>\n<li>a\u00a0mnoh\u00e9 dal\u0161\u00ed jazykov\u00e9 kombinace\u2026<\/li>\n<\/ul>\n","mininadpis_sekce_4":"V\u00edce o\u00a0p\u0159ekladech srb\u0161tiny","nadpis_sekce_4":"Jak zajist\u00edme kvalitu a\u00a0odbornost?","nadpis_1_minisekce":"Zajist\u00edme jednotnou terminologii","odstavec_1_minisekce":"<p><span style=\"font-weight: 400\">N\u00e1stroje pro podporu p\u0159ekladu, kter\u00e9 vyu\u017e\u00edv\u00e1me, detekuj\u00ed pou\u017eit\u00e9 term\u00edny v\u00a0origin\u00e1le a\u00a0upozorn\u00ed p\u0159i nejednotn\u00e9m p\u0159ekladu. Stejn\u00fd p\u0159eklad nap\u0159\u00ed\u010d dokumenty pak zajist\u00edme ulo\u017een\u00edm term\u00ednu do intern\u00edho slovn\u00edku.<\/span><\/p>\n","nadpis_2_minisekce":"Zrychlujeme proces p\u0159ekladu","odstavec_2_minisekce":"<p>Prvotn\u00ed p\u0159eklad nech\u00e1me vyhotovit pomoc\u00ed neuronov\u00e9ho strojov\u00e9ho p\u0159ekladu (NMT) a n\u00e1sledn\u011b na\u0161i odborn\u00edci prov\u00e1d\u00ed posteditaci. Jsme tak\u00e9 certifikovan\u00ed podle normy ISO\u00a018587.<\/p>\n","nadpis_3_minisekce":"M\u00e1me odborn\u00edky na technick\u00e9 a\u00a0pr\u00e1vn\u00ed p\u0159eklady","odstavec_3_minisekce":"<p><span style=\"font-weight: 400\">Na pr\u00e1vn\u00edch a technick\u00fdch p\u0159ekladech spolupracujeme s\u00a0p\u0159ekladateli-specialisty, kte\u0159\u00ed se orientuj\u00ed v\u00a0oborov\u00e9 terminologii a\u00a0pr\u00e1vn\u00edch norm\u00e1ch. Na\u0161e p\u0159eklady v\u017edy vyhotovuj\u00ed rodil\u00ed mluv\u010d\u00ed a\u00a0nav\u00edc spl\u0148uj\u00ed normy kvality dle certifikac\u00ed ISO\u00a017100 a\u00a0ISO\u00a09001.<\/span><\/p>\n","mininadpis_sekce_zajimavost":"Zaj\u00edmavost","nadpis_sekce_zajimavost":"Dva z\u00e1pisy srb\u0161tiny","odstavec_sekce_zajimavost":"<p><span style=\"font-weight: 400\">Srb\u0161tina je pom\u011brn\u011b vz\u00e1cn\u00fdm p\u0159\u00edpadem, kdy se nab\u00edz\u00ed dva rovnocenn\u00e9 zp\u016fsoby z\u00e1pisu, a\u00a0to konkr\u00e9tn\u011b latinkou a\u00a0cyrilic\u00ed. Pro b\u011b\u017en\u00e9 pou\u017eit\u00ed, nap\u0159\u00edklad v\u00a0m\u00e9di\u00edch, zkr\u00e1tka vydavatel vybere svoji preferovanou variantu. Obvykle se latinka s\u00a0cyrilic\u00ed v\u00a0jednom textu nem\u00edch\u00e1, krom\u011b zvl\u00e1\u0161tn\u00edch p\u0159\u00edpad\u016f, jako jsou cit\u00e1ty a\u00a0zkratky, vz\u00e1cn\u011bji pak v\u00a0marketingov\u00fdch materi\u00e1lech. Na ukazatel\u00edch a\u00a0podobn\u00fdch cedul\u00edch b\u00fdvaj\u00ed ob\u011b verze z\u00e1pisu.<\/span><span style=\"font-weight: 400\"> Z\u00e1sadn\u00ed v\u00fdjimkou je kontext z\u00e1kon\u016f a\u00a0pr\u00e1va a\u00a0komunikace s\u00a0\u00fa\u0159ady, kde je vy\u017eadov\u00e1na cyrilice. S\u00a0v\u00fdb\u011brem vhodn\u00e9 varianty pro va\u0161e texty v\u00e1m samoz\u0159ejm\u011b pom\u016f\u017eeme.<\/span><\/p>\n","obrazek_zajimavost":{"width":150,"height":150,"file":"2025\/03\/photo-1621767554788-d21101ae71c6.avif","filesize":319565,"sizes":{"medium":{"file":"photo-1621767554788-d21101ae71c6-300x200.jpg","width":300,"height":200,"mime-type":"image\/jpeg","filesize":15565,"url":"https:\/\/www.presto.cz\/wp-content\/uploads\/2025\/03\/photo-1621767554788-d21101ae71c6-300x200.jpg"},"large":{"file":"photo-1621767554788-d21101ae71c6-1024x683.jpg","width":1024,"height":683,"mime-type":"image\/jpeg","filesize":122202,"url":"https:\/\/www.presto.cz\/wp-content\/uploads\/2025\/03\/photo-1621767554788-d21101ae71c6-1024x683.jpg"},"thumbnail":{"file":"photo-1621767554788-d21101ae71c6-150x150.jpg","width":150,"height":150,"mime-type":"image\/jpeg","filesize":6461,"url":"https:\/\/www.presto.cz\/wp-content\/uploads\/2025\/03\/photo-1621767554788-d21101ae71c6-150x150.jpg"},"medium_large":{"file":"photo-1621767554788-d21101ae71c6-768x512.jpg","width":768,"height":512,"mime-type":"image\/jpeg","filesize":75212,"url":"https:\/\/www.presto.cz\/wp-content\/uploads\/2025\/03\/photo-1621767554788-d21101ae71c6-768x512.jpg"},"1536x1536":{"file":"photo-1621767554788-d21101ae71c6-1536x1024.jpg","width":1536,"height":1024,"mime-type":"image\/jpeg","filesize":237533,"url":"https:\/\/www.presto.cz\/wp-content\/uploads\/2025\/03\/photo-1621767554788-d21101ae71c6-1536x1024.jpg"},"2048x2048":{"file":"photo-1621767554788-d21101ae71c6-2048x1365.jpg","width":2048,"height":1365,"mime-type":"image\/jpeg","filesize":378489,"url":"https:\/\/www.presto.cz\/wp-content\/uploads\/2025\/03\/photo-1621767554788-d21101ae71c6-2048x1365.jpg"}},"image_meta":{"aperture":"0","credit":"","camera":"","caption":"","created_timestamp":"0","copyright":"","focal_length":"0","iso":"0","shutter_speed":"0","title":"","orientation":"0","keywords":[]},"ID":"3021","name":"photo-1621767554788-d21101ae71c6.avif","path":"\/www\/doc\/www.presto.cz\/www\/wp-content\/uploads\/2025\/03\/photo-1621767554788-d21101ae71c6.avif","url":"https:\/\/www.presto.cz\/wp-content\/uploads\/2025\/03\/photo-1621767554788-d21101ae71c6-150x150.jpg","full_url":"https:\/\/www.presto.cz\/wp-content\/uploads\/2025\/03\/photo-1621767554788-d21101ae71c6.avif","title":"photo-1621767554788-d21101ae71c6","caption":"","description":"","alt":"","srcset":false},"nadpis_red_cta":"Pot\u0159ebujete profesion\u00e1ln\u00ed p\u0159eklady srb\u0161tiny?","odstavec_red_cta":"Spojte se s\u00a0n\u00e1mi a\u00a0zjist\u011bte, jak v\u00e1m m\u016f\u017eeme pomoci s\u00a0p\u0159eklady \u010di lokalizac\u00ed.","primary_button_text":"Nez\u00e1vazn\u00e1 kalkulace","primary_button_odkaz":551,"secondary_button_text":"Zjistit v\u00edce","secondary_button_odkaz":482},"_links":{"self":[{"href":"https:\/\/www.presto.cz\/cz\/wp-json\/wp\/v2\/pages\/3009","targetHints":{"allow":["GET"]}}],"collection":[{"href":"https:\/\/www.presto.cz\/cz\/wp-json\/wp\/v2\/pages"}],"about":[{"href":"https:\/\/www.presto.cz\/cz\/wp-json\/wp\/v2\/types\/page"}],"author":[{"embeddable":true,"href":"https:\/\/www.presto.cz\/cz\/wp-json\/wp\/v2\/users\/2"}],"replies":[{"embeddable":true,"href":"https:\/\/www.presto.cz\/cz\/wp-json\/wp\/v2\/comments?post=3009"}],"version-history":[{"count":3,"href":"https:\/\/www.presto.cz\/cz\/wp-json\/wp\/v2\/pages\/3009\/revisions"}],"predecessor-version":[{"id":7768,"href":"https:\/\/www.presto.cz\/cz\/wp-json\/wp\/v2\/pages\/3009\/revisions\/7768"}],"wp:featuredmedia":[{"embeddable":true,"href":"https:\/\/www.presto.cz\/cz\/wp-json\/wp\/v2\/media\/1580"}],"wp:attachment":[{"href":"https:\/\/www.presto.cz\/cz\/wp-json\/wp\/v2\/media?parent=3009"}],"wp:term":[{"taxonomy":"prekladany-jazyk","embeddable":true,"href":"https:\/\/www.presto.cz\/cz\/wp-json\/wp\/v2\/prekladany-jazyk?post=3009"}],"curies":[{"name":"wp","href":"https:\/\/api.w.org\/{rel}","templated":true}]}}