{"id":3006,"date":"2025-03-25T17:06:17","date_gmt":"2025-03-25T16:06:17","guid":{"rendered":"https:\/\/presto.digiamo.cz\/presto\/?page_id=3006"},"modified":"2026-03-02T11:22:09","modified_gmt":"2026-03-02T10:22:09","slug":"preklady-rectiny","status":"publish","type":"page","link":"https:\/\/www.presto.cz\/cz\/preklady-rectiny","title":{"rendered":"P\u0159eklady \u0159e\u010dtiny"},"content":{"rendered":"\n<p class=\"h--3 margin-bottom--m\">P\u0159esn\u011b, rychle a\u00a0s\u00a0d\u016frazem na kvalitu.<\/p>\n\n<p>Nab\u00edz\u00edme p\u0159eklady do \u0159e\u010dtiny a\u00a0z\u00a0\u0159e\u010dtiny s\u00a0vyu\u017eit\u00edm pokro\u010dil\u00fdch technologi\u00ed a&nbsp;\u0161pi\u010dkov\u00fdch odborn\u00edk\u016f.<\/p>\n\n<p><\/p>\n","protected":false},"excerpt":{"rendered":"<p>P\u0159esn\u011b, rychle a\u00a0s\u00a0d\u016frazem na kvalitu. Nab\u00edz\u00edme p\u0159eklady do \u0159e\u010dtiny a\u00a0z\u00a0\u0159e\u010dtiny s\u00a0vyu\u017eit\u00edm pokro\u010dil\u00fdch technologi\u00ed a&nbsp;\u0161pi\u010dkov\u00fdch odborn\u00edk\u016f.<\/p>\n","protected":false},"author":2,"featured_media":1580,"parent":0,"menu_order":0,"comment_status":"closed","ping_status":"closed","template":"","meta":{"footnotes":""},"prekladany-jazyk":[20],"class_list":["post-3006","page","type-page","status-publish","has-post-thumbnail","hentry","prekladany-jazyk-ano"],"meta_box":{"group_mini__faq":[{"dotaz_minifaq":"Kolik stoj\u00ed p\u0159eklad jedn\u00e9 strany do \u0159e\u010dtiny?","odpoved_minifaq":"<p>Cena p\u0159ekladu do \u0159e\u010dtiny se odv\u00edj\u00ed od <strong data-start=\"12977\" data-end=\"13034\">rozsahu textu, odbornosti, term\u00ednu a v\u00fdchoz\u00edho jazyka<\/strong> (\u010dasto \u010de\u0161tina, angli\u010dtina nebo n\u011bm\u010dina).<br data-start=\"13076\" data-end=\"13079\" \/>Standardn\u011b \u00fa\u010dtujeme podle po\u010dtu <strong data-start=\"13111\" data-end=\"13143\">normostran hotov\u00e9ho p\u0159ekladu<\/strong> \u2013 1 normostrana = 1 800 znak\u016f \u0159eck\u00e9ho textu v\u010detn\u011b mezer. U n\u011bkter\u00fdch druh\u016f zak\u00e1zek je mo\u017en\u00e9 cenu stanovit i podle <strong data-start=\"13259\" data-end=\"13301\">po\u010dtu slov nebo znak\u016f zdrojov\u00e9ho textu<\/strong>; konkr\u00e9tn\u00ed zp\u016fsob v\u017edy uvedeme v nez\u00e1vazn\u00e9 kalkulaci.<br data-start=\"13355\" data-end=\"13358\" \/>Nejp\u0159esn\u011bj\u0161\u00ed cenu v\u00e1m sd\u011bl\u00edme po zasl\u00e1n\u00ed souboru.<\/p>"},{"dotaz_minifaq":"Jak rychle zvl\u00e1dnete p\u0159eklad do \u0159e\u010dtiny?","odpoved_minifaq":"<p>Kr\u00e1tk\u00e9 texty do \u0159e\u010dtiny zvl\u00e1d\u00e1me obvykle <strong data-start=\"13505\" data-end=\"13530\">do 1\u20132 pracovn\u00edch dn\u016f<\/strong>. U rozs\u00e1hlej\u0161\u00edch projekt\u016f (manu\u00e1ly, weby, smluvn\u00ed dokumentace) z\u00e1le\u017e\u00ed na objemu, n\u00e1ro\u010dnosti a po\u017eadovan\u00e9m term\u00ednu.<br data-start=\"13645\" data-end=\"13648\" \/>Po obdr\u017een\u00ed podklad\u016f v\u00e1m sd\u011bl\u00edme <strong data-start=\"13681\" data-end=\"13708\">re\u00e1ln\u00fd nejbli\u017e\u0161\u00ed term\u00edn<\/strong> a p\u0159\u00edpadn\u011b nab\u00eddneme i variantu expresn\u00edho zpracov\u00e1n\u00ed.<\/p>"},{"dotaz_minifaq":"Nab\u00edz\u00edte expresn\u00ed p\u0159eklad do \u0159e\u010dtiny?","odpoved_minifaq":"<p>Ano, podle kapacit a typu textu um\u00edme zajistit i <strong data-start=\"13866\" data-end=\"13898\">expresn\u00ed p\u0159eklady do \u0159e\u010dtiny<\/strong> \u2013 nap\u0159\u00edklad do druh\u00e9ho dne \u010di b\u011bhem v\u00edkendu.<br data-start=\"13943\" data-end=\"13946\" \/>U expresn\u00edch zak\u00e1zek \u00fa\u010dtujeme p\u0159\u00edplatek za urgentn\u00ed zpracov\u00e1n\u00ed, ale jeho v\u00fd\u0161i <strong data-start=\"14024\" data-end=\"14065\">v\u017edy dop\u0159edu uvedeme v cenov\u00e9 nab\u00eddce<\/strong>.<\/p>"},{"dotaz_minifaq":"Jak zaji\u0161\u0165ujete kvalitu p\u0159eklad\u016f do \u0159e\u010dtiny?","odpoved_minifaq":"<p>P\u0159eklady do \u0159e\u010dtiny sv\u011b\u0159ujeme <strong data-start=\"14157\" data-end=\"14190\">specializovan\u00fdm p\u0159ekladatel\u016fm<\/strong>, kte\u0159\u00ed se \u0159e\u010dtin\u011b v\u011bnuj\u00ed dlouhodob\u011b a orientuj\u00ed se v \u0159eck\u00e9m prost\u0159ed\u00ed.<br data-start=\"14261\" data-end=\"14264\" \/>Pou\u017e\u00edv\u00e1me <strong data-start=\"14274\" data-end=\"14318\">CAT n\u00e1stroje a automatick\u00e9 kontroly (QA)<\/strong>, kter\u00e9 hl\u00eddaj\u00ed konzistenci, \u010d\u00edsla, form\u00e1t a pravopis. U text\u016f pro ve\u0159ejnost (web, katalog, PR) zapojujeme \u010dasto <strong data-start=\"14431\" data-end=\"14462\">korekturu druh\u00fdm lingvistou<\/strong> a u marketingov\u00fdch materi\u00e1l\u016f i konzultaci stylu.<\/p>"},{"dotaz_minifaq":"P\u0159ekl\u00e1d\u00e1te i pr\u00e1vn\u00ed a technick\u00e9 texty do \u0159e\u010dtiny?","odpoved_minifaq":"<p>Ano, zaji\u0161\u0165ujeme i <strong data-start=\"14596\" data-end=\"14638\">pr\u00e1vn\u00ed a technick\u00e9 p\u0159eklady do \u0159e\u010dtiny<\/strong> \u2013 smlouvy, obchodn\u00ed dokumentaci, technick\u00e9 manu\u00e1ly, bezpe\u010dnostn\u00ed listy, stavebn\u00ed a projektovou dokumentaci, IT texty a dal\u0161\u00ed odborn\u00e9 materi\u00e1ly.<br data-start=\"14782\" data-end=\"14785\" \/>Na tyto projekty vyb\u00edr\u00e1me p\u0159ekladatele s <strong data-start=\"14826\" data-end=\"14852\">konkr\u00e9tn\u00ed specializac\u00ed<\/strong>, aby \u0159eck\u00fd text odpov\u00eddal terminologii pou\u017e\u00edvan\u00e9 v praxi.<\/p>"},{"dotaz_minifaq":"Jak\u00fd je rozd\u00edl mezi b\u011b\u017en\u00fdm a odborn\u00fdm p\u0159ekladem do \u0159e\u010dtiny?","odpoved_minifaq":"<p>B\u011b\u017en\u00fd p\u0159eklad do \u0159e\u010dtiny se hod\u00ed pro texty bez slo\u017eit\u00e9 terminologie \u2013 jednoduch\u00e9 webov\u00e9 texty, intern\u00ed komunikace, informa\u010dn\u00ed materi\u00e1ly.<br data-start=\"15122\" data-end=\"15125\" \/>Odborn\u00fd p\u0159eklad pou\u017e\u00edv\u00e1me u text\u016f, kde je d\u016fle\u017eit\u00e1 <strong data-start=\"15176\" data-end=\"15233\">p\u0159esn\u00e1 terminologie a pr\u00e1vn\u00ed \u010di technick\u00e1 odpov\u011bdnost<\/strong> \u2013 smlouvy, technick\u00e1 dokumentace, profesion\u00e1ln\u00ed zdravotnick\u00e9 nebo finan\u010dn\u00ed texty. U odborn\u00fdch p\u0159eklad\u016f do \u0159e\u010dtiny v\u017edy pracuje specialista a \u010dasto i druh\u00fd kontrolor.<\/p>"},{"dotaz_minifaq":"P\u0159ekl\u00e1daj\u00ed v\u00e1m texty do \u0159e\u010dtiny rodil\u00ed mluv\u010d\u00ed?","odpoved_minifaq":"<p>Ano, u \u0159e\u010dtiny spolupracujeme s <strong data-start=\"15494\" data-end=\"15540\">rodil\u00fdmi mluv\u010d\u00edmi i zku\u0161en\u00fdmi p\u0159ekladateli<\/strong>, kte\u0159\u00ed maj\u00ed s modern\u00ed \u0159e\u010dtinou bohatou praxi.<br data-start=\"15586\" data-end=\"15589\" \/>U webov\u00fdch, marketingov\u00fdch nebo turistick\u00fdch text\u016f doporu\u010dujeme fin\u00e1ln\u00ed <strong data-start=\"15661\" data-end=\"15690\">korekturu rodil\u00fdm mluv\u010d\u00edm<\/strong>, aby \u0159eck\u00fd text p\u016fsobil p\u0159irozen\u011b a atraktivn\u011b pro m\u00edstn\u00ed \u010dten\u00e1\u0159e.<\/p>"},{"dotaz_minifaq":"P\u0159izp\u016fsob\u00edte p\u0159eklad do \u0159e\u010dtiny \u0159eck\u00e9mu trhu a c\u00edlov\u00e9 skupin\u011b?","odpoved_minifaq":"<p>Ano, p\u0159eklady do \u0159e\u010dtiny p\u0159izp\u016fsobujeme <strong data-start=\"15876\" data-end=\"15911\">\u0159eck\u00e9mu trhu i c\u00edlov\u00e9mu publiku<\/strong> \u2013 jinak komunikujeme s \u0159eck\u00fdm \u00fa\u0159adem, jinak s turisty a jinak s B2B partnery.<br data-start=\"15989\" data-end=\"15992\" \/>V r\u00e1mci lokalizace bereme v potaz <strong data-start=\"16026\" data-end=\"16102\">\u0159eck\u00e9 kulturn\u00ed zvyklosti, styl komunikace a o\u010dek\u00e1v\u00e1n\u00ed m\u00edstn\u00edch z\u00e1kazn\u00edk\u016f<\/strong>, aby text nep\u016fsobil jako doslovn\u00fd p\u0159eklad.<\/p>"},{"dotaz_minifaq":"P\u0159ekl\u00e1d\u00e1te i webov\u00e9 str\u00e1nky, e-shopy a software do \u0159e\u010dtiny?","odpoved_minifaq":"<p>Ano, zaji\u0161\u0165ujeme <strong data-start=\"16238\" data-end=\"16298\">lokalizaci web\u016f, e-shop\u016f, aplikac\u00ed a softwaru do \u0159e\u010dtiny<\/strong>. Pracujeme s exporty z CMS a e-shopov\u00fdch platforem i s technick\u00fdmi form\u00e1ty.<br data-start=\"16374\" data-end=\"16377\" \/>Sou\u010d\u00e1st\u00ed m\u016f\u017ee b\u00fdt i <strong data-start=\"16397\" data-end=\"16443\">\u00faprava \u0159eck\u00fdch text\u016f pro vyhled\u00e1va\u010de (SEO)<\/strong> a p\u0159eklad titulk\u016f \u010di vide\u00ed ur\u010den\u00fdch pro \u0159eck\u00e9 publikum.<\/p>"},{"dotaz_minifaq":"Zaji\u0161\u0165ujete soudn\u00ed (\u00fa\u0159edn\u00ed) p\u0159eklady do \u0159e\u010dtiny s raz\u00edtkem?","odpoved_minifaq":"<p data-start=\"16506\" data-end=\"16923\">Ano, podle typu dokumentu m\u016f\u017eeme zajistit i <strong data-start=\"16620\" data-end=\"16671\">soudn\u00ed (\u00fa\u0159edn\u00ed) p\u0159eklady do \u0159e\u010dtiny a z \u0159e\u010dtiny<\/strong> s kulat\u00fdm raz\u00edtkem soudn\u00edho tlumo\u010dn\u00edka. Vyu\u017e\u00edvaj\u00ed se nap\u0159\u00edklad pro \u00fa\u0159ady, soudy, univerzity, not\u00e1\u0159e nebo imigra\u010dn\u00ed a pracovn\u00ed \u0159\u00edzen\u00ed.<br data-start=\"16805\" data-end=\"16808\" \/>Sta\u010d\u00ed n\u00e1m poslat sken dokumentu a napsat, pro jak\u00fd \u00fa\u010del je p\u0159eklad ur\u010den \u2013 doporu\u010d\u00edme, zda je nutn\u00fd soudn\u00ed p\u0159eklad.<\/p>"},{"dotaz_minifaq":"Zaji\u0161\u0165ujete i p\u0159eklady z \u0159e\u010dtiny do jin\u00fdch jazyk\u016f ne\u017e jen do \u010de\u0161tiny?","odpoved_minifaq":"<p>Ano, p\u0159ekl\u00e1d\u00e1me <strong data-start=\"17026\" data-end=\"17056\">z \u0159e\u010dtiny nejen do \u010de\u0161tiny<\/strong>, ale i do <strong data-start=\"17067\" data-end=\"17107\">angli\u010dtiny, n\u011bm\u010diny a dal\u0161\u00edch jazyk\u016f<\/strong> podle po\u017eadavk\u016f projektu.<br data-start=\"17133\" data-end=\"17136\" \/>U mezin\u00e1rodn\u00edch zak\u00e1zek dok\u00e1\u017eeme z jednoho \u0159eck\u00e9ho origin\u00e1lu p\u0159ipravit <strong data-start=\"17207\" data-end=\"17232\">v\u00edce jazykov\u00fdch verz\u00ed<\/strong>, nap\u0159\u00edklad pro r\u016fzn\u00e9 zem\u011b EU.<\/p>"},{"dotaz_minifaq":"Pou\u017e\u00edv\u00e1te p\u0159i p\u0159ekladech do \u0159e\u010dtiny um\u011blou inteligenci nebo strojov\u00fd p\u0159eklad?","odpoved_minifaq":"<p>U n\u011bkter\u00fdch typ\u016f text\u016f (nap\u0159. intern\u00ed materi\u00e1ly, opakuj\u00edc\u00ed se popisy) m\u016f\u017eeme vyu\u017e\u00edt <strong data-start=\"17441\" data-end=\"17466\">AI a strojov\u00fd p\u0159eklad<\/strong>, ale pouze jako podp\u016frn\u00fd n\u00e1stroj. Fin\u00e1ln\u00ed \u0159eck\u00fd text <strong data-start=\"17520\" data-end=\"17550\">v\u017edy dokon\u010duje p\u0159ekladatel<\/strong>, kter\u00fd v\u00fdstup uprav\u00ed po v\u00fdznamov\u00e9, stylistick\u00e9 i terminologick\u00e9 str\u00e1nce.<br data-start=\"17623\" data-end=\"17626\" \/>U pr\u00e1vn\u00edch, technick\u00fdch a marketingov\u00fdch text\u016f do \u0159e\u010dtiny doporu\u010dujeme <strong data-start=\"17697\" data-end=\"17721\">\u010dist\u011b lidsk\u00fd p\u0159eklad<\/strong>, aby byly p\u0159esn\u011b zachyceny v\u0161echny nuance.<\/p>"},{"dotaz_minifaq":"Pracujete u p\u0159eklad\u016f do \u0159e\u010dtiny s p\u0159ekladov\u00fdmi pam\u011btmi a CAT n\u00e1stroji?","odpoved_minifaq":"<p>Ano, p\u0159i p\u0159ekladu do \u0159e\u010dtiny pou\u017e\u00edv\u00e1me <strong data-start=\"17891\" data-end=\"17927\">CAT n\u00e1stroje a p\u0159ekladov\u00e9 pam\u011bti<\/strong>, zejm\u00e9na u dlouhodob\u00fdch projekt\u016f, manu\u00e1l\u016f, katalog\u016f a web\u016f. To n\u00e1m umo\u017e\u0148uje znovu vyu\u017e\u00edt schv\u00e1len\u00e9 formulace a udr\u017eet konzistenci terminologie.<br data-start=\"18071\" data-end=\"18074\" \/>Pro st\u00e1l\u00e9 klienty p\u0159ipravujeme <strong data-start=\"18105\" data-end=\"18137\">\u0159eck\u00e9 terminologick\u00e9 glos\u00e1\u0159e<\/strong>, aby byly n\u00e1zvy produkt\u016f a kl\u00ed\u010dov\u00e9 pojmy stejn\u00e9 nap\u0159\u00ed\u010d v\u0161emi texty.<\/p>"},{"dotaz_minifaq":"Jak je u p\u0159eklad\u016f do \u0159e\u010dtiny zaji\u0161t\u011bn\u00e1 bezpe\u010dnost a d\u016fv\u011brnost dat?","odpoved_minifaq":"<p>V\u0161echny podklady pro p\u0159eklad do \u0159e\u010dtiny zpracov\u00e1v\u00e1me v <strong data-start=\"18344\" data-end=\"18381\">zabezpe\u010den\u00fdch intern\u00edch syst\u00e9mech<\/strong> a pou\u017e\u00edv\u00e1me pouze <strong data-start=\"18400\" data-end=\"18424\">licencovan\u00fd software<\/strong>.<br data-start=\"18425\" data-end=\"18428\" \/>Texty <strong data-start=\"18434\" data-end=\"18479\">nevkl\u00e1d\u00e1me do ve\u0159ejn\u00fdch online p\u0159eklada\u010d\u016f<\/strong>. P\u0159\u00edstup k dokument\u016fm m\u00e1 jen omezen\u00fd projektov\u00fd t\u00fdm a u citliv\u00fdch zak\u00e1zek b\u011b\u017en\u011b uzav\u00edr\u00e1me <strong data-start=\"18570\" data-end=\"18607\">NDA a dal\u0161\u00ed dohody o ml\u010denlivosti<\/strong>.<\/p>"},{"dotaz_minifaq":"Jak m\u016f\u017eu objednat p\u0159eklad do \u0159e\u010dtiny?","odpoved_minifaq":"<p>Text k p\u0159ekladu do \u0159e\u010dtiny n\u00e1m m\u016f\u017eete poslat <strong data-start=\"18708\" data-end=\"18750\">e-mailem nebo p\u0159es popt\u00e1vkov\u00fd formul\u00e1\u0159<\/strong> na webu. Uve\u010fte v\u00fdchoz\u00ed a c\u00edlov\u00fd jazyk, typ textu (nap\u0159. smlouva, technick\u00e1 dokumentace, web, marketing, turistick\u00e9 materi\u00e1ly) a po\u017eadovan\u00fd term\u00edn.<br data-start=\"18898\" data-end=\"18901\" \/>My v\u00e1m obratem p\u0159iprav\u00edme <strong data-start=\"18927\" data-end=\"18957\">nez\u00e1vaznou cenovou nab\u00eddku<\/strong>. Po jej\u00edm schv\u00e1len\u00ed vybereme vhodn\u00e9ho p\u0159ekladatele, nastav\u00edme rozsah kontroly (korektura, revize, p\u0159\u00edpadn\u011b DTP) a hotov\u00fd \u0159eck\u00fd p\u0159eklad v\u00e1m dod\u00e1me v domluven\u00e9m form\u00e1tu.<\/p>"}],"vlajka_jazyka":{"filesize":756,"ID":"3167","name":"gre-flag.svg","path":"\/www\/doc\/www.presto.cz\/www\/wp-content\/uploads\/2024\/11\/gre-flag.svg","url":"https:\/\/www.presto.cz\/wp-content\/uploads\/2024\/11\/gre-flag.svg","full_url":"https:\/\/www.presto.cz\/wp-content\/uploads\/2024\/11\/gre-flag.svg","title":"gre-flag","caption":"","description":"","alt":"","srcset":false,"width":false,"height":false},"nadpis_1_sekce":"M\u00e1me rozs\u00e1hl\u00e9 zku\u0161enosti s\u00a0p\u0159eklady do \u0159e\u010dtiny i\u00a0z\u00a0\u0159e\u010dtiny","odstavec_1_sekce_1_stpec":"<p>Nab\u00edz\u00edme profesion\u00e1ln\u00ed lidsk\u00e9 p\u0159eklady podporovan\u00e9 modern\u00edmi technologiemi i\u00a0strojov\u00e9 p\u0159eklady s\u00a0posteditac\u00ed.<\/p>\n<p>&nbsp;<\/p>\n<p>Spr\u00e1vnou stylistiku a\u00a0terminologii zaji\u0161\u0165uj\u00ed terminologick\u00e9 slovn\u00edky a\u00a0p\u0159ekladatelsk\u00e9 n\u00e1stroje, kter\u00e9 sleduj\u00ed jednotn\u00fd styl i\u00a0opakov\u00e1n\u00ed \u2013 co\u017e optimalizuje fin\u00e1ln\u00ed cenu p\u0159eklad\u016f.<\/p>\n<p>&nbsp;<\/p>\n<p>M\u00e1me bohat\u00e9 zku\u0161enosti s\u00a0pr\u00e1vn\u00edmi p\u0159eklady, ka\u017edoro\u010dn\u011b p\u0159elo\u017e\u00edme v\u00edce ne\u017e 60\u00a0000 normostran pr\u00e1vn\u00edch text\u016f.<\/p>\n","mininadpis_sekce_2":"Typy p\u0159eklad\u016f, kter\u00e9 zaji\u0161\u0165ujeme","nadpis_2_sekce":"Jak\u00e9 dokumenty nej\u010dast\u011bji p\u0159ekl\u00e1d\u00e1me z\u00a0\u0159e\u010dtiny a\u00a0do \u0159e\u010dtiny?","odstavec_2_sekce_2_stpec":"<p>P\u0159ekl\u00e1d\u00e1me \u0161irokou \u0161k\u00e1lu dokument\u016f, p\u0159edev\u0161\u00edm pro technick\u00e9, pr\u00e1vn\u00ed a\u00a0marketingov\u00e9 \u00fa\u010dely.<\/p>\n","odstavec_2_sekce_1_stpec":"<h4 style=\"color: initial\"><strong>Pr\u00e1vn\u00ed dokumenty<\/strong><\/h4>\n<ul>\n<li>P\u0159eklady smluv, z\u00e1kon\u016f, sm\u011brnic, vyhl\u00e1\u0161ek, \u017ealob, rozsudk\u016f, pr\u00e1vn\u00edch posudk\u016f a\u00a0firemn\u00edch p\u0159edpis\u016f.<\/li>\n<li>P\u0159eklady zakladatelsk\u00fdch listin, licen\u010dn\u00edch smluv, dokument\u016f ISO.<\/li>\n<li><a href=\"https:\/\/www.presto.cz\/odborne-preklady\/pravni-preklady\/\">Soudn\u00ed p\u0159eklady<\/a> (s\u00a0mo\u017enost\u00ed zaji\u0161t\u011bn\u00ed apostily nebo superlegalizace) pro ofici\u00e1ln\u00ed \u00fa\u010dely.<\/li>\n<\/ul>\n<h4 style=\"color: initial\"><b>Auditorsk\u00e9 a\u00a0bezpe\u010dnostn\u00ed dokumenty<\/b><\/h4>\n<p>P\u0159eklady auditorsk\u00fdch zpr\u00e1v, bezpe\u010dnostn\u00edch p\u0159edpis\u016f a\u00a0podklad\u016f pro v\u00fdb\u011brov\u00e1 \u0159\u00edzen\u00ed.<\/p>\n<h4 style=\"color: initial\"><b>Technick\u00e9 dokumentace<\/b><\/h4>\n<p>P\u0159eklady technick\u00fdch manu\u00e1l\u016f a\u00a0dal\u0161\u00edch specializovan\u00fdch dokument\u016f.<\/p>\n<h4 style=\"color: initial\"><b>Marketingov\u00e9 materi\u00e1ly<\/b><\/h4>\n<p>P\u0159eklady web\u016f, bro\u017eur, propaga\u010dn\u00edch kampan\u00ed a jin\u00fdch komunika\u010dn\u00edch text\u016f.\u00a0\u00a0<\/p>\n","nadpis_3_sekce":"Jak\u00e9 jazykov\u00e9 kombinace nab\u00edz\u00edme?","odstavec_3_sekce":"<p>P\u0159ekl\u00e1d\u00e1me dokumenty z\u00a0a\u00a0do \u0159e\u010dtiny v\u00a0r\u016fzn\u00fdch jazykov\u00fdch kombinac\u00edch.<\/p>\n","odrazky_sekce_3_1_ministpec":"<ul>\n<li>Z\u00a0\u0159e\u010dtiny do <strong>\u010de\u0161tiny<\/strong> a\u00a0naopak<\/li>\n<li>Z\u00a0\u0159e\u010dtiny do <b>angli\u010dtiny <\/b>a\u00a0naopak<\/li>\n<li>Z\u00a0\u0159e\u010dtiny do <strong>n\u011bm\u010diny<\/strong> a\u00a0naopak<\/li>\n<li>Z\u00a0\u0159e\u010dtiny do <b>\u010d\u00edn\u0161tiny <\/b>a\u00a0naopak<\/li>\n<li>Z\u00a0\u0159e\u010dtiny do <strong>\u0161pan\u011bl\u0161tiny<\/strong> a\u00a0naopak<\/li>\n<li>Z\u00a0\u0159e\u010dtiny do <b>francouz\u0161tiny <\/b>a\u00a0naopak<\/li>\n<li>Z\u00a0\u0159e\u010dtiny do <b>ital\u0161tiny <\/b>a\u00a0naopak<\/li>\n<\/ul>\n","odrazky_sekce_3_2_ministpec":"<ul>\n<li>Z\u00a0\u0159e\u010dtiny do <strong>sloven\u0161tiny<\/strong> a\u00a0naopak<\/li>\n<li>Z\u00a0\u0159e\u010dtiny do <strong>pol\u0161tiny<\/strong> a\u00a0naopak<\/li>\n<li>Z\u00a0\u0159e\u010dtiny do <strong>ukrajin\u0161tiny<\/strong> a\u00a0naopak<\/li>\n<li>Z\u00a0\u0159e\u010dtiny do <b>rumun\u0161tiny <\/b>a\u00a0naopak<\/li>\n<li>Z\u00a0\u0159e\u010dtiny do <b>portugal\u0161tiny <\/b>a\u00a0naopak<\/li>\n<li>Z\u00a0\u0159e\u010dtiny do <strong>ru\u0161tiny<\/strong> a\u00a0naopak<\/li>\n<li>a\u00a0mnoh\u00e9 dal\u0161\u00ed jazykov\u00e9 kombinace\u2026<\/li>\n<\/ul>\n","mininadpis_sekce_4":"V\u00edce o\u00a0p\u0159ekladech \u0159e\u010dtiny","nadpis_sekce_4":"Jak zajist\u00edme kvalitu a\u00a0odbornost?","nadpis_1_minisekce":"Zajist\u00edme jednotnou terminologii","odstavec_1_minisekce":"<p><span style=\"font-weight: 400\">N\u00e1stroje pro podporu p\u0159ekladu, kter\u00e9 vyu\u017e\u00edv\u00e1me, detekuj\u00ed pou\u017eit\u00e9 term\u00edny v\u00a0origin\u00e1le a\u00a0upozorn\u00ed p\u0159i nejednotn\u00e9m p\u0159ekladu. Stejn\u00fd p\u0159eklad nap\u0159\u00ed\u010d dokumenty pak zajist\u00edme ulo\u017een\u00edm term\u00ednu do intern\u00edho slovn\u00edku.<\/span><\/p>\n","nadpis_2_minisekce":"Zrychlujeme proces p\u0159ekladu","odstavec_2_minisekce":"<p>Prvotn\u00ed p\u0159eklad nech\u00e1me vyhotovit pomoc\u00ed neuronov\u00e9ho strojov\u00e9ho p\u0159ekladu (NMT) a n\u00e1sledn\u011b na\u0161i odborn\u00edci prov\u00e1d\u00ed posteditaci. Jsme tak\u00e9 certifikovan\u00ed podle normy ISO\u00a018587.<\/p>\n","nadpis_3_minisekce":"M\u00e1me odborn\u00edky na technick\u00e9 a\u00a0pr\u00e1vn\u00ed p\u0159eklady","odstavec_3_minisekce":"<p><span style=\"font-weight: 400\">Na pr\u00e1vn\u00edch a technick\u00fdch p\u0159ekladech spolupracujeme s\u00a0p\u0159ekladateli-specialisty, kte\u0159\u00ed se orientuj\u00ed v\u00a0oborov\u00e9 terminologii a\u00a0pr\u00e1vn\u00edch norm\u00e1ch. Na\u0161e p\u0159eklady v\u017edy vyhotovuj\u00ed rodil\u00ed mluv\u010d\u00ed a\u00a0nav\u00edc spl\u0148uj\u00ed normy kvality dle certifikac\u00ed ISO\u00a017100 a\u00a0ISO\u00a09001.<\/span><\/p>\n","mininadpis_sekce_zajimavost":"Zaj\u00edmavost","nadpis_sekce_zajimavost":"Jeden z\u00a0nejstar\u0161\u00edch evropsk\u00fdch jazyk\u016f","odstavec_sekce_zajimavost":"<p>\u0158e\u010dtina, kterou se dnes mluv\u00ed v\u00a0\u0158ecku a\u00a0na Kypru, je pro rozli\u0161en\u00ed od antick\u00fdch p\u00edsemnost\u00ed obvykle ozna\u010dov\u00e1na jako novo\u0159e\u010dtina. I\u00a0p\u0159es spletitou historii regionu je v\u00fdvoj \u0159e\u010dtiny velmi plynul\u00fd a\u00a0m\u016f\u017eeme dosledovat liter\u00e1rn\u00ed pam\u00e1tky star\u00e9 tis\u00edce let. Tak\u00e9 \u0159eck\u00e1 abeceda samotn\u00e1 velmi \u00fazce navazuje na p\u0159edch\u00e1zej\u00edc\u00ed p\u00edsma, a\u010dkoliv v\u00fdvoj pravopisu doznal je\u0161t\u011b velk\u00fdch zm\u011bn v\u00a0d\u016fsledku tureck\u00e9 nadvl\u00e1dy. Krom\u011b aramej\u0161tiny a\u00a0\u010d\u00edn\u0161tiny se tak v\u00a0podstat\u011b jedn\u00e1 o\u00a0jazyk s\u00a0nejdel\u0161\u00ed plynulou liter\u00e1rn\u00ed tradic\u00ed.\u00a0<\/p>\n<p>Druhou zaj\u00edmavost\u00ed je, \u017ee \u0159e\u010dtina a\u00a0jej\u00ed dialekty tvo\u0159\u00ed vlastn\u00ed skupinu indoevropsk\u00fdch jazyk\u016f, kter\u00e9 nejsou s\u00a0ostatn\u00edmi jazyky bl\u00ed\u017ee p\u0159\u00edbuzn\u00e9.\u00a0<\/p>\n","obrazek_zajimavost":{"width":150,"height":150,"file":"2025\/03\/pexels-photo-951539.jpeg","filesize":158768,"sizes":{"medium":{"file":"pexels-photo-951539-300x200.jpeg","width":300,"height":200,"mime-type":"image\/jpeg","filesize":15796,"url":"https:\/\/www.presto.cz\/wp-content\/uploads\/2025\/03\/pexels-photo-951539-300x200.jpeg"},"large":{"file":"pexels-photo-951539-1024x683.jpeg","width":1024,"height":683,"mime-type":"image\/jpeg","filesize":157942,"url":"https:\/\/www.presto.cz\/wp-content\/uploads\/2025\/03\/pexels-photo-951539-1024x683.jpeg"},"thumbnail":{"file":"pexels-photo-951539-150x150.jpeg","width":150,"height":150,"mime-type":"image\/jpeg","filesize":7388,"url":"https:\/\/www.presto.cz\/wp-content\/uploads\/2025\/03\/pexels-photo-951539-150x150.jpeg"},"medium_large":{"file":"pexels-photo-951539-768x512.jpeg","width":768,"height":512,"mime-type":"image\/jpeg","filesize":90674,"url":"https:\/\/www.presto.cz\/wp-content\/uploads\/2025\/03\/pexels-photo-951539-768x512.jpeg"}},"image_meta":{"aperture":"0","credit":"","camera":"","caption":"","created_timestamp":"0","copyright":"","focal_length":"0","iso":"0","shutter_speed":"0","title":"","orientation":"0","keywords":[]},"ID":"3007","name":"pexels-photo-951539.jpeg","path":"\/www\/doc\/www.presto.cz\/www\/wp-content\/uploads\/2025\/03\/pexels-photo-951539.jpeg","url":"https:\/\/www.presto.cz\/wp-content\/uploads\/2025\/03\/pexels-photo-951539-150x150.jpeg","full_url":"https:\/\/www.presto.cz\/wp-content\/uploads\/2025\/03\/pexels-photo-951539.jpeg","title":"pexels-photo-951539","caption":"","description":"","alt":"","srcset":false},"nadpis_red_cta":"Pot\u0159ebujete profesion\u00e1ln\u00ed p\u0159eklady \u0159e\u010dtiny?","odstavec_red_cta":"Spojte se s\u00a0n\u00e1mi a\u00a0zjist\u011bte, jak v\u00e1m m\u016f\u017eeme pomoci s\u00a0p\u0159eklady \u010di lokalizac\u00ed.","primary_button_text":"Nez\u00e1vazn\u00e1 kalkulace","primary_button_odkaz":551,"secondary_button_text":"Zjistit v\u00edce","secondary_button_odkaz":482},"_links":{"self":[{"href":"https:\/\/www.presto.cz\/cz\/wp-json\/wp\/v2\/pages\/3006","targetHints":{"allow":["GET"]}}],"collection":[{"href":"https:\/\/www.presto.cz\/cz\/wp-json\/wp\/v2\/pages"}],"about":[{"href":"https:\/\/www.presto.cz\/cz\/wp-json\/wp\/v2\/types\/page"}],"author":[{"embeddable":true,"href":"https:\/\/www.presto.cz\/cz\/wp-json\/wp\/v2\/users\/2"}],"replies":[{"embeddable":true,"href":"https:\/\/www.presto.cz\/cz\/wp-json\/wp\/v2\/comments?post=3006"}],"version-history":[{"count":3,"href":"https:\/\/www.presto.cz\/cz\/wp-json\/wp\/v2\/pages\/3006\/revisions"}],"predecessor-version":[{"id":7762,"href":"https:\/\/www.presto.cz\/cz\/wp-json\/wp\/v2\/pages\/3006\/revisions\/7762"}],"wp:featuredmedia":[{"embeddable":true,"href":"https:\/\/www.presto.cz\/cz\/wp-json\/wp\/v2\/media\/1580"}],"wp:attachment":[{"href":"https:\/\/www.presto.cz\/cz\/wp-json\/wp\/v2\/media?parent=3006"}],"wp:term":[{"taxonomy":"prekladany-jazyk","embeddable":true,"href":"https:\/\/www.presto.cz\/cz\/wp-json\/wp\/v2\/prekladany-jazyk?post=3006"}],"curies":[{"name":"wp","href":"https:\/\/api.w.org\/{rel}","templated":true}]}}