{"id":3003,"date":"2025-03-25T16:58:03","date_gmt":"2025-03-25T15:58:03","guid":{"rendered":"https:\/\/presto.digiamo.cz\/presto\/?page_id=3003"},"modified":"2026-03-02T11:12:07","modified_gmt":"2026-03-02T10:12:07","slug":"preklady-perstiny","status":"publish","type":"page","link":"https:\/\/www.presto.cz\/cz\/preklady-perstiny","title":{"rendered":"P\u0159eklady per\u0161tiny"},"content":{"rendered":"\n<p class=\"h--3 margin-bottom--m\">P\u0159esn\u011b, rychle a\u00a0s\u00a0d\u016frazem na kvalitu.<\/p>\n\n<p>Nab\u00edz\u00edme p\u0159eklady do per\u0161tiny a\u00a0z\u00a0per\u0161tiny s\u00a0vyu\u017eit\u00edm pokro\u010dil\u00fdch technologi\u00ed a\u00a0\u0161pi\u010dkov\u00fdch odborn\u00edk\u016f.<\/p>\n\n<p><\/p>\n","protected":false},"excerpt":{"rendered":"<p>P\u0159esn\u011b, rychle a\u00a0s\u00a0d\u016frazem na kvalitu. Nab\u00edz\u00edme p\u0159eklady do per\u0161tiny a\u00a0z\u00a0per\u0161tiny s\u00a0vyu\u017eit\u00edm pokro\u010dil\u00fdch technologi\u00ed a\u00a0\u0161pi\u010dkov\u00fdch odborn\u00edk\u016f.<\/p>\n","protected":false},"author":2,"featured_media":1580,"parent":0,"menu_order":0,"comment_status":"closed","ping_status":"closed","template":"","meta":{"footnotes":""},"prekladany-jazyk":[20],"class_list":["post-3003","page","type-page","status-publish","has-post-thumbnail","hentry","prekladany-jazyk-ano"],"meta_box":{"group_mini__faq":[{"dotaz_minifaq":"Kolik stoj\u00ed p\u0159eklad jedn\u00e9 strany do per\u0161tiny?","odpoved_minifaq":"<p data-start=\"223\" data-end=\"770\">Cena p\u0159ekladu do per\u0161tiny z\u00e1vis\u00ed na <strong data-start=\"314\" data-end=\"377\">rozsahu textu, odbornosti, term\u00ednu dod\u00e1n\u00ed a v\u00fdchoz\u00edm jazyce<\/strong> (\u010dasto \u010de\u0161tina nebo angli\u010dtina).<br data-start=\"410\" data-end=\"413\" \/>Nej\u010dast\u011bji \u00fa\u010dtujeme podle po\u010dtu <strong data-start=\"445\" data-end=\"477\">normostran hotov\u00e9ho p\u0159ekladu<\/strong> \u2013 1 normostrana = 1 800 znak\u016f persk\u00e9ho textu v\u010detn\u011b mezer. U n\u011bkter\u00fdch projekt\u016f je mo\u017en\u00e9 domluvit cenu i podle <strong data-start=\"589\" data-end=\"631\">po\u010dtu slov nebo znak\u016f zdrojov\u00e9ho textu<\/strong>; konkr\u00e9tn\u00ed model v\u017edy up\u0159esn\u00edme v nez\u00e1vazn\u00e9 kalkulaci.<br data-start=\"686\" data-end=\"689\" \/>Nejp\u0159esn\u011bj\u0161\u00ed cenu za p\u0159eklad do per\u0161tiny v\u00e1m sd\u011bl\u00edme po zasl\u00e1n\u00ed souboru s textem.<\/p>"},{"dotaz_minifaq":"Jak rychle zvl\u00e1dnete p\u0159eklad do per\u0161tiny?","odpoved_minifaq":"<p data-start=\"777\" data-end=\"1130\">Kr\u00e1tk\u00e9 a m\u00e9n\u011b n\u00e1ro\u010dn\u00e9 texty do per\u0161tiny zvl\u00e1d\u00e1me obvykle <strong data-start=\"885\" data-end=\"910\">do 1\u20132 pracovn\u00edch dn\u016f<\/strong>. U del\u0161\u00edch, odborn\u00fdch nebo graficky slo\u017eit\u011bj\u0161\u00edch dokument\u016f z\u00e1le\u017e\u00ed na rozsahu a domluven\u00e9m term\u00ednu.<br data-start=\"1009\" data-end=\"1012\" \/>Po obdr\u017een\u00ed podklad\u016f v\u00e1m v\u017edy navrhneme <strong data-start=\"1052\" data-end=\"1079\">konkr\u00e9tn\u00ed term\u00edn dod\u00e1n\u00ed<\/strong>, p\u0159\u00edpadn\u011b v\u00edce variant podle po\u017eadovan\u00e9 rychlosti.<\/p>"},{"dotaz_minifaq":"Nab\u00edz\u00edte expresn\u00ed p\u0159eklad do per\u0161tiny?","odpoved_minifaq":"<p>Ano, u vhodn\u00fdch typ\u016f text\u016f dok\u00e1\u017eeme zajistit i <strong data-start=\"1232\" data-end=\"1265\">expresn\u00ed p\u0159eklady do per\u0161tiny<\/strong> \u2013 nap\u0159\u00edklad b\u011bhem jednoho dne \u010di p\u0159es v\u00edkend.<br data-start=\"1311\" data-end=\"1314\" \/>U expresn\u00edch zak\u00e1zek po\u010d\u00edtejte s p\u0159\u00edplatkem za urgentn\u00ed zpracov\u00e1n\u00ed, jeho v\u00fd\u0161i ale <strong data-start=\"1396\" data-end=\"1431\">v\u017edy p\u0159edem uvedeme v kalkulaci<\/strong>, abyste se mohli snadno rozhodnout.<\/p>"},{"dotaz_minifaq":"Jak zaji\u0161\u0165ujete kvalitu p\u0159eklad\u016f do per\u0161tiny?","odpoved_minifaq":"<p>Per\u0161tina pou\u017e\u00edv\u00e1 jin\u00e9 p\u00edsmo a jinou strukturu v\u011bt ne\u017e \u010de\u0161tina, proto ji sv\u011b\u0159ujeme <strong data-start=\"1611\" data-end=\"1644\">specializovan\u00fdm p\u0159ekladatel\u016fm<\/strong>, kte\u0159\u00ed se dlouhodob\u011b v\u011bnuj\u00ed persk\u00e9mu jazyku i oblasti Bl\u00edzk\u00e9ho v\u00fdchodu.<br data-start=\"1716\" data-end=\"1719\" \/>Krom\u011b lidsk\u00e9 pr\u00e1ce vyu\u017e\u00edv\u00e1me tak\u00e9 <strong data-start=\"1753\" data-end=\"1797\">CAT n\u00e1stroje a kontroln\u00ed mechanismy (QA)<\/strong>, kter\u00e9 hl\u00eddaj\u00ed konzistenci terminologie, \u010d\u00edsla, form\u00e1t a spr\u00e1vn\u00e9 zobrazen\u00ed textu zprava doleva. U d\u016fle\u017eit\u00fdch dokument\u016f zapojujeme nav\u00edc <strong data-start=\"1934\" data-end=\"1965\">korekturu druh\u00fdm lingvistou<\/strong>.<\/p>"},{"dotaz_minifaq":"P\u0159ekl\u00e1d\u00e1te i pr\u00e1vn\u00ed a technick\u00e9 texty do per\u0161tiny?","odpoved_minifaq":"<p>Ano, zaji\u0161\u0165ujeme i <strong data-start=\"2052\" data-end=\"2105\">pr\u00e1vn\u00ed, technick\u00e9 a obchodn\u00ed p\u0159eklady do per\u0161tiny<\/strong> \u2013 smlouvy, nab\u00eddky, technickou dokumentaci, bezpe\u010dnostn\u00ed listy, firemn\u00ed sm\u011brnice \u010di exportn\u00ed dokumenty.<br data-start=\"2209\" data-end=\"2212\" \/>U t\u011bchto zak\u00e1zek vyb\u00edr\u00e1me p\u0159ekladatele se <strong data-start=\"2254\" data-end=\"2283\">specializac\u00ed na dan\u00fd obor<\/strong> a podle pot\u0159eby p\u0159id\u00e1v\u00e1me odbornou revizi, aby byl persk\u00fd text p\u0159esn\u00fd po jazykov\u00e9 i v\u011bcn\u00e9 str\u00e1nce.<\/p>"},{"dotaz_minifaq":"Jak\u00fd je rozd\u00edl mezi b\u011b\u017en\u00fdm a odborn\u00fdm p\u0159ekladem do per\u0161tiny?","odpoved_minifaq":"<p>B\u011b\u017en\u00fd p\u0159eklad do per\u0161tiny se pou\u017e\u00edv\u00e1 u text\u016f bez n\u00e1ro\u010dn\u00e9 terminologie \u2013 nap\u0159\u00edklad obecn\u00e9 informace, intern\u00ed sd\u011blen\u00ed nebo jednoduch\u00e9 webov\u00e9 texty.<br data-start=\"2604\" data-end=\"2607\" \/>Odborn\u00fd p\u0159eklad je ur\u010den pro texty s <strong data-start=\"2644\" data-end=\"2709\">p\u0159esn\u011b definovan\u00fdmi pr\u00e1vn\u00edmi, technick\u00fdmi \u010di finan\u010dn\u00edmi pojmy<\/strong>, kde je d\u016fle\u017eit\u00e1 jednozna\u010dnost a odpov\u011bdnost. U odborn\u00fdch p\u0159eklad\u016f do per\u0161tiny v\u017edy pracuje specializovan\u00fd p\u0159ekladatel a \u010dasto i druh\u00fd kontrolor.<\/p>"},{"dotaz_minifaq":"P\u0159ekl\u00e1daj\u00ed v\u00e1m texty do per\u0161tiny rodil\u00ed mluv\u010d\u00ed?","odpoved_minifaq":"<p>Ano, u per\u0161tiny spolupracujeme s <strong data-start=\"2952\" data-end=\"2981\">rodil\u00fdmi mluv\u010d\u00edmi (f\u00e1rs\u00ed)<\/strong> i s p\u0159ekladateli, kte\u0159\u00ed v persk\u00e9m jazyce dlouhodob\u011b pracuj\u00ed.<br data-start=\"3042\" data-end=\"3045\" \/>U web\u016f, marketingov\u00fdch materi\u00e1l\u016f, prezentac\u00ed a dal\u0161\u00edch reprezentativn\u00edch text\u016f doporu\u010dujeme fin\u00e1ln\u00ed <strong data-start=\"3145\" data-end=\"3174\">korekturu rodil\u00fdm mluv\u010d\u00edm<\/strong>, aby text zn\u011bl p\u0159irozen\u011b a odpov\u00eddal zvyklostem v \u00cdr\u00e1nu a dal\u0161\u00edch persky mluv\u00edc\u00edch regionech.<\/p>"},{"dotaz_minifaq":"P\u0159izp\u016fsob\u00edte p\u0159eklad do per\u0161tiny c\u00edlov\u00e9mu trhu a kultu\u0159e?","odpoved_minifaq":"<p>Ano, p\u0159eklady do per\u0161tiny v\u017edy p\u0159izp\u016fsobujeme <strong data-start=\"3388\" data-end=\"3424\">konkr\u00e9tn\u00ed c\u00edlov\u00e9 skupin\u011b a \u00fa\u010delu<\/strong> \u2013 jinak bude vypadat text pro persk\u00fd \u00fa\u0159ad, jinak pro obchodn\u00edho partnera a jinak pro online marketing.<br data-start=\"3527\" data-end=\"3530\" \/>P\u0159i lokalizaci do per\u0161tiny zohled\u0148ujeme <strong data-start=\"3570\" data-end=\"3640\">kulturn\u00ed kontext, form\u00e1ln\u00ed zdvo\u0159ilostn\u00ed roviny i citliv\u011bj\u0161\u00ed t\u00e9mata<\/strong>, aby text v c\u00edlov\u00e9m prost\u0159ed\u00ed p\u016fsobil p\u0159irozen\u011b.<\/p>"},{"dotaz_minifaq":"P\u0159ekl\u00e1d\u00e1te i webov\u00e9 str\u00e1nky, e-shopy a software do per\u0161tiny?","odpoved_minifaq":"<p>Ano, zaji\u0161\u0165ujeme <strong data-start=\"3783\" data-end=\"3856\">lokalizaci web\u016f, e-shop\u016f, z\u00e1kaznick\u00fdch port\u00e1l\u016f a aplikac\u00ed do per\u0161tiny<\/strong> v\u010detn\u011b spr\u00e1vn\u00e9ho zobrazen\u00ed textu zprava doleva.<br data-start=\"3904\" data-end=\"3907\" \/>Um\u00edme pracovat s exporty z CMS a e-shopov\u00fdch syst\u00e9m\u016f i s technick\u00fdmi form\u00e1ty (nap\u0159. XML, JSON). Sou\u010d\u00e1st\u00ed m\u016f\u017ee b\u00fdt tak\u00e9 <strong data-start=\"4026\" data-end=\"4053\">p\u0159eklad titulk\u016f a vide\u00ed<\/strong> pro persky mluv\u00edc\u00ed publikum.<\/p>"},{"dotaz_minifaq":"Zaji\u0161\u0165ujete soudn\u00ed (\u00fa\u0159edn\u00ed) p\u0159eklady do per\u0161tiny s raz\u00edtkem?","odpoved_minifaq":"<p>Ano, podle typu dokumentu m\u016f\u017eeme zajistit i <strong data-start=\"4204\" data-end=\"4248\">soudn\u00ed p\u0159eklady do per\u0161tiny a z per\u0161tiny<\/strong> s kulat\u00fdm raz\u00edtkem soudn\u00edho tlumo\u010dn\u00edka. Hod\u00ed se nap\u0159\u00edklad pro \u00fa\u0159ady, soudy, \u0161koly nebo imigra\u010dn\u00ed \u0159\u00edzen\u00ed.<br data-start=\"4353\" data-end=\"4356\" \/>Sta\u010d\u00ed n\u00e1m zaslat sken dokumentu a napsat, pro jak\u00fd \u00fa\u010del p\u0159eklad pot\u0159ebujete \u2013 porad\u00edme, zda je nutn\u00fd soudn\u00ed p\u0159eklad, nebo posta\u010d\u00ed b\u011b\u017en\u00fd.<\/p>"},{"dotaz_minifaq":"Zaji\u0161\u0165ujete i p\u0159eklady z per\u0161tiny do jin\u00fdch jazyk\u016f ne\u017e jen do \u010de\u0161tiny?","odpoved_minifaq":"<p>Ano, p\u0159ekl\u00e1d\u00e1me <strong data-start=\"4596\" data-end=\"4627\">z per\u0161tiny nejen do \u010de\u0161tiny<\/strong>, ale i do <strong data-start=\"4638\" data-end=\"4678\">angli\u010dtiny, n\u011bm\u010diny a dal\u0161\u00edch jazyk\u016f<\/strong> podle va\u0161ich pot\u0159eb.<br data-start=\"4699\" data-end=\"4702\" \/>U mezin\u00e1rodn\u00edch projekt\u016f dok\u00e1\u017eeme z jednoho persk\u00e9ho origin\u00e1lu vytvo\u0159it <strong data-start=\"4774\" data-end=\"4808\">v\u00edce jazykov\u00fdch verz\u00ed najednou<\/strong> a pohl\u00eddat, aby si obsahov\u011b odpov\u00eddaly.<\/p>"},{"dotaz_minifaq":"Pou\u017e\u00edv\u00e1te p\u0159i p\u0159ekladech do per\u0161tiny um\u011blou inteligenci nebo strojov\u00fd p\u0159eklad?","odpoved_minifaq":"<p>U per\u0161tiny vyu\u017e\u00edv\u00e1me <strong data-start=\"4965\" data-end=\"4990\">AI a strojov\u00fd p\u0159eklad<\/strong> pouze jako dopl\u0148kov\u00fd n\u00e1stroj pro vybran\u00e9 intern\u00ed nebo opakuj\u00edc\u00ed se texty, a i tam plat\u00ed, \u017ee fin\u00e1ln\u00ed verze <strong data-start=\"5097\" data-end=\"5144\">v\u017edy proch\u00e1z\u00ed detailn\u00ed \u00fapravou p\u0159ekladatele<\/strong>.<br data-start=\"5145\" data-end=\"5148\" \/>U pr\u00e1vn\u00edch, technick\u00fdch a marketingov\u00fdch text\u016f do per\u0161tiny doporu\u010dujeme <strong data-start=\"5220\" data-end=\"5244\">\u010dist\u011b lidsk\u00fd p\u0159eklad<\/strong>, proto\u017ee kvalita automatick\u00fdch n\u00e1stroj\u016f u tohoto jazyka m\u00e1 sv\u00e1 omezen\u00ed.<\/p>"},{"dotaz_minifaq":"Pracujete u p\u0159eklad\u016f do per\u0161tiny s p\u0159ekladov\u00fdmi pam\u011btmi a CAT n\u00e1stroji?","odpoved_minifaq":"<p>Ano, i u per\u0161tiny pou\u017e\u00edv\u00e1me <strong data-start=\"5433\" data-end=\"5469\">CAT n\u00e1stroje a p\u0159ekladov\u00e9 pam\u011bti<\/strong>, zejm\u00e9na u v\u011bt\u0161\u00edch nebo dlouhodob\u00fdch projekt\u016f. Pom\u00e1haj\u00ed n\u00e1m znovu vyu\u017e\u00edt schv\u00e1len\u00e9 formulace a dr\u017eet strukturu a terminologii st\u00e1le stejnou.<br data-start=\"5610\" data-end=\"5613\" \/>Pro st\u00e1l\u00e9 klienty vytv\u00e1\u0159\u00edme tak\u00e9 <strong data-start=\"5646\" data-end=\"5679\">persk\u00e9 terminologick\u00e9 glos\u00e1\u0159e<\/strong>, aby kl\u00ed\u010dov\u00e9 pojmy a n\u00e1zvy byly ve v\u0161ech textech p\u0159ekl\u00e1d\u00e1ny jednotn\u011b.<\/p>"},{"dotaz_minifaq":"Jak je u p\u0159eklad\u016f do per\u0161tiny zaji\u0161t\u011bn\u00e1 bezpe\u010dnost a d\u016fv\u011brnost dat?","odpoved_minifaq":"<p>Dokumenty pro p\u0159eklad do per\u0161tiny zpracov\u00e1v\u00e1me v <strong data-start=\"5883\" data-end=\"5920\">zabezpe\u010den\u00fdch intern\u00edch syst\u00e9mech<\/strong> a pou\u017e\u00edv\u00e1me pouze <strong data-start=\"5939\" data-end=\"5963\">licencovan\u00fd software<\/strong>.<br data-start=\"5964\" data-end=\"5967\" \/>\u017d\u00e1dn\u00e9 texty <strong data-start=\"5979\" data-end=\"6024\">nevkl\u00e1d\u00e1me do ve\u0159ejn\u00fdch online p\u0159eklada\u010d\u016f<\/strong>. P\u0159\u00edstup k materi\u00e1l\u016fm m\u00e1 jen omezen\u00fd projektov\u00fd t\u00fdm a u citliv\u00fdch zak\u00e1zek b\u011b\u017en\u011b uzav\u00edr\u00e1me <strong data-start=\"6115\" data-end=\"6152\">NDA a dal\u0161\u00ed dohody o ml\u010denlivosti<\/strong>.<\/p>"},{"dotaz_minifaq":"Jak m\u016f\u017eu objednat p\u0159eklad do per\u0161tiny?","odpoved_minifaq":"<p>Text k p\u0159ekladu do per\u0161tiny n\u00e1m m\u016f\u017eete poslat <strong data-start=\"6255\" data-end=\"6297\">e-mailem nebo p\u0159es popt\u00e1vkov\u00fd formul\u00e1\u0159<\/strong> na webu. Uve\u010fte v\u00fdchoz\u00ed a c\u00edlov\u00fd jazyk, typ textu (smlouva, technick\u00e1 dokumentace, web, marketing apod.) a po\u017eadovan\u00fd term\u00edn dod\u00e1n\u00ed.<br data-start=\"6430\" data-end=\"6433\" \/>My v\u00e1m obratem p\u0159iprav\u00edme <strong data-start=\"6459\" data-end=\"6489\">nez\u00e1vaznou cenovou nab\u00eddku<\/strong>. Po jej\u00edm schv\u00e1len\u00ed vybereme vhodn\u00e9ho p\u0159ekladatele, nastav\u00edme pot\u0159ebnou kontrolu (korektura, revize) a hotov\u00fd persk\u00fd p\u0159eklad v\u00e1m dod\u00e1me v domluven\u00e9m form\u00e1tu.<\/p>"}],"vlajka_jazyka":{"filesize":1473,"ID":"7774","name":"Flag_of_Iran.svg","path":"\/www\/doc\/www.presto.cz\/www\/wp-content\/uploads\/2025\/04\/Flag_of_Iran.svg","url":"https:\/\/www.presto.cz\/wp-content\/uploads\/2025\/04\/Flag_of_Iran.svg","full_url":"https:\/\/www.presto.cz\/wp-content\/uploads\/2025\/04\/Flag_of_Iran.svg","title":"Flag_of_Iran","caption":"","description":"","alt":"","srcset":false,"width":false,"height":false},"nadpis_1_sekce":"M\u00e1me rozs\u00e1hl\u00e9 zku\u0161enosti s\u00a0p\u0159eklady do per\u0161tiny i\u00a0z\u00a0per\u0161tiny","odstavec_1_sekce_1_stpec":"<p>Nab\u00edz\u00edme profesion\u00e1ln\u00ed lidsk\u00e9 p\u0159eklady podporovan\u00e9 modern\u00edmi technologiemi i\u00a0strojov\u00e9 p\u0159eklady s\u00a0posteditac\u00ed.<\/p>\n<p>&nbsp;<\/p>\n<p>Spr\u00e1vnou stylistiku a\u00a0terminologii zaji\u0161\u0165uj\u00ed terminologick\u00e9 slovn\u00edky a\u00a0p\u0159ekladatelsk\u00e9 n\u00e1stroje, kter\u00e9 sleduj\u00ed jednotn\u00fd styl i\u00a0opakov\u00e1n\u00ed \u2013 co\u017e optimalizuje fin\u00e1ln\u00ed cenu p\u0159eklad\u016f.<\/p>\n<p>&nbsp;<\/p>\n<p>M\u00e1me bohat\u00e9 zku\u0161enosti s\u00a0pr\u00e1vn\u00edmi p\u0159eklady, ka\u017edoro\u010dn\u011b p\u0159elo\u017e\u00edme v\u00edce ne\u017e 60\u00a0000 normostran pr\u00e1vn\u00edch text\u016f.<\/p>\n","mininadpis_sekce_2":"Typy p\u0159eklad\u016f, kter\u00e9 zaji\u0161\u0165ujeme","nadpis_2_sekce":"Jak\u00e9 dokumenty nej\u010dast\u011bji p\u0159ekl\u00e1d\u00e1me z\u00a0per\u0161tiny a\u00a0do per\u0161tiny?","odstavec_2_sekce_2_stpec":"<p>P\u0159ekl\u00e1d\u00e1me \u0161irokou \u0161k\u00e1lu dokument\u016f, p\u0159edev\u0161\u00edm pro technick\u00e9, pr\u00e1vn\u00ed a\u00a0marketingov\u00e9 \u00fa\u010dely.<\/p>\n","odstavec_2_sekce_1_stpec":"<h4 style=\"color: initial\"><strong>Pr\u00e1vn\u00ed dokumenty<\/strong><\/h4>\n<ul>\n<li>P\u0159eklady smluv, z\u00e1kon\u016f, sm\u011brnic, vyhl\u00e1\u0161ek, \u017ealob, rozsudk\u016f, pr\u00e1vn\u00edch posudk\u016f a\u00a0firemn\u00edch p\u0159edpis\u016f.<\/li>\n<li>P\u0159eklady zakladatelsk\u00fdch listin, licen\u010dn\u00edch smluv, dokument\u016f ISO.<\/li>\n<li><a href=\"https:\/\/www.presto.cz\/odborne-preklady\/pravni-preklady\/\">Soudn\u00ed p\u0159eklady<\/a> (s\u00a0mo\u017enost\u00ed zaji\u0161t\u011bn\u00ed apostily nebo superlegalizace) pro ofici\u00e1ln\u00ed \u00fa\u010dely.<\/li>\n<\/ul>\n<h4 style=\"color: initial\"><b>Auditorsk\u00e9 a\u00a0bezpe\u010dnostn\u00ed dokumenty<\/b><\/h4>\n<p>P\u0159eklady auditorsk\u00fdch zpr\u00e1v, bezpe\u010dnostn\u00edch p\u0159edpis\u016f a\u00a0podklad\u016f pro v\u00fdb\u011brov\u00e1 \u0159\u00edzen\u00ed.<\/p>\n<h4 style=\"color: initial\"><b>Technick\u00e9 dokumentace<\/b><\/h4>\n<p>P\u0159eklady technick\u00fdch manu\u00e1l\u016f a\u00a0dal\u0161\u00edch specializovan\u00fdch dokument\u016f.<\/p>\n<h4 style=\"color: initial\"><b>Marketingov\u00e9 materi\u00e1ly<\/b><\/h4>\n<p>P\u0159eklady web\u016f, bro\u017eur, propaga\u010dn\u00edch kampan\u00ed a jin\u00fdch komunika\u010dn\u00edch text\u016f.\u00a0\u00a0<\/p>\n","nadpis_3_sekce":"Jak\u00e9 jazykov\u00e9 kombinace nab\u00edz\u00edme?","odstavec_3_sekce":"<p>P\u0159ekl\u00e1d\u00e1me dokumenty z\u00a0a\u00a0do per\u0161tiny v\u00a0r\u016fzn\u00fdch jazykov\u00fdch kombinac\u00edch.<\/p>\n","odrazky_sekce_3_1_ministpec":"<ul>\n<li>Z\u00a0per\u0161tiny do <strong>\u010de\u0161tiny<\/strong> a\u00a0naopak<\/li>\n<li>Z\u00a0per\u0161tiny do <b>angli\u010dtiny <\/b>a\u00a0naopak<\/li>\n<li>Z\u00a0per\u0161tiny do <strong>n\u011bm\u010diny<\/strong> a\u00a0naopak<\/li>\n<li>Z\u00a0per\u0161tiny do <b>\u010d\u00edn\u0161tiny <\/b>a\u00a0naopak<\/li>\n<li>Z\u00a0per\u0161tiny do <strong>\u0161pan\u011bl\u0161tiny<\/strong> a\u00a0naopak<\/li>\n<li>Z\u00a0per\u0161tiny do <b>francouz\u0161tiny <\/b>a\u00a0naopak<\/li>\n<li>Z\u00a0per\u0161tiny do <b>ital\u0161tiny <\/b>a\u00a0naopak<\/li>\n<\/ul>\n","odrazky_sekce_3_2_ministpec":"<ul>\n<li>Z\u00a0per\u0161tiny do <strong>sloven\u0161tiny<\/strong> a\u00a0naopak<\/li>\n<li>Z\u00a0per\u0161tiny do <strong>pol\u0161tiny<\/strong> a\u00a0naopak<\/li>\n<li>Z\u00a0per\u0161tiny do <strong>ukrajin\u0161tiny<\/strong> a\u00a0naopak<\/li>\n<li>Z\u00a0per\u0161tiny do <b>rumun\u0161tiny <\/b>a\u00a0naopak<\/li>\n<li>Z\u00a0per\u0161tiny do <b>portugal\u0161tiny <\/b>a\u00a0naopak<\/li>\n<li>Z\u00a0per\u0161tiny do <strong>ru\u0161tiny<\/strong> a\u00a0naopak<\/li>\n<li>a\u00a0mnoh\u00e9 dal\u0161\u00ed jazykov\u00e9 kombinace\u2026<\/li>\n<\/ul>\n","mininadpis_sekce_4":"V\u00edce o\u00a0p\u0159ekladech per\u0161tiny","nadpis_sekce_4":"Jak zajist\u00edme kvalitu a\u00a0odbornost?","nadpis_1_minisekce":"Zajist\u00edme jednotnou terminologii","odstavec_1_minisekce":"<p><span style=\"font-weight: 400\">N\u00e1stroje pro podporu p\u0159ekladu, kter\u00e9 vyu\u017e\u00edv\u00e1me, detekuj\u00ed pou\u017eit\u00e9 term\u00edny v\u00a0origin\u00e1le a\u00a0upozorn\u00ed p\u0159i nejednotn\u00e9m p\u0159ekladu. Stejn\u00fd p\u0159eklad nap\u0159\u00ed\u010d dokumenty pak zajist\u00edme ulo\u017een\u00edm term\u00ednu do intern\u00edho slovn\u00edku.<\/span><\/p>\n","nadpis_2_minisekce":"Zrychlujeme proces p\u0159ekladu","odstavec_2_minisekce":"<p>Prvotn\u00ed p\u0159eklad nech\u00e1me vyhotovit pomoc\u00ed neuronov\u00e9ho strojov\u00e9ho p\u0159ekladu (NMT) a n\u00e1sledn\u011b na\u0161i odborn\u00edci prov\u00e1d\u00ed posteditaci. Jsme tak\u00e9 certifikovan\u00ed podle normy ISO\u00a018587.<\/p>\n","nadpis_3_minisekce":"M\u00e1me odborn\u00edky na technick\u00e9 a\u00a0pr\u00e1vn\u00ed p\u0159eklady","odstavec_3_minisekce":"<p><span style=\"font-weight: 400\">Na pr\u00e1vn\u00edch a technick\u00fdch p\u0159ekladech spolupracujeme s\u00a0p\u0159ekladateli-specialisty, kte\u0159\u00ed se orientuj\u00ed v\u00a0oborov\u00e9 terminologii a\u00a0pr\u00e1vn\u00edch norm\u00e1ch. Na\u0161e p\u0159eklady v\u017edy vyhotovuj\u00ed rodil\u00ed mluv\u010d\u00ed a\u00a0nav\u00edc spl\u0148uj\u00ed normy kvality dle certifikac\u00ed ISO\u00a017100 a\u00a0ISO\u00a09001.<\/span><\/p>\n","mininadpis_sekce_zajimavost":"Zaj\u00edmavost","nadpis_sekce_zajimavost":"\u00cdr\u00e1nsk\u00e9 jazyky","odstavec_sekce_zajimavost":"<p>\u00cdr\u00e1nsk\u00e1 per\u0161tina, tak\u00e9 naz\u00fdvan\u00e1 f\u00e1rs\u00ed, je jedin\u00fdm \u00fa\u0159edn\u00edm jazykem \u00cdr\u00e1nu, kde j\u00ed hovo\u0159\u00ed p\u0159es 70\u00a0milion\u016f obyvatel. Je tak\u00e9 roz\u0161\u00ed\u0159en\u00e1 v\u00a0\u0159ad\u011b dal\u0161\u00edch zem\u00ed Bl\u00edzk\u00e9ho a St\u0159edn\u00edho v\u00fdchodu a nejv\u00edce se podob\u00e1 d\u00e1rij\u0161tin\u011b a tak\u00e9 t\u00e1d\u017ei\u010dtin\u011b;li\u0161\u00ed se od sebe jen m\u00e1lo \u2013 mimo jin\u00e9 v tom, odkud p\u0159eb\u00edraj\u00ed nov\u00e1 slova. Zat\u00edmco \u00edr\u00e1nsk\u00e1 per\u0161tina p\u0159evzala v\u00edce slov z\u00a0francouz\u0161tiny, arab\u0161tiny a\u00a0ture\u010dtiny, t\u00e1d\u017ei\u010dtina zase z\u00a0ru\u0161tiny a\u00a0d\u00e1rij\u0161tina z\u00a0pa\u0161t\u0161tiny. Per\u0161tina se zapisuje upravenou verz\u00ed arabsk\u00e9ho p\u00edsma.\u00a0<\/p>\n","obrazek_zajimavost":{"width":150,"height":150,"file":"2025\/03\/pexels-photo-12618166.webp","filesize":89654,"sizes":{"medium":{"file":"pexels-photo-12618166-300x200.webp","width":300,"height":200,"mime-type":"image\/webp","filesize":9996,"url":"https:\/\/www.presto.cz\/wp-content\/uploads\/2025\/03\/pexels-photo-12618166-300x200.webp"},"large":{"file":"pexels-photo-12618166-1024x683.webp","width":1024,"height":683,"mime-type":"image\/webp","filesize":61762,"url":"https:\/\/www.presto.cz\/wp-content\/uploads\/2025\/03\/pexels-photo-12618166-1024x683.webp"},"thumbnail":{"file":"pexels-photo-12618166-150x150.webp","width":150,"height":150,"mime-type":"image\/webp","filesize":4962,"url":"https:\/\/www.presto.cz\/wp-content\/uploads\/2025\/03\/pexels-photo-12618166-150x150.webp"},"medium_large":{"file":"pexels-photo-12618166-768x512.webp","width":768,"height":512,"mime-type":"image\/webp","filesize":41134,"url":"https:\/\/www.presto.cz\/wp-content\/uploads\/2025\/03\/pexels-photo-12618166-768x512.webp"}},"image_meta":{"aperture":"0","credit":"","camera":"","caption":"","created_timestamp":"0","copyright":"","focal_length":"0","iso":"0","shutter_speed":"0","title":"","orientation":"0","keywords":[]},"ID":"3004","name":"pexels-photo-12618166.webp","path":"\/www\/doc\/www.presto.cz\/www\/wp-content\/uploads\/2025\/03\/pexels-photo-12618166.webp","url":"https:\/\/www.presto.cz\/wp-content\/uploads\/2025\/03\/pexels-photo-12618166-150x150.webp","full_url":"https:\/\/www.presto.cz\/wp-content\/uploads\/2025\/03\/pexels-photo-12618166.webp","title":"pexels-photo-12618166","caption":"","description":"","alt":"","srcset":false},"nadpis_red_cta":"Pot\u0159ebujete profesion\u00e1ln\u00ed p\u0159eklady per\u0161tiny?","odstavec_red_cta":"Spojte se s\u00a0n\u00e1mi a\u00a0zjist\u011bte, jak v\u00e1m m\u016f\u017eeme pomoci s\u00a0p\u0159eklady \u010di lokalizac\u00ed.","primary_button_text":"Nez\u00e1vazn\u00e1 kalkulace","primary_button_odkaz":551,"secondary_button_text":"Zjistit v\u00edce","secondary_button_odkaz":482},"_links":{"self":[{"href":"https:\/\/www.presto.cz\/cz\/wp-json\/wp\/v2\/pages\/3003","targetHints":{"allow":["GET"]}}],"collection":[{"href":"https:\/\/www.presto.cz\/cz\/wp-json\/wp\/v2\/pages"}],"about":[{"href":"https:\/\/www.presto.cz\/cz\/wp-json\/wp\/v2\/types\/page"}],"author":[{"embeddable":true,"href":"https:\/\/www.presto.cz\/cz\/wp-json\/wp\/v2\/users\/2"}],"replies":[{"embeddable":true,"href":"https:\/\/www.presto.cz\/cz\/wp-json\/wp\/v2\/comments?post=3003"}],"version-history":[{"count":3,"href":"https:\/\/www.presto.cz\/cz\/wp-json\/wp\/v2\/pages\/3003\/revisions"}],"predecessor-version":[{"id":7761,"href":"https:\/\/www.presto.cz\/cz\/wp-json\/wp\/v2\/pages\/3003\/revisions\/7761"}],"wp:featuredmedia":[{"embeddable":true,"href":"https:\/\/www.presto.cz\/cz\/wp-json\/wp\/v2\/media\/1580"}],"wp:attachment":[{"href":"https:\/\/www.presto.cz\/cz\/wp-json\/wp\/v2\/media?parent=3003"}],"wp:term":[{"taxonomy":"prekladany-jazyk","embeddable":true,"href":"https:\/\/www.presto.cz\/cz\/wp-json\/wp\/v2\/prekladany-jazyk?post=3003"}],"curies":[{"name":"wp","href":"https:\/\/api.w.org\/{rel}","templated":true}]}}