{"id":2995,"date":"2025-03-25T16:31:26","date_gmt":"2025-03-25T15:31:26","guid":{"rendered":"https:\/\/presto.digiamo.cz\/presto\/?page_id=2995"},"modified":"2025-12-15T22:24:06","modified_gmt":"2025-12-15T21:24:06","slug":"preklady-makedonstiny","status":"publish","type":"page","link":"https:\/\/www.presto.cz\/cz\/preklady-makedonstiny","title":{"rendered":"P\u0159eklady makedon\u0161tiny"},"content":{"rendered":"\n<p class=\"h--3 margin-bottom--m\">P\u0159esn\u011b, rychle a\u00a0s\u00a0d\u016frazem na kvalitu.<\/p>\n\n<p>Nab\u00edz\u00edme p\u0159eklady do makedon\u0161tiny a\u00a0z\u00a0makedon\u0161tiny s\u00a0vyu\u017eit\u00edm pokro\u010dil\u00fdch technologi\u00ed a\u00a0\u0161pi\u010dkov\u00fdch odborn\u00edk\u016f.<\/p>\n\n<p><\/p>\n","protected":false},"excerpt":{"rendered":"<p>P\u0159esn\u011b, rychle a\u00a0s\u00a0d\u016frazem na kvalitu. Nab\u00edz\u00edme p\u0159eklady do makedon\u0161tiny a\u00a0z\u00a0makedon\u0161tiny s\u00a0vyu\u017eit\u00edm pokro\u010dil\u00fdch technologi\u00ed a\u00a0\u0161pi\u010dkov\u00fdch odborn\u00edk\u016f.<\/p>\n","protected":false},"author":2,"featured_media":1580,"parent":0,"menu_order":0,"comment_status":"closed","ping_status":"closed","template":"","meta":{"footnotes":""},"prekladany-jazyk":[20],"class_list":["post-2995","page","type-page","status-publish","has-post-thumbnail","hentry","prekladany-jazyk-ano"],"meta_box":{"group_mini__faq":[{"dotaz_minifaq":"Kolik stoj\u00ed p\u0159eklad jedn\u00e9 strany do makedon\u0161tiny?","odpoved_minifaq":"<p>Cena p\u0159ekladu do makedon\u0161tiny z\u00e1vis\u00ed na rozsahu textu, jeho odbornosti, po\u017eadovan\u00e9m term\u00ednu a v\u00fdchoz\u00edm jazyce (nej\u010dast\u011bji \u010de\u0161tina, angli\u010dtina, n\u011bm\u010dina nebo alb\u00e1n\u0161tina).<br data-start=\"517\" data-end=\"520\" \/>Standardn\u011b \u00fa\u010dtujeme podle po\u010dtu <strong data-start=\"552\" data-end=\"584\">normostran hotov\u00e9ho p\u0159ekladu<\/strong> \u2013 1 normostrana = 1 800 znak\u016f makedonsk\u00e9ho textu v\u010detn\u011b mezer. U n\u011bkter\u00fdch projekt\u016f m\u016f\u017eeme cenu stanovit tak\u00e9 podle <strong data-start=\"701\" data-end=\"743\">po\u010dtu slov nebo znak\u016f zdrojov\u00e9ho textu<\/strong>; konkr\u00e9tn\u00ed zp\u016fsob \u00fa\u010dtov\u00e1n\u00ed v\u017edy up\u0159esn\u00edme v nez\u00e1vazn\u00e9 kalkulaci.<br data-start=\"808\" data-end=\"811\" \/>Nejp\u0159esn\u011bj\u0161\u00ed cenu v\u00e1m sd\u011bl\u00edme po zasl\u00e1n\u00ed souboru \u2013 obratem p\u0159iprav\u00edme cenovou nab\u00eddku s term\u00ednem dod\u00e1n\u00ed.<\/p>"},{"dotaz_minifaq":"Jak rychle zvl\u00e1dnete p\u0159eklad do makedon\u0161tiny?","odpoved_minifaq":"<p>Kr\u00e1tk\u00e9 a m\u00e9n\u011b n\u00e1ro\u010dn\u00e9 texty do makedon\u0161tiny zvl\u00e1d\u00e1me obvykle <strong data-start=\"1038\" data-end=\"1063\">do 1\u20132 pracovn\u00edch dn\u016f<\/strong>. U rozs\u00e1hlej\u0161\u00edch dokument\u016f nebo odborn\u00fdch p\u0159eklad\u016f z\u00e1le\u017e\u00ed na po\u010dtu normostran, n\u00e1ro\u010dnosti a domluven\u00e9m rozsahu kontrol (korektura, revize).<br data-start=\"1203\" data-end=\"1206\" \/>Jakmile n\u00e1m po\u0161lete podklady, navrhneme v\u00e1m <strong data-start=\"1250\" data-end=\"1274\">re\u00e1ln\u00fd term\u00edn dod\u00e1n\u00ed<\/strong> a p\u0159\u00edpadn\u011b i variantu standardn\u00edho a rychlej\u0161\u00edho zpracov\u00e1n\u00ed.<\/p>"},{"dotaz_minifaq":"Nab\u00edz\u00edte expresn\u00ed p\u0159eklad do makedon\u0161tiny?","odpoved_minifaq":"<p>Ano, podle typu textu a aktu\u00e1ln\u00ed kapacity p\u0159ekladatel\u016f m\u016f\u017eeme zajistit i <strong data-start=\"1467\" data-end=\"1503\">expresn\u00ed p\u0159eklad do makedon\u0161tiny<\/strong> \u2013 nap\u0159\u00edklad do druh\u00e9ho dne nebo p\u0159es v\u00edkend.<br data-start=\"1548\" data-end=\"1551\" \/>U expresn\u00edch zak\u00e1zek se obvykle po\u010d\u00edt\u00e1 s p\u0159\u00edplatkem za rychlost, ale v\u017edy ho p\u0159edem jasn\u011b uvedeme v kalkulaci, abyste se mohli rozhodnout.<\/p>"},{"dotaz_minifaq":"Jak zaji\u0161\u0165ujete kvalitu p\u0159eklad\u016f do makedon\u0161tiny?","odpoved_minifaq":"<p>Kvalitu p\u0159eklad\u016f do makedon\u0161tiny stav\u00edme na <strong data-start=\"1799\" data-end=\"1855\">pe\u010dliv\u00e9m v\u00fdb\u011bru p\u0159ekladatele a v\u00edcestup\u0148ov\u00e9 kontrole<\/strong>. Pro ka\u017ed\u00fd projekt vol\u00edme p\u0159ekladatele podle oboru (pr\u00e1vo, technika, obchod, ve\u0159ejn\u00e1 spr\u00e1va) a zku\u0161enost\u00ed s makedon\u0161tinou.<br data-start=\"1978\" data-end=\"1981\" \/>Vyu\u017e\u00edv\u00e1me <strong data-start=\"1991\" data-end=\"2031\">CAT n\u00e1stroje a kontroln\u00ed funkce (QA)<\/strong>, kter\u00e9 pom\u00e1haj\u00ed odhalit chyby v \u010d\u00edslech, form\u00e1tu a konzistenci. U d\u016fle\u017eit\u00fdch dokument\u016f (nap\u0159\u00edklad smluv nebo ve\u0159ejn\u011b dostupn\u00fdch text\u016f) doporu\u010dujeme nav\u00edc <strong data-start=\"2186\" data-end=\"2217\">korekturu druh\u00fdm lingvistou<\/strong>. Pro st\u00e1l\u00e9 klienty vytv\u00e1\u0159\u00edme <strong data-start=\"2247\" data-end=\"2273\">terminologick\u00e9 glos\u00e1\u0159e<\/strong>, aby makedonsk\u00e9 texty dlouhodob\u011b pou\u017e\u00edvaly stejn\u00e9 pojmy.<\/p>"},{"dotaz_minifaq":"P\u0159ekl\u00e1d\u00e1te i pr\u00e1vn\u00ed a technick\u00e9 texty do makedon\u0161tiny?","odpoved_minifaq":"<p>Ano, zaji\u0161\u0165ujeme i <strong data-start=\"2420\" data-end=\"2456\">odborn\u00e9 p\u0159eklady do makedon\u0161tiny<\/strong>, zejm\u00e9na pr\u00e1vn\u00ed, technick\u00e9, obchodn\u00ed a finan\u010dn\u00ed texty. P\u0159ekl\u00e1d\u00e1me smlouvy, obchodn\u00ed dokumentaci, technick\u00e9 manu\u00e1ly, tendrov\u00e9 podklady i dal\u0161\u00ed specializovan\u00e9 materi\u00e1ly.<br data-start=\"2624\" data-end=\"2627\" \/>Na tyto zak\u00e1zky vyb\u00edr\u00e1me p\u0159ekladatele se <strong data-start=\"2668\" data-end=\"2693\">znalost\u00ed dan\u00e9ho oboru<\/strong> a podle pot\u0159eby p\u0159id\u00e1v\u00e1me i odbornou revizi, aby byl makedonsk\u00fd text p\u0159esn\u00fd z jazykov\u00e9ho i v\u011bcn\u00e9ho hlediska.<\/p>"},{"dotaz_minifaq":"Jak\u00fd je rozd\u00edl mezi b\u011b\u017en\u00fdm a odborn\u00fdm p\u0159ekladem do makedon\u0161tiny?","odpoved_minifaq":"<p>B\u011b\u017en\u00fd p\u0159eklad do makedon\u0161tiny se pou\u017e\u00edv\u00e1 u text\u016f bez slo\u017eit\u00e9 terminologie \u2013 nap\u0159\u00edklad obecn\u00e1 komunikace, informa\u010dn\u00ed materi\u00e1ly nebo intern\u00ed sd\u011blen\u00ed.<br data-start=\"3030\" data-end=\"3033\" \/>Odborn\u00fd p\u0159eklad je ur\u010den pro texty s <strong data-start=\"3070\" data-end=\"3126\">konkr\u00e9tn\u00ed odbornou terminologi\u00ed a vy\u0161\u0161\u00ed odpov\u011bdnost\u00ed<\/strong>, jako jsou pr\u00e1vn\u00ed dokumenty, technick\u00e1 dokumentace nebo finan\u010dn\u00ed a podnikov\u00e9 texty. U odborn\u00fdch p\u0159eklad\u016f v\u017edy vol\u00edme specialistu a \u010dasto zapojujeme i druh\u00fd p\u00e1r o\u010d\u00ed.<\/p>"},{"dotaz_minifaq":"P\u0159ekl\u00e1daj\u00ed v\u00e1m texty do makedon\u0161tiny rodil\u00ed mluv\u010d\u00ed?","odpoved_minifaq":"<p>Ano, p\u0159i p\u0159ekladu do makedon\u0161tiny spolupracujeme s <strong data-start=\"3410\" data-end=\"3444\">rodil\u00fdmi mluv\u010d\u00edmi makedon\u0161tiny<\/strong> i zku\u0161en\u00fdmi p\u0159ekladateli, kte\u0159\u00ed se na tento jazyk dlouhodob\u011b zam\u011b\u0159uj\u00ed.<br data-start=\"3515\" data-end=\"3518\" \/>U text\u016f ur\u010den\u00fdch pro ve\u0159ejnost (web, marketing, prezentace) doporu\u010dujeme fin\u00e1ln\u00ed <strong data-start=\"3599\" data-end=\"3628\">korekturu rodil\u00fdm mluv\u010d\u00edm<\/strong>, aby text zn\u011bl p\u0159irozen\u011b pro \u010dten\u00e1\u0159e v Severn\u00ed Makedonii a dal\u0161\u00edch makedonsky mluv\u00edc\u00edch komunit\u00e1ch.<\/p>"},{"dotaz_minifaq":"P\u0159izp\u016fsob\u00edte p\u0159eklad do makedon\u0161tiny m\u00edstn\u00edm podm\u00ednk\u00e1m a instituc\u00edm?","odpoved_minifaq":"<p>Ano, p\u0159eklad do makedon\u0161tiny v\u017edy p\u0159izp\u016fsobujeme <strong data-start=\"3862\" data-end=\"3900\">konkr\u00e9tn\u00edmu \u00fa\u010delu a c\u00edlov\u00e9 skupin\u011b<\/strong>. Jinak formulujeme text pro makedonsk\u00fd \u00fa\u0159ad, jinak pro obchodn\u00ed partnery nebo pro z\u00e1kazn\u00edky na webu.<br data-start=\"4001\" data-end=\"4004\" \/>P\u0159i pr\u00e1ci zohled\u0148ujeme i <strong data-start=\"4029\" data-end=\"4063\">form\u00e1ln\u00ed n\u00e1le\u017eitosti dokument\u016f<\/strong> a m\u00edstn\u00ed jazykov\u00e9 zvyklosti, aby byl v\u00fdsledn\u00fd text snadno pou\u017eiteln\u00fd v makedonsk\u00e9m prost\u0159ed\u00ed.<\/p>"},{"dotaz_minifaq":"P\u0159ekl\u00e1d\u00e1te i webov\u00e9 str\u00e1nky, e-shopy a software do makedon\u0161tiny?","odpoved_minifaq":"<p>Ano, zaji\u0161\u0165ujeme <strong data-start=\"4255\" data-end=\"4319\">lokalizaci web\u016f, e-shop\u016f, port\u00e1l\u016f a softwaru do makedon\u0161tiny<\/strong>. Um\u00edme pracovat jak s b\u011b\u017en\u00fdmi textov\u00fdmi soubory, tak s exporty z CMS, e-shopov\u00fdch platforem nebo s technick\u00fdmi form\u00e1ty.<br data-start=\"4439\" data-end=\"4442\" \/>Sou\u010d\u00e1st\u00ed m\u016f\u017ee b\u00fdt tak\u00e9 <strong data-start=\"4465\" data-end=\"4517\">p\u0159eklad titulk\u016f, vide\u00ed a prezenta\u010dn\u00edch materi\u00e1l\u016f<\/strong> do makedon\u0161tiny a \u00faprava text\u016f s ohledem na vyhled\u00e1va\u010de a online prost\u0159ed\u00ed.<\/p>"},{"dotaz_minifaq":"Zaji\u0161\u0165ujete soudn\u00ed (\u00fa\u0159edn\u00ed) p\u0159eklady do makedon\u0161tiny s raz\u00edtkem?","odpoved_minifaq":"<p>Ano, podle typu dokumentu um\u00edme zajistit i <strong data-start=\"4718\" data-end=\"4779\">soudn\u00ed (\u00fa\u0159edn\u00ed) p\u0159eklady do makedon\u0161tiny a z makedon\u0161tiny<\/strong> s kulat\u00fdm raz\u00edtkem soudn\u00edho tlumo\u010dn\u00edka. Tyto p\u0159eklady vy\u017eaduj\u00ed nap\u0159\u00edklad \u00fa\u0159ady, soudy, \u0161koly nebo zam\u011bstnavatel\u00e9.<br data-start=\"4893\" data-end=\"4896\" \/>Sta\u010d\u00ed n\u00e1m poslat sken dokumentu a napsat, k jak\u00e9mu \u00fa\u010delu p\u0159eklad pot\u0159ebujete \u2013 porad\u00edme v\u00e1m, zda je nutn\u00fd soudn\u00ed p\u0159eklad, nebo posta\u010d\u00ed b\u011b\u017en\u00fd p\u0159eklad do makedon\u0161tiny.<\/p>"},{"dotaz_minifaq":"Zaji\u0161\u0165ujete i p\u0159eklady z makedon\u0161tiny do jin\u00fdch jazyk\u016f ne\u017e jen do \u010de\u0161tiny?","odpoved_minifaq":"<p>Ano, p\u0159ekl\u00e1d\u00e1me <strong data-start=\"5169\" data-end=\"5204\">z makedon\u0161tiny nejen do \u010de\u0161tiny<\/strong>, ale tak\u00e9 nap\u0159\u00edklad do <strong data-start=\"5228\" data-end=\"5277\">angli\u010dtiny, n\u011bm\u010diny, alb\u00e1n\u0161tiny nebo srb\u0161tiny<\/strong>, p\u0159\u00edpadn\u011b i do dal\u0161\u00edch evropsk\u00fdch jazyk\u016f podle va\u0161ich pot\u0159eb.<br data-start=\"5339\" data-end=\"5342\" \/>U v\u00edcejazy\u010dn\u00fdch zak\u00e1zek um\u00edme z jednoho makedonsk\u00e9ho origin\u00e1lu p\u0159ipravit <strong data-start=\"5415\" data-end=\"5452\">n\u011bkolik jazykov\u00fdch verz\u00ed najednou<\/strong> a pohl\u00eddat, aby byly obsahov\u011b konzistentn\u00ed.<\/p>"},{"dotaz_minifaq":"Pou\u017e\u00edv\u00e1te p\u0159i p\u0159ekladech do makedon\u0161tiny um\u011blou inteligenci nebo strojov\u00fd p\u0159eklad?","odpoved_minifaq":"<p>U makedon\u0161tiny m\u016f\u017eeme u n\u011bkter\u00fdch typ\u016f text\u016f (nap\u0159\u00edklad intern\u00ed dokumenty, opakuj\u00edc\u00ed se pas\u00e1\u017ee) vyu\u017e\u00edt <strong data-start=\"5699\" data-end=\"5751\">strojov\u00fd p\u0159eklad a n\u00e1stroje s um\u011blou inteligenc\u00ed<\/strong>, ale v\u017edy pouze jako <strong data-start=\"5773\" data-end=\"5792\">pomocn\u00fd n\u00e1stroj<\/strong>. Fin\u00e1ln\u00ed verzi p\u0159ekladu v\u017edy vytv\u00e1\u0159\u00ed a kontroluje p\u0159ekladatel, kter\u00fd uprav\u00ed v\u00fdznam, terminologii i styl.<br data-start=\"5897\" data-end=\"5900\" \/>U pr\u00e1vn\u00edch, \u00fa\u0159edn\u00edch a marketingov\u00fdch text\u016f do makedon\u0161tiny preferujeme <strong data-start=\"5972\" data-end=\"5996\">\u010dist\u011b lidsk\u00fd p\u0159eklad<\/strong>, kde jsou nuance a p\u0159esnost kl\u00ed\u010dov\u00e9.<\/p>"},{"dotaz_minifaq":"Pracujete u p\u0159eklad\u016f do makedon\u0161tiny s p\u0159ekladov\u00fdmi pam\u011btmi a CAT n\u00e1stroji?","odpoved_minifaq":"<p>Ano, p\u0159i p\u0159ekladech do makedon\u0161tiny pou\u017e\u00edv\u00e1me <strong data-start=\"6172\" data-end=\"6208\">CAT n\u00e1stroje a p\u0159ekladov\u00e9 pam\u011bti<\/strong>, zejm\u00e9na u v\u011bt\u0161\u00edch nebo dlouhodob\u00fdch projekt\u016f (dokumentace, weby, smluvn\u00ed dokumentace). Tyto n\u00e1stroje n\u00e1m umo\u017e\u0148uj\u00ed znovu pou\u017e\u00edt ji\u017e schv\u00e1len\u00e9 formulace a hl\u00eddat konzistenci.<br data-start=\"6382\" data-end=\"6385\" \/>Krom\u011b p\u0159ekladov\u00fdch pam\u011bt\u00ed vytv\u00e1\u0159\u00edme pro st\u00e1l\u00e9 klienty tak\u00e9 <strong data-start=\"6444\" data-end=\"6481\">makedonsk\u00e9 terminologick\u00e9 glos\u00e1\u0159e<\/strong>, aby se stejn\u00e9 pojmy pou\u017e\u00edvaly jednotn\u011b nap\u0159\u00ed\u010d v\u0161emi materi\u00e1ly.<\/p>"},{"dotaz_minifaq":"Jak je u p\u0159eklad\u016f do makedon\u0161tiny zaji\u0161t\u011bn\u00e1 bezpe\u010dnost a d\u016fv\u011brnost dat?","odpoved_minifaq":"<p>S dokumenty pro p\u0159eklad do makedon\u0161tiny zach\u00e1z\u00edme v souladu s na\u0161imi intern\u00edmi pravidly pro ochranu informac\u00ed. Pracujeme v <strong data-start=\"6757\" data-end=\"6794\">zabezpe\u010den\u00fdch intern\u00edch syst\u00e9mech<\/strong> a pou\u017e\u00edv\u00e1me pouze <strong data-start=\"6813\" data-end=\"6837\">licencovan\u00fd software<\/strong>.<br data-start=\"6838\" data-end=\"6841\" \/>\u017d\u00e1dn\u00e9 texty <strong data-start=\"6853\" data-end=\"6898\">nevkl\u00e1d\u00e1me do ve\u0159ejn\u00fdch online p\u0159eklada\u010d\u016f<\/strong>. P\u0159\u00edstup k materi\u00e1l\u016fm m\u00e1 jen omezen\u00fd t\u00fdm, kter\u00fd na zak\u00e1zce pracuje, a u citliv\u00fdch projekt\u016f b\u011b\u017en\u011b uzav\u00edr\u00e1me <strong data-start=\"7006\" data-end=\"7043\">NDA a dal\u0161\u00ed dohody o ml\u010denlivosti<\/strong>.<\/p>"},{"dotaz_minifaq":"Jak m\u016f\u017eu objednat p\u0159eklad do makedon\u0161tiny?","odpoved_minifaq":"<p>Text pro p\u0159eklad do makedon\u0161tiny n\u00e1m m\u016f\u017eete poslat <strong data-start=\"7155\" data-end=\"7197\">e-mailem nebo p\u0159es popt\u00e1vkov\u00fd formul\u00e1\u0159<\/strong> na webu. Uve\u010fte v\u00fdchoz\u00ed a c\u00edlov\u00fd jazyk, stru\u010dn\u011b popi\u0161te typ textu (nap\u0159. smlouva, technick\u00e1 dokumentace, web, \u00fa\u0159edn\u00ed listina) a po\u017eadovan\u00fd term\u00edn dod\u00e1n\u00ed.<br data-start=\"7351\" data-end=\"7354\" \/>Na z\u00e1klad\u011b podklad\u016f v\u00e1m p\u0159iprav\u00edme <strong data-start=\"7389\" data-end=\"7419\">nez\u00e1vaznou cenovou nab\u00eddku<\/strong>. Po va\u0161em souhlasu vybereme vhodn\u00e9ho p\u0159ekladatele, nastav\u00edme p\u0159\u00edpadnou korekturu \u010di revizi a hotov\u00fd makedonsk\u00fd p\u0159eklad dod\u00e1me v domluven\u00e9m form\u00e1tu.<\/p>"}],"vlajka_jazyka":{"filesize":901,"ID":"313","name":"mac-flag.svg","path":"\/www\/doc\/www.presto.cz\/www\/wp-content\/uploads\/2024\/11\/mac-flag.svg","url":"https:\/\/www.presto.cz\/wp-content\/uploads\/2024\/11\/mac-flag.svg","full_url":"https:\/\/www.presto.cz\/wp-content\/uploads\/2024\/11\/mac-flag.svg","title":"mac-flag","caption":"","description":"","alt":"","srcset":false,"width":false,"height":false},"nadpis_1_sekce":"M\u00e1me rozs\u00e1hl\u00e9 zku\u0161enosti s\u00a0p\u0159eklady do makedon\u0161tiny i\u00a0z\u00a0makedon\u0161tiny","odstavec_1_sekce_1_stpec":"<p>Nab\u00edz\u00edme profesion\u00e1ln\u00ed lidsk\u00e9 p\u0159eklady podporovan\u00e9 modern\u00edmi technologiemi i\u00a0strojov\u00e9 p\u0159eklady s\u00a0posteditac\u00ed.<\/p>\n<p>&nbsp;<\/p>\n<p>Spr\u00e1vnou stylistiku a\u00a0terminologii zaji\u0161\u0165uj\u00ed terminologick\u00e9 slovn\u00edky a\u00a0p\u0159ekladatelsk\u00e9 n\u00e1stroje, kter\u00e9 sleduj\u00ed jednotn\u00fd styl i\u00a0opakov\u00e1n\u00ed \u2013 co\u017e optimalizuje fin\u00e1ln\u00ed cenu p\u0159eklad\u016f.<\/p>\n<p>&nbsp;<\/p>\n<p>M\u00e1me bohat\u00e9 zku\u0161enosti s\u00a0pr\u00e1vn\u00edmi p\u0159eklady, ka\u017edoro\u010dn\u011b p\u0159elo\u017e\u00edme v\u00edce ne\u017e 60\u00a0000 normostran pr\u00e1vn\u00edch text\u016f.<\/p>\n","mininadpis_sekce_2":"Typy p\u0159eklad\u016f, kter\u00e9 zaji\u0161\u0165ujeme","nadpis_2_sekce":"Jak\u00e9 dokumenty nej\u010dast\u011bji p\u0159ekl\u00e1d\u00e1me z\u00a0makedon\u0161tiny a\u00a0do makedon\u0161tiny?","odstavec_2_sekce_2_stpec":"<p>P\u0159ekl\u00e1d\u00e1me \u0161irokou \u0161k\u00e1lu dokument\u016f, p\u0159edev\u0161\u00edm pro technick\u00e9, pr\u00e1vn\u00ed a\u00a0marketingov\u00e9 \u00fa\u010dely.<\/p>\n","odstavec_2_sekce_1_stpec":"<h4 style=\"color: initial\"><strong>Pr\u00e1vn\u00ed dokumenty<\/strong><\/h4>\n<ul>\n<li>P\u0159eklady smluv, z\u00e1kon\u016f, sm\u011brnic, vyhl\u00e1\u0161ek, \u017ealob, rozsudk\u016f, pr\u00e1vn\u00edch posudk\u016f a\u00a0firemn\u00edch p\u0159edpis\u016f.<\/li>\n<li>P\u0159eklady zakladatelsk\u00fdch listin, licen\u010dn\u00edch smluv, dokument\u016f ISO.<\/li>\n<li><a href=\"https:\/\/www.presto.cz\/odborne-preklady\/pravni-preklady\/\">Soudn\u00ed p\u0159eklady<\/a> (s\u00a0mo\u017enost\u00ed zaji\u0161t\u011bn\u00ed apostily nebo superlegalizace) pro ofici\u00e1ln\u00ed \u00fa\u010dely.<\/li>\n<\/ul>\n<h4 style=\"color: initial\"><b>Auditorsk\u00e9 a\u00a0bezpe\u010dnostn\u00ed dokumenty<\/b><\/h4>\n<p>P\u0159eklady auditorsk\u00fdch zpr\u00e1v, bezpe\u010dnostn\u00edch p\u0159edpis\u016f a\u00a0podklad\u016f pro v\u00fdb\u011brov\u00e1 \u0159\u00edzen\u00ed.<\/p>\n<h4 style=\"color: initial\"><b>Technick\u00e9 dokumentace<\/b><\/h4>\n<p>P\u0159eklady technick\u00fdch manu\u00e1l\u016f a\u00a0dal\u0161\u00edch specializovan\u00fdch dokument\u016f.<\/p>\n<h4 style=\"color: initial\"><b>Marketingov\u00e9 materi\u00e1ly<\/b><\/h4>\n<p>P\u0159eklady web\u016f, bro\u017eur, propaga\u010dn\u00edch kampan\u00ed a jin\u00fdch komunika\u010dn\u00edch text\u016f.\u00a0\u00a0<\/p>\n","nadpis_3_sekce":"Jak\u00e9 jazykov\u00e9 kombinace nab\u00edz\u00edme?","odstavec_3_sekce":"<p>P\u0159ekl\u00e1d\u00e1me dokumenty z\u00a0a\u00a0do makedon\u0161tiny v\u00a0r\u016fzn\u00fdch jazykov\u00fdch kombinac\u00edch.<\/p>\n","odrazky_sekce_3_1_ministpec":"<ul>\n<li>Z\u00a0makedon\u0161tiny do <strong>\u010de\u0161tiny<\/strong> a\u00a0naopak<\/li>\n<li>Z\u00a0makedon\u0161tiny do <b>angli\u010dtiny<\/b> a\u00a0naopak<\/li>\n<li>Z\u00a0makedon\u0161tiny do <strong>n\u011bm\u010diny<\/strong> a\u00a0naopak<\/li>\n<li>Z\u00a0makedon\u0161tiny do <b>\u010d\u00edn\u0161tiny<\/b> a\u00a0naopak<\/li>\n<li>Z\u00a0makedon\u0161tiny do <strong>\u0161pan\u011bl\u0161tiny<\/strong> a\u00a0naopak<\/li>\n<li>Z\u00a0makedon\u0161tiny do <b>francouz\u0161tiny<\/b> a\u00a0naopak<\/li>\n<li>Z\u00a0makedon\u0161tiny do <b>chorvat\u0161tiny<\/b> a\u00a0naopak<\/li>\n<\/ul>\n","odrazky_sekce_3_2_ministpec":"<ul>\n<li>Z\u00a0makedon\u0161tiny do <strong>sloven\u0161tiny<\/strong> a\u00a0naopak<\/li>\n<li>Z\u00a0makedon\u0161tiny do <strong>pol\u0161tiny<\/strong> a\u00a0naopak<\/li>\n<li>Z\u00a0makedon\u0161tiny do <strong>ukrajin\u0161tiny<\/strong> a\u00a0naopak<\/li>\n<li>Z\u00a0makedon\u0161tiny do <b>rumun\u0161tiny <\/b>a\u00a0naopak<\/li>\n<li>Z\u00a0makedon\u0161tiny do <b>portugal\u0161tiny <\/b>a\u00a0naopak<\/li>\n<li>Z\u00a0makedon\u0161tiny do <strong>ru\u0161tiny<\/strong> a\u00a0naopak<\/li>\n<li>a\u00a0mnoh\u00e9 dal\u0161\u00ed jazykov\u00e9 kombinace\u2026<\/li>\n<\/ul>\n","mininadpis_sekce_4":"V\u00edce o\u00a0p\u0159ekladech makedon\u0161tiny","nadpis_sekce_4":"Jak zajist\u00edme kvalitu a\u00a0odbornost?","nadpis_1_minisekce":"Zajist\u00edme jednotnou terminologii","odstavec_1_minisekce":"<p><span style=\"font-weight: 400\">N\u00e1stroje pro podporu p\u0159ekladu, kter\u00e9 vyu\u017e\u00edv\u00e1me, detekuj\u00ed pou\u017eit\u00e9 term\u00edny v\u00a0origin\u00e1le a\u00a0upozorn\u00ed p\u0159i nejednotn\u00e9m p\u0159ekladu. Stejn\u00fd p\u0159eklad nap\u0159\u00ed\u010d dokumenty pak zajist\u00edme ulo\u017een\u00edm term\u00ednu do intern\u00edho slovn\u00edku.<\/span><\/p>\n","nadpis_2_minisekce":"Zrychlujeme proces p\u0159ekladu","odstavec_2_minisekce":"<p>Prvotn\u00ed p\u0159eklad nech\u00e1me vyhotovit pomoc\u00ed neuronov\u00e9ho strojov\u00e9ho p\u0159ekladu (NMT) a n\u00e1sledn\u011b na\u0161i odborn\u00edci prov\u00e1d\u00ed posteditaci. Jsme tak\u00e9 certifikovan\u00ed podle normy ISO\u00a018587.<\/p>\n","nadpis_3_minisekce":"M\u00e1me odborn\u00edky na technick\u00e9 a\u00a0pr\u00e1vn\u00ed p\u0159eklady","odstavec_3_minisekce":"<p><span style=\"font-weight: 400\">Na pr\u00e1vn\u00edch a technick\u00fdch p\u0159ekladech spolupracujeme s\u00a0p\u0159ekladateli-specialisty, kte\u0159\u00ed se orientuj\u00ed v\u00a0oborov\u00e9 terminologii a\u00a0pr\u00e1vn\u00edch norm\u00e1ch. Na\u0161e p\u0159eklady v\u017edy vyhotovuj\u00ed rodil\u00ed mluv\u010d\u00ed a\u00a0nav\u00edc spl\u0148uj\u00ed normy kvality dle certifikac\u00ed ISO\u00a017100 a\u00a0ISO\u00a09001.<\/span><\/p>\n","mininadpis_sekce_zajimavost":"Zaj\u00edmavost","nadpis_sekce_zajimavost":"Kontroverze ohledn\u011b n\u00e1zvu","odstavec_sekce_zajimavost":"<p>Stejn\u011b jako Severn\u00ed Makedonii samotnou, i\u00a0makedonsk\u00fd jazyk prov\u00e1z\u00ed nejr\u016fzn\u011bj\u0161\u00ed kontroverze ohledn\u011b n\u00e1zvu, a\u00a0to p\u0159edev\u0161\u00edm ve vztahu k\u00a0\u0158ecku. Podle n\u011bkter\u00fdch lingvist\u016f by jazyk spr\u00e1vn\u011b m\u011bl b\u00fdt ozna\u010den \u201eslavomakedon\u0161tina\u201c, aby byl rozli\u0161en od p\u016fvodn\u00ed makedon\u0161tiny, \u0159eck\u00e9ho dialektu (a\u010dkoliv i\u00a0o\u00a0tomto se vedou spory), kter\u00fdm mluvili starov\u011bk\u00e9 osobnosti jako Alexandr Velik\u00fd nebo Filip\u00a0II. Objevuj\u00ed se v\u0161ak i\u00a0protich\u016fdn\u00e9 n\u00e1zory, \u017ee makedon\u0161tina je pouze n\u00e1\u0159e\u010d\u00edm bulhar\u0161tiny, se kterou je nejv\u00edce p\u0159\u00edbuzn\u00e1.\u00a0<\/p>\n","obrazek_zajimavost":{"width":150,"height":150,"file":"2025\/03\/photo-1581706356135-a812505c611e.avif","filesize":394455,"sizes":{"medium":{"file":"photo-1581706356135-a812505c611e-238x300.jpg","width":238,"height":300,"mime-type":"image\/jpeg","filesize":15165,"url":"https:\/\/www.presto.cz\/wp-content\/uploads\/2025\/03\/photo-1581706356135-a812505c611e-238x300.jpg"},"large":{"file":"photo-1581706356135-a812505c611e-814x1024.jpg","width":814,"height":1024,"mime-type":"image\/jpeg","filesize":128225,"url":"https:\/\/www.presto.cz\/wp-content\/uploads\/2025\/03\/photo-1581706356135-a812505c611e-814x1024.jpg"},"thumbnail":{"file":"photo-1581706356135-a812505c611e-150x150.jpg","width":150,"height":150,"mime-type":"image\/jpeg","filesize":6046,"url":"https:\/\/www.presto.cz\/wp-content\/uploads\/2025\/03\/photo-1581706356135-a812505c611e-150x150.jpg"},"medium_large":{"file":"photo-1581706356135-a812505c611e-768x967.jpg","width":768,"height":967,"mime-type":"image\/jpeg","filesize":115879,"url":"https:\/\/www.presto.cz\/wp-content\/uploads\/2025\/03\/photo-1581706356135-a812505c611e-768x967.jpg"},"1536x1536":{"file":"photo-1581706356135-a812505c611e-1220x1536.jpg","width":1220,"height":1536,"mime-type":"image\/jpeg","filesize":251950,"url":"https:\/\/www.presto.cz\/wp-content\/uploads\/2025\/03\/photo-1581706356135-a812505c611e-1220x1536.jpg"},"2048x2048":{"file":"photo-1581706356135-a812505c611e-1627x2048.jpg","width":1627,"height":2048,"mime-type":"image\/jpeg","filesize":402045,"url":"https:\/\/www.presto.cz\/wp-content\/uploads\/2025\/03\/photo-1581706356135-a812505c611e-1627x2048.jpg"}},"image_meta":{"aperture":"0","credit":"","camera":"","caption":"","created_timestamp":"0","copyright":"","focal_length":"0","iso":"0","shutter_speed":"0","title":"","orientation":"0","keywords":[]},"ID":"2996","name":"photo-1581706356135-a812505c611e.avif","path":"\/www\/doc\/www.presto.cz\/www\/wp-content\/uploads\/2025\/03\/photo-1581706356135-a812505c611e.avif","url":"https:\/\/www.presto.cz\/wp-content\/uploads\/2025\/03\/photo-1581706356135-a812505c611e-150x150.jpg","full_url":"https:\/\/www.presto.cz\/wp-content\/uploads\/2025\/03\/photo-1581706356135-a812505c611e.avif","title":"photo-1581706356135-a812505c611e","caption":"","description":"","alt":"","srcset":false},"nadpis_red_cta":"Pot\u0159ebujete profesion\u00e1ln\u00ed p\u0159eklady makedon\u0161tiny?","odstavec_red_cta":"Spojte se s\u00a0n\u00e1mi a\u00a0zjist\u011bte, jak v\u00e1m m\u016f\u017eeme pomoci s\u00a0p\u0159eklady \u010di lokalizac\u00ed.","primary_button_text":"Nez\u00e1vazn\u00e1 kalkulace","primary_button_odkaz":551,"secondary_button_text":"Zjistit v\u00edce","secondary_button_odkaz":482},"_links":{"self":[{"href":"https:\/\/www.presto.cz\/cz\/wp-json\/wp\/v2\/pages\/2995","targetHints":{"allow":["GET"]}}],"collection":[{"href":"https:\/\/www.presto.cz\/cz\/wp-json\/wp\/v2\/pages"}],"about":[{"href":"https:\/\/www.presto.cz\/cz\/wp-json\/wp\/v2\/types\/page"}],"author":[{"embeddable":true,"href":"https:\/\/www.presto.cz\/cz\/wp-json\/wp\/v2\/users\/2"}],"replies":[{"embeddable":true,"href":"https:\/\/www.presto.cz\/cz\/wp-json\/wp\/v2\/comments?post=2995"}],"version-history":[{"count":3,"href":"https:\/\/www.presto.cz\/cz\/wp-json\/wp\/v2\/pages\/2995\/revisions"}],"predecessor-version":[{"id":7757,"href":"https:\/\/www.presto.cz\/cz\/wp-json\/wp\/v2\/pages\/2995\/revisions\/7757"}],"wp:featuredmedia":[{"embeddable":true,"href":"https:\/\/www.presto.cz\/cz\/wp-json\/wp\/v2\/media\/1580"}],"wp:attachment":[{"href":"https:\/\/www.presto.cz\/cz\/wp-json\/wp\/v2\/media?parent=2995"}],"wp:term":[{"taxonomy":"prekladany-jazyk","embeddable":true,"href":"https:\/\/www.presto.cz\/cz\/wp-json\/wp\/v2\/prekladany-jazyk?post=2995"}],"curies":[{"name":"wp","href":"https:\/\/api.w.org\/{rel}","templated":true}]}}