{"id":2992,"date":"2025-03-25T16:23:20","date_gmt":"2025-03-25T15:23:20","guid":{"rendered":"https:\/\/presto.digiamo.cz\/presto\/?page_id=2992"},"modified":"2025-12-16T09:41:41","modified_gmt":"2025-12-16T08:41:41","slug":"preklady-korejstiny","status":"publish","type":"page","link":"https:\/\/www.presto.cz\/cz\/preklady-korejstiny","title":{"rendered":"P\u0159eklady korej\u0161tiny"},"content":{"rendered":"\n<p class=\"h--3 margin-bottom--m\">P\u0159esn\u011b, rychle a\u00a0s\u00a0d\u016frazem na kvalitu.<\/p>\n\n<p>Nab\u00edz\u00edme p\u0159eklady do korej\u0161tiny a\u00a0z\u00a0korej\u0161tiny s\u00a0vyu\u017eit\u00edm pokro\u010dil\u00fdch technologi\u00ed a\u00a0\u0161pi\u010dkov\u00fdch odborn\u00edk\u016f.<\/p>\n\n<p><\/p>\n","protected":false},"excerpt":{"rendered":"<p>P\u0159esn\u011b, rychle a\u00a0s\u00a0d\u016frazem na kvalitu. Nab\u00edz\u00edme p\u0159eklady do korej\u0161tiny a\u00a0z\u00a0korej\u0161tiny s\u00a0vyu\u017eit\u00edm pokro\u010dil\u00fdch technologi\u00ed a\u00a0\u0161pi\u010dkov\u00fdch odborn\u00edk\u016f.<\/p>\n","protected":false},"author":2,"featured_media":1580,"parent":0,"menu_order":0,"comment_status":"closed","ping_status":"closed","template":"","meta":{"footnotes":""},"prekladany-jazyk":[20],"class_list":["post-2992","page","type-page","status-publish","has-post-thumbnail","hentry","prekladany-jazyk-ano"],"meta_box":{"group_mini__faq":[{"dotaz_minifaq":"Kolik stoj\u00ed p\u0159eklad jedn\u00e9 strany do korej\u0161tiny?","odpoved_minifaq":"<p>Cena p\u0159ekladu do korej\u0161tiny z\u00e1vis\u00ed na rozsahu textu, jeho odbornosti, term\u00ednu dod\u00e1n\u00ed a v\u00fdchoz\u00edm jazyce (\u010dasto \u010de\u0161tina, angli\u010dtina nebo n\u011bm\u010dina).<br data-start=\"7261\" data-end=\"7264\" \/>Nej\u010dast\u011bji \u00fa\u010dtujeme podle po\u010dtu <strong data-start=\"7296\" data-end=\"7328\">normostran hotov\u00e9ho p\u0159ekladu<\/strong> \u2013 1 normostrana = 1 800 znak\u016f korejsk\u00e9ho textu v\u010detn\u011b mezer. U n\u011bkter\u00fdch zak\u00e1zek je mo\u017en\u00e9 cenu stanovit tak\u00e9 podle <strong data-start=\"7444\" data-end=\"7486\">po\u010dtu slov nebo znak\u016f zdrojov\u00e9ho textu<\/strong>; konkr\u00e9tn\u00ed model v\u017edy uvedeme v nez\u00e1vazn\u00e9 kalkulaci.<br data-start=\"7539\" data-end=\"7542\" \/>P\u0159esnou cenu v\u00e1m sd\u011bl\u00edme po zasl\u00e1n\u00ed podklad\u016f.<\/p>"},{"dotaz_minifaq":"Jak rychle zvl\u00e1dnete p\u0159eklad do korej\u0161tiny?","odpoved_minifaq":"<p>Kr\u00e1tk\u00e9 a m\u00e9n\u011b odborn\u00e9 texty do korej\u0161tiny zvl\u00e1d\u00e1me obvykle <strong data-start=\"7706\" data-end=\"7731\">do 1\u20132 pracovn\u00edch dn\u016f<\/strong>. U rozs\u00e1hl\u00fdch projekt\u016f (technick\u00e1 dokumentace, manu\u00e1ly, weby) z\u00e1le\u017e\u00ed na rozsahu, oboru a po\u017eadovan\u00e9m term\u00ednu.<br data-start=\"7841\" data-end=\"7844\" \/>Po doru\u010den\u00ed textu v\u00e1m navrhneme <strong data-start=\"7876\" data-end=\"7903\">konkr\u00e9tn\u00ed term\u00edn dod\u00e1n\u00ed<\/strong> a p\u0159\u00edpadn\u011b i v\u00edce variant (standardn\u00ed vs. expresn\u00ed).<\/p>"},{"dotaz_minifaq":"Nab\u00edz\u00edte expresn\u00ed p\u0159eklad do korej\u0161tiny?","odpoved_minifaq":"<p>Ano, um\u00edme zajistit i <strong data-start=\"8035\" data-end=\"8069\">expresn\u00ed p\u0159eklad do korej\u0161tiny<\/strong>, pokud je k dispozici vhodn\u00fd p\u0159ekladatel a charakter textu to umo\u017e\u0148uje. To se hod\u00ed nap\u0159\u00edklad u kr\u00e1tk\u00fdch smluv, prezentac\u00ed nebo e-mailov\u00e9 komunikace, kter\u00e1 nesnese odklad.<br data-start=\"8240\" data-end=\"8243\" \/>U expresn\u00edch zak\u00e1zek se po\u010d\u00edt\u00e1 s p\u0159\u00edplatkem za urgentn\u00ed zpracov\u00e1n\u00ed, ale p\u0159esnou \u010d\u00e1stku v\u017edy uvedeme v kalkulaci p\u0159edem.<\/p>"},{"dotaz_minifaq":"Jak zaji\u0161\u0165ujete kvalitu p\u0159eklad\u016f do korej\u0161tiny?","odpoved_minifaq":"<p>Korej\u0161tina pat\u0159\u00ed mezi jazyky, kde se velmi db\u00e1 na <strong data-start=\"8476\" data-end=\"8517\">form\u00e1lnost, kontext a kulturn\u00ed nuance<\/strong>. P\u0159eklady do korej\u0161tiny proto sv\u011b\u0159ujeme p\u0159ekladatel\u016fm se zku\u0161enostmi s korejsk\u00fdm prost\u0159ed\u00edm a dan\u00fdm oborem (technika, automotive, IT, pr\u00e1vo, obchod, marketing).<br data-start=\"8678\" data-end=\"8681\" \/>Vyu\u017e\u00edv\u00e1me <strong data-start=\"8691\" data-end=\"8721\">CAT n\u00e1stroje a QA kontroly<\/strong>, kter\u00e9 hl\u00eddaj\u00ed konzistenci term\u00edn\u016f, \u010d\u00edsel, form\u00e1tu a struktur. U text\u016f, kter\u00e9 m\u00ed\u0159\u00ed p\u0159\u00edmo na korejsk\u00e9 z\u00e1kazn\u00edky nebo partnery, zapojujeme \u010dasto <strong data-start=\"8865\" data-end=\"8891\">revizi rodil\u00fdm mluv\u010d\u00edm<\/strong>, aby byl styl p\u0159irozen\u00fd a p\u0159esv\u011bd\u010div\u00fd.<\/p>"},{"dotaz_minifaq":"P\u0159ekl\u00e1d\u00e1te i pr\u00e1vn\u00ed a technick\u00e9 texty do korej\u0161tiny?","odpoved_minifaq":"<p>Ano, zaji\u0161\u0165ujeme i <strong data-start=\"9018\" data-end=\"9059\">vysoce odborn\u00e9 p\u0159eklady do korej\u0161tiny<\/strong>, nap\u0159\u00edklad pr\u00e1vn\u00ed dokumenty, smlouvy, obchodn\u00ed podm\u00ednky, technick\u00e9 manu\u00e1ly, IT dokumentaci, bezpe\u010dnostn\u00ed listy, produktov\u00e9 katalogy \u010di firemn\u00ed sm\u011brnice.<br data-start=\"9212\" data-end=\"9215\" \/>Na tyto zak\u00e1zky vyb\u00edr\u00e1me p\u0159ekladatele se <strong data-start=\"9256\" data-end=\"9300\">specializac\u00ed na korej\u0161tinu v dan\u00e9m oboru<\/strong> a podle pot\u0159eby zapojujeme i odbornou revizi.<\/p>"},{"dotaz_minifaq":"Jak\u00fd je rozd\u00edl mezi b\u011b\u017en\u00fdm a odborn\u00fdm p\u0159ekladem do korej\u0161tiny?","odpoved_minifaq":"<p>B\u011b\u017en\u00fd p\u0159eklad do korej\u0161tiny se pou\u017e\u00edv\u00e1 u text\u016f bez slo\u017eit\u00e9 terminologie \u2013 obecn\u00e9 informace, intern\u00ed komunikace, z\u00e1kladn\u00ed webov\u00e9 texty.<br data-start=\"9559\" data-end=\"9562\" \/>Odborn\u00fd p\u0159eklad je ur\u010den pro texty s <strong data-start=\"9599\" data-end=\"9645\">n\u00e1ro\u010dnou terminologi\u00ed a vy\u0161\u0161\u00ed odpov\u011bdnost\u00ed<\/strong>, jako jsou smlouvy, technick\u00e1 dokumentace, medic\u00ednsk\u00e9 nebo finan\u010dn\u00ed texty. U t\u011bchto zak\u00e1zek v\u017edy vol\u00edme specialistu a \u010dasto zapojujeme <strong data-start=\"9781\" data-end=\"9800\">druhou kontrolu<\/strong>, aby byl korejsk\u00fd text jednozna\u010dn\u00fd a p\u0159esn\u00fd.<\/p>"},{"dotaz_minifaq":"P\u0159ekl\u00e1daj\u00ed v\u00e1m texty do korej\u0161tiny rodil\u00ed mluv\u010d\u00ed?","odpoved_minifaq":"<p>Ano, p\u0159i pr\u00e1ci s korej\u0161tinou spolupracujeme s <strong data-start=\"9957\" data-end=\"10003\">rodil\u00fdmi mluv\u010d\u00edmi i zku\u0161en\u00fdmi p\u0159ekladateli<\/strong>, kte\u0159\u00ed maj\u00ed dlouholetou praxi v korejsko-evropsk\u00fdch projektech.<br data-start=\"10067\" data-end=\"10070\" \/>U web\u016f, marketingov\u00fdch materi\u00e1l\u016f, prezentac\u00ed a dal\u0161\u00edch viditeln\u00fdch text\u016f doporu\u010dujeme, aby fin\u00e1ln\u00ed verzi kontroloval <strong data-start=\"10187\" data-end=\"10215\">rodil\u00fd mluv\u010d\u00ed korej\u0161tiny<\/strong>, kter\u00fd dolad\u00ed styl, zdvo\u0159ilostn\u00ed formy i kulturn\u011b citliv\u00e9 pas\u00e1\u017ee.<\/p>"},{"dotaz_minifaq":"P\u0159izp\u016fsob\u00edte p\u0159eklad do korej\u0161tiny korejsk\u00e9mu trhu a kultu\u0159e?","odpoved_minifaq":"<p>Ano, p\u0159eklad do korej\u0161tiny v\u017edy p\u0159izp\u016fsobujeme <strong data-start=\"10406\" data-end=\"10488\">konkr\u00e9tn\u00edmu trhu (Ji\u017en\u00ed Korea, korejsk\u00e9 komunity v zahrani\u010d\u00ed) a c\u00edlov\u00e9 skupin\u011b<\/strong>.<br data-start=\"10489\" data-end=\"10492\" \/>U obchodn\u00edch a marketingov\u00fdch text\u016f pracujeme formou <strong data-start=\"10545\" data-end=\"10559\">lokalizace<\/strong> \u2013 nejen \u017ee p\u0159elo\u017e\u00edme slova, ale uprav\u00edme i styl, strukturu a sd\u011blen\u00ed tak, aby korej\u0161t\u00ed \u010dten\u00e1\u0159i text p\u0159ijali jako p\u0159irozen\u00fd a relevantn\u00ed.<\/p>"},{"dotaz_minifaq":"P\u0159ekl\u00e1d\u00e1te i webov\u00e9 str\u00e1nky, e-shopy a software do korej\u0161tiny?","odpoved_minifaq":"<p>Ano, m\u00e1me zku\u0161enosti s <strong data-start=\"10798\" data-end=\"10871\">lokalizac\u00ed web\u016f, e-shop\u016f, mobiln\u00edch aplikac\u00ed a softwaru do korej\u0161tiny<\/strong>. Pracujeme s b\u011b\u017en\u00fdmi soubory i s exporty z CMS a technick\u00fdmi form\u00e1ty.<br data-start=\"10941\" data-end=\"10944\" \/>Sou\u010d\u00e1st\u00ed m\u016f\u017ee b\u00fdt i <strong data-start=\"10964\" data-end=\"11013\">\u00faprava korejsk\u00fdch text\u016f pro vyhled\u00e1va\u010de (SEO)<\/strong>, p\u0159eklad titulk\u016f k vide\u00edm, u\u017eivatelsk\u00fdch rozhran\u00ed, n\u00e1pov\u011bd a dal\u0161\u00edch prvk\u016f tak, aby se korej\u0161t\u00ed u\u017eivatel\u00e9 na va\u0161em webu nebo v aplikaci c\u00edtili \u201edoma\u201c.<\/p>"},{"dotaz_minifaq":"Zaji\u0161\u0165ujete soudn\u00ed (\u00fa\u0159edn\u00ed) p\u0159eklady do korej\u0161tiny s raz\u00edtkem?","odpoved_minifaq":"<p>Ano, podle typu dokumentu um\u00edme zajistit i <strong data-start=\"11287\" data-end=\"11335\">soudn\u00ed p\u0159eklady do korej\u0161tiny a z korej\u0161tiny<\/strong> s kulat\u00fdm raz\u00edtkem soudn\u00edho tlumo\u010dn\u00edka. Ty se pou\u017e\u00edvaj\u00ed nap\u0159\u00edklad pro \u00fa\u0159ady, \u0161koly, v\u00edzov\u00e1 \u0159\u00edzen\u00ed, zam\u011bstnavatele nebo soudy.<br data-start=\"11461\" data-end=\"11464\" \/>Po\u0161lete n\u00e1m sken dokumentu a uve\u010fte, pro jakou instituci je ur\u010den \u2013 porad\u00edme v\u00e1m, zda je nutn\u00fd soudn\u00ed p\u0159eklad, nebo posta\u010d\u00ed b\u011b\u017en\u00fd p\u0159eklad do korej\u0161tiny.<\/p>"},{"dotaz_minifaq":"Zaji\u0161\u0165ujete i p\u0159eklady z korej\u0161tiny do jin\u00fdch jazyk\u016f ne\u017e jen do \u010de\u0161tiny?","odpoved_minifaq":"<p>Ano, krom\u011b p\u0159eklad\u016f z korej\u0161tiny do \u010de\u0161tiny zaji\u0161\u0165ujeme i p\u0159eklady <strong data-start=\"11773\" data-end=\"11840\">z korej\u0161tiny do angli\u010dtiny, n\u011bm\u010diny a dal\u0161\u00edch evropsk\u00fdch jazyk\u016f<\/strong>.<br data-start=\"11841\" data-end=\"11844\" \/>U mezin\u00e1rodn\u00edch projekt\u016f m\u016f\u017eeme z jednoho korejsk\u00e9ho origin\u00e1lu p\u0159ipravit <strong data-start=\"11917\" data-end=\"11943\">v\u00edce jazykov\u00fdch mutac\u00ed<\/strong> (nap\u0159. pro Evropu, USA, dal\u0161\u00ed asijsk\u00e9 trhy) a postarat se o to, aby byly v\u0161echny verze vz\u00e1jemn\u011b konzistentn\u00ed.<\/p>"},{"dotaz_minifaq":"Pou\u017e\u00edv\u00e1te p\u0159i p\u0159ekladech do korej\u0161tiny um\u011blou inteligenci nebo strojov\u00fd p\u0159eklad?","odpoved_minifaq":"<p>U korej\u0161tiny m\u016f\u017eeme u n\u011bkter\u00fdch typ\u016f text\u016f (nap\u0159\u00edklad intern\u00ed materi\u00e1ly, opakuj\u00edc\u00ed se popisy) vyu\u017e\u00edt <strong data-start=\"12252\" data-end=\"12304\">strojov\u00fd p\u0159eklad a n\u00e1stroje s um\u011blou inteligenc\u00ed<\/strong>, ale v\u017edy jen jako pomocn\u00fd krok. Fin\u00e1ln\u00ed text <strong data-start=\"12351\" data-end=\"12393\">v\u017edy kontroluje a upravuje p\u0159ekladatel<\/strong>, kter\u00fd dolad\u00ed v\u00fdznam, terminologii a vhodnou m\u00edru zdvo\u0159ilosti.<br data-start=\"12456\" data-end=\"12459\" \/>U pr\u00e1vn\u00edch, technick\u00fdch a marketingov\u00fdch p\u0159eklad\u016f do korej\u0161tiny up\u0159ednost\u0148ujeme <strong data-start=\"12539\" data-end=\"12566\">v\u00fdhradn\u011b lidsk\u00fd p\u0159eklad<\/strong>, proto\u017ee nuance v korej\u0161tin\u011b maj\u00ed z\u00e1sadn\u00ed dopad na vn\u00edm\u00e1n\u00ed sd\u011blen\u00ed.<\/p>"},{"dotaz_minifaq":"Pracujete u p\u0159eklad\u016f do korej\u0161tiny s p\u0159ekladov\u00fdmi pam\u011btmi a CAT n\u00e1stroji?","odpoved_minifaq":"<p>Ano, p\u0159i p\u0159ekladu do korej\u0161tiny pou\u017e\u00edv\u00e1me <strong data-start=\"12767\" data-end=\"12803\">CAT n\u00e1stroje a p\u0159ekladov\u00e9 pam\u011bti<\/strong>, zejm\u00e9na u technick\u00e9 dokumentace, n\u00e1vod\u016f, katalog\u016f a v\u00edcejazy\u010dn\u00fdch web\u016f. Tyto n\u00e1stroje n\u00e1m pom\u00e1haj\u00ed znovu pou\u017e\u00edt schv\u00e1len\u00e9 formulace a dr\u017eet stejnou strukturu i terminologii nap\u0159\u00ed\u010d projekty.<br data-start=\"12994\" data-end=\"12997\" \/>Krom\u011b p\u0159ekladov\u00fdch pam\u011bt\u00ed p\u0159ipravujeme pro st\u00e1l\u00e9 klienty <strong data-start=\"13054\" data-end=\"13089\">korejsk\u00e9 terminologick\u00e9 glos\u00e1\u0159e<\/strong>, ve kter\u00fdch jsou definov\u00e1ny preferovan\u00e9 p\u0159eklady kl\u00ed\u010dov\u00fdch pojm\u016f a n\u00e1zv\u016f produkt\u016f.<\/p>"},{"dotaz_minifaq":"Jak je u p\u0159eklad\u016f do korej\u0161tiny zaji\u0161t\u011bn\u00e1 bezpe\u010dnost a d\u016fv\u011brnost dat?","odpoved_minifaq":"<p>U korejsk\u00fdch projekt\u016f \u010dasto pracujeme s citliv\u00fdmi obchodn\u00edmi, technick\u00fdmi nebo osobn\u00edmi daty. V\u0161echny dokumenty zpracov\u00e1v\u00e1me v <strong data-start=\"13386\" data-end=\"13423\">zabezpe\u010den\u00fdch intern\u00edch syst\u00e9mech<\/strong> a pou\u017e\u00edv\u00e1me pouze <strong data-start=\"13442\" data-end=\"13466\">licencovan\u00fd software<\/strong> s jasn\u00fdmi pravidly pro ochranu dat.<br data-start=\"13502\" data-end=\"13505\" \/>\u017d\u00e1dn\u00e9 texty <strong data-start=\"13517\" data-end=\"13562\">nevkl\u00e1d\u00e1me do ve\u0159ejn\u00fdch online p\u0159eklada\u010d\u016f<\/strong>. P\u0159\u00edstup k dokument\u016fm m\u00e1 jen omezen\u00fd projektov\u00fd t\u00fdm a u citliv\u00fdch zak\u00e1zek b\u011b\u017en\u011b uzav\u00edr\u00e1me <strong data-start=\"13653\" data-end=\"13690\">NDA a dal\u0161\u00ed dohody o ml\u010denlivosti<\/strong>.<\/p>"},{"dotaz_minifaq":"Jak m\u016f\u017eu objednat p\u0159eklad do korej\u0161tiny?","odpoved_minifaq":"<p>Text, kter\u00fd pot\u0159ebujete p\u0159elo\u017eit do korej\u0161tiny, n\u00e1m m\u016f\u017eete poslat <strong data-start=\"13815\" data-end=\"13857\">e-mailem nebo p\u0159es popt\u00e1vkov\u00fd formul\u00e1\u0159<\/strong> na webu. Uve\u010fte v\u00fdchoz\u00ed a c\u00edlov\u00fd jazyk, typ textu (nap\u0159. smlouva, manu\u00e1l, web, prezentace, marketing) a po\u017eadovan\u00fd term\u00edn.<br data-start=\"13980\" data-end=\"13983\" \/>Obratem pro v\u00e1s p\u0159iprav\u00edme <strong data-start=\"14010\" data-end=\"14040\">nez\u00e1vaznou cenovou nab\u00eddku<\/strong>. Po jej\u00edm schv\u00e1len\u00ed vybereme vhodn\u00e9ho p\u0159ekladatele, nastav\u00edme pot\u0159ebnou kontrolu (korektura, revize, p\u0159\u00edpadn\u011b DTP) a hotov\u00fd p\u0159eklad do korej\u0161tiny v\u00e1m dod\u00e1me v domluven\u00e9m form\u00e1tu.<\/p>"}],"vlajka_jazyka":{"filesize":5271,"ID":"309","name":"kor-flag.svg","path":"\/www\/doc\/www.presto.cz\/www\/wp-content\/uploads\/2024\/11\/kor-flag.svg","url":"https:\/\/www.presto.cz\/wp-content\/uploads\/2024\/11\/kor-flag.svg","full_url":"https:\/\/www.presto.cz\/wp-content\/uploads\/2024\/11\/kor-flag.svg","title":"kor-flag","caption":"","description":"","alt":"","srcset":false,"width":false,"height":false},"nadpis_1_sekce":"M\u00e1me rozs\u00e1hl\u00e9 zku\u0161enosti s\u00a0p\u0159eklady do korej\u0161tiny i\u00a0z\u00a0korej\u0161tiny","odstavec_1_sekce_1_stpec":"<p>Nab\u00edz\u00edme profesion\u00e1ln\u00ed lidsk\u00e9 p\u0159eklady podporovan\u00e9 modern\u00edmi technologiemi i\u00a0strojov\u00e9 p\u0159eklady s\u00a0posteditac\u00ed.<\/p>\n<p>&nbsp;<\/p>\n<p>Spr\u00e1vnou stylistiku a\u00a0terminologii zaji\u0161\u0165uj\u00ed terminologick\u00e9 slovn\u00edky a\u00a0p\u0159ekladatelsk\u00e9 n\u00e1stroje, kter\u00e9 sleduj\u00ed jednotn\u00fd styl i\u00a0opakov\u00e1n\u00ed \u2013 co\u017e optimalizuje fin\u00e1ln\u00ed cenu p\u0159eklad\u016f.<\/p>\n<p>&nbsp;<\/p>\n<p>M\u00e1me bohat\u00e9 zku\u0161enosti s\u00a0pr\u00e1vn\u00edmi p\u0159eklady, ka\u017edoro\u010dn\u011b p\u0159elo\u017e\u00edme v\u00edce ne\u017e 60\u00a0000 normostran pr\u00e1vn\u00edch text\u016f.<\/p>\n","mininadpis_sekce_2":"Typy p\u0159eklad\u016f, kter\u00e9 zaji\u0161\u0165ujeme","nadpis_2_sekce":"Jak\u00e9 dokumenty nej\u010dast\u011bji p\u0159ekl\u00e1d\u00e1me z\u00a0korej\u0161tiny a\u00a0do korej\u0161tiny?","odstavec_2_sekce_2_stpec":"<p>P\u0159ekl\u00e1d\u00e1me \u0161irokou \u0161k\u00e1lu dokument\u016f, p\u0159edev\u0161\u00edm pro technick\u00e9, pr\u00e1vn\u00ed a\u00a0marketingov\u00e9 \u00fa\u010dely.<\/p>\n","odstavec_2_sekce_1_stpec":"<h4 style=\"color: initial\"><strong>Pr\u00e1vn\u00ed dokumenty<\/strong><\/h4>\n<ul>\n<li>P\u0159eklady smluv, z\u00e1kon\u016f, sm\u011brnic, vyhl\u00e1\u0161ek, \u017ealob, rozsudk\u016f, pr\u00e1vn\u00edch posudk\u016f a\u00a0firemn\u00edch p\u0159edpis\u016f.<\/li>\n<li>P\u0159eklady zakladatelsk\u00fdch listin, licen\u010dn\u00edch smluv, dokument\u016f ISO.<\/li>\n<li><a href=\"https:\/\/www.presto.cz\/odborne-preklady\/pravni-preklady\/\">Soudn\u00ed p\u0159eklady<\/a> (s\u00a0mo\u017enost\u00ed zaji\u0161t\u011bn\u00ed apostily nebo superlegalizace) pro ofici\u00e1ln\u00ed \u00fa\u010dely.<\/li>\n<\/ul>\n<h4 style=\"color: initial\"><b>Auditorsk\u00e9 a\u00a0bezpe\u010dnostn\u00ed dokumenty<\/b><\/h4>\n<p>P\u0159eklady auditorsk\u00fdch zpr\u00e1v, bezpe\u010dnostn\u00edch p\u0159edpis\u016f a\u00a0podklad\u016f pro v\u00fdb\u011brov\u00e1 \u0159\u00edzen\u00ed.<\/p>\n<h4 style=\"color: initial\"><b>Technick\u00e9 dokumentace<\/b><\/h4>\n<p>P\u0159eklady technick\u00fdch manu\u00e1l\u016f a\u00a0dal\u0161\u00edch specializovan\u00fdch dokument\u016f.<\/p>\n<h4 style=\"color: initial\"><b>Marketingov\u00e9 materi\u00e1ly<\/b><\/h4>\n<p>P\u0159eklady web\u016f, bro\u017eur, propaga\u010dn\u00edch kampan\u00ed a jin\u00fdch komunika\u010dn\u00edch text\u016f.\u00a0\u00a0<\/p>\n","nadpis_3_sekce":"Jak\u00e9 jazykov\u00e9 kombinace nab\u00edz\u00edme?","odstavec_3_sekce":"<p>P\u0159ekl\u00e1d\u00e1me dokumenty z\u00a0a\u00a0do korej\u0161tiny v\u00a0r\u016fzn\u00fdch jazykov\u00fdch kombinac\u00edch.<\/p>\n","odrazky_sekce_3_1_ministpec":"<ul>\n<li>Z\u00a0korej\u0161tiny do <strong>\u010de\u0161tiny<\/strong> a\u00a0naopak<\/li>\n<li>Z\u00a0korej\u0161tiny do <b>angli\u010dtiny<\/b> a\u00a0naopak<\/li>\n<li>Z\u00a0korej\u0161tiny do <strong>n\u011bm\u010diny<\/strong> a\u00a0naopak<\/li>\n<li>Z\u00a0korej\u0161tiny do <b>\u010d\u00edn\u0161tiny<\/b> a\u00a0naopak<\/li>\n<li>Z\u00a0korej\u0161tiny do <strong>\u0161pan\u011bl\u0161tiny<\/strong> a\u00a0naopak<\/li>\n<li>Z\u00a0korej\u0161tiny do <b>francouz\u0161tiny<\/b> a\u00a0naopak<\/li>\n<li>Z\u00a0korej\u0161tiny do <b>chorvat\u0161tiny<\/b> a\u00a0naopak<\/li>\n<\/ul>\n","odrazky_sekce_3_2_ministpec":"<ul>\n<li>Z\u00a0korej\u0161tiny do <strong>sloven\u0161tiny<\/strong> a\u00a0naopak<\/li>\n<li>Z\u00a0korej\u0161tiny do <strong>pol\u0161tiny<\/strong> a\u00a0naopak<\/li>\n<li>Z\u00a0korej\u0161tiny do <strong>ukrajin\u0161tiny<\/strong> a\u00a0naopak<\/li>\n<li>Z\u00a0korej\u0161tiny do <b>rumun\u0161tiny<\/b> a\u00a0naopak<\/li>\n<li>Z\u00a0korej\u0161tiny do <b>portugal\u0161tiny<\/b> a\u00a0naopak<\/li>\n<li>Z\u00a0korej\u0161tiny do <strong>ru\u0161tiny<\/strong> a\u00a0naopak<\/li>\n<li>a\u00a0mnoh\u00e9 dal\u0161\u00ed jazykov\u00e9 kombinace\u2026<\/li>\n<\/ul>\n","mininadpis_sekce_4":"V\u00edce o\u00a0p\u0159ekladech korej\u0161tiny","nadpis_sekce_4":"Jak zajist\u00edme kvalitu a\u00a0odbornost?","nadpis_1_minisekce":"Zajist\u00edme jednotnou terminologii","odstavec_1_minisekce":"<p><span style=\"font-weight: 400\">N\u00e1stroje pro podporu p\u0159ekladu, kter\u00e9 vyu\u017e\u00edv\u00e1me, detekuj\u00ed pou\u017eit\u00e9 term\u00edny v\u00a0origin\u00e1le a\u00a0upozorn\u00ed p\u0159i nejednotn\u00e9m p\u0159ekladu. Stejn\u00fd p\u0159eklad nap\u0159\u00ed\u010d dokumenty pak zajist\u00edme ulo\u017een\u00edm term\u00ednu do intern\u00edho slovn\u00edku.<\/span><\/p>\n","nadpis_2_minisekce":"Zrychlujeme proces p\u0159ekladu","odstavec_2_minisekce":"<p>Prvotn\u00ed p\u0159eklad nech\u00e1me vyhotovit pomoc\u00ed neuronov\u00e9ho strojov\u00e9ho p\u0159ekladu (NMT) a n\u00e1sledn\u011b na\u0161i odborn\u00edci prov\u00e1d\u00ed posteditaci. Jsme tak\u00e9 certifikovan\u00ed podle normy ISO\u00a018587.<\/p>\n","nadpis_3_minisekce":"M\u00e1me odborn\u00edky na technick\u00e9 a\u00a0pr\u00e1vn\u00ed p\u0159eklady","odstavec_3_minisekce":"<p><span style=\"font-weight: 400\">Na pr\u00e1vn\u00edch a technick\u00fdch p\u0159ekladech spolupracujeme s\u00a0p\u0159ekladateli-specialisty, kte\u0159\u00ed se orientuj\u00ed v\u00a0oborov\u00e9 terminologii a\u00a0pr\u00e1vn\u00edch norm\u00e1ch. Na\u0161e p\u0159eklady v\u017edy vyhotovuj\u00ed rodil\u00ed mluv\u010d\u00ed a\u00a0nav\u00edc spl\u0148uj\u00ed normy kvality dle certifikac\u00ed ISO\u00a017100 a\u00a0ISO\u00a09001.<\/span><\/p>\n","mininadpis_sekce_zajimavost":"Zaj\u00edmavost","nadpis_sekce_zajimavost":"Posledn\u00ed p\u0159e\u017eiv\u0161\u00ed korejsk\u00fd jazyk","odstavec_sekce_zajimavost":"<p>I\u00a0p\u0159esto, \u017ee ve skupin\u011b korejsk\u00fdch jazyk\u016f se nach\u00e1z\u00ed je\u0161t\u011b jeden jazyk, a\u00a0sice \u010ded\u017eu\u0161tina, nem\u00e1 korej\u0161tina \u017e\u00e1dn\u00e9 bl\u00edzk\u00e9 p\u0159\u00edbuzn\u00e9 jazyky. Jako takov\u00fd pat\u0159\u00ed mezi velmi obt\u00ed\u017en\u00e9 jazyky pro nov\u00e9 u\u017eivatele. Ale i\u00a0p\u0159es tyto bari\u00e9ry o\u00a0korej\u0161tinu st\u00e1le panuje velk\u00fd z\u00e1jem \u2013 a\u0165 u\u017e pro obchod, \u010di strategick\u00e9 vyu\u017eit\u00ed, ale i\u00a0pro hlubok\u00fd z\u00e1jem o\u00a0korejskou kulturu, kter\u00fd se v\u00a0posledn\u00edch letech zved\u00e1.\u00a0<\/p>\n","obrazek_zajimavost":{"width":150,"height":150,"file":"2025\/03\/pexels-photo-1637802.jpeg","filesize":90454,"sizes":{"medium":{"file":"pexels-photo-1637802-225x300.jpeg","width":225,"height":300,"mime-type":"image\/jpeg","filesize":20379,"url":"https:\/\/www.presto.cz\/wp-content\/uploads\/2025\/03\/pexels-photo-1637802-225x300.jpeg"},"thumbnail":{"file":"pexels-photo-1637802-150x150.jpeg","width":150,"height":150,"mime-type":"image\/jpeg","filesize":8718,"url":"https:\/\/www.presto.cz\/wp-content\/uploads\/2025\/03\/pexels-photo-1637802-150x150.jpeg"}},"image_meta":{"aperture":"0","credit":"","camera":"","caption":"","created_timestamp":"0","copyright":"","focal_length":"0","iso":"0","shutter_speed":"0","title":"","orientation":"0","keywords":[]},"ID":"2993","name":"pexels-photo-1637802.jpeg","path":"\/www\/doc\/www.presto.cz\/www\/wp-content\/uploads\/2025\/03\/pexels-photo-1637802.jpeg","url":"https:\/\/www.presto.cz\/wp-content\/uploads\/2025\/03\/pexels-photo-1637802-150x150.jpeg","full_url":"https:\/\/www.presto.cz\/wp-content\/uploads\/2025\/03\/pexels-photo-1637802.jpeg","title":"pexels-photo-1637802","caption":"","description":"","alt":"","srcset":false},"nadpis_red_cta":"Pot\u0159ebujete profesion\u00e1ln\u00ed p\u0159eklady korej\u0161tiny?","odstavec_red_cta":"Spojte se s\u00a0n\u00e1mi a\u00a0zjist\u011bte, jak v\u00e1m m\u016f\u017eeme pomoci s\u00a0p\u0159eklady \u010di lokalizac\u00ed.","primary_button_text":"Nez\u00e1vazn\u00e1 kalkulace","primary_button_odkaz":551,"secondary_button_text":"Zjistit v\u00edce","secondary_button_odkaz":482},"_links":{"self":[{"href":"https:\/\/www.presto.cz\/cz\/wp-json\/wp\/v2\/pages\/2992","targetHints":{"allow":["GET"]}}],"collection":[{"href":"https:\/\/www.presto.cz\/cz\/wp-json\/wp\/v2\/pages"}],"about":[{"href":"https:\/\/www.presto.cz\/cz\/wp-json\/wp\/v2\/types\/page"}],"author":[{"embeddable":true,"href":"https:\/\/www.presto.cz\/cz\/wp-json\/wp\/v2\/users\/2"}],"replies":[{"embeddable":true,"href":"https:\/\/www.presto.cz\/cz\/wp-json\/wp\/v2\/comments?post=2992"}],"version-history":[{"count":3,"href":"https:\/\/www.presto.cz\/cz\/wp-json\/wp\/v2\/pages\/2992\/revisions"}],"predecessor-version":[{"id":7754,"href":"https:\/\/www.presto.cz\/cz\/wp-json\/wp\/v2\/pages\/2992\/revisions\/7754"}],"wp:featuredmedia":[{"embeddable":true,"href":"https:\/\/www.presto.cz\/cz\/wp-json\/wp\/v2\/media\/1580"}],"wp:attachment":[{"href":"https:\/\/www.presto.cz\/cz\/wp-json\/wp\/v2\/media?parent=2992"}],"wp:term":[{"taxonomy":"prekladany-jazyk","embeddable":true,"href":"https:\/\/www.presto.cz\/cz\/wp-json\/wp\/v2\/prekladany-jazyk?post=2992"}],"curies":[{"name":"wp","href":"https:\/\/api.w.org\/{rel}","templated":true}]}}