{"id":2982,"date":"2025-03-25T15:45:12","date_gmt":"2025-03-25T14:45:12","guid":{"rendered":"https:\/\/presto.digiamo.cz\/presto\/?page_id=2982"},"modified":"2025-12-18T11:48:40","modified_gmt":"2025-12-18T10:48:40","slug":"preklady-hindstiny","status":"publish","type":"page","link":"https:\/\/www.presto.cz\/cz\/preklady-hindstiny","title":{"rendered":"P\u0159eklady hind\u0161tiny"},"content":{"rendered":"\n<p class=\"h--3 margin-bottom--m\">P\u0159esn\u011b, rychle a\u00a0s\u00a0d\u016frazem na kvalitu.<\/p>\n\n<p>Nab\u00edz\u00edme p\u0159eklady do hind\u0161tiny a\u00a0z\u00a0hind\u0161tiny s\u00a0vyu\u017eit\u00edm pokro\u010dil\u00fdch technologi\u00ed a\u00a0\u0161pi\u010dkov\u00fdch odborn\u00edk\u016f.<\/p>\n\n<p><\/p>\n","protected":false},"excerpt":{"rendered":"<p>P\u0159esn\u011b, rychle a\u00a0s\u00a0d\u016frazem na kvalitu. Nab\u00edz\u00edme p\u0159eklady do hind\u0161tiny a\u00a0z\u00a0hind\u0161tiny s\u00a0vyu\u017eit\u00edm pokro\u010dil\u00fdch technologi\u00ed a\u00a0\u0161pi\u010dkov\u00fdch odborn\u00edk\u016f.<\/p>\n","protected":false},"author":2,"featured_media":1580,"parent":0,"menu_order":0,"comment_status":"closed","ping_status":"closed","template":"","meta":{"footnotes":""},"prekladany-jazyk":[20],"class_list":["post-2982","page","type-page","status-publish","has-post-thumbnail","hentry","prekladany-jazyk-ano"],"meta_box":{"group_mini__faq":[{"dotaz_minifaq":"Kolik stoj\u00ed p\u0159eklad jedn\u00e9 strany do hind\u0161tiny?","odpoved_minifaq":"<p>Cena p\u0159ekladu do hind\u0161tiny z\u00e1vis\u00ed na <strong data-start=\"319\" data-end=\"387\">rozsahu textu, m\u00ed\u0159e odbornosti, term\u00ednu dod\u00e1n\u00ed a v\u00fdchoz\u00edm jazyce<\/strong> (\u010dasto \u010de\u0161tina nebo angli\u010dtina).<br data-start=\"420\" data-end=\"423\" \/>Ve v\u011bt\u0161in\u011b p\u0159\u00edpad\u016f \u00fa\u010dtujeme podle po\u010dtu <strong data-start=\"463\" data-end=\"495\">normostran hotov\u00e9ho p\u0159ekladu<\/strong> \u2013 1 normostrana = 1 800 znak\u016f hindsk\u00e9ho textu v\u010detn\u011b mezer. U n\u011bkter\u00fdch zak\u00e1zek je mo\u017en\u00e9 cenu stanovit i podle <strong data-start=\"607\" data-end=\"649\">po\u010dtu slov nebo znak\u016f zdrojov\u00e9ho textu<\/strong>; v\u017edy to up\u0159esn\u00edme v nez\u00e1vazn\u00e9 kalkulaci.<br data-start=\"691\" data-end=\"694\" \/>Nejp\u0159esn\u011bj\u0161\u00ed cenu z\u00edsk\u00e1te, kdy\u017e n\u00e1m po\u0161lete konkr\u00e9tn\u00ed soubor \u2013 obratem v\u00e1m za\u0161leme cenovou nab\u00eddku.<\/p>"},{"dotaz_minifaq":"Jak rychle zvl\u00e1dnete p\u0159eklad do hind\u0161tiny?","odpoved_minifaq":"<p>U kr\u00e1tk\u00fdch a m\u00e9n\u011b n\u00e1ro\u010dn\u00fdch text\u016f do hind\u0161tiny zvl\u00e1d\u00e1me dod\u00e1n\u00ed zpravidla <strong data-start=\"925\" data-end=\"953\">b\u011bhem 1\u20132 pracovn\u00edch dn\u016f<\/strong>. U objemn\u011bj\u0161\u00edch nebo odborn\u00fdch materi\u00e1l\u016f z\u00e1le\u017e\u00ed na rozsahu, oboru a dohodnut\u00e9m term\u00ednu.<br data-start=\"1041\" data-end=\"1044\" \/>Jakmile od v\u00e1s dostaneme podklady, navrhneme <strong data-start=\"1089\" data-end=\"1109\">konkr\u00e9tn\u00ed term\u00edn<\/strong> a p\u0159\u00edpadn\u011b i n\u011bkolik variant podle po\u017eadovan\u00e9 rychlosti.<\/p>"},{"dotaz_minifaq":"Nab\u00edz\u00edte expresn\u00ed p\u0159eklad do hind\u0161tiny?","odpoved_minifaq":"<p>Ano, pokud to situace a kapacita p\u0159ekladatel\u016f dovol\u00ed, nab\u00edz\u00edme i <strong data-start=\"1287\" data-end=\"1321\">expresn\u00ed p\u0159eklady do hind\u0161tiny<\/strong> \u2013 nap\u0159\u00edklad b\u011bhem jednoho dne \u010di v\u00edkendu.<br data-start=\"1363\" data-end=\"1366\" \/>U expresn\u00edch zak\u00e1zek je t\u0159eba po\u010d\u00edtat s p\u0159\u00edplatkem za rychlost, ten ale v\u017edy <strong data-start=\"1443\" data-end=\"1473\">p\u0159edem uvedeme v kalkulaci<\/strong>, tak\u017ee m\u00e1te jasnou p\u0159edstavu o cen\u011b.<\/p>"},{"dotaz_minifaq":"Jak zaji\u0161\u0165ujete kvalitu p\u0159eklad\u016f do hind\u0161tiny?","odpoved_minifaq":"<p>P\u0159eklady do hind\u0161tiny sv\u011b\u0159ujeme <strong data-start=\"1605\" data-end=\"1668\">ov\u011b\u0159en\u00fdm p\u0159ekladatel\u016fm se zku\u0161enostmi s indick\u00fdm prost\u0159ed\u00edm<\/strong> a dan\u00fdm oborem (obchod, technika, pr\u00e1vo, marketing atd.).<br data-start=\"1726\" data-end=\"1729\" \/>Pou\u017e\u00edv\u00e1me profesion\u00e1ln\u00ed <strong data-start=\"1753\" data-end=\"1797\">CAT n\u00e1stroje a automatick\u00e9 kontroly (QA)<\/strong>, kter\u00e9 hl\u00eddaj\u00ed konzistenci term\u00edn\u016f, \u010d\u00edsla i form\u00e1t. U d\u016fle\u017eit\u00fdch text\u016f (nap\u0159. smluv, web\u016f, prezentac\u00ed) zapojujeme nav\u00edc <strong data-start=\"1918\" data-end=\"1949\">korekturu druh\u00fdm lingvistou<\/strong>, p\u0159\u00edpadn\u011b rodil\u00fdm mluv\u010d\u00edm.<\/p>"},{"dotaz_minifaq":"P\u0159ekl\u00e1d\u00e1te i pr\u00e1vn\u00ed a technick\u00e9 texty do hind\u0161tiny?","odpoved_minifaq":"<p>Ano, realizujeme i <strong data-start=\"2063\" data-end=\"2096\">odborn\u00e9 p\u0159eklady do hind\u0161tiny<\/strong> \u2013 pr\u00e1vn\u00ed dokumenty, obchodn\u00ed smlouvy, technick\u00e9 manu\u00e1ly, bezpe\u010dnostn\u00ed listy, IT dokumentaci nebo firemn\u00ed sm\u011brnice.<br data-start=\"2211\" data-end=\"2214\" \/>Na tyto zak\u00e1zky vyb\u00edr\u00e1me p\u0159ekladatele s <strong data-start=\"2254\" data-end=\"2283\">odpov\u00eddaj\u00edc\u00ed specializac\u00ed<\/strong> a podle pot\u0159eby zaji\u0161\u0165ujeme i odborn\u00e9 revize, aby text obst\u00e1l i p\u0159ed \u00fa\u0159ady nebo obchodn\u00edmi partnery v Indii.<\/p>"},{"dotaz_minifaq":"Jak\u00fd je rozd\u00edl mezi b\u011b\u017en\u00fdm a odborn\u00fdm p\u0159ekladem do hind\u0161tiny?","odpoved_minifaq":"<p>B\u011b\u017en\u00fd p\u0159eklad do hind\u0161tiny je vhodn\u00fd pro texty bez slo\u017eit\u00e9 terminologie \u2013 nap\u0159\u00edklad intern\u00ed sd\u011blen\u00ed, z\u00e1kladn\u00ed firemn\u00ed prezentace, jednoduch\u00e9 webov\u00e9 texty.<br data-start=\"2624\" data-end=\"2627\" \/>Odborn\u00fd p\u0159eklad pou\u017e\u00edv\u00e1me u text\u016f s <strong data-start=\"2663\" data-end=\"2708\">p\u0159esnou terminologi\u00ed a vy\u0161\u0161\u00ed odpov\u011bdnost\u00ed<\/strong> (pr\u00e1vo, technika, medic\u00edna, finance). Tam v\u017edy vol\u00edme specializovan\u00e9ho p\u0159ekladatele a \u010dasto i druhou kontrolu, aby byl hindsk\u00fd text jednozna\u010dn\u00fd a p\u0159esn\u00fd.<\/p>"},{"dotaz_minifaq":"P\u0159ekl\u00e1daj\u00ed v\u00e1m texty do hind\u0161tiny rodil\u00ed mluv\u010d\u00ed?","odpoved_minifaq":"<p>Ano, p\u0159i pr\u00e1ci s hind\u0161tinou spolupracujeme s <strong data-start=\"2972\" data-end=\"3018\">rodil\u00fdmi mluv\u010d\u00edmi i zku\u0161en\u00fdmi p\u0159ekladateli<\/strong>, kte\u0159\u00ed hind\u0161tinu pou\u017e\u00edvaj\u00ed profesion\u00e1ln\u011b a dlouhodob\u011b.<br data-start=\"3073\" data-end=\"3076\" \/>U marketingov\u00fdch text\u016f, web\u016f a dal\u0161\u00edch \u201eviditeln\u00fdch\u201c materi\u00e1l\u016f doporu\u010dujeme nav\u00edc <strong data-start=\"3158\" data-end=\"3187\">korekturu rodil\u00fdm mluv\u010d\u00edm<\/strong>, aby text p\u016fsobil p\u0159irozen\u011b pro indick\u00e9 \u010dten\u00e1\u0159e.<\/p>"},{"dotaz_minifaq":"P\u0159izp\u016fsob\u00edte p\u0159eklad do hind\u0161tiny indick\u00e9mu trhu a c\u00edlov\u00e9 skupin\u011b?","odpoved_minifaq":"<p>Ano, p\u0159eklad do hind\u0161tiny v\u017edy p\u0159izp\u016fsobujeme <strong data-start=\"3365\" data-end=\"3405\">konkr\u00e9tn\u00edmu \u00fa\u010delu a c\u00edlov\u00e9mu publiku<\/strong>. Jinak budeme ps\u00e1t text pro indick\u00fd \u00fa\u0159ad, jinak pro B2B jedn\u00e1n\u00ed a jinak pro e-shop zam\u011b\u0159en\u00fd na kone\u010dn\u00e9 z\u00e1kazn\u00edky.<br data-start=\"3519\" data-end=\"3522\" \/>V r\u00e1mci lokalizace zohled\u0148ujeme <strong data-start=\"3554\" data-end=\"3618\">kulturn\u00ed kontext, styl komunikace i typick\u00e9 zp\u016fsoby osloven\u00ed<\/strong> tak, aby hindsk\u00fd text nep\u016fsobil jako doslovn\u00fd p\u0159eklad z \u010de\u0161tiny.<\/p>"},{"dotaz_minifaq":"P\u0159ekl\u00e1d\u00e1te i webov\u00e9 str\u00e1nky, e-shopy a software do hind\u0161tiny?","odpoved_minifaq":"<p>Ano, zaji\u0161\u0165ujeme <strong data-start=\"3778\" data-end=\"3840\">lokalizace web\u016f, e-shop\u016f, aplikac\u00ed a softwaru do hind\u0161tiny<\/strong>. Um\u00edme pracovat s exporty z CMS, e-shopov\u00fdch platforem i s technick\u00fdmi soubory (nap\u0159. XML, JSON).<br data-start=\"3938\" data-end=\"3941\" \/>Sou\u010d\u00e1st\u00ed m\u016f\u017ee b\u00fdt i <strong data-start=\"3961\" data-end=\"4018\">\u00faprava hindsk\u00fdch text\u016f s ohledem na vyhled\u00e1va\u010de (SEO)<\/strong> a p\u0159eklad titulk\u016f, vide\u00ed nebo u\u017eivatelsk\u00fdch rozhran\u00ed pro indick\u00e9 u\u017eivatele.<\/p>"},{"dotaz_minifaq":"Zaji\u0161\u0165ujete soudn\u00ed (\u00fa\u0159edn\u00ed) p\u0159eklady do hind\u0161tiny s raz\u00edtkem?","odpoved_minifaq":"<p>Ano, podle typu dokumentu m\u016f\u017eeme zajistit i <strong data-start=\"4217\" data-end=\"4263\">soudn\u00ed p\u0159eklady do hind\u0161tiny a z hind\u0161tiny<\/strong> s kulat\u00fdm raz\u00edtkem soudn\u00edho tlumo\u010dn\u00edka. Ty se pou\u017e\u00edvaj\u00ed nap\u0159\u00edklad pro \u00fa\u0159ady, \u0161koly, soudy nebo imigra\u010dn\u00ed a pracovn\u00ed \u0159\u00edzen\u00ed.<br data-start=\"4387\" data-end=\"4390\" \/>Sta\u010d\u00ed n\u00e1m poslat sken dokumentu a napsat, pro jak\u00fd \u00fa\u010del p\u0159eklad pot\u0159ebujete \u2013 porad\u00edme v\u00e1m, zda je nutn\u00fd soudn\u00ed p\u0159eklad, nebo posta\u010d\u00ed b\u011b\u017en\u00fd.<\/p>"},{"dotaz_minifaq":"Zaji\u0161\u0165ujete i p\u0159eklady z hind\u0161tiny do jin\u00fdch jazyk\u016f ne\u017e jen do \u010de\u0161tiny?","odpoved_minifaq":"<p>Ano, p\u0159ekl\u00e1d\u00e1me <strong data-start=\"4635\" data-end=\"4667\">z hind\u0161tiny nejen do \u010de\u0161tiny<\/strong>, ale tak\u00e9 do <strong data-start=\"4681\" data-end=\"4732\">angli\u010dtiny, n\u011bm\u010diny a dal\u0161\u00edch evropsk\u00fdch jazyk\u016f<\/strong>.<br data-start=\"4733\" data-end=\"4736\" \/>U v\u00edcejazy\u010dn\u00fdch projekt\u016f um\u00edme z jednoho hindsk\u00e9ho textu p\u0159ipravit <strong data-start=\"4803\" data-end=\"4828\">v\u00edce jazykov\u00fdch verz\u00ed<\/strong> a pohl\u00eddat, aby si obsahov\u011b odpov\u00eddaly.<\/p>"},{"dotaz_minifaq":"Pou\u017e\u00edv\u00e1te p\u0159i p\u0159ekladech do hind\u0161tiny um\u011blou inteligenci nebo strojov\u00fd p\u0159eklad?","odpoved_minifaq":"<p>U n\u011bkter\u00fdch typ\u016f text\u016f (nap\u0159. rozs\u00e1hl\u00e9 intern\u00ed materi\u00e1ly, opakuj\u00edc\u00ed se popisy) m\u016f\u017eeme vyu\u017e\u00edt <strong data-start=\"5058\" data-end=\"5099\">strojov\u00fd p\u0159eklad s um\u011blou inteligenc\u00ed<\/strong>, ale v\u017edy pouze jako <strong data-start=\"5121\" data-end=\"5140\">pomocn\u00fd n\u00e1stroj<\/strong>. Fin\u00e1ln\u00ed podoba textu je v\u017edy v\u00fdsledkem pr\u00e1ce p\u0159ekladatele, kter\u00fd v\u00fdstup oprav\u00ed, sjednot\u00ed terminologii a uprav\u00ed styl.<br data-start=\"5258\" data-end=\"5261\" \/>U pr\u00e1vn\u00edch, technick\u00fdch a marketingov\u00fdch text\u016f do hind\u0161tiny obvykle vol\u00edme <strong data-start=\"5336\" data-end=\"5360\">\u010dist\u011b lidsk\u00fd p\u0159eklad<\/strong>, kde jsou nuance obzvl\u00e1\u0161\u0165 d\u016fle\u017eit\u00e9.<\/p>"},{"dotaz_minifaq":"Pracujete u p\u0159eklad\u016f do hind\u0161tiny s p\u0159ekladov\u00fdmi pam\u011btmi a CAT n\u00e1stroji?","odpoved_minifaq":"<p>Ano, p\u0159i p\u0159ekladu do hind\u0161tiny vyu\u017e\u00edv\u00e1me <strong data-start=\"5527\" data-end=\"5563\">CAT n\u00e1stroje a p\u0159ekladov\u00e9 pam\u011bti<\/strong>, zejm\u00e9na u dlouhodob\u00fdch projekt\u016f, technick\u00e9 dokumentace a v\u00edcejazy\u010dn\u00fdch web\u016f. D\u00edky nim m\u016f\u017eeme znovu pou\u017e\u00edt ji\u017e schv\u00e1len\u00e9 formulace a l\u00e9pe hl\u00eddat konzistenci.<br data-start=\"5721\" data-end=\"5724\" \/>Pro st\u00e1l\u00e9 klienty vytv\u00e1\u0159\u00edme tak\u00e9 <strong data-start=\"5757\" data-end=\"5783\">terminologick\u00e9 glos\u00e1\u0159e<\/strong>, aby se stejn\u00e9 pojmy pou\u017e\u00edvaly jednotn\u011b ve v\u0161ech hindsk\u00fdch textech.<\/p>"},{"dotaz_minifaq":"Jak je u p\u0159eklad\u016f do hind\u0161tiny zaji\u0161t\u011bn\u00e1 bezpe\u010dnost a d\u016fv\u011brnost dat?","odpoved_minifaq":"<p>S dokumenty pro p\u0159eklad do hind\u0161tiny pracujeme v <strong data-start=\"5986\" data-end=\"6012\">zabezpe\u010den\u00e9m prost\u0159ed\u00ed<\/strong> a pou\u017e\u00edv\u00e1me pouze <strong data-start=\"6031\" data-end=\"6055\">licencovan\u00fd software<\/strong>. Klientsk\u00e9 texty <strong data-start=\"6073\" data-end=\"6118\">nevkl\u00e1d\u00e1me do ve\u0159ejn\u00fdch online p\u0159eklada\u010d\u016f<\/strong> ani jin\u00fdch otev\u0159en\u00fdch slu\u017eeb.<br data-start=\"6148\" data-end=\"6151\" \/>P\u0159\u00edstup k dokument\u016fm m\u00e1 jen omezen\u00fd projektov\u00fd t\u00fdm. U citliv\u00fdch zak\u00e1zek b\u011b\u017en\u011b uzav\u00edr\u00e1me <strong data-start=\"6239\" data-end=\"6276\">NDA a dal\u0161\u00ed dohody o ml\u010denlivosti<\/strong> a m\u016f\u017eeme se p\u0159izp\u016fsobit i intern\u00edm bezpe\u010dnostn\u00edm pravidl\u016fm va\u0161\u00ed firmy.<\/p>"},{"dotaz_minifaq":"Jak m\u016f\u017eu objednat p\u0159eklad do hind\u0161tiny?","odpoved_minifaq":"<p>Text pro p\u0159eklad do hind\u0161tiny n\u00e1m m\u016f\u017eete poslat <strong data-start=\"6452\" data-end=\"6494\">e-mailem nebo p\u0159es popt\u00e1vkov\u00fd formul\u00e1\u0159<\/strong> na webu. Uve\u010fte v\u00fdchoz\u00ed a c\u00edlov\u00fd jazyk, stru\u010dn\u00fd popis textu (nap\u0159. smlouva, marketing, technick\u00e1 dokumentace, web) a po\u017eadovan\u00fd term\u00edn dod\u00e1n\u00ed.<br data-start=\"6637\" data-end=\"6640\" \/>Na z\u00e1klad\u011b podklad\u016f p\u0159iprav\u00edme <strong data-start=\"6671\" data-end=\"6701\">nez\u00e1vaznou cenovou nab\u00eddku<\/strong>. Po va\u0161em schv\u00e1len\u00ed vybereme vhodn\u00e9ho p\u0159ekladatele, nastav\u00edme p\u0159\u00edpadnou korekturu \u010di revizi a hotov\u00fd p\u0159eklad do hind\u0161tiny v\u00e1m doru\u010d\u00edme v domluven\u00e9m form\u00e1tu.<\/p>"}],"vlajka_jazyka":{"width":139,"height":87,"file":"2024\/11\/hindstina-flag.jpg","filesize":1597,"sizes":[],"image_meta":{"aperture":"0","credit":"","camera":"","caption":"","created_timestamp":"0","copyright":"","focal_length":"0","iso":"0","shutter_speed":"0","title":"","orientation":"0","keywords":[]},"ID":"301","name":"hindstina-flag.jpg","path":"\/www\/doc\/www.presto.cz\/www\/wp-content\/uploads\/2024\/11\/hindstina-flag.jpg","url":"https:\/\/www.presto.cz\/wp-content\/uploads\/2024\/11\/hindstina-flag.jpg","full_url":"https:\/\/www.presto.cz\/wp-content\/uploads\/2024\/11\/hindstina-flag.jpg","title":"hindstina-flag","caption":"","description":"","alt":"","srcset":false},"nadpis_1_sekce":"M\u00e1me rozs\u00e1hl\u00e9 zku\u0161enosti s\u00a0p\u0159eklady do hind\u0161tiny i\u00a0z\u00a0hind\u0161tiny","odstavec_1_sekce_1_stpec":"<p>Nab\u00edz\u00edme profesion\u00e1ln\u00ed lidsk\u00e9 p\u0159eklady podporovan\u00e9 modern\u00edmi technologiemi i\u00a0strojov\u00e9 p\u0159eklady s\u00a0posteditac\u00ed.<\/p>\n<p>&nbsp;<\/p>\n<p>Spr\u00e1vnou stylistiku a\u00a0terminologii zaji\u0161\u0165uj\u00ed terminologick\u00e9 slovn\u00edky a\u00a0p\u0159ekladatelsk\u00e9 n\u00e1stroje, kter\u00e9 sleduj\u00ed jednotn\u00fd styl i\u00a0opakov\u00e1n\u00ed \u2013 co\u017e optimalizuje fin\u00e1ln\u00ed cenu p\u0159eklad\u016f.<\/p>\n<p>&nbsp;<\/p>\n<p>M\u00e1me bohat\u00e9 zku\u0161enosti s\u00a0pr\u00e1vn\u00edmi p\u0159eklady, ka\u017edoro\u010dn\u011b p\u0159elo\u017e\u00edme v\u00edce ne\u017e 60\u00a0000 normostran pr\u00e1vn\u00edch text\u016f.<\/p>\n","mininadpis_sekce_2":"Typy p\u0159eklad\u016f, kter\u00e9 zaji\u0161\u0165ujeme","nadpis_2_sekce":"Jak\u00e9 dokumenty nej\u010dast\u011bji p\u0159ekl\u00e1d\u00e1me z\u00a0hind\u0161tiny a do hind\u0161tiny?","odstavec_2_sekce_2_stpec":"<p>P\u0159ekl\u00e1d\u00e1me \u0161irokou \u0161k\u00e1lu dokument\u016f, p\u0159edev\u0161\u00edm pro technick\u00e9, pr\u00e1vn\u00ed a\u00a0marketingov\u00e9 \u00fa\u010dely.<\/p>\n","odstavec_2_sekce_1_stpec":"<h4 style=\"color: initial\"><strong>Pr\u00e1vn\u00ed dokumenty<\/strong><\/h4>\n<ul>\n<li>P\u0159eklady smluv, z\u00e1kon\u016f, sm\u011brnic, vyhl\u00e1\u0161ek, \u017ealob, rozsudk\u016f, pr\u00e1vn\u00edch posudk\u016f a\u00a0firemn\u00edch p\u0159edpis\u016f.<\/li>\n<li>P\u0159eklady zakladatelsk\u00fdch listin, licen\u010dn\u00edch smluv, dokument\u016f ISO.<\/li>\n<li><a href=\"https:\/\/www.presto.cz\/odborne-preklady\/pravni-preklady\/\">Soudn\u00ed p\u0159eklady<\/a> (s\u00a0mo\u017enost\u00ed zaji\u0161t\u011bn\u00ed apostily nebo superlegalizace) pro ofici\u00e1ln\u00ed \u00fa\u010dely.<\/li>\n<\/ul>\n<h4 style=\"color: initial\"><b>Auditorsk\u00e9 a\u00a0bezpe\u010dnostn\u00ed dokumenty<\/b><\/h4>\n<p>P\u0159eklady auditorsk\u00fdch zpr\u00e1v, bezpe\u010dnostn\u00edch p\u0159edpis\u016f a\u00a0podklad\u016f pro v\u00fdb\u011brov\u00e1 \u0159\u00edzen\u00ed.<\/p>\n<h4 style=\"color: initial\"><b>Technick\u00e9 dokumentace<\/b><\/h4>\n<p>P\u0159eklady technick\u00fdch manu\u00e1l\u016f a\u00a0dal\u0161\u00edch specializovan\u00fdch dokument\u016f.<\/p>\n<h4 style=\"color: initial\"><b>Marketingov\u00e9 materi\u00e1ly<\/b><\/h4>\n<p>P\u0159eklady web\u016f, bro\u017eur, propaga\u010dn\u00edch kampan\u00ed a jin\u00fdch komunika\u010dn\u00edch text\u016f.\u00a0\u00a0<\/p>\n","nadpis_3_sekce":"Jak\u00e9 jazykov\u00e9 kombinace nab\u00edz\u00edme?","odstavec_3_sekce":"<p>P\u0159ekl\u00e1d\u00e1me dokumenty z\u00a0a\u00a0do hind\u0161tiny v\u00a0r\u016fzn\u00fdch jazykov\u00fdch kombinac\u00edch.<\/p>\n","odrazky_sekce_3_1_ministpec":"<ul>\n<li>Z\u00a0hind\u0161tiny do <strong>\u010de\u0161tiny<\/strong> a\u00a0naopak<\/li>\n<li>Z\u00a0hind\u0161tiny do <b>angli\u010dtiny <\/b>a\u00a0naopak<\/li>\n<li>Z\u00a0hind\u0161tiny do <strong>n\u011bm\u010diny<\/strong> a\u00a0naopak<\/li>\n<li>Z\u00a0hind\u0161tiny do <b>\u010d\u00edn\u0161tiny <\/b>a\u00a0naopak<\/li>\n<li>Z\u00a0hind\u0161tiny do <strong>\u0161pan\u011bl\u0161tiny<\/strong> a\u00a0naopak<\/li>\n<li>Z\u00a0hind\u0161tiny do <strong>ital\u0161tiny<\/strong> a\u00a0naopak<\/li>\n<li>Z\u00a0hind\u0161tiny do <b>chorvat\u0161tiny <\/b>a\u00a0naopak<\/li>\n<\/ul>\n","odrazky_sekce_3_2_ministpec":"<ul>\n<li>Z\u00a0hind\u0161tiny do <strong>sloven\u0161tiny<\/strong> a\u00a0naopak<\/li>\n<li>Z\u00a0hind\u0161tiny do <strong>pol\u0161tiny<\/strong> a\u00a0naopak<\/li>\n<li>Z\u00a0hind\u0161tiny do <strong>ukrajin\u0161tiny<\/strong> a\u00a0naopak<\/li>\n<li>Z\u00a0hind\u0161tiny do <b>rumun\u0161tiny <\/b>a\u00a0naopak<\/li>\n<li>Z\u00a0hind\u0161tiny do <b>portugal\u0161tiny <\/b>a\u00a0naopak<\/li>\n<li>Z\u00a0hind\u0161tiny do <strong>ru\u0161tiny<\/strong> a\u00a0naopak<\/li>\n<li>a\u00a0mnoh\u00e9 dal\u0161\u00ed jazykov\u00e9 kombinace\u2026<\/li>\n<\/ul>\n","mininadpis_sekce_4":"V\u00edce o\u00a0p\u0159ekladech hind\u0161tiny","nadpis_sekce_4":"Jak zajist\u00edme kvalitu a\u00a0odbornost?","nadpis_1_minisekce":"Zajist\u00edme jednotnou terminologii","odstavec_1_minisekce":"<p><span style=\"font-weight: 400\">N\u00e1stroje pro podporu p\u0159ekladu, kter\u00e9 vyu\u017e\u00edv\u00e1me, detekuj\u00ed pou\u017eit\u00e9 term\u00edny v\u00a0origin\u00e1le a\u00a0upozorn\u00ed p\u0159i nejednotn\u00e9m p\u0159ekladu. Stejn\u00fd p\u0159eklad nap\u0159\u00ed\u010d dokumenty pak zajist\u00edme ulo\u017een\u00edm term\u00ednu do intern\u00edho slovn\u00edku.<\/span><\/p>\n","nadpis_2_minisekce":"Zrychlujeme proces p\u0159ekladu","odstavec_2_minisekce":"<p>Prvotn\u00ed p\u0159eklad nech\u00e1me vyhotovit pomoc\u00ed neuronov\u00e9ho strojov\u00e9ho p\u0159ekladu (NMT) a n\u00e1sledn\u011b na\u0161i odborn\u00edci prov\u00e1d\u00ed posteditaci. Jsme tak\u00e9 certifikovan\u00ed podle normy ISO\u00a018587.<\/p>\n","nadpis_3_minisekce":"M\u00e1me odborn\u00edky na technick\u00e9 a\u00a0pr\u00e1vn\u00ed p\u0159eklady","odstavec_3_minisekce":"<p><span style=\"font-weight: 400\">Na pr\u00e1vn\u00edch a technick\u00fdch p\u0159ekladech spolupracujeme s\u00a0p\u0159ekladateli-specialisty, kte\u0159\u00ed se orientuj\u00ed v\u00a0oborov\u00e9 terminologii a\u00a0pr\u00e1vn\u00edch norm\u00e1ch. Na\u0161e p\u0159eklady v\u017edy vyhotovuj\u00ed rodil\u00ed mluv\u010d\u00ed a\u00a0nav\u00edc spl\u0148uj\u00ed normy kvality dle certifikac\u00ed ISO\u00a017100 a\u00a0ISO\u00a09001.<\/span><\/p>\n","mininadpis_sekce_zajimavost":"Zaj\u00edmavost","nadpis_sekce_zajimavost":"Indick\u00e9 jazyky","odstavec_sekce_zajimavost":"<p>Hind\u0161tina je ozna\u010dov\u00e1na za jeden z nejb\u011b\u017en\u011bj\u0161\u00edch jazyk\u016f na sv\u011bt\u011b; po \u010d\u00edn\u0161tin\u011b, \u0161pan\u011bl\u0161tin\u011b a\u00a0angli\u010dtin\u011b zab\u00edr\u00e1 \u010dtvrtou p\u0159\u00ed\u010dku. Pokud bychom spolu s n\u00ed po\u010d\u00edtali ale i\u00a0jazyk urdu, kter\u00fd je velmi podobn\u00fd, posko\u010d\u00ed o\u00a0pozici v\u00fd\u0161e. Ze v\u0161ech indick\u00fdch jazyk\u016f roste nejv\u011bt\u0161\u00ed rychlost\u00ed a\u00a0je jedn\u00edm z\u00a022\u00a0uzn\u00e1van\u00fdch jazyk\u016f v\u00a0Indii.\u00a0<br \/>Krom\u011b t\u011bch v\u00a0t\u00e9to zemi najdeme dal\u0161\u00edch p\u0159es sto jazyk\u016f, p\u0159i\u010dem\u017e n\u011bkter\u00e9 zdroje ud\u00e1vaj\u00ed a\u017e 1\u00a0600 samostatn\u00fdch jazyk\u016f, ale je ot\u00e1zkou, kde je hranice mezi samostatn\u00fdm jazykem a\u00a0dialektem.<\/p>\n<p>V ka\u017ed\u00e9m p\u0159\u00edpad\u011b v\u00e1m s\u00a0p\u0159ekladem r\u00e1di porad\u00edme.\u00a0<\/p>\n<p>&nbsp;<\/p>\n","obrazek_zajimavost":{"width":150,"height":150,"file":"2025\/03\/pexels-photo-8828354.jpeg","filesize":43349,"sizes":{"medium":{"file":"pexels-photo-8828354-200x300.jpeg","width":200,"height":300,"mime-type":"image\/jpeg","filesize":12655,"url":"https:\/\/www.presto.cz\/wp-content\/uploads\/2025\/03\/pexels-photo-8828354-200x300.jpeg"},"thumbnail":{"file":"pexels-photo-8828354-150x150.jpeg","width":150,"height":150,"mime-type":"image\/jpeg","filesize":6352,"url":"https:\/\/www.presto.cz\/wp-content\/uploads\/2025\/03\/pexels-photo-8828354-150x150.jpeg"}},"image_meta":{"aperture":"0","credit":"","camera":"","caption":"","created_timestamp":"0","copyright":"","focal_length":"0","iso":"0","shutter_speed":"0","title":"","orientation":"0","keywords":[]},"ID":"2983","name":"pexels-photo-8828354.jpeg","path":"\/www\/doc\/www.presto.cz\/www\/wp-content\/uploads\/2025\/03\/pexels-photo-8828354.jpeg","url":"https:\/\/www.presto.cz\/wp-content\/uploads\/2025\/03\/pexels-photo-8828354-150x150.jpeg","full_url":"https:\/\/www.presto.cz\/wp-content\/uploads\/2025\/03\/pexels-photo-8828354.jpeg","title":"pexels-photo-8828354","caption":"","description":"","alt":"","srcset":false},"nadpis_red_cta":"Pot\u0159ebujete profesion\u00e1ln\u00ed p\u0159eklady hind\u0161tiny?","odstavec_red_cta":"Spojte se s\u00a0n\u00e1mi a\u00a0zjist\u011bte, jak v\u00e1m m\u016f\u017eeme pomoci s\u00a0p\u0159eklady \u010di lokalizac\u00ed.","primary_button_text":"Nez\u00e1vazn\u00e1 kalkulace","primary_button_odkaz":551,"secondary_button_text":"Zjistit v\u00edce","secondary_button_odkaz":482},"_links":{"self":[{"href":"https:\/\/www.presto.cz\/cz\/wp-json\/wp\/v2\/pages\/2982","targetHints":{"allow":["GET"]}}],"collection":[{"href":"https:\/\/www.presto.cz\/cz\/wp-json\/wp\/v2\/pages"}],"about":[{"href":"https:\/\/www.presto.cz\/cz\/wp-json\/wp\/v2\/types\/page"}],"author":[{"embeddable":true,"href":"https:\/\/www.presto.cz\/cz\/wp-json\/wp\/v2\/users\/2"}],"replies":[{"embeddable":true,"href":"https:\/\/www.presto.cz\/cz\/wp-json\/wp\/v2\/comments?post=2982"}],"version-history":[{"count":3,"href":"https:\/\/www.presto.cz\/cz\/wp-json\/wp\/v2\/pages\/2982\/revisions"}],"predecessor-version":[{"id":7751,"href":"https:\/\/www.presto.cz\/cz\/wp-json\/wp\/v2\/pages\/2982\/revisions\/7751"}],"wp:featuredmedia":[{"embeddable":true,"href":"https:\/\/www.presto.cz\/cz\/wp-json\/wp\/v2\/media\/1580"}],"wp:attachment":[{"href":"https:\/\/www.presto.cz\/cz\/wp-json\/wp\/v2\/media?parent=2982"}],"wp:term":[{"taxonomy":"prekladany-jazyk","embeddable":true,"href":"https:\/\/www.presto.cz\/cz\/wp-json\/wp\/v2\/prekladany-jazyk?post=2982"}],"curies":[{"name":"wp","href":"https:\/\/api.w.org\/{rel}","templated":true}]}}