{"id":2963,"date":"2025-03-25T14:40:56","date_gmt":"2025-03-25T13:40:56","guid":{"rendered":"https:\/\/presto.digiamo.cz\/presto\/?page_id=2963"},"modified":"2025-12-09T12:34:09","modified_gmt":"2025-12-09T11:34:09","slug":"preklady-cestiny","status":"publish","type":"page","link":"https:\/\/www.presto.cz\/cz\/preklady-cestiny","title":{"rendered":"P\u0159eklady \u010de\u0161tiny"},"content":{"rendered":"\n<p class=\"h--3 margin-bottom--m\">P\u0159esn\u011b, rychle a\u00a0s\u00a0d\u016frazem na kvalitu.<\/p>\n\n<p>Nab\u00edz\u00edme p\u0159eklady do \u010de\u0161tiny a\u00a0z\u00a0\u010de\u0161tiny s\u00a0vyu\u017eit\u00edm pokro\u010dil\u00fdch technologi\u00ed a\u00a0\u0161pi\u010dkov\u00fdch odborn\u00edk\u016f.<\/p>\n\n<p><\/p>\n","protected":false},"excerpt":{"rendered":"<p>P\u0159esn\u011b, rychle a\u00a0s\u00a0d\u016frazem na kvalitu. Nab\u00edz\u00edme p\u0159eklady do \u010de\u0161tiny a\u00a0z\u00a0\u010de\u0161tiny s\u00a0vyu\u017eit\u00edm pokro\u010dil\u00fdch technologi\u00ed a\u00a0\u0161pi\u010dkov\u00fdch odborn\u00edk\u016f.<\/p>\n","protected":false},"author":2,"featured_media":1580,"parent":0,"menu_order":0,"comment_status":"closed","ping_status":"closed","template":"","meta":{"footnotes":""},"prekladany-jazyk":[20],"class_list":["post-2963","page","type-page","status-publish","has-post-thumbnail","hentry","prekladany-jazyk-ano"],"meta_box":{"group_mini__faq":[{"dotaz_minifaq":"Kolik stoj\u00ed p\u0159eklad jedn\u00e9 strany do \u010de\u0161tiny?","odpoved_minifaq":"<p>Cena p\u0159ekladu do \u010de\u0161tiny se odv\u00edj\u00ed od rozsahu textu, jeho odbornosti, po\u017eadovan\u00e9ho term\u00ednu a v\u00fdchoz\u00edho jazyka (angli\u010dtina, n\u011bm\u010dina, francouz\u0161tina, ru\u0161tina, aj.).<br data-start=\"8127\" data-end=\"8130\" \/>Ve v\u011bt\u0161in\u011b p\u0159\u00edpad\u016f \u00fa\u010dtujeme podle po\u010dtu <strong data-start=\"8170\" data-end=\"8210\">normostran hotov\u00e9ho \u010desk\u00e9ho p\u0159ekladu<\/strong> \u2013 1 normostrana = 1 800 znak\u016f c\u00edlov\u00e9ho textu v\u010detn\u011b mezer. U n\u011bkter\u00fdch zak\u00e1zek je mo\u017en\u00e9 cenu stanovit i podle <strong data-start=\"8321\" data-end=\"8365\">po\u010dtu slov nebo znak\u016f ve zdrojov\u00e9m textu<\/strong>; konkr\u00e9tn\u00ed zp\u016fsob \u00fa\u010dtov\u00e1n\u00ed v\u017edy uvedeme v nez\u00e1vazn\u00e9 kalkulaci.<br data-start=\"8428\" data-end=\"8431\" \/>Nejp\u0159esn\u011bj\u0161\u00ed cenu v\u00e1m sd\u011bl\u00edme po zasl\u00e1n\u00ed souboru \u2013 obratem p\u0159iprav\u00edme nez\u00e1vaznou cenovou nab\u00eddku.<\/p>"},{"dotaz_minifaq":"Jak rychle zvl\u00e1dnete p\u0159eklad do \u010de\u0161tiny?","odpoved_minifaq":"<p>Kr\u00e1tk\u00e9 a b\u011b\u017en\u00e9 texty do \u010de\u0161tiny zvl\u00e1d\u00e1me zpravidla <strong data-start=\"8636\" data-end=\"8678\">v r\u00e1mci jednoho a\u017e dvou pracovn\u00edch dn\u016f<\/strong>. U rozs\u00e1hlej\u0161\u00edch projekt\u016f (manu\u00e1ly, weby, dokumentace) z\u00e1le\u017e\u00ed na objemu, n\u00e1ro\u010dnosti a po\u010dtu zapojen\u00fdch p\u0159ekladatel\u016f.<br data-start=\"8795\" data-end=\"8798\" \/>Po zasl\u00e1n\u00ed podklad\u016f v\u00e1m navrhneme <strong data-start=\"8832\" data-end=\"8859\">konkr\u00e9tn\u00ed term\u00edn dod\u00e1n\u00ed<\/strong> a p\u0159\u00edpadn\u011b i varianty (standardn\u00ed vs. expresn\u00ed).<\/p>"},{"dotaz_minifaq":"Nab\u00edz\u00edte expresn\u00ed p\u0159eklad do \u010de\u0161tiny?","odpoved_minifaq":"<p>Ano, pokud to charakter textu umo\u017e\u0148uje, nab\u00edz\u00edme i <strong data-start=\"9013\" data-end=\"9045\">expresn\u00ed p\u0159eklady do \u010de\u0161tiny<\/strong> \u2013 nap\u0159\u00edklad p\u0159es noc nebo p\u0159es v\u00edkend. U takov\u00fdch zak\u00e1zek obvykle pracuje v\u00edce p\u0159ekladatel\u016f sou\u010dasn\u011b a cena m\u016f\u017ee b\u00fdt vy\u0161\u0161\u00ed, ale v\u017edy ji zn\u00e1te p\u0159edem.<br data-start=\"9195\" data-end=\"9198\" \/>P\u0159i urgentn\u00edch p\u0159ekladech do \u010de\u0161tiny n\u00e1m pros\u00edm napi\u0161te po\u017eadovan\u00fd term\u00edn u\u017e v popt\u00e1vce \u2013 ihned ov\u011b\u0159\u00edme kapacity a navrhneme \u0159e\u0161en\u00ed.<\/p>"},{"dotaz_minifaq":"Jak zaji\u0161\u0165ujete kvalitu p\u0159eklad\u016f do \u010de\u0161tiny?","odpoved_minifaq":"<p>Kvalita p\u0159eklad\u016f do \u010de\u0161tiny je pro n\u00e1s kl\u00ed\u010dov\u00e1. P\u0159ekladatele vyb\u00edr\u00e1me podle <strong data-start=\"9467\" data-end=\"9509\">odbornosti a zku\u0161enost\u00ed s dan\u00fdm oborem<\/strong> (pr\u00e1vo, technika, finance, marketing, HR\u2026). U d\u016fle\u017eit\u00fdch nebo ve\u0159ejn\u011b publikovan\u00fdch text\u016f zapojujeme <strong data-start=\"9611\" data-end=\"9652\">korekturu \u010di revizi druh\u00fdm lingvistou<\/strong>.<br data-start=\"9653\" data-end=\"9656\" \/>Pracujeme s <strong data-start=\"9668\" data-end=\"9712\">CAT n\u00e1stroji a kontroln\u00edmi funkcemi (QA)<\/strong>, kter\u00e9 pom\u00e1haj\u00ed zachytit chyby v \u010d\u00edslech, form\u00e1tu, terminologii i konzistenci. Pro st\u00e1l\u00e9 klienty vytv\u00e1\u0159\u00edme <strong data-start=\"9820\" data-end=\"9865\">terminologick\u00e9 datab\u00e1ze a stylov\u00e9 manu\u00e1ly<\/strong>, d\u00edky nim\u017e \u010desk\u00e9 texty dlouhodob\u011b dr\u017e\u00ed jednotn\u00fd t\u00f3n.<\/p>"},{"dotaz_minifaq":"P\u0159ekl\u00e1d\u00e1te i pr\u00e1vn\u00ed a technick\u00e9 texty do \u010de\u0161tiny?","odpoved_minifaq":"<p>Ano, v\u00fdznamnou \u010d\u00e1st na\u0161\u00ed pr\u00e1ce tvo\u0159\u00ed <strong data-start=\"10021\" data-end=\"10052\">odborn\u00e9 p\u0159eklady do \u010de\u0161tiny<\/strong> \u2013 pr\u00e1vn\u00ed dokumenty, smluvn\u00ed dokumentace, technick\u00e9 manu\u00e1ly, n\u00e1vody k pou\u017eit\u00ed, obchodn\u00ed podm\u00ednky, bezpe\u010dnostn\u00ed listy, finan\u010dn\u00ed zpr\u00e1vy a mnoho dal\u0161\u00edho.<br data-start=\"10202\" data-end=\"10205\" \/>Na tyto projekty vyb\u00edr\u00e1me p\u0159ekladatele se <strong data-start=\"10247\" data-end=\"10277\">specializac\u00ed v dan\u00e9m oboru<\/strong> a \u010dasto tak\u00e9 zaji\u0161\u0165ujeme odborn\u00e9 revize, aby byl \u010desk\u00fd p\u0159eklad p\u0159esn\u00fd po jazykov\u00e9 i v\u011bcn\u00e9 str\u00e1nce.<\/p>"},{"dotaz_minifaq":"Jak\u00fd je rozd\u00edl mezi b\u011b\u017en\u00fdm a odborn\u00fdm p\u0159ekladem do \u010de\u0161tiny?","odpoved_minifaq":"<p>B\u011b\u017en\u00fd p\u0159eklad do \u010de\u0161tiny se t\u00fdk\u00e1 text\u016f bez slo\u017eit\u00e9 terminologie \u2013 nap\u0159\u00edklad b\u011b\u017en\u00e1 obchodn\u00ed komunikace, intern\u00ed dokumenty nebo jednoduch\u00e9 webov\u00e9 texty.<br data-start=\"10602\" data-end=\"10605\" \/>Odborn\u00fd p\u0159eklad se pou\u017e\u00edv\u00e1 u text\u016f, kter\u00e9 pracuj\u00ed s <strong data-start=\"10657\" data-end=\"10722\">p\u0159esn\u011b definovan\u00fdmi pojmy a pr\u00e1vn\u00ed \u010di technickou odpov\u011bdnost\u00ed<\/strong> (nap\u0159. smlouvy, technick\u00e1 dokumentace, medic\u00edna, finance). U odborn\u00fdch p\u0159eklad\u016f do \u010de\u0161tiny je standardem v\u00fdb\u011br specializovan\u00e9ho p\u0159ekladatele a \u010dasto i n\u00e1sledn\u00e1 kontrola druh\u00fdm odborn\u00edkem.<\/p>"},{"dotaz_minifaq":"P\u0159ekl\u00e1daj\u00ed v\u00e1m texty do \u010de\u0161tiny rodil\u00ed mluv\u010d\u00ed?","odpoved_minifaq":"<p>Ano, p\u0159eklady do \u010de\u0161tiny zpracov\u00e1vaj\u00ed <strong data-start=\"11011\" data-end=\"11036\">rodil\u00ed mluv\u010d\u00ed \u010de\u0161tiny<\/strong> nebo p\u0159ekladatel\u00e9, kte\u0159\u00ed maj\u00ed \u010de\u0161tinu na \u00farovni rodn\u00e9ho jazyka a dlouholetou praxi v oboru.<br data-start=\"11128\" data-end=\"11131\" \/>U text\u016f ur\u010den\u00fdch k publikaci (web, marketing, tiskov\u00e9 materi\u00e1ly) doporu\u010dujeme zapojit nav\u00edc <strong data-start=\"11223\" data-end=\"11249\">\u010de\u0161tin\u00e1\u0159skou korekturu<\/strong>, aby byl styl p\u0159irozen\u00fd, pravopis bezchybn\u00fd a text odpov\u00eddal va\u0161emu brandu.<\/p>"},{"dotaz_minifaq":"P\u0159izp\u016fsob\u00edte p\u0159eklad do \u010de\u0161tiny \u010desk\u00e9mu trhu nebo konkr\u00e9tn\u00ed c\u00edlov\u00e9 skupin\u011b?","odpoved_minifaq":"<p>Ano, p\u0159eklady do \u010de\u0161tiny p\u0159izp\u016fsobujeme <strong data-start=\"11457\" data-end=\"11488\">konkr\u00e9tn\u00edmu publiku i \u00fa\u010delu<\/strong> \u2013 jinak budeme ps\u00e1t \u010desk\u00fd text pro pr\u00e1vn\u00ed odd\u011blen\u00ed, jinak pro e-shop, jinak pro HR komunikaci nebo marketingovou kampa\u0148.<br data-start=\"11609\" data-end=\"11612\" \/>Um\u00edme upravit styl od velmi form\u00e1ln\u00edho a\u017e po lehce \u201ecopywritersk\u00fd\u201c a db\u00e1me na to, aby \u010desk\u00e1 verze p\u016fsobila jako origin\u00e1ln\u00ed text, ne jako doslovn\u00fd p\u0159eklad.<\/p>"},{"dotaz_minifaq":"P\u0159ekl\u00e1d\u00e1te i webov\u00e9 str\u00e1nky, e-shopy a software do \u010de\u0161tiny?","odpoved_minifaq":"<p>Ano, dlouhodob\u011b se v\u011bnujeme <strong data-start=\"11870\" data-end=\"11930\">lokalizaci web\u016f, e-shop\u016f, aplikac\u00ed a softwaru do \u010de\u0161tiny<\/strong>. Um\u00edme pracovat s exporty z CMS, e-shopov\u00fdch platforem i s technick\u00fdmi form\u00e1ty (nap\u0159. XML, JSON).<br data-start=\"12028\" data-end=\"12031\" \/>Sou\u010d\u00e1st\u00ed m\u016f\u017ee b\u00fdt i <strong data-start=\"12051\" data-end=\"12097\">\u00faprava \u010desk\u00fdch text\u016f pro vyhled\u00e1va\u010de (SEO)<\/strong>, p\u0159eklady titulk\u016f, microcopy (tla\u010d\u00edtka, hl\u00e1\u0161ky) a dal\u0161\u00ed prvky d\u016fle\u017eit\u00e9 pro u\u017eivatelskou zku\u0161enost na \u010desk\u00e9m trhu.<\/p>"},{"dotaz_minifaq":"Zaji\u0161\u0165ujete soudn\u00ed (\u00fa\u0159edn\u00ed) p\u0159eklady do \u010de\u0161tiny s raz\u00edtkem?","odpoved_minifaq":"<p>Ano, zaji\u0161\u0165ujeme <strong data-start=\"12305\" data-end=\"12347\">soudn\u00ed p\u0159eklady do \u010de\u0161tiny i z \u010de\u0161tiny<\/strong> s kulat\u00fdm raz\u00edtkem soudn\u00edho tlumo\u010dn\u00edka. Tyto p\u0159eklady vy\u017eaduj\u00ed \u00fa\u0159ady, soudy, \u0161koly, not\u00e1\u0159i nebo dal\u0161\u00ed instituce.<br data-start=\"12460\" data-end=\"12463\" \/>Sta\u010d\u00ed n\u00e1m poslat sken nebo fotografii dokumentu a napsat, pro jak\u00fd \u00fa\u010del p\u0159eklad pot\u0159ebujete \u2013 porad\u00edme v\u00e1m, zda je nutn\u00fd soudn\u00ed p\u0159eklad, nebo posta\u010d\u00ed b\u011b\u017en\u00fd p\u0159eklad do \u010de\u0161tiny.<\/p>"},{"dotaz_minifaq":"Zaji\u0161\u0165ujete i p\u0159eklady z \u010de\u0161tiny do jin\u00fdch jazyk\u016f?","odpoved_minifaq":"<p>Ano, krom\u011b p\u0159eklad\u016f do \u010de\u0161tiny zaji\u0161\u0165ujeme i <strong data-start=\"12751\" data-end=\"12801\">p\u0159eklady z \u010de\u0161tiny do des\u00edtek sv\u011btov\u00fdch jazyk\u016f<\/strong> \u2013 angli\u010dtiny, n\u011bm\u010diny, francouz\u0161tiny, \u0161pan\u011bl\u0161tiny, ital\u0161tiny, pol\u0161tiny, ru\u0161tiny, ukrajin\u0161tiny, \u010d\u00edn\u0161tiny, arab\u0161tiny a mnoha dal\u0161\u00edch.<br data-start=\"12933\" data-end=\"12936\" \/>Pokud pot\u0159ebujete <strong data-start=\"12954\" data-end=\"12977\">v\u00edcejazy\u010dn\u00fd projekt<\/strong>, dok\u00e1\u017eeme z jednoho \u010desk\u00e9ho origin\u00e1lu vytvo\u0159it v\u00edce jazykov\u00fdch verz\u00ed a postarat se o koordinaci v\u0161ech p\u0159ekladatel\u016f i kontrolu terminologie.<\/p>"},{"dotaz_minifaq":"Pou\u017e\u00edv\u00e1te p\u0159i p\u0159ekladech do \u010de\u0161tiny um\u011blou inteligenci nebo strojov\u00fd p\u0159eklad?","odpoved_minifaq":"<p>U n\u011bkter\u00fdch typ\u016f text\u016f (nap\u0159. intern\u00ed dokumenty, velk\u00e9 objemy opakuj\u00edc\u00edch se pas\u00e1\u017e\u00ed) m\u016f\u017eeme vyu\u017e\u00edt <strong data-start=\"13311\" data-end=\"13352\">strojov\u00fd p\u0159eklad s um\u011blou inteligenc\u00ed<\/strong>, v\u017edy v\u0161ak s t\u00edm, \u017ee fin\u00e1ln\u00ed verzi kontroluje a upravuje <strong data-start=\"13410\" data-end=\"13434\">\u010dlov\u011bk \u2013 p\u0159ekladatel<\/strong>. Ten dolad\u00ed v\u00fdznam, styl i terminologii.<br data-start=\"13475\" data-end=\"13478\" \/>U smluv, pr\u00e1vn\u00edch text\u016f, kl\u00ed\u010dov\u00fdch obchodn\u00edch dokument\u016f a marketingov\u00fdch kampan\u00ed doporu\u010dujeme <strong data-start=\"13572\" data-end=\"13596\">\u010dist\u011b lidsk\u00fd p\u0159eklad<\/strong>, kde m\u00e1me maxim\u00e1ln\u00ed kontrolu nad v\u00fdsledn\u00fdm zn\u011bn\u00edm.<\/p>"},{"dotaz_minifaq":"Pracujete u p\u0159eklad\u016f do \u010de\u0161tiny s p\u0159ekladov\u00fdmi pam\u011btmi a CAT n\u00e1stroji?","odpoved_minifaq":"<p>Ano, u p\u0159eklad\u016f do \u010de\u0161tiny standardn\u011b vyu\u017e\u00edv\u00e1me <strong data-start=\"13783\" data-end=\"13819\">CAT n\u00e1stroje a p\u0159ekladov\u00e9 pam\u011bti<\/strong>, zejm\u00e9na u dlouhodob\u00fdch projekt\u016f (weby, dokumentace, e-shopy). D\u00edky nim dok\u00e1\u017eeme znovu pou\u017e\u00edt ji\u017e schv\u00e1len\u00e9 formulace a dr\u017eet stejnou terminologii nap\u0159\u00ed\u010d r\u016fzn\u00fdmi texty.<br data-start=\"13988\" data-end=\"13991\" \/>Samotn\u00e9 p\u0159ekladov\u00e9 pam\u011bti ale nejsou z\u00e1rukou jednotn\u00e9ho p\u0159\u00edstupu \u2013 tu vytv\u00e1\u0159\u00ed <strong data-start=\"14069\" data-end=\"14106\">terminologick\u00e9 datab\u00e1ze a glos\u00e1\u0159e<\/strong>, kter\u00e9 pro klienty p\u0159ipravujeme a podle nich\u017e se \u0159\u00edd\u00ed v\u0161ichni p\u0159ekladatel\u00e9.<\/p>"},{"dotaz_minifaq":"Jak je u p\u0159eklad\u016f do \u010de\u0161tiny zaji\u0161t\u011bn\u00e1 bezpe\u010dnost a d\u016fv\u011brnost dat?","odpoved_minifaq":"<p>Bezpe\u010dnost dat bereme u \u010desk\u00fdch p\u0159eklad\u016f velmi v\u00e1\u017en\u011b \u2013 \u010dasto jde o smlouvy, osobn\u00ed \u00fadaje nebo intern\u00ed firemn\u00ed materi\u00e1ly. Pracujeme v <strong data-start=\"14399\" data-end=\"14436\">zabezpe\u010den\u00fdch intern\u00edch syst\u00e9mech<\/strong>, pou\u017e\u00edv\u00e1me pouze <strong data-start=\"14454\" data-end=\"14478\">licencovan\u00e9 n\u00e1stroje<\/strong> a \u017e\u00e1dn\u00e9 texty <strong data-start=\"14493\" data-end=\"14538\">nevkl\u00e1d\u00e1me do ve\u0159ejn\u00fdch online p\u0159eklada\u010d\u016f<\/strong>.<br data-start=\"14539\" data-end=\"14542\" \/>P\u0159\u00edstup k va\u0161im dokument\u016fm m\u00e1 jen \u00fazk\u00fd t\u00fdm, kter\u00fd zak\u00e1zku zpracov\u00e1v\u00e1. Na po\u017e\u00e1d\u00e1n\u00ed uzav\u00edr\u00e1me <strong data-start=\"14634\" data-end=\"14671\">NDA a dal\u0161\u00ed dohody o ml\u010denlivosti<\/strong> a um\u00edme se p\u0159izp\u016fsobit i intern\u00edm bezpe\u010dnostn\u00edm pravidl\u016fm va\u0161\u00ed firmy.<\/p>"},{"dotaz_minifaq":"Jak m\u016f\u017eu objednat p\u0159eklad do \u010de\u0161tiny?","odpoved_minifaq":"<p>Text pro p\u0159eklad do \u010de\u0161tiny n\u00e1m m\u016f\u017eete poslat <strong data-start=\"14842\" data-end=\"14898\">e-mailem nebo prost\u0159ednictv\u00edm popt\u00e1vkov\u00e9ho formul\u00e1\u0159e<\/strong> na webu. Sta\u010d\u00ed p\u0159ipojit soubory, napsat v\u00fdchoz\u00ed a c\u00edlov\u00fd jazyk (nap\u0159. angli\u010dtina \u2192 \u010de\u0161tina), \u00fa\u010del pou\u017eit\u00ed p\u0159ekladu a po\u017eadovan\u00fd term\u00edn.<br data-start=\"15034\" data-end=\"15037\" \/>My v\u00e1m obratem p\u0159iprav\u00edme <strong data-start=\"15063\" data-end=\"15087\">nez\u00e1vaznou kalkulaci<\/strong>. Po jej\u00edm odsouhlasen\u00ed p\u0159id\u011bl\u00edme zak\u00e1zku vhodn\u00e9mu p\u0159ekladateli, nastav\u00edme pot\u0159ebn\u00fd rozsah kontroly (korektura, revize, DTP) a hotov\u00fd \u010desk\u00fd p\u0159eklad v\u00e1m dod\u00e1me ve form\u00e1tu, kter\u00fd pot\u0159ebujete.<\/p>"}],"vlajka_jazyka":{"filesize":624,"ID":"287","name":"cz-flag.svg","path":"\/www\/doc\/www.presto.cz\/www\/wp-content\/uploads\/2024\/11\/cz-flag.svg","url":"https:\/\/www.presto.cz\/wp-content\/uploads\/2024\/11\/cz-flag.svg","full_url":"https:\/\/www.presto.cz\/wp-content\/uploads\/2024\/11\/cz-flag.svg","title":"cz-flag","caption":"","description":"","alt":"","srcset":false,"width":false,"height":false},"nadpis_1_sekce":"M\u00e1me rozs\u00e1hl\u00e9 zku\u0161enosti s\u00a0p\u0159eklady do \u010de\u0161tiny i\u00a0z\u00a0\u010de\u0161tiny","odstavec_1_sekce_1_stpec":"<p>Nab\u00edz\u00edme profesion\u00e1ln\u00ed lidsk\u00e9 p\u0159eklady podporovan\u00e9 modern\u00edmi technologiemi i\u00a0strojov\u00e9 p\u0159eklady s\u00a0posteditac\u00ed.<\/p>\n<p>&nbsp;<\/p>\n<p>Spr\u00e1vnou stylistiku a\u00a0terminologii zaji\u0161\u0165uj\u00ed terminologick\u00e9 slovn\u00edky a\u00a0p\u0159ekladatelsk\u00e9 n\u00e1stroje, kter\u00e9 sleduj\u00ed jednotn\u00fd styl i\u00a0opakov\u00e1n\u00ed \u2013 co\u017e optimalizuje fin\u00e1ln\u00ed cenu p\u0159eklad\u016f.<\/p>\n<p>&nbsp;<\/p>\n<p>M\u00e1me bohat\u00e9 zku\u0161enosti s\u00a0pr\u00e1vn\u00edmi p\u0159eklady, ka\u017edoro\u010dn\u011b p\u0159elo\u017e\u00edme v\u00edce ne\u017e 60\u00a0000 normostran pr\u00e1vn\u00edch text\u016f.<\/p>\n","mininadpis_sekce_2":"Typy p\u0159eklad\u016f, kter\u00e9 zaji\u0161\u0165ujeme","nadpis_2_sekce":"Jak\u00e9 dokumenty nej\u010dast\u011bji p\u0159ekl\u00e1d\u00e1me z\u00a0\u010de\u0161tiny a\u00a0do \u010de\u0161tiny?","odstavec_2_sekce_2_stpec":"<p>P\u0159ekl\u00e1d\u00e1me \u0161irokou \u0161k\u00e1lu dokument\u016f, p\u0159edev\u0161\u00edm pro technick\u00e9, pr\u00e1vn\u00ed a\u00a0marketingov\u00e9 \u00fa\u010dely.<\/p>\n","odstavec_2_sekce_1_stpec":"<h4 style=\"color: initial\"><strong>Pr\u00e1vn\u00ed dokumenty<\/strong><\/h4>\n<ul>\n<li>P\u0159eklady smluv, z\u00e1kon\u016f, sm\u011brnic, vyhl\u00e1\u0161ek, \u017ealob, rozsudk\u016f, pr\u00e1vn\u00edch posudk\u016f a\u00a0firemn\u00edch p\u0159edpis\u016f.<\/li>\n<li>P\u0159eklady zakladatelsk\u00fdch listin, licen\u010dn\u00edch smluv, dokument\u016f ISO.<\/li>\n<li><a href=\"https:\/\/www.presto.cz\/odborne-preklady\/pravni-preklady\/\">Soudn\u00ed p\u0159eklady<\/a> (s\u00a0mo\u017enost\u00ed zaji\u0161t\u011bn\u00ed apostily nebo superlegalizace) pro ofici\u00e1ln\u00ed \u00fa\u010dely.<\/li>\n<\/ul>\n<h4 style=\"color: initial\"><b>Auditorsk\u00e9 a\u00a0bezpe\u010dnostn\u00ed dokumenty<\/b><\/h4>\n<p>P\u0159eklady auditorsk\u00fdch zpr\u00e1v, bezpe\u010dnostn\u00edch p\u0159edpis\u016f a\u00a0podklad\u016f pro v\u00fdb\u011brov\u00e1 \u0159\u00edzen\u00ed.<\/p>\n<h4 style=\"color: initial\"><b>Technick\u00e9 dokumentace<\/b><\/h4>\n<p>P\u0159eklady technick\u00fdch manu\u00e1l\u016f a\u00a0dal\u0161\u00edch specializovan\u00fdch dokument\u016f.<\/p>\n<h4 style=\"color: initial\"><b>Marketingov\u00e9 materi\u00e1ly<\/b><\/h4>\n<p>P\u0159eklady web\u016f, bro\u017eur, propaga\u010dn\u00edch kampan\u00ed a jin\u00fdch komunika\u010dn\u00edch text\u016f.\u00a0\u00a0<\/p>\n","nadpis_3_sekce":"Jak\u00e9 jazykov\u00e9 kombinace nab\u00edz\u00edme?","odstavec_3_sekce":"<p>P\u0159ekl\u00e1d\u00e1me dokumenty z\u00a0a\u00a0do \u010d\u00edn\u0161tiny v\u00a0r\u016fzn\u00fdch jazykov\u00fdch kombinac\u00edch.<\/p>\n","odrazky_sekce_3_1_ministpec":"<ul>\n<li>Z\u00a0\u010de\u0161tiny do <b>angli\u010dtiny <\/b>a\u00a0naopak<\/li>\n<li>Z\u00a0\u010de\u0161tiny do <strong>n\u011bm\u010diny<\/strong> a\u00a0naopak<\/li>\n<li>Z\u00a0\u010de\u0161tiny do <strong>francouz\u0161tiny<\/strong> a\u00a0naopak<\/li>\n<li>Z\u00a0\u010de\u0161tiny do <strong>\u0161pan\u011bl\u0161tiny<\/strong> a\u00a0naopak<\/li>\n<li>Z\u00a0\u010de\u0161tiny do <strong>ital\u0161tiny<\/strong> a\u00a0naopak<\/li>\n<li>Z\u00a0\u010de\u0161tiny do <b>chorvat\u0161tiny <\/b>a\u00a0naopak<\/li>\n<\/ul>\n","odrazky_sekce_3_2_ministpec":"<ul>\n<li>Z\u00a0\u010de\u0161tiny do <strong>sloven\u0161tiny<\/strong> a\u00a0naopak<\/li>\n<li>Z\u00a0\u010de\u0161tiny do <strong>pol\u0161tiny<\/strong> a\u00a0naopak<\/li>\n<li>Z\u00a0\u010de\u0161tiny do <strong>ukrajin\u0161tiny<\/strong> a\u00a0naopak<\/li>\n<li>Z\u00a0\u010de\u0161tiny do <b>rumun\u0161tiny <\/b>a\u00a0naopak<\/li>\n<li>Z\u00a0\u010de\u0161tiny do <b>portugal\u0161tiny <\/b>a\u00a0naopak<\/li>\n<li>Z\u00a0\u010de\u0161tiny do <strong>ru\u0161tiny<\/strong> a\u00a0naopak<\/li>\n<li>a\u00a0mnoh\u00e9 dal\u0161\u00ed jazykov\u00e9 kombinace\u2026<\/li>\n<\/ul>\n","mininadpis_sekce_4":"V\u00edce o\u00a0p\u0159ekladech \u010de\u0161tiny","nadpis_sekce_4":"Jak zajist\u00edme kvalitu a\u00a0odbornost?","nadpis_1_minisekce":"Zajist\u00edme jednotnou terminologii","odstavec_1_minisekce":"<p><span style=\"font-weight: 400\">N\u00e1stroje pro podporu p\u0159ekladu, kter\u00e9 vyu\u017e\u00edv\u00e1me, detekuj\u00ed pou\u017eit\u00e9 term\u00edny v\u00a0origin\u00e1le a\u00a0upozorn\u00ed p\u0159i nejednotn\u00e9m p\u0159ekladu. Stejn\u00fd p\u0159eklad nap\u0159\u00ed\u010d dokumenty pak zajist\u00edme ulo\u017een\u00edm term\u00ednu do intern\u00edho slovn\u00edku.<\/span><\/p>\n","nadpis_2_minisekce":"Zrychlujeme proces p\u0159ekladu","odstavec_2_minisekce":"<p>Prvotn\u00ed p\u0159eklad nech\u00e1me vyhotovit pomoc\u00ed neuronov\u00e9ho strojov\u00e9ho p\u0159ekladu (NMT) a n\u00e1sledn\u011b na\u0161i odborn\u00edci prov\u00e1d\u00ed posteditaci. Jsme tak\u00e9 certifikovan\u00ed podle normy ISO\u00a018587.<\/p>\n","nadpis_3_minisekce":"M\u00e1me odborn\u00edky na technick\u00e9 a\u00a0pr\u00e1vn\u00ed p\u0159eklady","odstavec_3_minisekce":"<p><span style=\"font-weight: 400\">Na pr\u00e1vn\u00edch a technick\u00fdch p\u0159ekladech spolupracujeme s\u00a0p\u0159ekladateli-specialisty, kte\u0159\u00ed se orientuj\u00ed v\u00a0oborov\u00e9 terminologii a\u00a0pr\u00e1vn\u00edch norm\u00e1ch. Na\u0161e p\u0159eklady v\u017edy vyhotovuj\u00ed rodil\u00ed mluv\u010d\u00ed a\u00a0nav\u00edc spl\u0148uj\u00ed normy kvality dle certifikac\u00ed ISO\u00a017100 a\u00a0ISO\u00a09001.<\/span><\/p>\n","mininadpis_sekce_zajimavost":"Zaj\u00edmavost","nadpis_sekce_zajimavost":"Obt\u00ed\u017en\u00fd jazyk","odstavec_sekce_zajimavost":"<p>\u010casto se \u0159\u00edk\u00e1, \u017ee \u010de\u0161tina pat\u0159\u00ed mezi nejslo\u017eit\u011bj\u0161\u00ed jazyky, co se t\u00fd\u010de jej\u00edho osvojen\u00ed, a to nejen kv\u016fli hl\u00e1sce \u201e\u0159\u201c, ale i\u00a0mno\u017estv\u00ed p\u00e1d\u016f a\u00a0dal\u0161\u00edch zvl\u00e1\u0161tnost\u00ed, kter\u00e9 v\u00a0dal\u0161\u00edch jazyc\u00edch \u010dasto nejsou p\u0159\u00edtomny. Americk\u00fd Foreign Service Institute, agentura zodpov\u011bdn\u00e1 za p\u0159\u00edpravu diplomat\u016f a\u00a0dal\u0161\u00edch zam\u011bstnanc\u016f p\u016fsob\u00edc\u00edch v\u00a0zahrani\u010d\u00ed, \u010de\u0161tinu \u0159ad\u00ed do kategorie jazyk\u016f nejt\u011b\u017e\u0161\u00edch k\u00a0pln\u00e9mu ovl\u00e1dnut\u00ed, a\u00a0to vedle \u010d\u00edn\u0161tiny nebo japon\u0161tiny, a\u00a0dobu studia nutnou k jej\u00edmu osvojen\u00ed odhaduje na p\u0159ibli\u017en\u011b 1\u00a0100 \u2013 2\u00a0200 hodin. Pro spr\u00e1vn\u00fd p\u0159eklad z\u00a0\u010de\u0161tiny je tedy pot\u0159eba dlouh\u00e9ho studia zdrojov\u00e9ho i\u00a0c\u00edlov\u00e9ho jazyka a\u00a0m\u016f\u017ee b\u00fdt obt\u00ed\u017en\u00e9 nach\u00e1zet vhodn\u00e9 specialisty \u2013 s\u00a0t\u00edm v\u00e1m v\u0161ak porad\u00edme my.\u00a0<\/p>\n<p>&nbsp;<\/p>\n","obrazek_zajimavost":{"width":150,"height":150,"file":"2025\/03\/joao-v-SbMYqV5s0-unsplash-scaled.jpg","filesize":676410,"sizes":{"medium":{"file":"joao-v-SbMYqV5s0-unsplash-300x200.jpg","width":300,"height":200,"mime-type":"image\/jpeg","filesize":17014,"url":"https:\/\/www.presto.cz\/wp-content\/uploads\/2025\/03\/joao-v-SbMYqV5s0-unsplash-300x200.jpg"},"large":{"file":"joao-v-SbMYqV5s0-unsplash-1024x683.jpg","width":1024,"height":683,"mime-type":"image\/jpeg","filesize":135168,"url":"https:\/\/www.presto.cz\/wp-content\/uploads\/2025\/03\/joao-v-SbMYqV5s0-unsplash-1024x683.jpg"},"thumbnail":{"file":"joao-v-SbMYqV5s0-unsplash-150x150.jpg","width":150,"height":150,"mime-type":"image\/jpeg","filesize":8973,"url":"https:\/\/www.presto.cz\/wp-content\/uploads\/2025\/03\/joao-v-SbMYqV5s0-unsplash-150x150.jpg"},"medium_large":{"file":"joao-v-SbMYqV5s0-unsplash-768x512.jpg","width":768,"height":512,"mime-type":"image\/jpeg","filesize":80085,"url":"https:\/\/www.presto.cz\/wp-content\/uploads\/2025\/03\/joao-v-SbMYqV5s0-unsplash-768x512.jpg"},"1536x1536":{"file":"joao-v-SbMYqV5s0-unsplash-1536x1024.jpg","width":1536,"height":1024,"mime-type":"image\/jpeg","filesize":276452,"url":"https:\/\/www.presto.cz\/wp-content\/uploads\/2025\/03\/joao-v-SbMYqV5s0-unsplash-1536x1024.jpg"},"2048x2048":{"file":"joao-v-SbMYqV5s0-unsplash-2048x1365.jpg","width":2048,"height":1365,"mime-type":"image\/jpeg","filesize":459820,"url":"https:\/\/www.presto.cz\/wp-content\/uploads\/2025\/03\/joao-v-SbMYqV5s0-unsplash-2048x1365.jpg"}},"image_meta":{"aperture":"0","credit":"","camera":"","caption":"","created_timestamp":"0","copyright":"","focal_length":"0","iso":"0","shutter_speed":"0","title":"","orientation":"0","keywords":[]},"original_image":"joao-v-SbMYqV5s0-unsplash.jpg","ID":"2965","name":"joao-v-SbMYqV5s0-unsplash-scaled.jpg","path":"\/www\/doc\/www.presto.cz\/www\/wp-content\/uploads\/2025\/03\/joao-v-SbMYqV5s0-unsplash-scaled.jpg","url":"https:\/\/www.presto.cz\/wp-content\/uploads\/2025\/03\/joao-v-SbMYqV5s0-unsplash-150x150.jpg","full_url":"https:\/\/www.presto.cz\/wp-content\/uploads\/2025\/03\/joao-v-SbMYqV5s0-unsplash-scaled.jpg","title":"joao-v-SbMYqV5s0-unsplash","caption":"","description":"","alt":"","srcset":false},"nadpis_red_cta":"Pot\u0159ebujete profesion\u00e1ln\u00ed p\u0159eklady \u010de\u0161tiny?","odstavec_red_cta":"Spojte se s\u00a0n\u00e1mi a\u00a0zjist\u011bte, jak v\u00e1m m\u016f\u017eeme pomoci s\u00a0p\u0159eklady \u010di lokalizac\u00ed.","primary_button_text":"Nez\u00e1vazn\u00e1 kalkulace","primary_button_odkaz":551,"secondary_button_text":"Zjistit v\u00edce","secondary_button_odkaz":482},"_links":{"self":[{"href":"https:\/\/www.presto.cz\/cz\/wp-json\/wp\/v2\/pages\/2963","targetHints":{"allow":["GET"]}}],"collection":[{"href":"https:\/\/www.presto.cz\/cz\/wp-json\/wp\/v2\/pages"}],"about":[{"href":"https:\/\/www.presto.cz\/cz\/wp-json\/wp\/v2\/types\/page"}],"author":[{"embeddable":true,"href":"https:\/\/www.presto.cz\/cz\/wp-json\/wp\/v2\/users\/2"}],"replies":[{"embeddable":true,"href":"https:\/\/www.presto.cz\/cz\/wp-json\/wp\/v2\/comments?post=2963"}],"version-history":[{"count":3,"href":"https:\/\/www.presto.cz\/cz\/wp-json\/wp\/v2\/pages\/2963\/revisions"}],"predecessor-version":[{"id":7742,"href":"https:\/\/www.presto.cz\/cz\/wp-json\/wp\/v2\/pages\/2963\/revisions\/7742"}],"wp:featuredmedia":[{"embeddable":true,"href":"https:\/\/www.presto.cz\/cz\/wp-json\/wp\/v2\/media\/1580"}],"wp:attachment":[{"href":"https:\/\/www.presto.cz\/cz\/wp-json\/wp\/v2\/media?parent=2963"}],"wp:term":[{"taxonomy":"prekladany-jazyk","embeddable":true,"href":"https:\/\/www.presto.cz\/cz\/wp-json\/wp\/v2\/prekladany-jazyk?post=2963"}],"curies":[{"name":"wp","href":"https:\/\/api.w.org\/{rel}","templated":true}]}}