{"id":2803,"date":"2025-03-21T16:22:18","date_gmt":"2025-03-21T15:22:18","guid":{"rendered":"https:\/\/presto.digiamo.cz\/presto\/?page_id=2803"},"modified":"2025-07-23T16:42:26","modified_gmt":"2025-07-23T14:42:26","slug":"dotaznik-prekladatele","status":"publish","type":"page","link":"https:\/\/www.presto.cz\/cz\/dotaznik-prekladatele","title":{"rendered":"Dotazn\u00edk pro p\u0159ekladatele"},"content":{"rendered":"\n<p>Pro bli\u017e\u0161\u00ed informace n\u00e1s nev\u00e1hejte kontaktovat:<br>tel.: <a href=\"tel:420225000703\">+420&nbsp;225&nbsp;000&nbsp;703<\/a><br>e-mail:\u00a0<a href=\"mailto:lucie.lacko@presto.cz\">lucie.lacko@presto.cz<\/a><\/p>\n\n\n\n<p><\/p>\n","protected":false},"excerpt":{"rendered":"<p>Pro bli\u017e\u0161\u00ed informace n\u00e1s nev\u00e1hejte kontaktovat:tel.: +420&nbsp;225&nbsp;000&nbsp;703e-mail:\u00a0lucie.lacko@presto.cz<\/p>\n","protected":false},"author":1,"featured_media":0,"parent":0,"menu_order":0,"comment_status":"closed","ping_status":"closed","template":"","meta":{"footnotes":""},"prekladany-jazyk":[],"class_list":["post-2803","page","type-page","status-publish","hentry"],"meta_box":{"group_mini__faq":[],"vlajka_jazyka":false,"nadpis_1_sekce":"","odstavec_1_sekce_1_stpec":"","mininadpis_sekce_2":"","nadpis_2_sekce":"","odstavec_2_sekce_2_stpec":"","odstavec_2_sekce_1_stpec":"","nadpis_3_sekce":"","odstavec_3_sekce":"","odrazky_sekce_3_1_ministpec":"","odrazky_sekce_3_2_ministpec":"","mininadpis_sekce_4":"","nadpis_sekce_4":"","nadpis_1_minisekce":"","odstavec_1_minisekce":"","nadpis_2_minisekce":"","odstavec_2_minisekce":"","nadpis_3_minisekce":"","odstavec_3_minisekce":"","mininadpis_sekce_zajimavost":"","nadpis_sekce_zajimavost":"","odstavec_sekce_zajimavost":"","obrazek_zajimavost":false,"nadpis_red_cta":"","odstavec_red_cta":"","primary_button_text":"","primary_button_odkaz":"","secondary_button_text":"","secondary_button_odkaz":""},"_links":{"self":[{"href":"https:\/\/www.presto.cz\/cz\/wp-json\/wp\/v2\/pages\/2803","targetHints":{"allow":["GET"]}}],"collection":[{"href":"https:\/\/www.presto.cz\/cz\/wp-json\/wp\/v2\/pages"}],"about":[{"href":"https:\/\/www.presto.cz\/cz\/wp-json\/wp\/v2\/types\/page"}],"author":[{"embeddable":true,"href":"https:\/\/www.presto.cz\/cz\/wp-json\/wp\/v2\/users\/1"}],"replies":[{"embeddable":true,"href":"https:\/\/www.presto.cz\/cz\/wp-json\/wp\/v2\/comments?post=2803"}],"version-history":[{"count":6,"href":"https:\/\/www.presto.cz\/cz\/wp-json\/wp\/v2\/pages\/2803\/revisions"}],"predecessor-version":[{"id":8637,"href":"https:\/\/www.presto.cz\/cz\/wp-json\/wp\/v2\/pages\/2803\/revisions\/8637"}],"wp:attachment":[{"href":"https:\/\/www.presto.cz\/cz\/wp-json\/wp\/v2\/media?parent=2803"}],"wp:term":[{"taxonomy":"prekladany-jazyk","embeddable":true,"href":"https:\/\/www.presto.cz\/cz\/wp-json\/wp\/v2\/prekladany-jazyk?post=2803"}],"curies":[{"name":"wp","href":"https:\/\/api.w.org\/{rel}","templated":true}]}}