{"id":2752,"date":"2025-03-21T10:03:43","date_gmt":"2025-03-21T09:03:43","guid":{"rendered":"https:\/\/presto.digiamo.cz\/presto\/?page_id=2752"},"modified":"2025-04-28T10:34:30","modified_gmt":"2025-04-28T08:34:30","slug":"tlumoceni-nemciny","status":"publish","type":"page","link":"https:\/\/www.presto.cz\/cz\/tlumoceni-nemciny","title":{"rendered":"Tlumo\u010den\u00ed n\u011bm\u010diny"},"content":{"rendered":"\n<p class=\"h--3 margin-bottom--m\">Profesion\u00e1ln\u00ed tlumo\u010den\u00ed n\u011bm\u010diny pro v\u0161echny typy akc\u00ed.<\/p>\n\n<p>Zaji\u0161\u0165ujeme simult\u00e1nn\u00ed i\u00a0konsekutivn\u00ed tlumo\u010den\u00ed z\u00a0n\u011bm\u010diny a\u00a0do n\u011bm\u010diny. S\u00a0n\u00e1mi bude va\u0161e sd\u011blen\u00ed v\u017edy jasn\u00e9 a\u00a0p\u0159esn\u00e9.<\/p>\n","protected":false},"excerpt":{"rendered":"<p>Profesion\u00e1ln\u00ed tlumo\u010den\u00ed n\u011bm\u010diny pro v\u0161echny typy akc\u00ed. Zaji\u0161\u0165ujeme simult\u00e1nn\u00ed i\u00a0konsekutivn\u00ed tlumo\u010den\u00ed z\u00a0n\u011bm\u010diny a\u00a0do n\u011bm\u010diny. S\u00a0n\u00e1mi bude va\u0161e sd\u011blen\u00ed v\u017edy jasn\u00e9 a\u00a0p\u0159esn\u00e9.<\/p>\n","protected":false},"author":1,"featured_media":2762,"parent":0,"menu_order":0,"comment_status":"closed","ping_status":"closed","template":"","meta":{"footnotes":""},"prekladany-jazyk":[],"class_list":["post-2752","page","type-page","status-publish","has-post-thumbnail","hentry"],"meta_box":{"group_mini__faq":[],"vlajka_jazyka":false,"nadpis_1_sekce":"","odstavec_1_sekce_1_stpec":"","mininadpis_sekce_2":"","nadpis_2_sekce":"","odstavec_2_sekce_2_stpec":"","odstavec_2_sekce_1_stpec":"","nadpis_3_sekce":"","odstavec_3_sekce":"","odrazky_sekce_3_1_ministpec":"","odrazky_sekce_3_2_ministpec":"","mininadpis_sekce_4":"","nadpis_sekce_4":"","nadpis_1_minisekce":"","odstavec_1_minisekce":"","nadpis_2_minisekce":"","odstavec_2_minisekce":"","nadpis_3_minisekce":"","odstavec_3_minisekce":"","mininadpis_sekce_zajimavost":"","nadpis_sekce_zajimavost":"","odstavec_sekce_zajimavost":"","obrazek_zajimavost":false,"nadpis_red_cta":"Pot\u0159ebujete profesion\u00e1ln\u00ed tlumo\u010den\u00ed n\u011bm\u010diny?","odstavec_red_cta":"Spojte se s\u00a0n\u00e1mi a\u00a0zajist\u011bte, aby va\u0161e sd\u011blen\u00ed bylo sly\u0161et p\u0159esn\u011b a\u00a0jasn\u011b.","primary_button_text":"Nez\u00e1vazn\u00e1 kalkulace","primary_button_odkaz":551,"secondary_button_text":"Zjistit v\u00edce","secondary_button_odkaz":482},"_links":{"self":[{"href":"https:\/\/www.presto.cz\/cz\/wp-json\/wp\/v2\/pages\/2752","targetHints":{"allow":["GET"]}}],"collection":[{"href":"https:\/\/www.presto.cz\/cz\/wp-json\/wp\/v2\/pages"}],"about":[{"href":"https:\/\/www.presto.cz\/cz\/wp-json\/wp\/v2\/types\/page"}],"author":[{"embeddable":true,"href":"https:\/\/www.presto.cz\/cz\/wp-json\/wp\/v2\/users\/1"}],"replies":[{"embeddable":true,"href":"https:\/\/www.presto.cz\/cz\/wp-json\/wp\/v2\/comments?post=2752"}],"version-history":[{"count":3,"href":"https:\/\/www.presto.cz\/cz\/wp-json\/wp\/v2\/pages\/2752\/revisions"}],"predecessor-version":[{"id":2755,"href":"https:\/\/www.presto.cz\/cz\/wp-json\/wp\/v2\/pages\/2752\/revisions\/2755"}],"wp:featuredmedia":[{"embeddable":true,"href":"https:\/\/www.presto.cz\/cz\/wp-json\/wp\/v2\/media\/2762"}],"wp:attachment":[{"href":"https:\/\/www.presto.cz\/cz\/wp-json\/wp\/v2\/media?parent=2752"}],"wp:term":[{"taxonomy":"prekladany-jazyk","embeddable":true,"href":"https:\/\/www.presto.cz\/cz\/wp-json\/wp\/v2\/prekladany-jazyk?post=2752"}],"curies":[{"name":"wp","href":"https:\/\/api.w.org\/{rel}","templated":true}]}}