{"id":2639,"date":"2025-03-18T17:28:17","date_gmt":"2025-03-18T16:28:17","guid":{"rendered":"https:\/\/presto.digiamo.cz\/presto\/?page_id=2639"},"modified":"2025-04-28T15:04:43","modified_gmt":"2025-04-28T13:04:43","slug":"preklady-ecommerce","status":"publish","type":"page","link":"https:\/\/www.presto.cz\/cz\/preklady-ecommerce","title":{"rendered":"P\u0159eklady pro e-commerce"},"content":{"rendered":"\n<p class=\"h--3 margin-bottom--m\">Oslovte glob\u00e1ln\u00ed z\u00e1kazn\u00edky p\u0159izp\u016fsoben\u00fdm obsahem.<\/p>\n\n<p>Lokalizace zam\u011b\u0159en\u00e1 na z\u00e1kaznickou zku\u0161enost s\u00a0optimalizac\u00ed obsahu pro c\u00edlov\u00fd trh. P\u0159izp\u016fsobte sv\u00e9 produkty a\u00a0slu\u017eby glob\u00e1ln\u00edmu publiku.<\/p>\n\n<p><\/p>\n","protected":false},"excerpt":{"rendered":"<p>Oslovte glob\u00e1ln\u00ed z\u00e1kazn\u00edky p\u0159izp\u016fsoben\u00fdm obsahem. Lokalizace zam\u011b\u0159en\u00e1 na z\u00e1kaznickou zku\u0161enost s\u00a0optimalizac\u00ed obsahu pro c\u00edlov\u00fd trh. P\u0159izp\u016fsobte sv\u00e9 produkty a\u00a0slu\u017eby glob\u00e1ln\u00edmu publiku.<\/p>\n","protected":false},"author":1,"featured_media":2646,"parent":0,"menu_order":0,"comment_status":"closed","ping_status":"closed","template":"","meta":{"footnotes":""},"prekladany-jazyk":[],"class_list":["post-2639","page","type-page","status-publish","has-post-thumbnail","hentry"],"meta_box":{"group_mini__faq":[],"vlajka_jazyka":false,"nadpis_1_sekce":"","odstavec_1_sekce_1_stpec":"","mininadpis_sekce_2":"","nadpis_2_sekce":"","odstavec_2_sekce_2_stpec":"","odstavec_2_sekce_1_stpec":"","nadpis_3_sekce":"","odstavec_3_sekce":"","odrazky_sekce_3_1_ministpec":"","odrazky_sekce_3_2_ministpec":"","mininadpis_sekce_4":"","nadpis_sekce_4":"","nadpis_1_minisekce":"","odstavec_1_minisekce":"","nadpis_2_minisekce":"","odstavec_2_minisekce":"","nadpis_3_minisekce":"","odstavec_3_minisekce":"","mininadpis_sekce_zajimavost":"","nadpis_sekce_zajimavost":"","odstavec_sekce_zajimavost":"","obrazek_zajimavost":false,"nadpis_red_cta":"Pot\u0159ebujete p\u0159eklady pro v\u00e1\u0161 e-commerce?","odstavec_red_cta":"Spojte se s n\u00e1mi a\u00a0zjist\u011bte, jak v\u00e1m pom\u016f\u017eeme s\u00a0lokalizac\u00ed va\u0161ich produkt\u016f a\u00a0slu\u017eeb.","primary_button_text":"Nez\u00e1vazn\u00e1 kalkulace","primary_button_odkaz":551,"secondary_button_text":"Spojit se specialistou","secondary_button_odkaz":482},"_links":{"self":[{"href":"https:\/\/www.presto.cz\/cz\/wp-json\/wp\/v2\/pages\/2639","targetHints":{"allow":["GET"]}}],"collection":[{"href":"https:\/\/www.presto.cz\/cz\/wp-json\/wp\/v2\/pages"}],"about":[{"href":"https:\/\/www.presto.cz\/cz\/wp-json\/wp\/v2\/types\/page"}],"author":[{"embeddable":true,"href":"https:\/\/www.presto.cz\/cz\/wp-json\/wp\/v2\/users\/1"}],"replies":[{"embeddable":true,"href":"https:\/\/www.presto.cz\/cz\/wp-json\/wp\/v2\/comments?post=2639"}],"version-history":[{"count":15,"href":"https:\/\/www.presto.cz\/cz\/wp-json\/wp\/v2\/pages\/2639\/revisions"}],"predecessor-version":[{"id":7788,"href":"https:\/\/www.presto.cz\/cz\/wp-json\/wp\/v2\/pages\/2639\/revisions\/7788"}],"wp:featuredmedia":[{"embeddable":true,"href":"https:\/\/www.presto.cz\/cz\/wp-json\/wp\/v2\/media\/2646"}],"wp:attachment":[{"href":"https:\/\/www.presto.cz\/cz\/wp-json\/wp\/v2\/media?parent=2639"}],"wp:term":[{"taxonomy":"prekladany-jazyk","embeddable":true,"href":"https:\/\/www.presto.cz\/cz\/wp-json\/wp\/v2\/prekladany-jazyk?post=2639"}],"curies":[{"name":"wp","href":"https:\/\/api.w.org\/{rel}","templated":true}]}}