{"id":2628,"date":"2025-03-18T17:07:14","date_gmt":"2025-03-18T16:07:14","guid":{"rendered":"https:\/\/presto.digiamo.cz\/presto\/?page_id=2628"},"modified":"2025-10-16T13:46:33","modified_gmt":"2025-10-16T11:46:33","slug":"preklady-pro-automobilovy-prumysl","status":"publish","type":"page","link":"https:\/\/www.presto.cz\/cz\/preklady-pro-automobilovy-prumysl","title":{"rendered":"P\u0159eklady pro automobilov\u00fd pr\u016fmysl"},"content":{"rendered":"\n<p class=\"margin-bottom--m h--3\">Odborn\u00e1 kvalita na prvn\u00edm m\u00edst\u011b.<\/p>\n\n\n\n<p>P\u0159esn\u00e1 terminologie a&nbsp;odborn\u00e9 znalosti \u2013 p\u0159eklady technick\u00fdch dokument\u016f, marketingov\u00fdch materi\u00e1l\u016f a&nbsp;n\u00e1vod\u016f, na kter\u00e9 se m\u016f\u017eete spolehnout.<\/p>\n","protected":false},"excerpt":{"rendered":"<p>Odborn\u00e1 kvalita na prvn\u00edm m\u00edst\u011b. P\u0159esn\u00e1 terminologie a&nbsp;odborn\u00e9 znalosti \u2013 p\u0159eklady technick\u00fdch dokument\u016f, marketingov\u00fdch materi\u00e1l\u016f a&nbsp;n\u00e1vod\u016f, na kter\u00e9 se m\u016f\u017eete spolehnout.<\/p>\n","protected":false},"author":1,"featured_media":2637,"parent":0,"menu_order":0,"comment_status":"closed","ping_status":"closed","template":"","meta":{"footnotes":""},"prekladany-jazyk":[],"class_list":["post-2628","page","type-page","status-publish","has-post-thumbnail","hentry"],"meta_box":{"group_mini__faq":[],"vlajka_jazyka":false,"nadpis_1_sekce":"","odstavec_1_sekce_1_stpec":"","mininadpis_sekce_2":"","nadpis_2_sekce":"","odstavec_2_sekce_2_stpec":"","odstavec_2_sekce_1_stpec":"","nadpis_3_sekce":"","odstavec_3_sekce":"","odrazky_sekce_3_1_ministpec":"","odrazky_sekce_3_2_ministpec":"","mininadpis_sekce_4":"","nadpis_sekce_4":"","nadpis_1_minisekce":"","odstavec_1_minisekce":"","nadpis_2_minisekce":"","odstavec_2_minisekce":"","nadpis_3_minisekce":"","odstavec_3_minisekce":"","mininadpis_sekce_zajimavost":"","nadpis_sekce_zajimavost":"","odstavec_sekce_zajimavost":"","obrazek_zajimavost":false,"nadpis_red_cta":"M\u00e1te z\u00e1jem o\u00a0p\u0159eklady v\u00a0automobilov\u00e9m pr\u016fmyslu?","odstavec_red_cta":"Spojte se s n\u00e1mi a z\u00edskejte p\u0159eklad, kter\u00fd odpov\u00edd\u00e1 nejvy\u0161\u0161\u00edm standard\u016fm v automotive pr\u016fmyslu.","primary_button_text":"Nez\u00e1vazn\u00e1 kalkulace","primary_button_odkaz":551,"secondary_button_text":"Spojit se specialistou","secondary_button_odkaz":482},"_links":{"self":[{"href":"https:\/\/www.presto.cz\/cz\/wp-json\/wp\/v2\/pages\/2628","targetHints":{"allow":["GET"]}}],"collection":[{"href":"https:\/\/www.presto.cz\/cz\/wp-json\/wp\/v2\/pages"}],"about":[{"href":"https:\/\/www.presto.cz\/cz\/wp-json\/wp\/v2\/types\/page"}],"author":[{"embeddable":true,"href":"https:\/\/www.presto.cz\/cz\/wp-json\/wp\/v2\/users\/1"}],"replies":[{"embeddable":true,"href":"https:\/\/www.presto.cz\/cz\/wp-json\/wp\/v2\/comments?post=2628"}],"version-history":[{"count":14,"href":"https:\/\/www.presto.cz\/cz\/wp-json\/wp\/v2\/pages\/2628\/revisions"}],"predecessor-version":[{"id":9070,"href":"https:\/\/www.presto.cz\/cz\/wp-json\/wp\/v2\/pages\/2628\/revisions\/9070"}],"wp:featuredmedia":[{"embeddable":true,"href":"https:\/\/www.presto.cz\/cz\/wp-json\/wp\/v2\/media\/2637"}],"wp:attachment":[{"href":"https:\/\/www.presto.cz\/cz\/wp-json\/wp\/v2\/media?parent=2628"}],"wp:term":[{"taxonomy":"prekladany-jazyk","embeddable":true,"href":"https:\/\/www.presto.cz\/cz\/wp-json\/wp\/v2\/prekladany-jazyk?post=2628"}],"curies":[{"name":"wp","href":"https:\/\/api.w.org\/{rel}","templated":true}]}}