{"id":2621,"date":"2025-03-18T16:51:54","date_gmt":"2025-03-18T15:51:54","guid":{"rendered":"https:\/\/presto.digiamo.cz\/presto\/?page_id=2621"},"modified":"2025-04-29T15:45:58","modified_gmt":"2025-04-29T13:45:58","slug":"preklady-strojirenstvi","status":"publish","type":"page","link":"https:\/\/www.presto.cz\/cz\/preklady-strojirenstvi","title":{"rendered":"P\u0159eklady pro stroj\u00edrenstv\u00ed"},"content":{"rendered":"\n<p class=\"h--3 margin-bottom--m\">Precizn\u00ed technick\u00e9 specifikace na m\u00edru.<\/p>\n\n<p>Zaji\u0161\u0165ujeme profesion\u00e1ln\u00ed p\u0159eklady technick\u00e9 dokumentace, n\u00e1vod\u016f a\u00a0patent\u016f pro pr\u016fmyslov\u00e9 projekty. P\u0159esnost a\u00a0konzistence jsou na\u0161\u00ed prioritou.<\/p>\n","protected":false},"excerpt":{"rendered":"<p>Precizn\u00ed technick\u00e9 specifikace na m\u00edru. Zaji\u0161\u0165ujeme profesion\u00e1ln\u00ed p\u0159eklady technick\u00e9 dokumentace, n\u00e1vod\u016f a\u00a0patent\u016f pro pr\u016fmyslov\u00e9 projekty. P\u0159esnost a\u00a0konzistence jsou na\u0161\u00ed prioritou.<\/p>\n","protected":false},"author":1,"featured_media":2624,"parent":0,"menu_order":0,"comment_status":"closed","ping_status":"closed","template":"","meta":{"footnotes":""},"prekladany-jazyk":[],"class_list":["post-2621","page","type-page","status-publish","has-post-thumbnail","hentry"],"meta_box":{"group_mini__faq":[],"vlajka_jazyka":false,"nadpis_1_sekce":"","odstavec_1_sekce_1_stpec":"","mininadpis_sekce_2":"","nadpis_2_sekce":"","odstavec_2_sekce_2_stpec":"","odstavec_2_sekce_1_stpec":"","nadpis_3_sekce":"","odstavec_3_sekce":"","odrazky_sekce_3_1_ministpec":"","odrazky_sekce_3_2_ministpec":"","mininadpis_sekce_4":"","nadpis_sekce_4":"","nadpis_1_minisekce":"","odstavec_1_minisekce":"","nadpis_2_minisekce":"","odstavec_2_minisekce":"","nadpis_3_minisekce":"","odstavec_3_minisekce":"","mininadpis_sekce_zajimavost":"","nadpis_sekce_zajimavost":"","odstavec_sekce_zajimavost":"","obrazek_zajimavost":false,"nadpis_red_cta":"M\u00e1te z\u00e1jem o\u00a0profesion\u00e1ln\u00ed p\u0159eklady pro stroj\u00edrenstv\u00ed?","odstavec_red_cta":"Spojte se s n\u00e1mi a\u00a0zjist\u011bte, jak v\u00e1m m\u016f\u017eeme pomoci s\u00a0p\u0159eklady technick\u00e9 dokumentace.","primary_button_text":"Nez\u00e1vazn\u00e1 kalkulace","primary_button_odkaz":551,"secondary_button_text":"Spojit se specialistou","secondary_button_odkaz":482},"_links":{"self":[{"href":"https:\/\/www.presto.cz\/cz\/wp-json\/wp\/v2\/pages\/2621","targetHints":{"allow":["GET"]}}],"collection":[{"href":"https:\/\/www.presto.cz\/cz\/wp-json\/wp\/v2\/pages"}],"about":[{"href":"https:\/\/www.presto.cz\/cz\/wp-json\/wp\/v2\/types\/page"}],"author":[{"embeddable":true,"href":"https:\/\/www.presto.cz\/cz\/wp-json\/wp\/v2\/users\/1"}],"replies":[{"embeddable":true,"href":"https:\/\/www.presto.cz\/cz\/wp-json\/wp\/v2\/comments?post=2621"}],"version-history":[{"count":6,"href":"https:\/\/www.presto.cz\/cz\/wp-json\/wp\/v2\/pages\/2621\/revisions"}],"predecessor-version":[{"id":7824,"href":"https:\/\/www.presto.cz\/cz\/wp-json\/wp\/v2\/pages\/2621\/revisions\/7824"}],"wp:featuredmedia":[{"embeddable":true,"href":"https:\/\/www.presto.cz\/cz\/wp-json\/wp\/v2\/media\/2624"}],"wp:attachment":[{"href":"https:\/\/www.presto.cz\/cz\/wp-json\/wp\/v2\/media?parent=2621"}],"wp:term":[{"taxonomy":"prekladany-jazyk","embeddable":true,"href":"https:\/\/www.presto.cz\/cz\/wp-json\/wp\/v2\/prekladany-jazyk?post=2621"}],"curies":[{"name":"wp","href":"https:\/\/api.w.org\/{rel}","templated":true}]}}