{"id":2614,"date":"2025-03-18T11:25:03","date_gmt":"2025-03-18T10:25:03","guid":{"rendered":"https:\/\/presto.digiamo.cz\/presto\/?page_id=2614"},"modified":"2025-04-29T15:48:09","modified_gmt":"2025-04-29T13:48:09","slug":"preklady-stavebnictvi","status":"publish","type":"page","link":"https:\/\/www.presto.cz\/cz\/preklady-stavebnictvi","title":{"rendered":"P\u0159eklady pro stavebnictv\u00ed a\u00a0architekturu"},"content":{"rendered":"\n<p class=\"h--3 margin-bottom--m\">Odborn\u00e9 a\u00a0spolehliv\u00e9 p\u0159eklady.<\/p>\n\n<p>Kvalitn\u00ed p\u0159eklady technick\u00fdch dokument\u016f, stavebn\u00edch projekt\u016f a\u00a0norem. P\u0159eklady prov\u00e1d\u011bj\u00ed odborn\u00edci se zku\u0161enostmi v\u00a0oboru.<\/p>\n","protected":false},"excerpt":{"rendered":"<p>Odborn\u00e9 a\u00a0spolehliv\u00e9 p\u0159eklady. Kvalitn\u00ed p\u0159eklady technick\u00fdch dokument\u016f, stavebn\u00edch projekt\u016f a\u00a0norem. P\u0159eklady prov\u00e1d\u011bj\u00ed odborn\u00edci se zku\u0161enostmi v\u00a0oboru.<\/p>\n","protected":false},"author":1,"featured_media":2620,"parent":0,"menu_order":0,"comment_status":"closed","ping_status":"closed","template":"","meta":{"footnotes":""},"prekladany-jazyk":[],"class_list":["post-2614","page","type-page","status-publish","has-post-thumbnail","hentry"],"meta_box":{"group_mini__faq":[],"vlajka_jazyka":false,"nadpis_1_sekce":"","odstavec_1_sekce_1_stpec":"","mininadpis_sekce_2":"","nadpis_2_sekce":"","odstavec_2_sekce_2_stpec":"","odstavec_2_sekce_1_stpec":"","nadpis_3_sekce":"","odstavec_3_sekce":"","odrazky_sekce_3_1_ministpec":"","odrazky_sekce_3_2_ministpec":"","mininadpis_sekce_4":"","nadpis_sekce_4":"","nadpis_1_minisekce":"","odstavec_1_minisekce":"","nadpis_2_minisekce":"","odstavec_2_minisekce":"","nadpis_3_minisekce":"","odstavec_3_minisekce":"","mininadpis_sekce_zajimavost":"","nadpis_sekce_zajimavost":"","odstavec_sekce_zajimavost":"","obrazek_zajimavost":false,"nadpis_red_cta":"Pot\u0159ebujete profesion\u00e1ln\u00ed p\u0159eklady pro stavebnictv\u00ed?","odstavec_red_cta":"Spojte se s\u00a0n\u00e1mi a\u00a0z\u00edskejte kvalitn\u00ed p\u0159eklady technick\u00fdch dokument\u016f a\u00a0stavebn\u00ed dokumentace.","primary_button_text":"Nez\u00e1vazn\u00e1 kalkulace","primary_button_odkaz":551,"secondary_button_text":"Spojit se specialistou","secondary_button_odkaz":482},"_links":{"self":[{"href":"https:\/\/www.presto.cz\/cz\/wp-json\/wp\/v2\/pages\/2614","targetHints":{"allow":["GET"]}}],"collection":[{"href":"https:\/\/www.presto.cz\/cz\/wp-json\/wp\/v2\/pages"}],"about":[{"href":"https:\/\/www.presto.cz\/cz\/wp-json\/wp\/v2\/types\/page"}],"author":[{"embeddable":true,"href":"https:\/\/www.presto.cz\/cz\/wp-json\/wp\/v2\/users\/1"}],"replies":[{"embeddable":true,"href":"https:\/\/www.presto.cz\/cz\/wp-json\/wp\/v2\/comments?post=2614"}],"version-history":[{"count":6,"href":"https:\/\/www.presto.cz\/cz\/wp-json\/wp\/v2\/pages\/2614\/revisions"}],"predecessor-version":[{"id":7825,"href":"https:\/\/www.presto.cz\/cz\/wp-json\/wp\/v2\/pages\/2614\/revisions\/7825"}],"wp:featuredmedia":[{"embeddable":true,"href":"https:\/\/www.presto.cz\/cz\/wp-json\/wp\/v2\/media\/2620"}],"wp:attachment":[{"href":"https:\/\/www.presto.cz\/cz\/wp-json\/wp\/v2\/media?parent=2614"}],"wp:term":[{"taxonomy":"prekladany-jazyk","embeddable":true,"href":"https:\/\/www.presto.cz\/cz\/wp-json\/wp\/v2\/prekladany-jazyk?post=2614"}],"curies":[{"name":"wp","href":"https:\/\/api.w.org\/{rel}","templated":true}]}}