{"id":2609,"date":"2025-03-18T10:36:35","date_gmt":"2025-03-18T09:36:35","guid":{"rendered":"https:\/\/presto.digiamo.cz\/presto\/?page_id=2609"},"modified":"2025-10-15T13:28:19","modified_gmt":"2025-10-15T11:28:19","slug":"preklady-medicina-a-farmacie","status":"publish","type":"page","link":"https:\/\/www.presto.cz\/cz\/preklady-medicina-a-farmacie","title":{"rendered":"P\u0159eklady \u2013 Medic\u00edna a&nbsp;farmacie"},"content":{"rendered":"\n<p class=\"h--3 margin-bottom--m\">Odborn\u00e9 p\u0159eklady s\u00a0garanc\u00ed p\u0159esnosti a\u00a0dodr\u017een\u00ed norem.<\/p>\n\n<p>P\u0159esn\u00e1 terminologie, ochrana citliv\u00fdch dat a\u00a0p\u0159ekladatel\u00e9 se zku\u0161enostmi v\u00a0oboru. P\u0159eklady, na kter\u00e9 se m\u016f\u017eete spolehnout.<\/p>\n","protected":false},"excerpt":{"rendered":"<p>Odborn\u00e9 p\u0159eklady s\u00a0garanc\u00ed p\u0159esnosti a\u00a0dodr\u017een\u00ed norem. P\u0159esn\u00e1 terminologie, ochrana citliv\u00fdch dat a\u00a0p\u0159ekladatel\u00e9 se zku\u0161enostmi v\u00a0oboru. P\u0159eklady, na kter\u00e9 se m\u016f\u017eete spolehnout.<\/p>\n","protected":false},"author":1,"featured_media":2613,"parent":0,"menu_order":0,"comment_status":"closed","ping_status":"closed","template":"","meta":{"footnotes":""},"prekladany-jazyk":[],"class_list":["post-2609","page","type-page","status-publish","has-post-thumbnail","hentry"],"meta_box":{"group_mini__faq":[],"vlajka_jazyka":false,"nadpis_1_sekce":"","odstavec_1_sekce_1_stpec":"","mininadpis_sekce_2":"","nadpis_2_sekce":"","odstavec_2_sekce_2_stpec":"","odstavec_2_sekce_1_stpec":"","nadpis_3_sekce":"","odstavec_3_sekce":"","odrazky_sekce_3_1_ministpec":"","odrazky_sekce_3_2_ministpec":"","mininadpis_sekce_4":"","nadpis_sekce_4":"","nadpis_1_minisekce":"","odstavec_1_minisekce":"","nadpis_2_minisekce":"","odstavec_2_minisekce":"","nadpis_3_minisekce":"","odstavec_3_minisekce":"","mininadpis_sekce_zajimavost":"","nadpis_sekce_zajimavost":"","odstavec_sekce_zajimavost":"","obrazek_zajimavost":false,"nadpis_red_cta":"Pot\u0159ebujete profesion\u00e1ln\u00ed p\u0159eklady pro medic\u00ednu a\u00a0farmacii?","odstavec_red_cta":"Spojte se s\u00a0na\u0161imi odborn\u00edky a\u00a0z\u00edskejte p\u0159esn\u00e9 p\u0159eklady, kter\u00e9 odpov\u00eddaj\u00ed nejp\u0159\u00edsn\u011bj\u0161\u00edm standard\u016fm.","primary_button_text":"Nez\u00e1vazn\u00e1 kalkulace","primary_button_odkaz":551,"secondary_button_text":"Spojit se specialistou","secondary_button_odkaz":482},"_links":{"self":[{"href":"https:\/\/www.presto.cz\/cz\/wp-json\/wp\/v2\/pages\/2609","targetHints":{"allow":["GET"]}}],"collection":[{"href":"https:\/\/www.presto.cz\/cz\/wp-json\/wp\/v2\/pages"}],"about":[{"href":"https:\/\/www.presto.cz\/cz\/wp-json\/wp\/v2\/types\/page"}],"author":[{"embeddable":true,"href":"https:\/\/www.presto.cz\/cz\/wp-json\/wp\/v2\/users\/1"}],"replies":[{"embeddable":true,"href":"https:\/\/www.presto.cz\/cz\/wp-json\/wp\/v2\/comments?post=2609"}],"version-history":[{"count":5,"href":"https:\/\/www.presto.cz\/cz\/wp-json\/wp\/v2\/pages\/2609\/revisions"}],"predecessor-version":[{"id":9088,"href":"https:\/\/www.presto.cz\/cz\/wp-json\/wp\/v2\/pages\/2609\/revisions\/9088"}],"wp:featuredmedia":[{"embeddable":true,"href":"https:\/\/www.presto.cz\/cz\/wp-json\/wp\/v2\/media\/2613"}],"wp:attachment":[{"href":"https:\/\/www.presto.cz\/cz\/wp-json\/wp\/v2\/media?parent=2609"}],"wp:term":[{"taxonomy":"prekladany-jazyk","embeddable":true,"href":"https:\/\/www.presto.cz\/cz\/wp-json\/wp\/v2\/prekladany-jazyk?post=2609"}],"curies":[{"name":"wp","href":"https:\/\/api.w.org\/{rel}","templated":true}]}}