{"id":2603,"date":"2025-03-18T10:26:00","date_gmt":"2025-03-18T09:26:00","guid":{"rendered":"https:\/\/presto.digiamo.cz\/presto\/?page_id=2603"},"modified":"2025-04-29T15:49:11","modified_gmt":"2025-04-29T13:49:11","slug":"preklady-it-a-telekomunikace","status":"publish","type":"page","link":"https:\/\/www.presto.cz\/cz\/preklady-it-a-telekomunikace","title":{"rendered":"P\u0159eklady pro IT a\u00a0telekomunikace"},"content":{"rendered":"\n<p class=\"h--3 margin-bottom--m\">Jazykov\u00e9 slu\u017eby na m\u00edru pro technologie a\u00a0inovace.<\/p>\n\n<p>Zaji\u0161\u0165ujeme technicky p\u0159esn\u00e9 p\u0159eklady softwaru, aplikac\u00ed a\u00a0dokumentace. P\u0159eklady p\u0159izp\u016fsoben\u00e9 va\u0161im pot\u0159eb\u00e1m a\u00a0inovac\u00edm.<\/p>\n","protected":false},"excerpt":{"rendered":"<p>Jazykov\u00e9 slu\u017eby na m\u00edru pro technologie a\u00a0inovace. Zaji\u0161\u0165ujeme technicky p\u0159esn\u00e9 p\u0159eklady softwaru, aplikac\u00ed a\u00a0dokumentace. P\u0159eklady p\u0159izp\u016fsoben\u00e9 va\u0161im pot\u0159eb\u00e1m a\u00a0inovac\u00edm.<\/p>\n","protected":false},"author":1,"featured_media":2606,"parent":0,"menu_order":0,"comment_status":"closed","ping_status":"closed","template":"","meta":{"footnotes":""},"prekladany-jazyk":[],"class_list":["post-2603","page","type-page","status-publish","has-post-thumbnail","hentry"],"meta_box":{"group_mini__faq":[],"vlajka_jazyka":false,"nadpis_1_sekce":"","odstavec_1_sekce_1_stpec":"","mininadpis_sekce_2":"","nadpis_2_sekce":"","odstavec_2_sekce_2_stpec":"","odstavec_2_sekce_1_stpec":"","nadpis_3_sekce":"","odstavec_3_sekce":"","odrazky_sekce_3_1_ministpec":"","odrazky_sekce_3_2_ministpec":"","mininadpis_sekce_4":"","nadpis_sekce_4":"","nadpis_1_minisekce":"","odstavec_1_minisekce":"","nadpis_2_minisekce":"","odstavec_2_minisekce":"","nadpis_3_minisekce":"","odstavec_3_minisekce":"","mininadpis_sekce_zajimavost":"","nadpis_sekce_zajimavost":"","odstavec_sekce_zajimavost":"","obrazek_zajimavost":false,"nadpis_red_cta":"Pot\u0159ebujete profesion\u00e1ln\u00ed p\u0159eklady pro IT a\u00a0telekomunikace?","odstavec_red_cta":"Spojte se s\u00a0n\u00e1mi a\u00a0z\u00edskejte p\u0159esn\u00e9 p\u0159eklady pro v\u00e1\u0161 technologick\u00fd projekt.","primary_button_text":"Nez\u00e1vazn\u00e1 kalkulace","primary_button_odkaz":551,"secondary_button_text":"Spojit se specialistou","secondary_button_odkaz":482},"_links":{"self":[{"href":"https:\/\/www.presto.cz\/cz\/wp-json\/wp\/v2\/pages\/2603","targetHints":{"allow":["GET"]}}],"collection":[{"href":"https:\/\/www.presto.cz\/cz\/wp-json\/wp\/v2\/pages"}],"about":[{"href":"https:\/\/www.presto.cz\/cz\/wp-json\/wp\/v2\/types\/page"}],"author":[{"embeddable":true,"href":"https:\/\/www.presto.cz\/cz\/wp-json\/wp\/v2\/users\/1"}],"replies":[{"embeddable":true,"href":"https:\/\/www.presto.cz\/cz\/wp-json\/wp\/v2\/comments?post=2603"}],"version-history":[{"count":5,"href":"https:\/\/www.presto.cz\/cz\/wp-json\/wp\/v2\/pages\/2603\/revisions"}],"predecessor-version":[{"id":7826,"href":"https:\/\/www.presto.cz\/cz\/wp-json\/wp\/v2\/pages\/2603\/revisions\/7826"}],"wp:featuredmedia":[{"embeddable":true,"href":"https:\/\/www.presto.cz\/cz\/wp-json\/wp\/v2\/media\/2606"}],"wp:attachment":[{"href":"https:\/\/www.presto.cz\/cz\/wp-json\/wp\/v2\/media?parent=2603"}],"wp:term":[{"taxonomy":"prekladany-jazyk","embeddable":true,"href":"https:\/\/www.presto.cz\/cz\/wp-json\/wp\/v2\/prekladany-jazyk?post=2603"}],"curies":[{"name":"wp","href":"https:\/\/api.w.org\/{rel}","templated":true}]}}