{"id":2580,"date":"2025-03-17T17:42:47","date_gmt":"2025-03-17T16:42:47","guid":{"rendered":"https:\/\/presto.digiamo.cz\/presto\/?page_id=2580"},"modified":"2025-07-02T17:20:43","modified_gmt":"2025-07-02T15:20:43","slug":"preklady-cestovni-ruch","status":"publish","type":"page","link":"https:\/\/www.presto.cz\/cz\/preklady-cestovni-ruch","title":{"rendered":"P\u0159eklady pro turismus a\u00a0cestovn\u00ed ruch"},"content":{"rendered":"\n<p class=\"h--3 margin-bottom--m\">P\u0159ibli\u017ete sv\u00e9 destinace a\u00a0slu\u017eby n\u00e1v\u0161t\u011bvn\u00edk\u016fm z\u00a0cel\u00e9ho sv\u011bta.<\/p>\n\n<p>P\u0159esn\u00e1 a\u00a0l\u00e1kav\u00e1 lokalizace text\u016f pro hotely, cestovn\u00ed kancel\u00e1\u0159e a\u00a0turistick\u00e9 atrakce. Vytvo\u0159te dokonal\u00fd z\u00e1\u017eitek pro glob\u00e1ln\u00ed n\u00e1v\u0161t\u011bvn\u00edky.<\/p>\n","protected":false},"excerpt":{"rendered":"<p>P\u0159ibli\u017ete sv\u00e9 destinace a\u00a0slu\u017eby n\u00e1v\u0161t\u011bvn\u00edk\u016fm z\u00a0cel\u00e9ho sv\u011bta. P\u0159esn\u00e1 a\u00a0l\u00e1kav\u00e1 lokalizace text\u016f pro hotely, cestovn\u00ed kancel\u00e1\u0159e a\u00a0turistick\u00e9 atrakce. Vytvo\u0159te dokonal\u00fd z\u00e1\u017eitek pro glob\u00e1ln\u00ed n\u00e1v\u0161t\u011bvn\u00edky.<\/p>\n","protected":false},"author":1,"featured_media":2588,"parent":0,"menu_order":0,"comment_status":"closed","ping_status":"closed","template":"","meta":{"footnotes":""},"prekladany-jazyk":[],"class_list":["post-2580","page","type-page","status-publish","has-post-thumbnail","hentry"],"meta_box":{"group_mini__faq":[],"vlajka_jazyka":false,"nadpis_1_sekce":"","odstavec_1_sekce_1_stpec":"","mininadpis_sekce_2":"","nadpis_2_sekce":"","odstavec_2_sekce_2_stpec":"","odstavec_2_sekce_1_stpec":"","nadpis_3_sekce":"","odstavec_3_sekce":"","odrazky_sekce_3_1_ministpec":"","odrazky_sekce_3_2_ministpec":"","mininadpis_sekce_4":"","nadpis_sekce_4":"","nadpis_1_minisekce":"","odstavec_1_minisekce":"","nadpis_2_minisekce":"","odstavec_2_minisekce":"","nadpis_3_minisekce":"","odstavec_3_minisekce":"","mininadpis_sekce_zajimavost":"","nadpis_sekce_zajimavost":"","odstavec_sekce_zajimavost":"","obrazek_zajimavost":false,"nadpis_red_cta":"Pot\u0159ebujete profesion\u00e1ln\u00ed p\u0159eklady pro cestovn\u00ed ruch?","odstavec_red_cta":"Spojte se s\u00a0n\u00e1mi a\u00a0zajist\u011bte, aby v\u00e1\u0161 turistick\u00fd obsah oslovil glob\u00e1ln\u00ed publikum.","primary_button_text":"Nez\u00e1vazn\u00e1 kalkulace","primary_button_odkaz":551,"secondary_button_text":"Spojit se specialistou","secondary_button_odkaz":482},"_links":{"self":[{"href":"https:\/\/www.presto.cz\/cz\/wp-json\/wp\/v2\/pages\/2580","targetHints":{"allow":["GET"]}}],"collection":[{"href":"https:\/\/www.presto.cz\/cz\/wp-json\/wp\/v2\/pages"}],"about":[{"href":"https:\/\/www.presto.cz\/cz\/wp-json\/wp\/v2\/types\/page"}],"author":[{"embeddable":true,"href":"https:\/\/www.presto.cz\/cz\/wp-json\/wp\/v2\/users\/1"}],"replies":[{"embeddable":true,"href":"https:\/\/www.presto.cz\/cz\/wp-json\/wp\/v2\/comments?post=2580"}],"version-history":[{"count":9,"href":"https:\/\/www.presto.cz\/cz\/wp-json\/wp\/v2\/pages\/2580\/revisions"}],"predecessor-version":[{"id":8449,"href":"https:\/\/www.presto.cz\/cz\/wp-json\/wp\/v2\/pages\/2580\/revisions\/8449"}],"wp:featuredmedia":[{"embeddable":true,"href":"https:\/\/www.presto.cz\/cz\/wp-json\/wp\/v2\/media\/2588"}],"wp:attachment":[{"href":"https:\/\/www.presto.cz\/cz\/wp-json\/wp\/v2\/media?parent=2580"}],"wp:term":[{"taxonomy":"prekladany-jazyk","embeddable":true,"href":"https:\/\/www.presto.cz\/cz\/wp-json\/wp\/v2\/prekladany-jazyk?post=2580"}],"curies":[{"name":"wp","href":"https:\/\/api.w.org\/{rel}","templated":true}]}}