{"id":2564,"date":"2025-03-17T16:58:09","date_gmt":"2025-03-17T15:58:09","guid":{"rendered":"https:\/\/presto.digiamo.cz\/presto\/?page_id=2564"},"modified":"2025-04-28T10:34:54","modified_gmt":"2025-04-28T08:34:54","slug":"preklady-elektro","status":"publish","type":"page","link":"https:\/\/www.presto.cz\/cz\/preklady-elektro","title":{"rendered":"P\u0159eklady pro elektro"},"content":{"rendered":"\n<p class=\"h--3 margin-bottom--m\">Odborn\u00e9 p\u0159eklady technick\u00e9 dokumentace s\u00a0d\u016frazem na p\u0159esnost.<\/p>\n\n<p>P\u0159eklady manu\u00e1l\u016f, specifikac\u00ed a\u00a0bezpe\u010dnostn\u00edch pokyn\u016f s\u00a0maxim\u00e1ln\u00ed terminologickou p\u0159esnost\u00ed. Na\u0161e slu\u017eby v\u00e1m pomohou oslovit glob\u00e1ln\u00ed trhy.<\/p>\n","protected":false},"excerpt":{"rendered":"<p>Odborn\u00e9 p\u0159eklady technick\u00e9 dokumentace s\u00a0d\u016frazem na p\u0159esnost. P\u0159eklady manu\u00e1l\u016f, specifikac\u00ed a\u00a0bezpe\u010dnostn\u00edch pokyn\u016f s\u00a0maxim\u00e1ln\u00ed terminologickou p\u0159esnost\u00ed. Na\u0161e slu\u017eby v\u00e1m pomohou oslovit glob\u00e1ln\u00ed trhy.<\/p>\n","protected":false},"author":1,"featured_media":2567,"parent":0,"menu_order":0,"comment_status":"closed","ping_status":"closed","template":"","meta":{"footnotes":""},"prekladany-jazyk":[],"class_list":["post-2564","page","type-page","status-publish","has-post-thumbnail","hentry"],"meta_box":{"group_mini__faq":[],"vlajka_jazyka":false,"nadpis_1_sekce":"","odstavec_1_sekce_1_stpec":"","mininadpis_sekce_2":"","nadpis_2_sekce":"","odstavec_2_sekce_2_stpec":"","odstavec_2_sekce_1_stpec":"","nadpis_3_sekce":"","odstavec_3_sekce":"","odrazky_sekce_3_1_ministpec":"","odrazky_sekce_3_2_ministpec":"","mininadpis_sekce_4":"","nadpis_sekce_4":"","nadpis_1_minisekce":"","odstavec_1_minisekce":"","nadpis_2_minisekce":"","odstavec_2_minisekce":"","nadpis_3_minisekce":"","odstavec_3_minisekce":"","mininadpis_sekce_zajimavost":"","nadpis_sekce_zajimavost":"","odstavec_sekce_zajimavost":"","obrazek_zajimavost":false,"nadpis_red_cta":"Pot\u0159ebujete profesion\u00e1ln\u00ed p\u0159eklady pro elektropr\u016fmysl?","odstavec_red_cta":"Spojte se s\u00a0n\u00e1mi a\u00a0z\u00edskejte p\u0159esn\u00e9 p\u0159eklady technick\u00e9 dokumentace pro v\u00e1\u0161 projekt.","primary_button_text":"Nez\u00e1vazn\u00e1 kalkulace","primary_button_odkaz":551,"secondary_button_text":"Spojit se specialistou","secondary_button_odkaz":482},"_links":{"self":[{"href":"https:\/\/www.presto.cz\/cz\/wp-json\/wp\/v2\/pages\/2564","targetHints":{"allow":["GET"]}}],"collection":[{"href":"https:\/\/www.presto.cz\/cz\/wp-json\/wp\/v2\/pages"}],"about":[{"href":"https:\/\/www.presto.cz\/cz\/wp-json\/wp\/v2\/types\/page"}],"author":[{"embeddable":true,"href":"https:\/\/www.presto.cz\/cz\/wp-json\/wp\/v2\/users\/1"}],"replies":[{"embeddable":true,"href":"https:\/\/www.presto.cz\/cz\/wp-json\/wp\/v2\/comments?post=2564"}],"version-history":[{"count":8,"href":"https:\/\/www.presto.cz\/cz\/wp-json\/wp\/v2\/pages\/2564\/revisions"}],"predecessor-version":[{"id":7352,"href":"https:\/\/www.presto.cz\/cz\/wp-json\/wp\/v2\/pages\/2564\/revisions\/7352"}],"wp:featuredmedia":[{"embeddable":true,"href":"https:\/\/www.presto.cz\/cz\/wp-json\/wp\/v2\/media\/2567"}],"wp:attachment":[{"href":"https:\/\/www.presto.cz\/cz\/wp-json\/wp\/v2\/media?parent=2564"}],"wp:term":[{"taxonomy":"prekladany-jazyk","embeddable":true,"href":"https:\/\/www.presto.cz\/cz\/wp-json\/wp\/v2\/prekladany-jazyk?post=2564"}],"curies":[{"name":"wp","href":"https:\/\/api.w.org\/{rel}","templated":true}]}}