{"id":2558,"date":"2025-03-17T16:27:31","date_gmt":"2025-03-17T15:27:31","guid":{"rendered":"https:\/\/presto.digiamo.cz\/presto\/?page_id=2558"},"modified":"2025-08-11T16:24:37","modified_gmt":"2025-08-11T14:24:37","slug":"technicke-preklady","status":"publish","type":"page","link":"https:\/\/www.presto.cz\/cz\/technicke-preklady","title":{"rendered":"Technick\u00e9 p\u0159eklady"},"content":{"rendered":"\n<p>Hled\u00e1te spolehliv\u00e9ho partnera pro p\u0159eklad va\u0161\u00ed technick\u00e9 dokumentace \u010di manu\u00e1l\u016f? Pot\u0159ebujete m\u00edt jistotu \u0161pi\u010dkov\u00e9ho technick\u00e9ho p\u0159ekladu, kter\u00fd bude respektovat va\u0161i specifickou terminologii? Pak jsme tu pro v\u00e1s.<\/p>\n","protected":false},"excerpt":{"rendered":"<p>Hled\u00e1te spolehliv\u00e9ho partnera pro p\u0159eklad va\u0161\u00ed technick\u00e9 dokumentace \u010di manu\u00e1l\u016f? Pot\u0159ebujete m\u00edt jistotu \u0161pi\u010dkov\u00e9ho technick\u00e9ho p\u0159ekladu, kter\u00fd bude respektovat va\u0161i specifickou terminologii? Pak jsme tu pro v\u00e1s.<\/p>\n","protected":false},"author":1,"featured_media":2738,"parent":0,"menu_order":0,"comment_status":"closed","ping_status":"closed","template":"","meta":{"footnotes":""},"prekladany-jazyk":[],"class_list":["post-2558","page","type-page","status-publish","has-post-thumbnail","hentry"],"meta_box":{"group_mini__faq":[],"vlajka_jazyka":false,"nadpis_1_sekce":"","odstavec_1_sekce_1_stpec":"","mininadpis_sekce_2":"","nadpis_2_sekce":"","odstavec_2_sekce_2_stpec":"","odstavec_2_sekce_1_stpec":"","nadpis_3_sekce":"","odstavec_3_sekce":"","odrazky_sekce_3_1_ministpec":"","odrazky_sekce_3_2_ministpec":"","mininadpis_sekce_4":"","nadpis_sekce_4":"","nadpis_1_minisekce":"","odstavec_1_minisekce":"","nadpis_2_minisekce":"","odstavec_2_minisekce":"","nadpis_3_minisekce":"","odstavec_3_minisekce":"","mininadpis_sekce_zajimavost":"","nadpis_sekce_zajimavost":"","odstavec_sekce_zajimavost":"","obrazek_zajimavost":false,"nadpis_red_cta":"Zaj\u00edm\u00e1 v\u00e1s cena p\u0159ekladu?","odstavec_red_cta":"Nab\u00edz\u00edme kalkulaci do 15\u00a0minut a\u00a0mo\u017enost expresn\u00edch term\u00edn\u016f.","primary_button_text":"Nez\u00e1vazn\u00e1 kalkulace","primary_button_odkaz":551,"secondary_button_text":"","secondary_button_odkaz":""},"_links":{"self":[{"href":"https:\/\/www.presto.cz\/cz\/wp-json\/wp\/v2\/pages\/2558","targetHints":{"allow":["GET"]}}],"collection":[{"href":"https:\/\/www.presto.cz\/cz\/wp-json\/wp\/v2\/pages"}],"about":[{"href":"https:\/\/www.presto.cz\/cz\/wp-json\/wp\/v2\/types\/page"}],"author":[{"embeddable":true,"href":"https:\/\/www.presto.cz\/cz\/wp-json\/wp\/v2\/users\/1"}],"replies":[{"embeddable":true,"href":"https:\/\/www.presto.cz\/cz\/wp-json\/wp\/v2\/comments?post=2558"}],"version-history":[{"count":5,"href":"https:\/\/www.presto.cz\/cz\/wp-json\/wp\/v2\/pages\/2558\/revisions"}],"predecessor-version":[{"id":8770,"href":"https:\/\/www.presto.cz\/cz\/wp-json\/wp\/v2\/pages\/2558\/revisions\/8770"}],"wp:featuredmedia":[{"embeddable":true,"href":"https:\/\/www.presto.cz\/cz\/wp-json\/wp\/v2\/media\/2738"}],"wp:attachment":[{"href":"https:\/\/www.presto.cz\/cz\/wp-json\/wp\/v2\/media?parent=2558"}],"wp:term":[{"taxonomy":"prekladany-jazyk","embeddable":true,"href":"https:\/\/www.presto.cz\/cz\/wp-json\/wp\/v2\/prekladany-jazyk?post=2558"}],"curies":[{"name":"wp","href":"https:\/\/api.w.org\/{rel}","templated":true}]}}