{"id":2547,"date":"2025-03-17T15:55:02","date_gmt":"2025-03-17T14:55:02","guid":{"rendered":"https:\/\/presto.digiamo.cz\/presto\/?page_id=2547"},"modified":"2025-08-11T16:22:17","modified_gmt":"2025-08-11T14:22:17","slug":"preklady-webu","status":"publish","type":"page","link":"https:\/\/www.presto.cz\/cz\/preklady-webu","title":{"rendered":"P\u0159eklady web\u016f"},"content":{"rendered":"\n<p class=\"h--3 margin-bottom--m\">Oslovte glob\u00e1ln\u00ed publikum spr\u00e1vn\u00fdm jazykem a\u00a0t\u00f3nem.<\/p>\n\n<p>Lokalizace, kter\u00e1 zohled\u0148uje kulturn\u00ed nuance a\u00a0optimalizuje v\u00e1\u0161 web pro c\u00edlov\u00fd trh.<\/p>\n","protected":false},"excerpt":{"rendered":"<p>Oslovte glob\u00e1ln\u00ed publikum spr\u00e1vn\u00fdm jazykem a\u00a0t\u00f3nem. Lokalizace, kter\u00e1 zohled\u0148uje kulturn\u00ed nuance a\u00a0optimalizuje v\u00e1\u0161 web pro c\u00edlov\u00fd trh.<\/p>\n","protected":false},"author":1,"featured_media":2557,"parent":0,"menu_order":0,"comment_status":"closed","ping_status":"closed","template":"","meta":{"footnotes":""},"prekladany-jazyk":[],"class_list":["post-2547","page","type-page","status-publish","has-post-thumbnail","hentry"],"meta_box":{"group_mini__faq":[],"vlajka_jazyka":false,"nadpis_1_sekce":"","odstavec_1_sekce_1_stpec":"","mininadpis_sekce_2":"","nadpis_2_sekce":"","odstavec_2_sekce_2_stpec":"","odstavec_2_sekce_1_stpec":"","nadpis_3_sekce":"","odstavec_3_sekce":"","odrazky_sekce_3_1_ministpec":"","odrazky_sekce_3_2_ministpec":"","mininadpis_sekce_4":"","nadpis_sekce_4":"","nadpis_1_minisekce":"","odstavec_1_minisekce":"","nadpis_2_minisekce":"","odstavec_2_minisekce":"","nadpis_3_minisekce":"","odstavec_3_minisekce":"","mininadpis_sekce_zajimavost":"","nadpis_sekce_zajimavost":"","odstavec_sekce_zajimavost":"","obrazek_zajimavost":false,"nadpis_red_cta":"Pot\u0159ebujete profesion\u00e1ln\u00ed lokalizaci webu?","odstavec_red_cta":"Spojte se s\u00a0n\u00e1mi a\u00a0zajist\u011bte si lokalizaci, kter\u00e1 posune v\u00e1\u0161 web na glob\u00e1ln\u00ed \u00farove\u0148.","primary_button_text":"Nez\u00e1vazn\u00e1 kalkulace","primary_button_odkaz":551,"secondary_button_text":"","secondary_button_odkaz":""},"_links":{"self":[{"href":"https:\/\/www.presto.cz\/cz\/wp-json\/wp\/v2\/pages\/2547","targetHints":{"allow":["GET"]}}],"collection":[{"href":"https:\/\/www.presto.cz\/cz\/wp-json\/wp\/v2\/pages"}],"about":[{"href":"https:\/\/www.presto.cz\/cz\/wp-json\/wp\/v2\/types\/page"}],"author":[{"embeddable":true,"href":"https:\/\/www.presto.cz\/cz\/wp-json\/wp\/v2\/users\/1"}],"replies":[{"embeddable":true,"href":"https:\/\/www.presto.cz\/cz\/wp-json\/wp\/v2\/comments?post=2547"}],"version-history":[{"count":10,"href":"https:\/\/www.presto.cz\/cz\/wp-json\/wp\/v2\/pages\/2547\/revisions"}],"predecessor-version":[{"id":8768,"href":"https:\/\/www.presto.cz\/cz\/wp-json\/wp\/v2\/pages\/2547\/revisions\/8768"}],"wp:featuredmedia":[{"embeddable":true,"href":"https:\/\/www.presto.cz\/cz\/wp-json\/wp\/v2\/media\/2557"}],"wp:attachment":[{"href":"https:\/\/www.presto.cz\/cz\/wp-json\/wp\/v2\/media?parent=2547"}],"wp:term":[{"taxonomy":"prekladany-jazyk","embeddable":true,"href":"https:\/\/www.presto.cz\/cz\/wp-json\/wp\/v2\/prekladany-jazyk?post=2547"}],"curies":[{"name":"wp","href":"https:\/\/api.w.org\/{rel}","templated":true}]}}