{"id":2527,"date":"2025-03-17T13:12:47","date_gmt":"2025-03-17T12:12:47","guid":{"rendered":"https:\/\/presto.digiamo.cz\/presto\/?page_id=2527"},"modified":"2025-08-13T17:08:32","modified_gmt":"2025-08-13T15:08:32","slug":"formular-uspesne-odeslan","status":"publish","type":"page","link":"https:\/\/www.presto.cz\/cz\/formular-uspesne-odeslan","title":{"rendered":"D\u011bkujeme! Va\u0161e objedn\u00e1vka byla p\u0159ijata."},"content":{"rendered":"\n<p>Pr\u00e1v\u011b jsme obdr\u017eeli va\u0161e \u00fadaje a&nbsp;n\u00e1\u0161 specialista se v\u00e1m brzy ozve s&nbsp;potvrzen\u00edm a&nbsp;dal\u0161\u00edm postupem.<\/p>\n\n\n\n<p><\/p>\n\n\n\n<p><\/p>\n\n\n\n<div class=\"wp-block-group my--list\"><div class=\"wp-block-group__inner-container is-layout-constrained wp-block-group-is-layout-constrained\">\n<div class=\"wp-block-group my-list\"><div class=\"wp-block-group__inner-container is-layout-constrained wp-block-group-is-layout-constrained\">\n<p class=\"margin-top--m margin-bottom--s\"><strong>Co se bude d\u00edt te\u010f?<\/strong><\/p>\n\n\n\n<ul class=\"wp-block-list\">\n<li>Do 15 minut v\u00e1m za\u0161leme potvrzen\u00ed a&nbsp;cenovou kalkulaci na v\u00e1\u0161 e-mail.<\/li>\n\n\n\n<li>Pokud budeme pot\u0159ebovat dopl\u0148uj\u00edc\u00ed informace, ozveme se v\u00e1m telefonicky nebo e-mailem.<\/li>\n\n\n\n<li>Jakmile v\u0161e potvrd\u00edme, pust\u00edme se do pr\u00e1ce a&nbsp;informujeme v\u00e1s o&nbsp;pr\u016fb\u011bhu zak\u00e1zky.<\/li>\n<\/ul>\n<\/div><\/div>\n<\/div><\/div>\n\n\n\n<p class=\"margin-top--m margin-bottom--s\"><strong>V p\u0159\u00edpad\u011b nejasnost\u00ed nev\u00e1hejte kontaktovat:<\/strong><\/p>\n\n\n\n<p>tel.: <a href=\"tel:420225000722\">+420&nbsp;225&nbsp;000&nbsp;722<\/a><br>e-mail: <a href=\"mailto:info@presto.cz\">info@presto.cz<\/a><\/p>\n\n\n\n<div class=\"grid--2 grid--m-1 stretch gap--m margin-top--m\">\n <a href=\"https:\/\/www.linkedin.com\/company\/presto-preklady\/\" target=\"_blank\" class=\"card-ty radius--l gap--xs link--base text--left flex--col justify-content--start align-items--start padding--m bg--base-light-trans-40\">\n<h3 class=\"h--4\">Sledujte n\u00e1s na LinkedInu<\/h3>\n<p class=\"link--base\">Z\u016fsta\u0148te v&nbsp;obraze o&nbsp;novink\u00e1ch v&nbsp;lokalizaci a&nbsp;p\u0159ekladech.<\/p>\n <\/a>\n <a href=\"https:\/\/www.presto.cz\/cz\/blog\" class=\"card-ty radius--l gap--xs link--base text--left flex--col justify-content--start align-items--start padding--m bg--base-light-trans-40\">\n<h3 class=\"h--4\">P\u0159e\u010dt\u011bte si n\u00e1\u0161 blog<\/h3>\n<p class=\"link--base\">Praktick\u00e9 tipy a&nbsp;trendy v&nbsp;p\u0159ekladech a&nbsp;lokalizaci.<\/p>\n <\/a>\n<\/div>\n\n<style>\n.card-ty{\ntransition: all .2s ease-in-out;\n}\n.card-ty:hover{\ntransform: scale(1.025);\n}\n<\/style>\n","protected":false},"excerpt":{"rendered":"<p>Pr\u00e1v\u011b jsme obdr\u017eeli va\u0161e \u00fadaje a&nbsp;n\u00e1\u0161 specialista se v\u00e1m brzy ozve s&nbsp;potvrzen\u00edm a&nbsp;dal\u0161\u00edm postupem. Co se bude d\u00edt te\u010f? V&nbsp;p\u0159\u00edpad\u011b nejasnost\u00ed nev\u00e1hejte kontaktovat: tel.: +420&nbsp;225&nbsp;000&nbsp;722e-mail: info@presto.cz Sledujte n\u00e1s na LinkedInu Z\u016fsta\u0148te v&nbsp;obraze o&nbsp;novink\u00e1ch v&nbsp;lokalizaci a&nbsp;p\u0159ekladech. P\u0159e\u010dt\u011bte si n\u00e1\u0161 blog Praktick\u00e9 tipy a&nbsp;trendy v&nbsp;p\u0159ekladech a&nbsp;lokalizaci.<\/p>\n","protected":false},"author":1,"featured_media":0,"parent":0,"menu_order":0,"comment_status":"closed","ping_status":"closed","template":"","meta":{"footnotes":""},"prekladany-jazyk":[],"class_list":["post-2527","page","type-page","status-publish","hentry"],"meta_box":{"group_mini__faq":[],"vlajka_jazyka":false,"nadpis_1_sekce":"","odstavec_1_sekce_1_stpec":"","mininadpis_sekce_2":"","nadpis_2_sekce":"","odstavec_2_sekce_2_stpec":"","odstavec_2_sekce_1_stpec":"","nadpis_3_sekce":"","odstavec_3_sekce":"","odrazky_sekce_3_1_ministpec":"","odrazky_sekce_3_2_ministpec":"","mininadpis_sekce_4":"","nadpis_sekce_4":"","nadpis_1_minisekce":"","odstavec_1_minisekce":"","nadpis_2_minisekce":"","odstavec_2_minisekce":"","nadpis_3_minisekce":"","odstavec_3_minisekce":"","mininadpis_sekce_zajimavost":"","nadpis_sekce_zajimavost":"","odstavec_sekce_zajimavost":"","obrazek_zajimavost":false,"nadpis_red_cta":"","odstavec_red_cta":"","primary_button_text":"","primary_button_odkaz":"","secondary_button_text":"","secondary_button_odkaz":""},"_links":{"self":[{"href":"https:\/\/www.presto.cz\/cz\/wp-json\/wp\/v2\/pages\/2527","targetHints":{"allow":["GET"]}}],"collection":[{"href":"https:\/\/www.presto.cz\/cz\/wp-json\/wp\/v2\/pages"}],"about":[{"href":"https:\/\/www.presto.cz\/cz\/wp-json\/wp\/v2\/types\/page"}],"author":[{"embeddable":true,"href":"https:\/\/www.presto.cz\/cz\/wp-json\/wp\/v2\/users\/1"}],"replies":[{"embeddable":true,"href":"https:\/\/www.presto.cz\/cz\/wp-json\/wp\/v2\/comments?post=2527"}],"version-history":[{"count":42,"href":"https:\/\/www.presto.cz\/cz\/wp-json\/wp\/v2\/pages\/2527\/revisions"}],"predecessor-version":[{"id":8841,"href":"https:\/\/www.presto.cz\/cz\/wp-json\/wp\/v2\/pages\/2527\/revisions\/8841"}],"wp:attachment":[{"href":"https:\/\/www.presto.cz\/cz\/wp-json\/wp\/v2\/media?parent=2527"}],"wp:term":[{"taxonomy":"prekladany-jazyk","embeddable":true,"href":"https:\/\/www.presto.cz\/cz\/wp-json\/wp\/v2\/prekladany-jazyk?post=2527"}],"curies":[{"name":"wp","href":"https:\/\/api.w.org\/{rel}","templated":true}]}}