{"id":2172,"date":"2025-03-13T18:42:05","date_gmt":"2025-03-13T17:42:05","guid":{"rendered":"https:\/\/presto.digiamo.cz\/presto\/?page_id=2172"},"modified":"2025-04-28T10:34:54","modified_gmt":"2025-04-28T08:34:54","slug":"preklady-energetika","status":"publish","type":"page","link":"https:\/\/www.presto.cz\/cz\/preklady-energetika","title":{"rendered":"P\u0159eklady pro energetick\u00fd sektor"},"content":{"rendered":"\n<p class=\"margin-bottom--m h--3\">P\u0159eklady pro energetick\u00fd sektor \u2013 odborn\u00e9 a\u00a0spolehliv\u00e9 p\u0159eklady na m\u00edru.<\/p>\n\n<p>Garantujeme terminologickou p\u0159esnost a\u00a0dodr\u017eov\u00e1n\u00ed legislativn\u00edch i\u00a0bezpe\u010dnostn\u00edch norem. P\u0159eklady zaji\u0161\u0165uj\u00ed specialist\u00e9 s\u00a0dlouholetou prax\u00ed v\u00a0oboru.<\/p>\n","protected":false},"excerpt":{"rendered":"<p>P\u0159eklady pro energetick\u00fd sektor \u2013 odborn\u00e9 a\u00a0spolehliv\u00e9 p\u0159eklady na m\u00edru. Garantujeme terminologickou p\u0159esnost a\u00a0dodr\u017eov\u00e1n\u00ed legislativn\u00edch i\u00a0bezpe\u010dnostn\u00edch norem. P\u0159eklady zaji\u0161\u0165uj\u00ed specialist\u00e9 s\u00a0dlouholetou prax\u00ed v\u00a0oboru.<\/p>\n","protected":false},"author":1,"featured_media":2576,"parent":0,"menu_order":0,"comment_status":"closed","ping_status":"closed","template":"","meta":{"footnotes":""},"prekladany-jazyk":[],"class_list":["post-2172","page","type-page","status-publish","has-post-thumbnail","hentry"],"meta_box":{"group_mini__faq":[],"vlajka_jazyka":false,"nadpis_1_sekce":"","odstavec_1_sekce_1_stpec":"","mininadpis_sekce_2":"","nadpis_2_sekce":"","odstavec_2_sekce_2_stpec":"","odstavec_2_sekce_1_stpec":"","nadpis_3_sekce":"","odstavec_3_sekce":"","odrazky_sekce_3_1_ministpec":"","odrazky_sekce_3_2_ministpec":"","mininadpis_sekce_4":"","nadpis_sekce_4":"","nadpis_1_minisekce":"","odstavec_1_minisekce":"","nadpis_2_minisekce":"","odstavec_2_minisekce":"","nadpis_3_minisekce":"","odstavec_3_minisekce":"","mininadpis_sekce_zajimavost":"","nadpis_sekce_zajimavost":"","odstavec_sekce_zajimavost":"","obrazek_zajimavost":false,"nadpis_red_cta":"Pot\u0159ebujete profesion\u00e1ln\u00ed p\u0159eklady pro energetiku?","odstavec_red_cta":"Spojte se s\u00a0n\u00e1mi a\u00a0z\u00edskejte odborn\u00e9 p\u0159eklady pro v\u00e1\u0161 projekt v\u00a0energetick\u00e9m sektoru.","primary_button_text":"Nez\u00e1vazn\u00e1 kalkulace","primary_button_odkaz":551,"secondary_button_text":"Spojit se specialistou","secondary_button_odkaz":482},"_links":{"self":[{"href":"https:\/\/www.presto.cz\/cz\/wp-json\/wp\/v2\/pages\/2172","targetHints":{"allow":["GET"]}}],"collection":[{"href":"https:\/\/www.presto.cz\/cz\/wp-json\/wp\/v2\/pages"}],"about":[{"href":"https:\/\/www.presto.cz\/cz\/wp-json\/wp\/v2\/types\/page"}],"author":[{"embeddable":true,"href":"https:\/\/www.presto.cz\/cz\/wp-json\/wp\/v2\/users\/1"}],"replies":[{"embeddable":true,"href":"https:\/\/www.presto.cz\/cz\/wp-json\/wp\/v2\/comments?post=2172"}],"version-history":[{"count":7,"href":"https:\/\/www.presto.cz\/cz\/wp-json\/wp\/v2\/pages\/2172\/revisions"}],"predecessor-version":[{"id":7353,"href":"https:\/\/www.presto.cz\/cz\/wp-json\/wp\/v2\/pages\/2172\/revisions\/7353"}],"wp:featuredmedia":[{"embeddable":true,"href":"https:\/\/www.presto.cz\/cz\/wp-json\/wp\/v2\/media\/2576"}],"wp:attachment":[{"href":"https:\/\/www.presto.cz\/cz\/wp-json\/wp\/v2\/media?parent=2172"}],"wp:term":[{"taxonomy":"prekladany-jazyk","embeddable":true,"href":"https:\/\/www.presto.cz\/cz\/wp-json\/wp\/v2\/prekladany-jazyk?post=2172"}],"curies":[{"name":"wp","href":"https:\/\/api.w.org\/{rel}","templated":true}]}}